{"id":2036,"date":"2026-05-13T16:49:02","date_gmt":"2026-05-13T08:49:02","guid":{"rendered":"https:\/\/www.fruiturnkey.com\/?post_type=product&#038;p=2036"},"modified":"2026-05-13T16:49:02","modified_gmt":"2026-05-13T08:49:02","slug":"passion-fruit-sorting-machine","status":"publish","type":"product","link":"https:\/\/www.fruiturnkey.com\/es\/product\/passion-fruit-sorting-machine\/","title":{"rendered":"M\u00e1quina autom\u00e1tica de clasificaci\u00f3n y calibraci\u00f3n de maracuy\u00e1"},"content":{"rendered":"<p>Durante su crecimiento, los maracuy\u00e1 a menudo presentan inconsistencias en tama\u00f1o, color y apariencia. Para cumplir con los est\u00e1ndares de calidad de diversos mercados, muchos cultivadores de maracuy\u00e1 utilizan una m\u00e1quina clasificadora y de grado autom\u00e1tica de frutas para clasificar el fruto despu\u00e9s de la cosecha.<\/p>\n<h2>Est\u00e1ndares de Clasificaci\u00f3n de la Fruta de la Pasi\u00f3n:<\/h2>\n<p>En el proceso de comercializaci\u00f3n de frutas, la clasificaci\u00f3n y venta se ha convertido en un m\u00e9todo crucial para potenciar el valor a\u00f1adido de la fruta. La fruta de la pasi\u00f3n de diferentes calidades puede dirigirse a mercados distintos, maximizando as\u00ed los beneficios. Los est\u00e1ndares de clasificaci\u00f3n comunes son los siguientes:<\/p>\n<p><strong>1. Calificaci\u00f3n Basada en Defectos Visuales<\/strong><\/p>\n<p>Durante los procesos de cultivo, cosecha y transporte, el maracuy\u00e1 puede desarrollar problemas como rasgu\u00f1os en la piel, manchas de insectos o grietas. Los supermercados de alta gama y los mercados de exportaci\u00f3n suelen imponer requisitos estrictos en cuanto a la apariencia de la fruta; en consecuencia, el maracuy\u00e1 con una apariencia impecable y piel lisa a menudo tiene un precio m\u00e1s alto.<\/p>\n<p><strong>2. Calificaci\u00f3n basada en el tama\u00f1o de la fruta<\/strong><\/p>\n<p>La fruta de la pasi\u00f3n se clasifica t\u00edpicamente seg\u00fan su peso o di\u00e1metro. El dimensionamiento estandarizado no solo da como resultado un embalaje m\u00e1s est\u00e9tico, sino que tambi\u00e9n facilita una log\u00edstica y unas ventas minoristas m\u00e1s eficientes.<\/p>\n<p><strong>3. Calificaci\u00f3n Basada en la Madurez y el Color<\/strong><\/p>\n<p>La madurez influye directamente en la textura y el sabor de la fruta de la pasi\u00f3n. En general, la fruta de la pasi\u00f3n de calidad superior presenta un tono rojo intenso o rojo p\u00farpura, cuerpos de fruta regordetes y piel lisa sin arrugas severas.<\/p>\n<p><img fetchpriority=\"high\" decoding=\"async\" class=\"alignnone wp-image-2038 size-full\" src=\"https:\/\/www.fruiturnkey.com\/wp-content\/uploads\/2026\/05\/85-1.jpg\" alt=\"m\u00e1quina autom\u00e1tica de clasificaci\u00f3n y clasificaci\u00f3n de frutas\" width=\"600\" height=\"400\" srcset=\"https:\/\/www.fruiturnkey.com\/wp-content\/uploads\/2026\/05\/85-1.jpg 600w, https:\/\/www.fruiturnkey.com\/wp-content\/uploads\/2026\/05\/85-1-300x200.jpg 300w, https:\/\/www.fruiturnkey.com\/wp-content\/uploads\/2026\/05\/85-1-18x12.jpg 18w, https:\/\/www.fruiturnkey.com\/wp-content\/uploads\/2026\/05\/85-1-24x16.jpg 24w, https:\/\/www.fruiturnkey.com\/wp-content\/uploads\/2026\/05\/85-1-36x24.jpg 36w, https:\/\/www.fruiturnkey.com\/wp-content\/uploads\/2026\/05\/85-1-48x32.jpg 48w, https:\/\/www.fruiturnkey.com\/wp-content\/uploads\/2026\/05\/85-1-400x267.jpg 400w\" sizes=\"(max-width: 600px) 100vw, 600px\" \/><\/p>\n<h2>M\u00e1quina clasificadora de maracuy\u00e1<\/h2>\n<p>Una l\u00ednea moderna de clasificaci\u00f3n de maracuy\u00e1 t\u00edpicamente consta de equipos de elevaci\u00f3n, maquinaria de lavado, unidades de secado al aire, un sistema de clasificaci\u00f3n y un sistema de cinta transportadora de empaque; puede configurarse de forma flexible para cumplir con las capacidades de producci\u00f3n y los requisitos de procesamiento espec\u00edficos del cliente. El proceso de clasificaci\u00f3n, en particular, constituye uno de los componentes tecnol\u00f3gicos centrales de toda la l\u00ednea de procesamiento.<\/p>\n<p>Utilizando c\u00e1maras de alta definici\u00f3n, la m\u00e1quina autom\u00e1tica de clasificaci\u00f3n y calificaci\u00f3n de frutas captura im\u00e1genes de 360 grados de la fruta de la pasi\u00f3n para identificar y evaluar autom\u00e1ticamente varios par\u00e1metros, entre ellos:<\/p>\n<p>Color de la piel, imperfecciones de la superficie, grado de agrietamiento, da\u00f1o relacionado con insectos e integridad general de la forma del fruto.<\/p>\n<p>La m\u00e1quina clasificadora de maracuy\u00e1 es capaz de determinar r\u00e1pidamente el grado de cada fruta y transportar autom\u00e1ticamente los maracuy\u00e1s de diferentes grados a sus respectivas salidas designadas.<\/p>\n<p><img decoding=\"async\" class=\"alignnone wp-image-2039 size-full\" src=\"https:\/\/www.fruiturnkey.com\/wp-content\/uploads\/2026\/05\/85-2.jpg\" alt=\"f\u00e1brica de clasificaci\u00f3n de frutas\" width=\"600\" height=\"400\" srcset=\"https:\/\/www.fruiturnkey.com\/wp-content\/uploads\/2026\/05\/85-2.jpg 600w, https:\/\/www.fruiturnkey.com\/wp-content\/uploads\/2026\/05\/85-2-300x200.jpg 300w, https:\/\/www.fruiturnkey.com\/wp-content\/uploads\/2026\/05\/85-2-18x12.jpg 18w, https:\/\/www.fruiturnkey.com\/wp-content\/uploads\/2026\/05\/85-2-24x16.jpg 24w, https:\/\/www.fruiturnkey.com\/wp-content\/uploads\/2026\/05\/85-2-36x24.jpg 36w, https:\/\/www.fruiturnkey.com\/wp-content\/uploads\/2026\/05\/85-2-48x32.jpg 48w, https:\/\/www.fruiturnkey.com\/wp-content\/uploads\/2026\/05\/85-2-400x267.jpg 400w\" sizes=\"(max-width: 600px) 100vw, 600px\" \/><\/p>\n<h2>M\u00e1quina Autom\u00e1tica de Clasificaci\u00f3n y Empacado de Frutas Ventajas:<\/h2>\n<ul>\n<li>Clasificaci\u00f3n de precisi\u00f3n: La moderna m\u00e1quina clasificadora de maracuy\u00e1 utiliza algoritmos de IA para identificar autom\u00e1ticamente el peso de la fruta, el color de la piel y los defectos de la superficie, lo que permite una clasificaci\u00f3n de alta precisi\u00f3n.<\/li>\n<li>Alta eficiencia y estandarizaci\u00f3n: La maquinaria automatizada facilita la operaci\u00f3n continua a alta velocidad, impulsando significativamente la eficiencia del procesamiento y mejorando la satisfacci\u00f3n del cliente; esto, a su vez, facilita una entrada m\u00e1s sencilla a los mercados de alta gama y de exportaci\u00f3n.<\/li>\n<li>Valor de producto mejorado: mediante la clasificaci\u00f3n cient\u00edfica, las empresas pueden implementar estrategias de precios escalonados \u2014canalizando maracuy\u00e1 de distintas calidades a canales de venta diferenciados\u2014 ampliando as\u00ed los m\u00e1rgenes de beneficio generales.<\/li>\n<\/ul>\n<p><iframe title=\"Reproductor de v\u00eddeo YouTube\" src=\"https:\/\/www.youtube-nocookie.com\/embed\/G6FDYhiangI?si=Eo_o3PZtUKcR-5GI\" width=\"560\" height=\"315\" frameborder=\"0\" allowfullscreen=\"allowfullscreen\"><\/iframe><\/p>\n<p>Como fabricante profesional de equipos de procesamiento de frutas, no solo ofrecemos a nuestros clientes m\u00e1quinas clasificadoras de maracuy\u00e1 de alta calidad, sino que tambi\u00e9n ofrecemos soluciones personalizadas adaptadas a sus necesidades espec\u00edficas.<\/p>\n<p>Nuestros servicios incluyen:<\/p>\n<ul>\n<li>Dise\u00f1o de soluci\u00f3n completa de planta<\/li>\n<li>Planificaci\u00f3n de la distribuci\u00f3n de planta<\/li>\n<li>Fabricaci\u00f3n de equipos personalizados<\/li>\n<li>Instalaci\u00f3n y puesta en marcha<\/li>\n<li>Capacitaci\u00f3n t\u00e9cnica<\/li>\n<li>Soporte de servicio posventa<\/li>\n<\/ul>\n\n<div class=\"wpcf7 no-js\" id=\"wpcf7-f1048-o1\" lang=\"en-US\" dir=\"ltr\" data-wpcf7-id=\"1048\">\n<div class=\"screen-reader-response\"><p role=\"status\" aria-live=\"polite\" aria-atomic=\"true\"><\/p> <ul><\/ul><\/div>\n<form action=\"\/es\/wp-json\/wp\/v2\/product\/2036#wpcf7-f1048-o1\" method=\"post\" class=\"wpcf7-form init\" aria-label=\"Formulario de contacto\" novalidate=\"novalidate\" data-status=\"init\" data-trp-original-action=\"\/es\/wp-json\/wp\/v2\/product\/2036#wpcf7-f1048-o1\">\n<div style=\"display: none;\">\n<input type=\"hidden\" name=\"_wpcf7\" value=\"1048\" \/>\n<input type=\"hidden\" name=\"_wpcf7_version\" value=\"6.0.4\" \/>\n<input type=\"hidden\" name=\"_wpcf7_locale\" value=\"en_US\" \/>\n<input type=\"hidden\" name=\"_wpcf7_unit_tag\" value=\"wpcf7-f1048-o1\" \/>\n<input type=\"hidden\" name=\"_wpcf7_container_post\" value=\"0\" \/>\n<input type=\"hidden\" name=\"_wpcf7_posted_data_hash\" value=\"\" \/>\n<\/div>\n<div style='border:1px solid #54B435;padding:15px'>\n\t<p><span style='font-weight:bold'>CONTACTO PARA PRESUPUESTO<\/span><br \/>\n<span style='display:block;width:100px;height:5px;background:#54B435'><\/span><br \/>\nSu informaci\u00f3n de contacto no ser\u00e1 publicada. Los campos obligatorios est\u00e1n marcados con *.\n\t<\/p>\n\t<p><label> Mensaje *<br \/>\n<span class=\"wpcf7-form-control-wrap\" data-name=\"your-message\"><textarea cols=\"40\" rows=\"10\" maxlength=\"2000\" class=\"wpcf7-form-control wpcf7-textarea wpcf7-validates-as-required\" aria-required=\"true\" aria-invalid=\"false\" name=\"your-message\"><\/textarea><\/span> <\/label>\n\t<\/p>\n\t<div style='float:left;width:48%;margin-right:4%'>\n\t\t<p><label> Su correo electr\u00f3nico *<br \/>\n<span class=\"wpcf7-form-control-wrap\" data-name=\"email\"><input size=\"40\" maxlength=\"400\" class=\"wpcf7-form-control wpcf7-email wpcf7-validates-as-required wpcf7-text wpcf7-validates-as-email\" aria-required=\"true\" aria-invalid=\"false\" value=\"\" type=\"email\" name=\"email\" \/><\/span> <\/label>\n\t\t<\/p>\n\t<\/div>\n\t<div style='float:left;width:48%'>\n\t\t<p><label> Su nombre<br \/>\n<span class=\"wpcf7-form-control-wrap\" data-name=\"yourname\"><input size=\"40\" maxlength=\"400\" class=\"wpcf7-form-control wpcf7-text\" aria-invalid=\"false\" value=\"\" type=\"text\" name=\"yourname\" \/><\/span> <\/label>\n\t\t<\/p>\n\t<\/div>\n\t<div style='float:left;width:48%;margin-right:4%'>\n\t\t<p><label> Tel\u00e9fono<br \/>\n<span class=\"wpcf7-form-control-wrap\" data-name=\"phone\"><input size=\"40\" maxlength=\"400\" class=\"wpcf7-form-control wpcf7-tel wpcf7-text wpcf7-validates-as-tel\" aria-invalid=\"false\" value=\"\" type=\"tel\" name=\"phone\" \/><\/span> <\/label>\n\t\t<\/p>\n\t<\/div>\n\t<div style='float:left;width:48%'>\n\t\t<p><label>Pa\u00eds<br \/>\n<span class=\"wpcf7-form-control-wrap\" data-name=\"country\"><input size=\"40\" maxlength=\"400\" class=\"wpcf7-form-control wpcf7-text\" aria-invalid=\"false\" value=\"\" type=\"text\" name=\"country\" \/><\/span> <\/label>\n\t\t<\/p>\n\t<\/div>\n\t<div style='float:left;width:48%;margin-right:4%'>\n\t\t<p><label> Empresa<br \/>\n<span class=\"wpcf7-form-control-wrap\" data-name=\"company\"><input size=\"40\" maxlength=\"400\" class=\"wpcf7-form-control wpcf7-text\" aria-invalid=\"false\" value=\"\" type=\"text\" name=\"company\" \/><\/span> <\/label>\n\t\t<\/p>\n\t<\/div>\n\t<div style='float:left;width:48%'>\n\t\t<p><label> P\u00e1gina web<br \/>\n<span class=\"wpcf7-form-control-wrap\" data-name=\"web\"><input size=\"40\" maxlength=\"400\" class=\"wpcf7-form-control wpcf7-text\" aria-invalid=\"false\" value=\"\" type=\"text\" name=\"web\" \/><\/span> <\/label>\n\t\t<\/p>\n\t<\/div>\n\t<div style='clear:both'>\n\t<\/div>\n\t<p><input class=\"wpcf7-form-control wpcf7-submit has-spinner\" type=\"submit\" value=\"Enviar\" \/>\n\t<\/p>\n<\/div><p style=\"display: none !important;\" class=\"akismet-fields-container\" data-prefix=\"_wpcf7_ak_\"><label>&#916;<textarea name=\"_wpcf7_ak_hp_textarea\" cols=\"45\" rows=\"8\" maxlength=\"100\"><\/textarea><\/label><input type=\"hidden\" id=\"ak_js_1\" name=\"_wpcf7_ak_js\" value=\"63\"\/><script>document.getElementById( \"ak_js_1\" ).setAttribute( \"value\", ( new Date() ).getTime() );<\/script><\/p><div class=\"wpcf7-response-output\" aria-hidden=\"true\"><\/div>\n<input type=\"hidden\" name=\"trp-form-language\" value=\"es\"\/><\/form>\n<\/div>\n\n<div style='text-align:left' class='yasr-auto-insert-visitor'><\/div>","protected":false},"excerpt":{"rendered":"<p>La m\u00e1quina clasificadora de maracuy\u00e1 permite una clasificaci\u00f3n precisa, altamente eficiente y de alto est\u00e1ndar.<\/p>","protected":false},"featured_media":2037,"comment_status":"open","ping_status":"closed","template":"","meta":{"site-sidebar-layout":"default","site-content-layout":"","ast-site-content-layout":"default","site-content-style":"default","site-sidebar-style":"default","ast-global-header-display":"","ast-banner-title-visibility":"","ast-main-header-display":"","ast-hfb-above-header-display":"","ast-hfb-below-header-display":"","ast-hfb-mobile-header-display":"","site-post-title":"","ast-breadcrumbs-content":"","ast-featured-img":"","footer-sml-layout":"","theme-transparent-header-meta":"default","adv-header-id-meta":"","stick-header-meta":"","header-above-stick-meta":"","header-main-stick-meta":"","header-below-stick-meta":"","astra-migrate-meta-layouts":"set","ast-page-background-enabled":"default","ast-page-background-meta":{"desktop":{"background-color":"var(--ast-global-color-4)","background-image":"","background-repeat":"repeat","background-position":"center center","background-size":"auto","background-attachment":"scroll","background-type":"","background-media":"","overlay-type":"","overlay-color":"","overlay-opacity":"","overlay-gradient":""},"tablet":{"background-color":"","background-image":"","background-repeat":"repeat","background-position":"center center","background-size":"auto","background-attachment":"scroll","background-type":"","background-media":"","overlay-type":"","overlay-color":"","overlay-opacity":"","overlay-gradient":""},"mobile":{"background-color":"","background-image":"","background-repeat":"repeat","background-position":"center center","background-size":"auto","background-attachment":"scroll","background-type":"","background-media":"","overlay-type":"","overlay-color":"","overlay-opacity":"","overlay-gradient":""}},"ast-content-background-meta":{"desktop":{"background-color":"var(--ast-global-color-5)","background-image":"","background-repeat":"repeat","background-position":"center center","background-size":"auto","background-attachment":"scroll","background-type":"","background-media":"","overlay-type":"","overlay-color":"","overlay-opacity":"","overlay-gradient":""},"tablet":{"background-color":"var(--ast-global-color-5)","background-image":"","background-repeat":"repeat","background-position":"center center","background-size":"auto","background-attachment":"scroll","background-type":"","background-media":"","overlay-type":"","overlay-color":"","overlay-opacity":"","overlay-gradient":""},"mobile":{"background-color":"var(--ast-global-color-5)","background-image":"","background-repeat":"repeat","background-position":"center center","background-size":"auto","background-attachment":"scroll","background-type":"","background-media":"","overlay-type":"","overlay-color":"","overlay-opacity":"","overlay-gradient":""}},"yasr_overall_rating":0,"yasr_post_is_review":"","yasr_auto_insert_disabled":"","yasr_review_type":""},"product_brand":[],"product_cat":[21],"product_tag":[],"class_list":{"0":"post-2036","1":"product","2":"type-product","3":"status-publish","4":"has-post-thumbnail","6":"product_cat-washing-equipment","7":"desktop-align-left","8":"tablet-align-left","9":"mobile-align-left","11":"first","12":"instock","13":"shipping-taxable","14":"product-type-simple"},"yasr_visitor_votes":{"stars_attributes":{"read_only":false,"span_bottom":false},"number_of_votes":1,"sum_votes":5},"yoast_head":"<!-- This site is optimized with the Yoast SEO plugin v24.5 - https:\/\/yoast.com\/wordpress\/plugins\/seo\/ -->\n<title>Automatic Passion Fruit Sorting and Grading Machine - Fruit Processing Solution<\/title>\n<meta name=\"description\" content=\"The passion fruit sorting machine enables precise, highly efficient, and high-standard sorting.\" \/>\n<meta name=\"robots\" content=\"index, follow, max-snippet:-1, max-image-preview:large, max-video-preview:-1\" \/>\n<link rel=\"canonical\" href=\"https:\/\/www.fruiturnkey.com\/es\/product\/passion-fruit-sorting-machine\/\" \/>\n<meta property=\"og:locale\" content=\"es_ES\" \/>\n<meta property=\"og:type\" content=\"article\" \/>\n<meta property=\"og:title\" content=\"Automatic Passion Fruit Sorting and Grading Machine - Fruit Processing Solution\" \/>\n<meta property=\"og:description\" content=\"The passion fruit sorting machine enables precise, highly efficient, and high-standard sorting.\" \/>\n<meta property=\"og:url\" content=\"https:\/\/www.fruiturnkey.com\/es\/product\/passion-fruit-sorting-machine\/\" \/>\n<meta property=\"og:site_name\" content=\"Fruit Processing Solution\" \/>\n<meta property=\"og:image\" content=\"https:\/\/www.fruiturnkey.com\/wp-content\/uploads\/2026\/05\/85.jpg\" \/>\n\t<meta property=\"og:image:width\" content=\"600\" \/>\n\t<meta property=\"og:image:height\" content=\"600\" \/>\n\t<meta property=\"og:image:type\" content=\"image\/jpeg\" \/>\n<meta name=\"twitter:card\" content=\"summary_large_image\" \/>\n<meta name=\"twitter:label1\" content=\"Tiempo de lectura\" \/>\n\t<meta name=\"twitter:data1\" content=\"3 minutos\" \/>\n<script type=\"application\/ld+json\" class=\"yoast-schema-graph\">{\"@context\":\"https:\/\/schema.org\",\"@graph\":[{\"@type\":\"WebPage\",\"@id\":\"https:\/\/www.fruiturnkey.com\/product\/passion-fruit-sorting-machine\/\",\"url\":\"https:\/\/www.fruiturnkey.com\/product\/passion-fruit-sorting-machine\/\",\"name\":\"Automatic Passion Fruit Sorting and Grading Machine - Fruit Processing Solution\",\"isPartOf\":{\"@id\":\"https:\/\/www.fruiturnkey.com\/#website\"},\"primaryImageOfPage\":{\"@id\":\"https:\/\/www.fruiturnkey.com\/product\/passion-fruit-sorting-machine\/#primaryimage\"},\"image\":{\"@id\":\"https:\/\/www.fruiturnkey.com\/product\/passion-fruit-sorting-machine\/#primaryimage\"},\"thumbnailUrl\":\"https:\/\/www.fruiturnkey.com\/wp-content\/uploads\/2026\/05\/85.jpg\",\"datePublished\":\"2026-05-13T08:49:02+00:00\",\"description\":\"The passion fruit sorting machine enables precise, highly efficient, and high-standard sorting.\",\"breadcrumb\":{\"@id\":\"https:\/\/www.fruiturnkey.com\/product\/passion-fruit-sorting-machine\/#breadcrumb\"},\"inLanguage\":\"es\",\"potentialAction\":[{\"@type\":\"ReadAction\",\"target\":[\"https:\/\/www.fruiturnkey.com\/product\/passion-fruit-sorting-machine\/\"]}]},{\"@type\":\"ImageObject\",\"inLanguage\":\"es\",\"@id\":\"https:\/\/www.fruiturnkey.com\/product\/passion-fruit-sorting-machine\/#primaryimage\",\"url\":\"https:\/\/www.fruiturnkey.com\/wp-content\/uploads\/2026\/05\/85.jpg\",\"contentUrl\":\"https:\/\/www.fruiturnkey.com\/wp-content\/uploads\/2026\/05\/85.jpg\",\"width\":600,\"height\":600,\"caption\":\"passion fruit sorting machine\"},{\"@type\":\"BreadcrumbList\",\"@id\":\"https:\/\/www.fruiturnkey.com\/product\/passion-fruit-sorting-machine\/#breadcrumb\",\"itemListElement\":[{\"@type\":\"ListItem\",\"position\":1,\"name\":\"Home\",\"item\":\"https:\/\/www.fruiturnkey.com\/\"},{\"@type\":\"ListItem\",\"position\":2,\"name\":\"Products\",\"item\":\"https:\/\/www.fruiturnkey.com\/product\/\"},{\"@type\":\"ListItem\",\"position\":3,\"name\":\"Automatic Passion Fruit Sorting and Grading Machine\"}]},{\"@type\":\"WebSite\",\"@id\":\"https:\/\/www.fruiturnkey.com\/#website\",\"url\":\"https:\/\/www.fruiturnkey.com\/\",\"name\":\"Fruit Processing Solution\",\"description\":\"\",\"publisher\":{\"@id\":\"https:\/\/www.fruiturnkey.com\/#organization\"},\"potentialAction\":[{\"@type\":\"SearchAction\",\"target\":{\"@type\":\"EntryPoint\",\"urlTemplate\":\"https:\/\/www.fruiturnkey.com\/?s={search_term_string}\"},\"query-input\":{\"@type\":\"PropertyValueSpecification\",\"valueRequired\":true,\"valueName\":\"search_term_string\"}}],\"inLanguage\":\"es\"},{\"@type\":\"Organization\",\"@id\":\"https:\/\/www.fruiturnkey.com\/#organization\",\"name\":\"Fruit Processing Solution\",\"url\":\"https:\/\/www.fruiturnkey.com\/\",\"logo\":{\"@type\":\"ImageObject\",\"inLanguage\":\"es\",\"@id\":\"https:\/\/www.fruiturnkey.com\/#\/schema\/logo\/image\/\",\"url\":\"https:\/\/www.fruiturnkey.com\/wp-content\/uploads\/2025\/03\/cropped-\u65b0\u7248LOGO.png\",\"contentUrl\":\"https:\/\/www.fruiturnkey.com\/wp-content\/uploads\/2025\/03\/cropped-\u65b0\u7248LOGO.png\",\"width\":1918,\"height\":639,\"caption\":\"Fruit Processing Solution\"},\"image\":{\"@id\":\"https:\/\/www.fruiturnkey.com\/#\/schema\/logo\/image\/\"}},false]}<\/script>\n<!-- \/ Yoast SEO plugin. -->","yoast_head_json":{"title":"Automatic Passion Fruit Sorting and Grading Machine - Fruit Processing Solution","description":"The passion fruit sorting machine enables precise, highly efficient, and high-standard sorting.","robots":{"index":"index","follow":"follow","max-snippet":"max-snippet:-1","max-image-preview":"max-image-preview:large","max-video-preview":"max-video-preview:-1"},"canonical":"https:\/\/www.fruiturnkey.com\/es\/product\/passion-fruit-sorting-machine\/","og_locale":"es_ES","og_type":"article","og_title":"Automatic Passion Fruit Sorting and Grading Machine - Fruit Processing Solution","og_description":"The passion fruit sorting machine enables precise, highly efficient, and high-standard sorting.","og_url":"https:\/\/www.fruiturnkey.com\/es\/product\/passion-fruit-sorting-machine\/","og_site_name":"Fruit Processing Solution","og_image":[{"width":600,"height":600,"url":"https:\/\/www.fruiturnkey.com\/wp-content\/uploads\/2026\/05\/85.jpg","type":"image\/jpeg"}],"twitter_card":"summary_large_image","twitter_misc":{"Tiempo de lectura":"3 minutos"},"schema":{"@context":"https:\/\/schema.org","@graph":[{"@type":"WebPage","@id":"https:\/\/www.fruiturnkey.com\/product\/passion-fruit-sorting-machine\/","url":"https:\/\/www.fruiturnkey.com\/product\/passion-fruit-sorting-machine\/","name":"Automatic Passion Fruit Sorting and Grading Machine - Fruit Processing Solution","isPartOf":{"@id":"https:\/\/www.fruiturnkey.com\/#website"},"primaryImageOfPage":{"@id":"https:\/\/www.fruiturnkey.com\/product\/passion-fruit-sorting-machine\/#primaryimage"},"image":{"@id":"https:\/\/www.fruiturnkey.com\/product\/passion-fruit-sorting-machine\/#primaryimage"},"thumbnailUrl":"https:\/\/www.fruiturnkey.com\/wp-content\/uploads\/2026\/05\/85.jpg","datePublished":"2026-05-13T08:49:02+00:00","description":"The passion fruit sorting machine enables precise, highly efficient, and high-standard sorting.","breadcrumb":{"@id":"https:\/\/www.fruiturnkey.com\/product\/passion-fruit-sorting-machine\/#breadcrumb"},"inLanguage":"es","potentialAction":[{"@type":"ReadAction","target":["https:\/\/www.fruiturnkey.com\/product\/passion-fruit-sorting-machine\/"]}]},{"@type":"ImageObject","inLanguage":"es","@id":"https:\/\/www.fruiturnkey.com\/product\/passion-fruit-sorting-machine\/#primaryimage","url":"https:\/\/www.fruiturnkey.com\/wp-content\/uploads\/2026\/05\/85.jpg","contentUrl":"https:\/\/www.fruiturnkey.com\/wp-content\/uploads\/2026\/05\/85.jpg","width":600,"height":600,"caption":"passion fruit sorting machine"},{"@type":"BreadcrumbList","@id":"https:\/\/www.fruiturnkey.com\/product\/passion-fruit-sorting-machine\/#breadcrumb","itemListElement":[{"@type":"ListItem","position":1,"name":"Home","item":"https:\/\/www.fruiturnkey.com\/"},{"@type":"ListItem","position":2,"name":"Products","item":"https:\/\/www.fruiturnkey.com\/product\/"},{"@type":"ListItem","position":3,"name":"Automatic Passion Fruit Sorting and Grading Machine"}]},{"@type":"WebSite","@id":"https:\/\/www.fruiturnkey.com\/#website","url":"https:\/\/www.fruiturnkey.com\/","name":"Fruit Processing Solution","description":"","publisher":{"@id":"https:\/\/www.fruiturnkey.com\/#organization"},"potentialAction":[{"@type":"SearchAction","target":{"@type":"EntryPoint","urlTemplate":"https:\/\/www.fruiturnkey.com\/?s={search_term_string}"},"query-input":{"@type":"PropertyValueSpecification","valueRequired":true,"valueName":"search_term_string"}}],"inLanguage":"es"},{"@type":"Organization","@id":"https:\/\/www.fruiturnkey.com\/#organization","name":"Fruit Processing Solution","url":"https:\/\/www.fruiturnkey.com\/","logo":{"@type":"ImageObject","inLanguage":"es","@id":"https:\/\/www.fruiturnkey.com\/#\/schema\/logo\/image\/","url":"https:\/\/www.fruiturnkey.com\/wp-content\/uploads\/2025\/03\/cropped-\u65b0\u7248LOGO.png","contentUrl":"https:\/\/www.fruiturnkey.com\/wp-content\/uploads\/2025\/03\/cropped-\u65b0\u7248LOGO.png","width":1918,"height":639,"caption":"Fruit Processing Solution"},"image":{"@id":"https:\/\/www.fruiturnkey.com\/#\/schema\/logo\/image\/"}},false]}},"_links":{"self":[{"href":"https:\/\/www.fruiturnkey.com\/es\/wp-json\/wp\/v2\/product\/2036","targetHints":{"allow":["GET"]}}],"collection":[{"href":"https:\/\/www.fruiturnkey.com\/es\/wp-json\/wp\/v2\/product"}],"about":[{"href":"https:\/\/www.fruiturnkey.com\/es\/wp-json\/wp\/v2\/types\/product"}],"replies":[{"embeddable":true,"href":"https:\/\/www.fruiturnkey.com\/es\/wp-json\/wp\/v2\/comments?post=2036"}],"wp:featuredmedia":[{"embeddable":true,"href":"https:\/\/www.fruiturnkey.com\/es\/wp-json\/wp\/v2\/media\/2037"}],"wp:attachment":[{"href":"https:\/\/www.fruiturnkey.com\/es\/wp-json\/wp\/v2\/media?parent=2036"}],"wp:term":[{"taxonomy":"product_brand","embeddable":true,"href":"https:\/\/www.fruiturnkey.com\/es\/wp-json\/wp\/v2\/product_brand?post=2036"},{"taxonomy":"product_cat","embeddable":true,"href":"https:\/\/www.fruiturnkey.com\/es\/wp-json\/wp\/v2\/product_cat?post=2036"},{"taxonomy":"product_tag","embeddable":true,"href":"https:\/\/www.fruiturnkey.com\/es\/wp-json\/wp\/v2\/product_tag?post=2036"}],"curies":[{"name":"wp","href":"https:\/\/api.w.org\/{rel}","templated":true}]}}