{"id":2031,"date":"2026-04-29T16:53:41","date_gmt":"2026-04-29T08:53:41","guid":{"rendered":"https:\/\/www.fruiturnkey.com\/?post_type=product&#038;p=2031"},"modified":"2026-04-29T16:53:41","modified_gmt":"2026-04-29T08:53:41","slug":"cranberry-juice-production-line","status":"publish","type":"product","link":"https:\/\/www.fruiturnkey.com\/es\/product\/cranberry-juice-production-line\/","title":{"rendered":"L\u00ednea de producci\u00f3n de jugo de ar\u00e1ndanos de 1 tonelada por hora"},"content":{"rendered":"<p>Los ar\u00e1ndanos son conocidos por su sabor distintivamente \u00e1cido y son ricos en vitamina C y polifenoles, ofreciendo un valor nutricional significativo. Debido a su sabor naturalmente \u00e1cido, se procesan principalmente en productos de jugo para los mercados comerciales. Una l\u00ednea de producci\u00f3n de jugo de ar\u00e1ndano es el sistema central utilizado para llevar a cabo este proceso de manera eficiente.<\/p>\n<h2>L\u00ednea de Producci\u00f3n de Jugo de Ar\u00e1ndanos: Pasos Principales del Procesamiento<\/h2>\n<p>Una l\u00ednea de producci\u00f3n completa de jugo de ar\u00e1ndanos t\u00edpicamente comprende los siguientes pasos de procesamiento principales:<\/p>\n<p><strong>1. Lavado y Clasificaci\u00f3n<\/strong><\/p>\n<p>Los ar\u00e1ndanos frescos primero se someten a un lavado exhaustivo para eliminar impurezas superficiales. Al mismo tiempo, se utilizan sistemas de clasificaci\u00f3n automatizados para eliminar las frutas inmaduras, podridas o da\u00f1adas, asegurando una calidad constante de la materia prima.<\/p>\n<p><img fetchpriority=\"high\" decoding=\"async\" class=\"alignnone wp-image-2033 size-full\" src=\"https:\/\/www.fruiturnkey.com\/wp-content\/uploads\/2026\/04\/84-1.jpg\" alt=\"sistema de lavado de ar\u00e1ndanos\" width=\"600\" height=\"400\" srcset=\"https:\/\/www.fruiturnkey.com\/wp-content\/uploads\/2026\/04\/84-1.jpg 600w, https:\/\/www.fruiturnkey.com\/wp-content\/uploads\/2026\/04\/84-1-300x200.jpg 300w, https:\/\/www.fruiturnkey.com\/wp-content\/uploads\/2026\/04\/84-1-18x12.jpg 18w, https:\/\/www.fruiturnkey.com\/wp-content\/uploads\/2026\/04\/84-1-24x16.jpg 24w, https:\/\/www.fruiturnkey.com\/wp-content\/uploads\/2026\/04\/84-1-36x24.jpg 36w, https:\/\/www.fruiturnkey.com\/wp-content\/uploads\/2026\/04\/84-1-48x32.jpg 48w, https:\/\/www.fruiturnkey.com\/wp-content\/uploads\/2026\/04\/84-1-400x267.jpg 400w\" sizes=\"(max-width: 600px) 100vw, 600px\" \/><\/p>\n<p><strong>2. Trituraci\u00f3n y Extracci\u00f3n de Jugo<\/strong><\/p>\n<p>Las ar\u00e1ndanos se transportan a continuaci\u00f3n a un equipo de trituraci\u00f3n y extracci\u00f3n de jugo, donde se procesan para obtener jugo. El control adecuado de la intensidad de trituraci\u00f3n es esencial para maximizar la extracci\u00f3n de jugo al tiempo que se preserva la calidad de la pulpa.<\/p>\n<p><strong>3. Tratamiento Enzim\u00e1tico<\/strong><\/p>\n<p>En algunas aplicaciones de procesamiento, se a\u00f1aden a los jugos preparados enzim\u00e1ticos apropiados (como la pectinasa). Este paso ayuda a descomponer la pectina, aumentar el rendimiento del jugo, reducir la viscosidad y mejorar la eficiencia de filtraci\u00f3n y clarificaci\u00f3n posteriores.<\/p>\n<p><strong>4. Filtraci\u00f3n y Clarificaci\u00f3n<\/strong><\/p>\n<p>El jugo se filtra para eliminar las semillas, c\u00e1scaras y el exceso de fibra, lo que da como resultado un producto m\u00e1s claro. Este paso mejora significativamente tanto la textura como la apariencia visual del jugo final.<\/p>\n<p><strong>5. Pasteurizaci\u00f3n y Llenado<\/strong><\/p>\n<p>El jugo se pasteuriza para eliminar microorganismos y extender su vida \u00fatil. Luego se envasa as\u00e9pticamente en recipientes utilizando sistemas automatizados y se enfr\u00eda r\u00e1pidamente para cumplir con los est\u00e1ndares de esterilidad comercial.<\/p>\n<p><img decoding=\"async\" class=\"alignnone wp-image-2034 size-full\" src=\"https:\/\/www.fruiturnkey.com\/wp-content\/uploads\/2026\/04\/84-2.jpg\" alt=\"Sistema de esterilizaci\u00f3n de jugo de ar\u00e1ndanos.\" width=\"600\" height=\"400\" srcset=\"https:\/\/www.fruiturnkey.com\/wp-content\/uploads\/2026\/04\/84-2.jpg 600w, https:\/\/www.fruiturnkey.com\/wp-content\/uploads\/2026\/04\/84-2-300x200.jpg 300w, https:\/\/www.fruiturnkey.com\/wp-content\/uploads\/2026\/04\/84-2-18x12.jpg 18w, https:\/\/www.fruiturnkey.com\/wp-content\/uploads\/2026\/04\/84-2-24x16.jpg 24w, https:\/\/www.fruiturnkey.com\/wp-content\/uploads\/2026\/04\/84-2-36x24.jpg 36w, https:\/\/www.fruiturnkey.com\/wp-content\/uploads\/2026\/04\/84-2-48x32.jpg 48w, https:\/\/www.fruiturnkey.com\/wp-content\/uploads\/2026\/04\/84-2-400x267.jpg 400w\" sizes=\"(max-width: 600px) 100vw, 600px\" \/><\/p>\n<h2>Caracter\u00edsticas de la l\u00ednea de procesamiento de jugo de ar\u00e1ndanos:<\/h2>\n<ul>\n<li>Materiales de grado alimentario y duraderos: Todas las piezas en contacto con el producto est\u00e1n hechas de acero inoxidable 304 (acero inoxidable 316 disponible bajo pedido), cumpliendo plenamente con las normas de seguridad alimentaria.<\/li>\n<li>Control preciso del proceso: Par\u00e1metros cr\u00edticos como la temperatura, la presi\u00f3n, el tiempo de procesamiento y el caudal pueden controlarse con precisi\u00f3n para garantizar una calidad de producto estable y coherente.<\/li>\n<li>F\u00e1cil limpieza y mantenimiento: la l\u00ednea de producci\u00f3n de jugo de ar\u00e1ndanos puede equiparse con un sistema CIP (Clean-in-Place), lo que reduce el tiempo de inactividad y mejora la eficiencia operativa general.<\/li>\n<\/ul>\n<h2>Configuraci\u00f3n flexible para satisfacer diversas necesidades:<\/h2>\n<ul>\n<li>Los diferentes clientes tienen requisitos variables para los productos de jugo de ar\u00e1ndano. Por lo tanto, la l\u00ednea de producci\u00f3n de jugo de ar\u00e1ndano est\u00e1 dise\u00f1ada con alta flexibilidad, permitiendo personalizar tanto el flujo del proceso como la configuraci\u00f3n del equipo.<\/li>\n<li>Producci\u00f3n de jugo puro de ar\u00e1ndanos: se centra en preservar el sabor natural, requiriendo sistemas avanzados de filtraci\u00f3n y esterilizaci\u00f3n.<\/li>\n<li>Bebidas de jugos mezclados: Se puede integrar equipo adicional, como tanques de mezcla y homogeneizadores, para producir una variedad de sabores y texturas.<\/li>\n<li>Producci\u00f3n de jugo concentrado de ar\u00e1ndanos: Se puede agregar un sistema de evaporaci\u00f3n para reducir el volumen y los costos de transporte, lo que lo hace ideal para aplicaciones de procesamiento posterior.<\/li>\n<\/ul>\n\n<div class=\"wpcf7 no-js\" id=\"wpcf7-f1048-o1\" lang=\"en-US\" dir=\"ltr\" data-wpcf7-id=\"1048\">\n<div class=\"screen-reader-response\"><p role=\"status\" aria-live=\"polite\" aria-atomic=\"true\"><\/p> <ul><\/ul><\/div>\n<form action=\"\/es\/wp-json\/wp\/v2\/product\/2031#wpcf7-f1048-o1\" method=\"post\" class=\"wpcf7-form init\" aria-label=\"Formulario de contacto\" novalidate=\"novalidate\" data-status=\"init\" data-trp-original-action=\"\/es\/wp-json\/wp\/v2\/product\/2031#wpcf7-f1048-o1\">\n<div style=\"display: none;\">\n<input type=\"hidden\" name=\"_wpcf7\" value=\"1048\" \/>\n<input type=\"hidden\" name=\"_wpcf7_version\" value=\"6.0.4\" \/>\n<input type=\"hidden\" name=\"_wpcf7_locale\" value=\"en_US\" \/>\n<input type=\"hidden\" name=\"_wpcf7_unit_tag\" value=\"wpcf7-f1048-o1\" \/>\n<input type=\"hidden\" name=\"_wpcf7_container_post\" value=\"0\" \/>\n<input type=\"hidden\" name=\"_wpcf7_posted_data_hash\" value=\"\" \/>\n<\/div>\n<div style='border:1px solid #54B435;padding:15px'>\n\t<p><span style='font-weight:bold'>CONTACTO PARA PRESUPUESTO<\/span><br \/>\n<span style='display:block;width:100px;height:5px;background:#54B435'><\/span><br \/>\nSu informaci\u00f3n de contacto no ser\u00e1 publicada. Los campos obligatorios est\u00e1n marcados con *.\n\t<\/p>\n\t<p><label> Mensaje *<br \/>\n<span class=\"wpcf7-form-control-wrap\" data-name=\"your-message\"><textarea cols=\"40\" rows=\"10\" maxlength=\"2000\" class=\"wpcf7-form-control wpcf7-textarea wpcf7-validates-as-required\" aria-required=\"true\" aria-invalid=\"false\" name=\"your-message\"><\/textarea><\/span> <\/label>\n\t<\/p>\n\t<div style='float:left;width:48%;margin-right:4%'>\n\t\t<p><label> Su correo electr\u00f3nico *<br \/>\n<span class=\"wpcf7-form-control-wrap\" data-name=\"email\"><input size=\"40\" maxlength=\"400\" class=\"wpcf7-form-control wpcf7-email wpcf7-validates-as-required wpcf7-text wpcf7-validates-as-email\" aria-required=\"true\" aria-invalid=\"false\" value=\"\" type=\"email\" name=\"email\" \/><\/span> <\/label>\n\t\t<\/p>\n\t<\/div>\n\t<div style='float:left;width:48%'>\n\t\t<p><label> Su nombre<br \/>\n<span class=\"wpcf7-form-control-wrap\" data-name=\"yourname\"><input size=\"40\" maxlength=\"400\" class=\"wpcf7-form-control wpcf7-text\" aria-invalid=\"false\" value=\"\" type=\"text\" name=\"yourname\" \/><\/span> <\/label>\n\t\t<\/p>\n\t<\/div>\n\t<div style='float:left;width:48%;margin-right:4%'>\n\t\t<p><label> Tel\u00e9fono<br \/>\n<span class=\"wpcf7-form-control-wrap\" data-name=\"phone\"><input size=\"40\" maxlength=\"400\" class=\"wpcf7-form-control wpcf7-tel wpcf7-text wpcf7-validates-as-tel\" aria-invalid=\"false\" value=\"\" type=\"tel\" name=\"phone\" \/><\/span> <\/label>\n\t\t<\/p>\n\t<\/div>\n\t<div style='float:left;width:48%'>\n\t\t<p><label>Pa\u00eds<br \/>\n<span class=\"wpcf7-form-control-wrap\" data-name=\"country\"><input size=\"40\" maxlength=\"400\" class=\"wpcf7-form-control wpcf7-text\" aria-invalid=\"false\" value=\"\" type=\"text\" name=\"country\" \/><\/span> <\/label>\n\t\t<\/p>\n\t<\/div>\n\t<div style='float:left;width:48%;margin-right:4%'>\n\t\t<p><label> Empresa<br \/>\n<span class=\"wpcf7-form-control-wrap\" data-name=\"company\"><input size=\"40\" maxlength=\"400\" class=\"wpcf7-form-control wpcf7-text\" aria-invalid=\"false\" value=\"\" type=\"text\" name=\"company\" \/><\/span> <\/label>\n\t\t<\/p>\n\t<\/div>\n\t<div style='float:left;width:48%'>\n\t\t<p><label> P\u00e1gina web<br \/>\n<span class=\"wpcf7-form-control-wrap\" data-name=\"web\"><input size=\"40\" maxlength=\"400\" class=\"wpcf7-form-control wpcf7-text\" aria-invalid=\"false\" value=\"\" type=\"text\" name=\"web\" \/><\/span> <\/label>\n\t\t<\/p>\n\t<\/div>\n\t<div style='clear:both'>\n\t<\/div>\n\t<p><input class=\"wpcf7-form-control wpcf7-submit has-spinner\" type=\"submit\" value=\"Enviar\" \/>\n\t<\/p>\n<\/div><p style=\"display: none !important;\" class=\"akismet-fields-container\" data-prefix=\"_wpcf7_ak_\"><label>&#916;<textarea name=\"_wpcf7_ak_hp_textarea\" cols=\"45\" rows=\"8\" maxlength=\"100\"><\/textarea><\/label><input type=\"hidden\" id=\"ak_js_1\" name=\"_wpcf7_ak_js\" value=\"98\"\/><script>document.getElementById( \"ak_js_1\" ).setAttribute( \"value\", ( new Date() ).getTime() );<\/script><\/p><div class=\"wpcf7-response-output\" aria-hidden=\"true\"><\/div>\n<input type=\"hidden\" name=\"trp-form-language\" value=\"es\"\/><\/form>\n<\/div>\n\n<div style='text-align:left' class='yasr-auto-insert-visitor'><\/div>","protected":false},"excerpt":{"rendered":"<p>La capacidad de la l\u00ednea de producci\u00f3n de jugo de ar\u00e1ndanos puede ser de hasta 1 tonelada\/hora, las soluciones se pueden personalizar para satisfacer diversas necesidades de producci\u00f3n.<\/p>","protected":false},"featured_media":2032,"comment_status":"open","ping_status":"closed","template":"","meta":{"site-sidebar-layout":"default","site-content-layout":"","ast-site-content-layout":"default","site-content-style":"default","site-sidebar-style":"default","ast-global-header-display":"","ast-banner-title-visibility":"","ast-main-header-display":"","ast-hfb-above-header-display":"","ast-hfb-below-header-display":"","ast-hfb-mobile-header-display":"","site-post-title":"","ast-breadcrumbs-content":"","ast-featured-img":"","footer-sml-layout":"","theme-transparent-header-meta":"default","adv-header-id-meta":"","stick-header-meta":"","header-above-stick-meta":"","header-main-stick-meta":"","header-below-stick-meta":"","astra-migrate-meta-layouts":"set","ast-page-background-enabled":"default","ast-page-background-meta":{"desktop":{"background-color":"var(--ast-global-color-4)","background-image":"","background-repeat":"repeat","background-position":"center center","background-size":"auto","background-attachment":"scroll","background-type":"","background-media":"","overlay-type":"","overlay-color":"","overlay-opacity":"","overlay-gradient":""},"tablet":{"background-color":"","background-image":"","background-repeat":"repeat","background-position":"center center","background-size":"auto","background-attachment":"scroll","background-type":"","background-media":"","overlay-type":"","overlay-color":"","overlay-opacity":"","overlay-gradient":""},"mobile":{"background-color":"","background-image":"","background-repeat":"repeat","background-position":"center center","background-size":"auto","background-attachment":"scroll","background-type":"","background-media":"","overlay-type":"","overlay-color":"","overlay-opacity":"","overlay-gradient":""}},"ast-content-background-meta":{"desktop":{"background-color":"var(--ast-global-color-5)","background-image":"","background-repeat":"repeat","background-position":"center center","background-size":"auto","background-attachment":"scroll","background-type":"","background-media":"","overlay-type":"","overlay-color":"","overlay-opacity":"","overlay-gradient":""},"tablet":{"background-color":"var(--ast-global-color-5)","background-image":"","background-repeat":"repeat","background-position":"center center","background-size":"auto","background-attachment":"scroll","background-type":"","background-media":"","overlay-type":"","overlay-color":"","overlay-opacity":"","overlay-gradient":""},"mobile":{"background-color":"var(--ast-global-color-5)","background-image":"","background-repeat":"repeat","background-position":"center center","background-size":"auto","background-attachment":"scroll","background-type":"","background-media":"","overlay-type":"","overlay-color":"","overlay-opacity":"","overlay-gradient":""}},"yasr_overall_rating":0,"yasr_post_is_review":"","yasr_auto_insert_disabled":"","yasr_review_type":""},"product_brand":[],"product_cat":[22],"product_tag":[],"class_list":{"0":"post-2031","1":"product","2":"type-product","3":"status-publish","4":"has-post-thumbnail","6":"product_cat-juicing-equipment","7":"desktop-align-left","8":"tablet-align-left","9":"mobile-align-left","11":"first","12":"instock","13":"shipping-taxable","14":"product-type-simple"},"yasr_visitor_votes":{"stars_attributes":{"read_only":false,"span_bottom":false},"number_of_votes":1,"sum_votes":5},"yoast_head":"<!-- This site is optimized with the Yoast SEO plugin v24.5 - https:\/\/yoast.com\/wordpress\/plugins\/seo\/ -->\n<title>1ton\/h Cranberry Juice Production Line - Fruit Processing Solution<\/title>\n<meta name=\"description\" content=\"The cranberry juice production line capacity can up to 1ton\/h, solutions can be customized to meet diverse production requirements.\" \/>\n<meta name=\"robots\" content=\"index, follow, max-snippet:-1, max-image-preview:large, max-video-preview:-1\" \/>\n<link rel=\"canonical\" href=\"https:\/\/www.fruiturnkey.com\/es\/product\/cranberry-juice-production-line\/\" \/>\n<meta property=\"og:locale\" content=\"es_ES\" \/>\n<meta property=\"og:type\" content=\"article\" \/>\n<meta property=\"og:title\" content=\"1ton\/h Cranberry Juice Production Line - Fruit Processing Solution\" \/>\n<meta property=\"og:description\" content=\"The cranberry juice production line capacity can up to 1ton\/h, solutions can be customized to meet diverse production requirements.\" \/>\n<meta property=\"og:url\" content=\"https:\/\/www.fruiturnkey.com\/es\/product\/cranberry-juice-production-line\/\" \/>\n<meta property=\"og:site_name\" content=\"Fruit Processing Solution\" \/>\n<meta property=\"og:image\" content=\"https:\/\/www.fruiturnkey.com\/wp-content\/uploads\/2026\/04\/84.jpg\" \/>\n\t<meta property=\"og:image:width\" content=\"600\" \/>\n\t<meta property=\"og:image:height\" content=\"600\" \/>\n\t<meta property=\"og:image:type\" content=\"image\/jpeg\" \/>\n<meta name=\"twitter:card\" content=\"summary_large_image\" \/>\n<meta name=\"twitter:label1\" content=\"Tiempo de lectura\" \/>\n\t<meta name=\"twitter:data1\" content=\"3 minutos\" \/>\n<script type=\"application\/ld+json\" class=\"yoast-schema-graph\">{\"@context\":\"https:\/\/schema.org\",\"@graph\":[{\"@type\":\"WebPage\",\"@id\":\"https:\/\/www.fruiturnkey.com\/product\/cranberry-juice-production-line\/\",\"url\":\"https:\/\/www.fruiturnkey.com\/product\/cranberry-juice-production-line\/\",\"name\":\"1ton\/h Cranberry Juice Production Line - Fruit Processing Solution\",\"isPartOf\":{\"@id\":\"https:\/\/www.fruiturnkey.com\/#website\"},\"primaryImageOfPage\":{\"@id\":\"https:\/\/www.fruiturnkey.com\/product\/cranberry-juice-production-line\/#primaryimage\"},\"image\":{\"@id\":\"https:\/\/www.fruiturnkey.com\/product\/cranberry-juice-production-line\/#primaryimage\"},\"thumbnailUrl\":\"https:\/\/www.fruiturnkey.com\/wp-content\/uploads\/2026\/04\/84.jpg\",\"datePublished\":\"2026-04-29T08:53:41+00:00\",\"description\":\"The cranberry juice production line capacity can up to 1ton\/h, solutions can be customized to meet diverse production requirements.\",\"breadcrumb\":{\"@id\":\"https:\/\/www.fruiturnkey.com\/product\/cranberry-juice-production-line\/#breadcrumb\"},\"inLanguage\":\"es\",\"potentialAction\":[{\"@type\":\"ReadAction\",\"target\":[\"https:\/\/www.fruiturnkey.com\/product\/cranberry-juice-production-line\/\"]}]},{\"@type\":\"ImageObject\",\"inLanguage\":\"es\",\"@id\":\"https:\/\/www.fruiturnkey.com\/product\/cranberry-juice-production-line\/#primaryimage\",\"url\":\"https:\/\/www.fruiturnkey.com\/wp-content\/uploads\/2026\/04\/84.jpg\",\"contentUrl\":\"https:\/\/www.fruiturnkey.com\/wp-content\/uploads\/2026\/04\/84.jpg\",\"width\":600,\"height\":600,\"caption\":\"cranberry juice production line\"},{\"@type\":\"BreadcrumbList\",\"@id\":\"https:\/\/www.fruiturnkey.com\/product\/cranberry-juice-production-line\/#breadcrumb\",\"itemListElement\":[{\"@type\":\"ListItem\",\"position\":1,\"name\":\"Home\",\"item\":\"https:\/\/www.fruiturnkey.com\/\"},{\"@type\":\"ListItem\",\"position\":2,\"name\":\"Products\",\"item\":\"https:\/\/www.fruiturnkey.com\/product\/\"},{\"@type\":\"ListItem\",\"position\":3,\"name\":\"1ton\/h Cranberry Juice Production Line\"}]},{\"@type\":\"WebSite\",\"@id\":\"https:\/\/www.fruiturnkey.com\/#website\",\"url\":\"https:\/\/www.fruiturnkey.com\/\",\"name\":\"Fruit Processing Solution\",\"description\":\"\",\"publisher\":{\"@id\":\"https:\/\/www.fruiturnkey.com\/#organization\"},\"potentialAction\":[{\"@type\":\"SearchAction\",\"target\":{\"@type\":\"EntryPoint\",\"urlTemplate\":\"https:\/\/www.fruiturnkey.com\/?s={search_term_string}\"},\"query-input\":{\"@type\":\"PropertyValueSpecification\",\"valueRequired\":true,\"valueName\":\"search_term_string\"}}],\"inLanguage\":\"es\"},{\"@type\":\"Organization\",\"@id\":\"https:\/\/www.fruiturnkey.com\/#organization\",\"name\":\"Fruit Processing Solution\",\"url\":\"https:\/\/www.fruiturnkey.com\/\",\"logo\":{\"@type\":\"ImageObject\",\"inLanguage\":\"es\",\"@id\":\"https:\/\/www.fruiturnkey.com\/#\/schema\/logo\/image\/\",\"url\":\"https:\/\/www.fruiturnkey.com\/wp-content\/uploads\/2025\/03\/cropped-\u65b0\u7248LOGO.png\",\"contentUrl\":\"https:\/\/www.fruiturnkey.com\/wp-content\/uploads\/2025\/03\/cropped-\u65b0\u7248LOGO.png\",\"width\":1918,\"height\":639,\"caption\":\"Fruit Processing Solution\"},\"image\":{\"@id\":\"https:\/\/www.fruiturnkey.com\/#\/schema\/logo\/image\/\"}},false]}<\/script>\n<!-- \/ Yoast SEO plugin. -->","yoast_head_json":{"title":"1ton\/h Cranberry Juice Production Line - Fruit Processing Solution","description":"The cranberry juice production line capacity can up to 1ton\/h, solutions can be customized to meet diverse production requirements.","robots":{"index":"index","follow":"follow","max-snippet":"max-snippet:-1","max-image-preview":"max-image-preview:large","max-video-preview":"max-video-preview:-1"},"canonical":"https:\/\/www.fruiturnkey.com\/es\/product\/cranberry-juice-production-line\/","og_locale":"es_ES","og_type":"article","og_title":"1ton\/h Cranberry Juice Production Line - Fruit Processing Solution","og_description":"The cranberry juice production line capacity can up to 1ton\/h, solutions can be customized to meet diverse production requirements.","og_url":"https:\/\/www.fruiturnkey.com\/es\/product\/cranberry-juice-production-line\/","og_site_name":"Fruit Processing Solution","og_image":[{"width":600,"height":600,"url":"https:\/\/www.fruiturnkey.com\/wp-content\/uploads\/2026\/04\/84.jpg","type":"image\/jpeg"}],"twitter_card":"summary_large_image","twitter_misc":{"Tiempo de lectura":"3 minutos"},"schema":{"@context":"https:\/\/schema.org","@graph":[{"@type":"WebPage","@id":"https:\/\/www.fruiturnkey.com\/product\/cranberry-juice-production-line\/","url":"https:\/\/www.fruiturnkey.com\/product\/cranberry-juice-production-line\/","name":"1ton\/h Cranberry Juice Production Line - Fruit Processing Solution","isPartOf":{"@id":"https:\/\/www.fruiturnkey.com\/#website"},"primaryImageOfPage":{"@id":"https:\/\/www.fruiturnkey.com\/product\/cranberry-juice-production-line\/#primaryimage"},"image":{"@id":"https:\/\/www.fruiturnkey.com\/product\/cranberry-juice-production-line\/#primaryimage"},"thumbnailUrl":"https:\/\/www.fruiturnkey.com\/wp-content\/uploads\/2026\/04\/84.jpg","datePublished":"2026-04-29T08:53:41+00:00","description":"The cranberry juice production line capacity can up to 1ton\/h, solutions can be customized to meet diverse production requirements.","breadcrumb":{"@id":"https:\/\/www.fruiturnkey.com\/product\/cranberry-juice-production-line\/#breadcrumb"},"inLanguage":"es","potentialAction":[{"@type":"ReadAction","target":["https:\/\/www.fruiturnkey.com\/product\/cranberry-juice-production-line\/"]}]},{"@type":"ImageObject","inLanguage":"es","@id":"https:\/\/www.fruiturnkey.com\/product\/cranberry-juice-production-line\/#primaryimage","url":"https:\/\/www.fruiturnkey.com\/wp-content\/uploads\/2026\/04\/84.jpg","contentUrl":"https:\/\/www.fruiturnkey.com\/wp-content\/uploads\/2026\/04\/84.jpg","width":600,"height":600,"caption":"cranberry juice production line"},{"@type":"BreadcrumbList","@id":"https:\/\/www.fruiturnkey.com\/product\/cranberry-juice-production-line\/#breadcrumb","itemListElement":[{"@type":"ListItem","position":1,"name":"Home","item":"https:\/\/www.fruiturnkey.com\/"},{"@type":"ListItem","position":2,"name":"Products","item":"https:\/\/www.fruiturnkey.com\/product\/"},{"@type":"ListItem","position":3,"name":"1ton\/h Cranberry Juice Production Line"}]},{"@type":"WebSite","@id":"https:\/\/www.fruiturnkey.com\/#website","url":"https:\/\/www.fruiturnkey.com\/","name":"Fruit Processing Solution","description":"","publisher":{"@id":"https:\/\/www.fruiturnkey.com\/#organization"},"potentialAction":[{"@type":"SearchAction","target":{"@type":"EntryPoint","urlTemplate":"https:\/\/www.fruiturnkey.com\/?s={search_term_string}"},"query-input":{"@type":"PropertyValueSpecification","valueRequired":true,"valueName":"search_term_string"}}],"inLanguage":"es"},{"@type":"Organization","@id":"https:\/\/www.fruiturnkey.com\/#organization","name":"Fruit Processing Solution","url":"https:\/\/www.fruiturnkey.com\/","logo":{"@type":"ImageObject","inLanguage":"es","@id":"https:\/\/www.fruiturnkey.com\/#\/schema\/logo\/image\/","url":"https:\/\/www.fruiturnkey.com\/wp-content\/uploads\/2025\/03\/cropped-\u65b0\u7248LOGO.png","contentUrl":"https:\/\/www.fruiturnkey.com\/wp-content\/uploads\/2025\/03\/cropped-\u65b0\u7248LOGO.png","width":1918,"height":639,"caption":"Fruit Processing Solution"},"image":{"@id":"https:\/\/www.fruiturnkey.com\/#\/schema\/logo\/image\/"}},false]}},"_links":{"self":[{"href":"https:\/\/www.fruiturnkey.com\/es\/wp-json\/wp\/v2\/product\/2031","targetHints":{"allow":["GET"]}}],"collection":[{"href":"https:\/\/www.fruiturnkey.com\/es\/wp-json\/wp\/v2\/product"}],"about":[{"href":"https:\/\/www.fruiturnkey.com\/es\/wp-json\/wp\/v2\/types\/product"}],"replies":[{"embeddable":true,"href":"https:\/\/www.fruiturnkey.com\/es\/wp-json\/wp\/v2\/comments?post=2031"}],"wp:featuredmedia":[{"embeddable":true,"href":"https:\/\/www.fruiturnkey.com\/es\/wp-json\/wp\/v2\/media\/2032"}],"wp:attachment":[{"href":"https:\/\/www.fruiturnkey.com\/es\/wp-json\/wp\/v2\/media?parent=2031"}],"wp:term":[{"taxonomy":"product_brand","embeddable":true,"href":"https:\/\/www.fruiturnkey.com\/es\/wp-json\/wp\/v2\/product_brand?post=2031"},{"taxonomy":"product_cat","embeddable":true,"href":"https:\/\/www.fruiturnkey.com\/es\/wp-json\/wp\/v2\/product_cat?post=2031"},{"taxonomy":"product_tag","embeddable":true,"href":"https:\/\/www.fruiturnkey.com\/es\/wp-json\/wp\/v2\/product_tag?post=2031"}],"curies":[{"name":"wp","href":"https:\/\/api.w.org\/{rel}","templated":true}]}}