{"id":2021,"date":"2026-04-16T17:14:10","date_gmt":"2026-04-16T09:14:10","guid":{"rendered":"https:\/\/www.fruiturnkey.com\/?post_type=product&#038;p=2021"},"modified":"2026-04-16T17:14:10","modified_gmt":"2026-04-16T09:14:10","slug":"lemon-sorting-packing-line","status":"publish","type":"product","link":"https:\/\/www.fruiturnkey.com\/es\/product\/lemon-sorting-packing-line\/","title":{"rendered":"L\u00ednea de embalaje y clasificaci\u00f3n de limones de gran capacidad"},"content":{"rendered":"<p>La l\u00ednea de clasificaci\u00f3n y empaquetado de limones presenta un alto grado de automatizaci\u00f3n, inteligencia y capacidades de inspecci\u00f3n de alta precisi\u00f3n, lo que le permite satisfacer los requisitos de clasificaci\u00f3n y empaquetado de limones y otros c\u00edtricos durante el procesamiento.<\/p>\n<h2>1. L\u00ednea de Clasificaci\u00f3n Inteligente de Limones Multidimensional<\/h2>\n<p>Esta l\u00ednea de clasificaci\u00f3n emplea tecnolog\u00edas avanzadas de detecci\u00f3n y reconocimiento para realizar una clasificaci\u00f3n precisa y multidimensional de limones, incluyendo principalmente:<\/p>\n<ul>\n<li>Clasificaci\u00f3n por tama\u00f1o: Un sistema automatizado de medici\u00f3n de tama\u00f1o clasifica los limones por di\u00e1metro, asegurando la uniformidad del lim\u00f3n y cumpliendo los requisitos espec\u00edficos de los mercados de gama baja, media y alta.<\/li>\n<li>Clasificaci\u00f3n por color: Utilizando tecnolog\u00eda de reconocimiento visual, el sistema analiza el color de la c\u00e1scara del lim\u00f3n para clasificar la fruta seg\u00fan su nivel de madurez.<\/li>\n<li>Clasificaci\u00f3n de formas: Identifica autom\u00e1ticamente los contornos de la fruta y descarta los ejemplares deformes, mejorando as\u00ed la uniformidad visual de los limones.<\/li>\n<li>Detecci\u00f3n de defectos internos: Emplea tecnolog\u00edas de ensayo no destructivo para identificar defectos y da\u00f1os en la pulpa de la fruta, previniendo eficazmente que productos de baja calidad lleguen al mercado.<\/li>\n<li>Identificaci\u00f3n de defectos externos: Detecta imperfecciones en la superficie, signos de pudrici\u00f3n o da\u00f1os mec\u00e1nicos en la c\u00e1scara del lim\u00f3n, asegurando un cribado de alto est\u00e1ndar para la apariencia externa.<\/li>\n<\/ul>\n<p><img fetchpriority=\"high\" decoding=\"async\" class=\"alignnone wp-image-2022 size-full\" src=\"https:\/\/www.fruiturnkey.com\/wp-content\/uploads\/2026\/04\/82-2.jpg\" alt=\"M\u00e1quina clasificadora de limones\" width=\"600\" height=\"400\" srcset=\"https:\/\/www.fruiturnkey.com\/wp-content\/uploads\/2026\/04\/82-2.jpg 600w, https:\/\/www.fruiturnkey.com\/wp-content\/uploads\/2026\/04\/82-2-300x200.jpg 300w, https:\/\/www.fruiturnkey.com\/wp-content\/uploads\/2026\/04\/82-2-18x12.jpg 18w, https:\/\/www.fruiturnkey.com\/wp-content\/uploads\/2026\/04\/82-2-24x16.jpg 24w, https:\/\/www.fruiturnkey.com\/wp-content\/uploads\/2026\/04\/82-2-36x24.jpg 36w, https:\/\/www.fruiturnkey.com\/wp-content\/uploads\/2026\/04\/82-2-48x32.jpg 48w, https:\/\/www.fruiturnkey.com\/wp-content\/uploads\/2026\/04\/82-2-400x267.jpg 400w\" sizes=\"(max-width: 600px) 100vw, 600px\" \/><\/p>\n<h2>2. Automatizaci\u00f3n de Alta Eficiencia: Reducci\u00f3n Significativa de Costos Laborales<\/h2>\n<p>La l\u00ednea de clasificaci\u00f3n y envasado de limones presenta un dise\u00f1o modular que permite una operaci\u00f3n totalmente automatizada desde la etapa inicial de alimentaci\u00f3n hasta el envasado final. Este proceso abarca:<\/p>\n<ul>\n<li>Sistemas automatizados de alimentaci\u00f3n y transporte.<\/li>\n<li>M\u00e1quina inteligente clasificadora de limones.<\/li>\n<li>Sistemas automatizados de empaque y etiquetado.<\/li>\n<\/ul>\n<p><img decoding=\"async\" class=\"alignnone wp-image-2024 size-full\" src=\"https:\/\/www.fruiturnkey.com\/wp-content\/uploads\/2026\/04\/82-1.jpg\" alt=\"l\u00ednea de envasado de limones\" width=\"600\" height=\"400\" srcset=\"https:\/\/www.fruiturnkey.com\/wp-content\/uploads\/2026\/04\/82-1.jpg 600w, https:\/\/www.fruiturnkey.com\/wp-content\/uploads\/2026\/04\/82-1-300x200.jpg 300w, https:\/\/www.fruiturnkey.com\/wp-content\/uploads\/2026\/04\/82-1-18x12.jpg 18w, https:\/\/www.fruiturnkey.com\/wp-content\/uploads\/2026\/04\/82-1-24x16.jpg 24w, https:\/\/www.fruiturnkey.com\/wp-content\/uploads\/2026\/04\/82-1-36x24.jpg 36w, https:\/\/www.fruiturnkey.com\/wp-content\/uploads\/2026\/04\/82-1-48x32.jpg 48w, https:\/\/www.fruiturnkey.com\/wp-content\/uploads\/2026\/04\/82-1-400x267.jpg 400w\" sizes=\"(max-width: 600px) 100vw, 600px\" \/><\/p>\n<h2>3. Trazabilidad de un Extremo a Otro: Mejora de los Est\u00e1ndares de Gesti\u00f3n<\/h2>\n<p>Esta l\u00ednea de selecci\u00f3n de limones admite la gesti\u00f3n digitalizada y las funciones de trazabilidad del producto. A lo largo del proceso de producci\u00f3n, la informaci\u00f3n sobre cada lote de fruta, incluidas las clasificaciones, las cantidades, los detalles del embalaje y m\u00e1s, se puede registrar meticulosamente.<\/p>\n<p>Capacidades clave:<\/p>\n<ul>\n<li>Seguimiento de lotes de productos<\/li>\n<li>Registro de informaci\u00f3n de empaque<\/li>\n<\/ul>\n<h2>4. Adecuado para una Amplia Variedad de C\u00edtricos; Soporta Soluciones Personalizadas<\/h2>\n<p>Adem\u00e1s de los limones, esta l\u00ednea de clasificaci\u00f3n y envasado de limones es igualmente adecuada para procesar una amplia gama de c\u00edtricos, incluyendo limas, naranjas, pomelos y otras frutas de formas similares.<\/p>\n<p>Para acomodar las variaciones entre diferentes frutas \u2014espec\u00edficamente en cuanto a tama\u00f1o, caracter\u00edsticas de la c\u00e1scara y criterios de clasificaci\u00f3n\u2014 ofrecemos soluciones personalizadas adaptadas a las necesidades espec\u00edficas de nuestros clientes. Estas soluciones abarcan ajustes en la configuraci\u00f3n del equipo, optimizaci\u00f3n de los par\u00e1metros de inspecci\u00f3n y el dise\u00f1o de la distribuci\u00f3n completa de la l\u00ednea.<\/p>\n<p><iframe title=\"Reproductor de v\u00eddeo YouTube\" src=\"https:\/\/www.youtube-nocookie.com\/embed\/G6FDYhiangI?si=nWZmHu-7nrZZ-PA0\" width=\"560\" height=\"315\" frameborder=\"0\" allowfullscreen=\"allowfullscreen\"><\/iframe><\/p>\n<h2>5. Equipamiento Auxiliar Integral: Construcci\u00f3n de L\u00edneas de Procesamiento Totalmente Automatizadas<\/h2>\n<p>Para ayudar a nuestros clientes a alcanzar mayores niveles de automatizaci\u00f3n y mejorar el valor agregado de sus productos, tambi\u00e9n ofrecemos una amplia gama de equipos auxiliares, que incluyen:<\/p>\n<ul>\n<li><a href=\"https:\/\/www.fruiturnkey.com\/es\/product\/lemon-fruit-washing-line\/\">Sistemas de lavado de limones<\/a>Eliminar tierra, arena e impurezas de la superficie de las frutas para garantizar la seguridad e higiene de los alimentos.<\/li>\n<li>Sistemas de encerado de limones: Mejora el brillo de la fruta, prolonga la vida \u00fatil y mejora el atractivo visual de los productos.<\/li>\n<li>Sistemas de secado al aire: Eliminan r\u00e1pidamente la humedad superficial, creando condiciones \u00f3ptimas para los procesos posteriores de clasificaci\u00f3n y envasado.<\/li>\n<\/ul>\n<p>Mediante la integraci\u00f3n de estos dispositivos auxiliares, se puede establecer una l\u00ednea completa de clasificaci\u00f3n y envasado de limones, que abarca desde el lavado, procesamiento y clasificaci\u00f3n hasta el envasado, lo que permite una producci\u00f3n verdaderamente automatizada y a gran escala.<\/p>\n\n<div class=\"wpcf7 no-js\" id=\"wpcf7-f1048-o1\" lang=\"en-US\" dir=\"ltr\" data-wpcf7-id=\"1048\">\n<div class=\"screen-reader-response\"><p role=\"status\" aria-live=\"polite\" aria-atomic=\"true\"><\/p> <ul><\/ul><\/div>\n<form action=\"\/es\/wp-json\/wp\/v2\/product\/2021#wpcf7-f1048-o1\" method=\"post\" class=\"wpcf7-form init\" aria-label=\"Formulario de contacto\" novalidate=\"novalidate\" data-status=\"init\" data-trp-original-action=\"\/es\/wp-json\/wp\/v2\/product\/2021#wpcf7-f1048-o1\">\n<div style=\"display: none;\">\n<input type=\"hidden\" name=\"_wpcf7\" value=\"1048\" \/>\n<input type=\"hidden\" name=\"_wpcf7_version\" value=\"6.0.4\" \/>\n<input type=\"hidden\" name=\"_wpcf7_locale\" value=\"en_US\" \/>\n<input type=\"hidden\" name=\"_wpcf7_unit_tag\" value=\"wpcf7-f1048-o1\" \/>\n<input type=\"hidden\" name=\"_wpcf7_container_post\" value=\"0\" \/>\n<input type=\"hidden\" name=\"_wpcf7_posted_data_hash\" value=\"\" \/>\n<\/div>\n<div style='border:1px solid #54B435;padding:15px'>\n\t<p><span style='font-weight:bold'>CONTACTO PARA PRESUPUESTO<\/span><br \/>\n<span style='display:block;width:100px;height:5px;background:#54B435'><\/span><br \/>\nSu informaci\u00f3n de contacto no ser\u00e1 publicada. Los campos obligatorios est\u00e1n marcados con *.\n\t<\/p>\n\t<p><label> Mensaje *<br \/>\n<span class=\"wpcf7-form-control-wrap\" data-name=\"your-message\"><textarea cols=\"40\" rows=\"10\" maxlength=\"2000\" class=\"wpcf7-form-control wpcf7-textarea wpcf7-validates-as-required\" aria-required=\"true\" aria-invalid=\"false\" name=\"your-message\"><\/textarea><\/span> <\/label>\n\t<\/p>\n\t<div style='float:left;width:48%;margin-right:4%'>\n\t\t<p><label> Su correo electr\u00f3nico *<br \/>\n<span class=\"wpcf7-form-control-wrap\" data-name=\"email\"><input size=\"40\" maxlength=\"400\" class=\"wpcf7-form-control wpcf7-email wpcf7-validates-as-required wpcf7-text wpcf7-validates-as-email\" aria-required=\"true\" aria-invalid=\"false\" value=\"\" type=\"email\" name=\"email\" \/><\/span> <\/label>\n\t\t<\/p>\n\t<\/div>\n\t<div style='float:left;width:48%'>\n\t\t<p><label> Su nombre<br \/>\n<span class=\"wpcf7-form-control-wrap\" data-name=\"yourname\"><input size=\"40\" maxlength=\"400\" class=\"wpcf7-form-control wpcf7-text\" aria-invalid=\"false\" value=\"\" type=\"text\" name=\"yourname\" \/><\/span> <\/label>\n\t\t<\/p>\n\t<\/div>\n\t<div style='float:left;width:48%;margin-right:4%'>\n\t\t<p><label> Tel\u00e9fono<br \/>\n<span class=\"wpcf7-form-control-wrap\" data-name=\"phone\"><input size=\"40\" maxlength=\"400\" class=\"wpcf7-form-control wpcf7-tel wpcf7-text wpcf7-validates-as-tel\" aria-invalid=\"false\" value=\"\" type=\"tel\" name=\"phone\" \/><\/span> <\/label>\n\t\t<\/p>\n\t<\/div>\n\t<div style='float:left;width:48%'>\n\t\t<p><label>Pa\u00eds<br \/>\n<span class=\"wpcf7-form-control-wrap\" data-name=\"country\"><input size=\"40\" maxlength=\"400\" class=\"wpcf7-form-control wpcf7-text\" aria-invalid=\"false\" value=\"\" type=\"text\" name=\"country\" \/><\/span> <\/label>\n\t\t<\/p>\n\t<\/div>\n\t<div style='float:left;width:48%;margin-right:4%'>\n\t\t<p><label> Empresa<br \/>\n<span class=\"wpcf7-form-control-wrap\" data-name=\"company\"><input size=\"40\" maxlength=\"400\" class=\"wpcf7-form-control wpcf7-text\" aria-invalid=\"false\" value=\"\" type=\"text\" name=\"company\" \/><\/span> <\/label>\n\t\t<\/p>\n\t<\/div>\n\t<div style='float:left;width:48%'>\n\t\t<p><label> P\u00e1gina web<br \/>\n<span class=\"wpcf7-form-control-wrap\" data-name=\"web\"><input size=\"40\" maxlength=\"400\" class=\"wpcf7-form-control wpcf7-text\" aria-invalid=\"false\" value=\"\" type=\"text\" name=\"web\" \/><\/span> <\/label>\n\t\t<\/p>\n\t<\/div>\n\t<div style='clear:both'>\n\t<\/div>\n\t<p><input class=\"wpcf7-form-control wpcf7-submit has-spinner\" type=\"submit\" value=\"Enviar\" \/>\n\t<\/p>\n<\/div><p style=\"display: none !important;\" class=\"akismet-fields-container\" data-prefix=\"_wpcf7_ak_\"><label>&#916;<textarea name=\"_wpcf7_ak_hp_textarea\" cols=\"45\" rows=\"8\" maxlength=\"100\"><\/textarea><\/label><input type=\"hidden\" id=\"ak_js_1\" name=\"_wpcf7_ak_js\" value=\"86\"\/><script>document.getElementById( \"ak_js_1\" ).setAttribute( \"value\", ( new Date() ).getTime() );<\/script><\/p><div class=\"wpcf7-response-output\" aria-hidden=\"true\"><\/div>\n<input type=\"hidden\" name=\"trp-form-language\" value=\"es\"\/><\/form>\n<\/div>\n\n<div style='text-align:left' class='yasr-auto-insert-visitor'><\/div>","protected":false},"excerpt":{"rendered":"<p>Esta l\u00ednea de clasificaci\u00f3n de limones es capaz de clasificar seg\u00fan criterios como tama\u00f1o, forma, defectos y color.<\/p>","protected":false},"featured_media":2023,"comment_status":"open","ping_status":"closed","template":"","meta":{"site-sidebar-layout":"default","site-content-layout":"","ast-site-content-layout":"default","site-content-style":"default","site-sidebar-style":"default","ast-global-header-display":"","ast-banner-title-visibility":"","ast-main-header-display":"","ast-hfb-above-header-display":"","ast-hfb-below-header-display":"","ast-hfb-mobile-header-display":"","site-post-title":"","ast-breadcrumbs-content":"","ast-featured-img":"","footer-sml-layout":"","theme-transparent-header-meta":"default","adv-header-id-meta":"","stick-header-meta":"","header-above-stick-meta":"","header-main-stick-meta":"","header-below-stick-meta":"","astra-migrate-meta-layouts":"set","ast-page-background-enabled":"default","ast-page-background-meta":{"desktop":{"background-color":"var(--ast-global-color-4)","background-image":"","background-repeat":"repeat","background-position":"center center","background-size":"auto","background-attachment":"scroll","background-type":"","background-media":"","overlay-type":"","overlay-color":"","overlay-opacity":"","overlay-gradient":""},"tablet":{"background-color":"","background-image":"","background-repeat":"repeat","background-position":"center center","background-size":"auto","background-attachment":"scroll","background-type":"","background-media":"","overlay-type":"","overlay-color":"","overlay-opacity":"","overlay-gradient":""},"mobile":{"background-color":"","background-image":"","background-repeat":"repeat","background-position":"center center","background-size":"auto","background-attachment":"scroll","background-type":"","background-media":"","overlay-type":"","overlay-color":"","overlay-opacity":"","overlay-gradient":""}},"ast-content-background-meta":{"desktop":{"background-color":"var(--ast-global-color-5)","background-image":"","background-repeat":"repeat","background-position":"center center","background-size":"auto","background-attachment":"scroll","background-type":"","background-media":"","overlay-type":"","overlay-color":"","overlay-opacity":"","overlay-gradient":""},"tablet":{"background-color":"var(--ast-global-color-5)","background-image":"","background-repeat":"repeat","background-position":"center center","background-size":"auto","background-attachment":"scroll","background-type":"","background-media":"","overlay-type":"","overlay-color":"","overlay-opacity":"","overlay-gradient":""},"mobile":{"background-color":"var(--ast-global-color-5)","background-image":"","background-repeat":"repeat","background-position":"center center","background-size":"auto","background-attachment":"scroll","background-type":"","background-media":"","overlay-type":"","overlay-color":"","overlay-opacity":"","overlay-gradient":""}},"yasr_overall_rating":0,"yasr_post_is_review":"","yasr_auto_insert_disabled":"","yasr_review_type":""},"product_brand":[],"product_cat":[21],"product_tag":[],"class_list":{"0":"post-2021","1":"product","2":"type-product","3":"status-publish","4":"has-post-thumbnail","6":"product_cat-washing-equipment","7":"desktop-align-left","8":"tablet-align-left","9":"mobile-align-left","11":"first","12":"instock","13":"shipping-taxable","14":"product-type-simple"},"yasr_visitor_votes":{"stars_attributes":{"read_only":false,"span_bottom":false},"number_of_votes":1,"sum_votes":5},"yoast_head":"<!-- This site is optimized with the Yoast SEO plugin v24.5 - https:\/\/yoast.com\/wordpress\/plugins\/seo\/ -->\n<title>Large Capacity Lemon Sorting Packing Line - Fruit Processing Solution<\/title>\n<meta name=\"description\" content=\"This lemon sorting line is capable of sorting based on criteria such as size, shape, defects, and color.\" \/>\n<meta name=\"robots\" content=\"index, follow, max-snippet:-1, max-image-preview:large, max-video-preview:-1\" \/>\n<link rel=\"canonical\" href=\"https:\/\/www.fruiturnkey.com\/es\/product\/lemon-sorting-packing-line\/\" \/>\n<meta property=\"og:locale\" content=\"es_ES\" \/>\n<meta property=\"og:type\" content=\"article\" \/>\n<meta property=\"og:title\" content=\"Large Capacity Lemon Sorting Packing Line - Fruit Processing Solution\" \/>\n<meta property=\"og:description\" content=\"This lemon sorting line is capable of sorting based on criteria such as size, shape, defects, and color.\" \/>\n<meta property=\"og:url\" content=\"https:\/\/www.fruiturnkey.com\/es\/product\/lemon-sorting-packing-line\/\" \/>\n<meta property=\"og:site_name\" content=\"Fruit Processing Solution\" \/>\n<meta property=\"og:image\" content=\"https:\/\/www.fruiturnkey.com\/wp-content\/uploads\/2026\/04\/82.jpg\" \/>\n\t<meta property=\"og:image:width\" content=\"600\" \/>\n\t<meta property=\"og:image:height\" content=\"600\" \/>\n\t<meta property=\"og:image:type\" content=\"image\/jpeg\" \/>\n<meta name=\"twitter:card\" content=\"summary_large_image\" \/>\n<meta name=\"twitter:label1\" content=\"Tiempo de lectura\" \/>\n\t<meta name=\"twitter:data1\" content=\"3 minutos\" \/>\n<script type=\"application\/ld+json\" class=\"yoast-schema-graph\">{\"@context\":\"https:\/\/schema.org\",\"@graph\":[{\"@type\":\"WebPage\",\"@id\":\"https:\/\/www.fruiturnkey.com\/product\/lemon-sorting-packing-line\/\",\"url\":\"https:\/\/www.fruiturnkey.com\/product\/lemon-sorting-packing-line\/\",\"name\":\"Large Capacity Lemon Sorting Packing Line - Fruit Processing Solution\",\"isPartOf\":{\"@id\":\"https:\/\/www.fruiturnkey.com\/#website\"},\"primaryImageOfPage\":{\"@id\":\"https:\/\/www.fruiturnkey.com\/product\/lemon-sorting-packing-line\/#primaryimage\"},\"image\":{\"@id\":\"https:\/\/www.fruiturnkey.com\/product\/lemon-sorting-packing-line\/#primaryimage\"},\"thumbnailUrl\":\"https:\/\/www.fruiturnkey.com\/wp-content\/uploads\/2026\/04\/82.jpg\",\"datePublished\":\"2026-04-16T09:14:10+00:00\",\"description\":\"This lemon sorting line is capable of sorting based on criteria such as size, shape, defects, and color.\",\"breadcrumb\":{\"@id\":\"https:\/\/www.fruiturnkey.com\/product\/lemon-sorting-packing-line\/#breadcrumb\"},\"inLanguage\":\"es\",\"potentialAction\":[{\"@type\":\"ReadAction\",\"target\":[\"https:\/\/www.fruiturnkey.com\/product\/lemon-sorting-packing-line\/\"]}]},{\"@type\":\"ImageObject\",\"inLanguage\":\"es\",\"@id\":\"https:\/\/www.fruiturnkey.com\/product\/lemon-sorting-packing-line\/#primaryimage\",\"url\":\"https:\/\/www.fruiturnkey.com\/wp-content\/uploads\/2026\/04\/82.jpg\",\"contentUrl\":\"https:\/\/www.fruiturnkey.com\/wp-content\/uploads\/2026\/04\/82.jpg\",\"width\":600,\"height\":600,\"caption\":\"lemon sorting packing line\"},{\"@type\":\"BreadcrumbList\",\"@id\":\"https:\/\/www.fruiturnkey.com\/product\/lemon-sorting-packing-line\/#breadcrumb\",\"itemListElement\":[{\"@type\":\"ListItem\",\"position\":1,\"name\":\"Home\",\"item\":\"https:\/\/www.fruiturnkey.com\/\"},{\"@type\":\"ListItem\",\"position\":2,\"name\":\"Products\",\"item\":\"https:\/\/www.fruiturnkey.com\/product\/\"},{\"@type\":\"ListItem\",\"position\":3,\"name\":\"Large Capacity Lemon Sorting Packing Line\"}]},{\"@type\":\"WebSite\",\"@id\":\"https:\/\/www.fruiturnkey.com\/#website\",\"url\":\"https:\/\/www.fruiturnkey.com\/\",\"name\":\"Fruit Processing Solution\",\"description\":\"\",\"publisher\":{\"@id\":\"https:\/\/www.fruiturnkey.com\/#organization\"},\"potentialAction\":[{\"@type\":\"SearchAction\",\"target\":{\"@type\":\"EntryPoint\",\"urlTemplate\":\"https:\/\/www.fruiturnkey.com\/?s={search_term_string}\"},\"query-input\":{\"@type\":\"PropertyValueSpecification\",\"valueRequired\":true,\"valueName\":\"search_term_string\"}}],\"inLanguage\":\"es\"},{\"@type\":\"Organization\",\"@id\":\"https:\/\/www.fruiturnkey.com\/#organization\",\"name\":\"Fruit Processing Solution\",\"url\":\"https:\/\/www.fruiturnkey.com\/\",\"logo\":{\"@type\":\"ImageObject\",\"inLanguage\":\"es\",\"@id\":\"https:\/\/www.fruiturnkey.com\/#\/schema\/logo\/image\/\",\"url\":\"https:\/\/www.fruiturnkey.com\/wp-content\/uploads\/2025\/03\/cropped-\u65b0\u7248LOGO.png\",\"contentUrl\":\"https:\/\/www.fruiturnkey.com\/wp-content\/uploads\/2025\/03\/cropped-\u65b0\u7248LOGO.png\",\"width\":1918,\"height\":639,\"caption\":\"Fruit Processing Solution\"},\"image\":{\"@id\":\"https:\/\/www.fruiturnkey.com\/#\/schema\/logo\/image\/\"}},false]}<\/script>\n<!-- \/ Yoast SEO plugin. -->","yoast_head_json":{"title":"Large Capacity Lemon Sorting Packing Line - Fruit Processing Solution","description":"This lemon sorting line is capable of sorting based on criteria such as size, shape, defects, and color.","robots":{"index":"index","follow":"follow","max-snippet":"max-snippet:-1","max-image-preview":"max-image-preview:large","max-video-preview":"max-video-preview:-1"},"canonical":"https:\/\/www.fruiturnkey.com\/es\/product\/lemon-sorting-packing-line\/","og_locale":"es_ES","og_type":"article","og_title":"Large Capacity Lemon Sorting Packing Line - Fruit Processing Solution","og_description":"This lemon sorting line is capable of sorting based on criteria such as size, shape, defects, and color.","og_url":"https:\/\/www.fruiturnkey.com\/es\/product\/lemon-sorting-packing-line\/","og_site_name":"Fruit Processing Solution","og_image":[{"width":600,"height":600,"url":"https:\/\/www.fruiturnkey.com\/wp-content\/uploads\/2026\/04\/82.jpg","type":"image\/jpeg"}],"twitter_card":"summary_large_image","twitter_misc":{"Tiempo de lectura":"3 minutos"},"schema":{"@context":"https:\/\/schema.org","@graph":[{"@type":"WebPage","@id":"https:\/\/www.fruiturnkey.com\/product\/lemon-sorting-packing-line\/","url":"https:\/\/www.fruiturnkey.com\/product\/lemon-sorting-packing-line\/","name":"Large Capacity Lemon Sorting Packing Line - Fruit Processing Solution","isPartOf":{"@id":"https:\/\/www.fruiturnkey.com\/#website"},"primaryImageOfPage":{"@id":"https:\/\/www.fruiturnkey.com\/product\/lemon-sorting-packing-line\/#primaryimage"},"image":{"@id":"https:\/\/www.fruiturnkey.com\/product\/lemon-sorting-packing-line\/#primaryimage"},"thumbnailUrl":"https:\/\/www.fruiturnkey.com\/wp-content\/uploads\/2026\/04\/82.jpg","datePublished":"2026-04-16T09:14:10+00:00","description":"This lemon sorting line is capable of sorting based on criteria such as size, shape, defects, and color.","breadcrumb":{"@id":"https:\/\/www.fruiturnkey.com\/product\/lemon-sorting-packing-line\/#breadcrumb"},"inLanguage":"es","potentialAction":[{"@type":"ReadAction","target":["https:\/\/www.fruiturnkey.com\/product\/lemon-sorting-packing-line\/"]}]},{"@type":"ImageObject","inLanguage":"es","@id":"https:\/\/www.fruiturnkey.com\/product\/lemon-sorting-packing-line\/#primaryimage","url":"https:\/\/www.fruiturnkey.com\/wp-content\/uploads\/2026\/04\/82.jpg","contentUrl":"https:\/\/www.fruiturnkey.com\/wp-content\/uploads\/2026\/04\/82.jpg","width":600,"height":600,"caption":"lemon sorting packing line"},{"@type":"BreadcrumbList","@id":"https:\/\/www.fruiturnkey.com\/product\/lemon-sorting-packing-line\/#breadcrumb","itemListElement":[{"@type":"ListItem","position":1,"name":"Home","item":"https:\/\/www.fruiturnkey.com\/"},{"@type":"ListItem","position":2,"name":"Products","item":"https:\/\/www.fruiturnkey.com\/product\/"},{"@type":"ListItem","position":3,"name":"Large Capacity Lemon Sorting Packing Line"}]},{"@type":"WebSite","@id":"https:\/\/www.fruiturnkey.com\/#website","url":"https:\/\/www.fruiturnkey.com\/","name":"Fruit Processing Solution","description":"","publisher":{"@id":"https:\/\/www.fruiturnkey.com\/#organization"},"potentialAction":[{"@type":"SearchAction","target":{"@type":"EntryPoint","urlTemplate":"https:\/\/www.fruiturnkey.com\/?s={search_term_string}"},"query-input":{"@type":"PropertyValueSpecification","valueRequired":true,"valueName":"search_term_string"}}],"inLanguage":"es"},{"@type":"Organization","@id":"https:\/\/www.fruiturnkey.com\/#organization","name":"Fruit Processing Solution","url":"https:\/\/www.fruiturnkey.com\/","logo":{"@type":"ImageObject","inLanguage":"es","@id":"https:\/\/www.fruiturnkey.com\/#\/schema\/logo\/image\/","url":"https:\/\/www.fruiturnkey.com\/wp-content\/uploads\/2025\/03\/cropped-\u65b0\u7248LOGO.png","contentUrl":"https:\/\/www.fruiturnkey.com\/wp-content\/uploads\/2025\/03\/cropped-\u65b0\u7248LOGO.png","width":1918,"height":639,"caption":"Fruit Processing Solution"},"image":{"@id":"https:\/\/www.fruiturnkey.com\/#\/schema\/logo\/image\/"}},false]}},"_links":{"self":[{"href":"https:\/\/www.fruiturnkey.com\/es\/wp-json\/wp\/v2\/product\/2021","targetHints":{"allow":["GET"]}}],"collection":[{"href":"https:\/\/www.fruiturnkey.com\/es\/wp-json\/wp\/v2\/product"}],"about":[{"href":"https:\/\/www.fruiturnkey.com\/es\/wp-json\/wp\/v2\/types\/product"}],"replies":[{"embeddable":true,"href":"https:\/\/www.fruiturnkey.com\/es\/wp-json\/wp\/v2\/comments?post=2021"}],"wp:featuredmedia":[{"embeddable":true,"href":"https:\/\/www.fruiturnkey.com\/es\/wp-json\/wp\/v2\/media\/2023"}],"wp:attachment":[{"href":"https:\/\/www.fruiturnkey.com\/es\/wp-json\/wp\/v2\/media?parent=2021"}],"wp:term":[{"taxonomy":"product_brand","embeddable":true,"href":"https:\/\/www.fruiturnkey.com\/es\/wp-json\/wp\/v2\/product_brand?post=2021"},{"taxonomy":"product_cat","embeddable":true,"href":"https:\/\/www.fruiturnkey.com\/es\/wp-json\/wp\/v2\/product_cat?post=2021"},{"taxonomy":"product_tag","embeddable":true,"href":"https:\/\/www.fruiturnkey.com\/es\/wp-json\/wp\/v2\/product_tag?post=2021"}],"curies":[{"name":"wp","href":"https:\/\/api.w.org\/{rel}","templated":true}]}}