{"id":2008,"date":"2026-03-19T17:44:58","date_gmt":"2026-03-19T09:44:58","guid":{"rendered":"https:\/\/www.fruiturnkey.com\/?post_type=product&#038;p=2008"},"modified":"2026-03-19T17:45:00","modified_gmt":"2026-03-19T09:45:00","slug":"pineapple-freeze-dried-equipment","status":"publish","type":"product","link":"https:\/\/www.fruiturnkey.com\/es\/product\/pineapple-freeze-dried-equipment\/","title":{"rendered":"Proveedor de equipos para liofilizaci\u00f3n de frutas de pi\u00f1a"},"content":{"rendered":"<p>El equipo de liofilizaci\u00f3n de frutas es una tecnolog\u00eda avanzada de deshidrataci\u00f3n. Comienza sometiendo la fruta fresca a congelaci\u00f3n a baja temperatura, lo que hace que la humedad interior se transforme de estado l\u00edquido en cristales de hielo s\u00f3lidos. Posteriormente, en un entorno de alto vac\u00edo, los cristales de hielo se convierten directamente en vapor de agua y se expulsan mediante el proceso de sublimaci\u00f3n, omitiendo la fase l\u00edquida por completo. De esta manera, la integridad estructural s\u00f3lida de la fruta se conserva en su totalidad.<\/p>\n<p>Dado que todo el proceso de secado se realiza en condiciones de baja temperatura y vac\u00edo, la estructura celular de la pi\u00f1a permanece intacta. El producto resultante liofilizado presenta una estructura suelta, porosa y esponjosa, con un volumen pr\u00e1cticamente inalterado y excelentes propiedades de rehidrataci\u00f3n. Este m\u00e9todo no solo preserva al m\u00e1ximo el color, el aroma y el contenido nutricional original de la pi\u00f1a, sino que tambi\u00e9n prolonga su vida \u00fatil.<\/p>\n<p><img fetchpriority=\"high\" decoding=\"async\" class=\"alignnone wp-image-2009 size-full\" src=\"https:\/\/www.fruiturnkey.com\/wp-content\/uploads\/2026\/03\/80.jpg\" alt=\"m\u00e1quina liofilizadora\" width=\"600\" height=\"400\" srcset=\"https:\/\/www.fruiturnkey.com\/wp-content\/uploads\/2026\/03\/80.jpg 600w, https:\/\/www.fruiturnkey.com\/wp-content\/uploads\/2026\/03\/80-300x200.jpg 300w, https:\/\/www.fruiturnkey.com\/wp-content\/uploads\/2026\/03\/80-18x12.jpg 18w, https:\/\/www.fruiturnkey.com\/wp-content\/uploads\/2026\/03\/80-24x16.jpg 24w, https:\/\/www.fruiturnkey.com\/wp-content\/uploads\/2026\/03\/80-36x24.jpg 36w, https:\/\/www.fruiturnkey.com\/wp-content\/uploads\/2026\/03\/80-48x32.jpg 48w, https:\/\/www.fruiturnkey.com\/wp-content\/uploads\/2026\/03\/80-400x267.jpg 400w\" sizes=\"(max-width: 600px) 100vw, 600px\" \/><\/p>\n<h2>Caracter\u00edsticas de la M\u00e1quina Liofilizadora de Pi\u00f1a:<\/h2>\n<p><strong>1. Secado a baja temperatura: retenci\u00f3n completa de nutrientes<\/strong><\/p>\n<p>El equipo de liofilizaci\u00f3n de frutas opera en un ambiente de baja temperatura, lo que lo hace particularmente adecuado para procesar sustancias sensibles al calor. Las vitaminas, enzimas y compuestos arom\u00e1ticos presentes en las pi\u00f1as permanecen pr\u00e1cticamente intactos durante el procesamiento, preservando as\u00ed la calidad natural del producto.<\/p>\n<p><strong>2. Inhibici\u00f3n de la actividad microbiana y enzim\u00e1tica<\/strong><\/p>\n<p>Los ambientes de baja temperatura y con deficiencia de ox\u00edgeno inhiben eficazmente el crecimiento microbiano y las reacciones enzim\u00e1ticas, previniendo as\u00ed el deterioro durante el procesamiento y conservando la calidad original de la fruta.<\/p>\n<p><img decoding=\"async\" class=\"alignnone wp-image-2010 size-full\" src=\"https:\/\/www.fruiturnkey.com\/wp-content\/uploads\/2026\/03\/80-1.jpg\" alt=\"m\u00e1quina de pi\u00f1a liofilizada\" width=\"600\" height=\"400\" srcset=\"https:\/\/www.fruiturnkey.com\/wp-content\/uploads\/2026\/03\/80-1.jpg 600w, https:\/\/www.fruiturnkey.com\/wp-content\/uploads\/2026\/03\/80-1-300x200.jpg 300w, https:\/\/www.fruiturnkey.com\/wp-content\/uploads\/2026\/03\/80-1-18x12.jpg 18w, https:\/\/www.fruiturnkey.com\/wp-content\/uploads\/2026\/03\/80-1-24x16.jpg 24w, https:\/\/www.fruiturnkey.com\/wp-content\/uploads\/2026\/03\/80-1-36x24.jpg 36w, https:\/\/www.fruiturnkey.com\/wp-content\/uploads\/2026\/03\/80-1-48x32.jpg 48w, https:\/\/www.fruiturnkey.com\/wp-content\/uploads\/2026\/03\/80-1-400x267.jpg 400w\" sizes=\"(max-width: 600px) 100vw, 600px\" \/><\/p>\n<p><strong>3. P\u00e9rdida m\u00ednima de componentes vol\u00e1tiles<\/strong><\/p>\n<p>El secado en condiciones de vac\u00edo previene la p\u00e9rdida de compuestos vol\u00e1tiles t\u00edpicamente causada por altas temperaturas, permitiendo as\u00ed que la pi\u00f1a liofilizada conserve su rico aroma afrutado y sabor natural.<\/p>\n<p><strong>4. Deshidrataci\u00f3n eficiente, vida \u00fatil extendida<\/strong><\/p>\n<p>El equipo de liofilizaci\u00f3n de pi\u00f1a es capaz de eliminar m\u00e1s del 95%al 99% de la humedad, reduciendo significativamente el contenido de agua de la fruta. Esto permite el almacenamiento a largo plazo a temperaturas ambiente, reduciendo as\u00ed los costos de transporte y almacenamiento.<\/p>\n<h2>Aplicaciones de equipos de liofilizaci\u00f3n de frutas:<\/h2>\n<p>El equipo de liofilizaci\u00f3n de pi\u00f1a no solo es adecuado para procesar pi\u00f1as, sino que tambi\u00e9n se aplica ampliamente a una diversa gama de frutas, verduras y productos alimenticios, que incluyen:<\/p>\n<ul>\n<li>Frutas: pl\u00e1tanos, ar\u00e1ndanos, manzanas, fresas, mangos, etc.<\/li>\n<li>Verduras: guisantes, jud\u00edas verdes, ma\u00edz, zanahorias, etc.<\/li>\n<\/ul>\n\n<div class=\"wpcf7 no-js\" id=\"wpcf7-f1048-o1\" lang=\"en-US\" dir=\"ltr\" data-wpcf7-id=\"1048\">\n<div class=\"screen-reader-response\"><p role=\"status\" aria-live=\"polite\" aria-atomic=\"true\"><\/p> <ul><\/ul><\/div>\n<form action=\"\/es\/wp-json\/wp\/v2\/product\/2008#wpcf7-f1048-o1\" method=\"post\" class=\"wpcf7-form init\" aria-label=\"Formulario de contacto\" novalidate=\"novalidate\" data-status=\"init\" data-trp-original-action=\"\/es\/wp-json\/wp\/v2\/product\/2008#wpcf7-f1048-o1\">\n<div style=\"display: none;\">\n<input type=\"hidden\" name=\"_wpcf7\" value=\"1048\" \/>\n<input type=\"hidden\" name=\"_wpcf7_version\" value=\"6.0.4\" \/>\n<input type=\"hidden\" name=\"_wpcf7_locale\" value=\"en_US\" \/>\n<input type=\"hidden\" name=\"_wpcf7_unit_tag\" value=\"wpcf7-f1048-o1\" \/>\n<input type=\"hidden\" name=\"_wpcf7_container_post\" value=\"0\" \/>\n<input type=\"hidden\" name=\"_wpcf7_posted_data_hash\" value=\"\" \/>\n<\/div>\n<div style='border:1px solid #54B435;padding:15px'>\n\t<p><span style='font-weight:bold'>CONTACTO PARA PRESUPUESTO<\/span><br \/>\n<span style='display:block;width:100px;height:5px;background:#54B435'><\/span><br \/>\nSu informaci\u00f3n de contacto no ser\u00e1 publicada. Los campos obligatorios est\u00e1n marcados con *.\n\t<\/p>\n\t<p><label> Mensaje *<br \/>\n<span class=\"wpcf7-form-control-wrap\" data-name=\"your-message\"><textarea cols=\"40\" rows=\"10\" maxlength=\"2000\" class=\"wpcf7-form-control wpcf7-textarea wpcf7-validates-as-required\" aria-required=\"true\" aria-invalid=\"false\" name=\"your-message\"><\/textarea><\/span> <\/label>\n\t<\/p>\n\t<div style='float:left;width:48%;margin-right:4%'>\n\t\t<p><label> Su correo electr\u00f3nico *<br \/>\n<span class=\"wpcf7-form-control-wrap\" data-name=\"email\"><input size=\"40\" maxlength=\"400\" class=\"wpcf7-form-control wpcf7-email wpcf7-validates-as-required wpcf7-text wpcf7-validates-as-email\" aria-required=\"true\" aria-invalid=\"false\" value=\"\" type=\"email\" name=\"email\" \/><\/span> <\/label>\n\t\t<\/p>\n\t<\/div>\n\t<div style='float:left;width:48%'>\n\t\t<p><label> Su nombre<br \/>\n<span class=\"wpcf7-form-control-wrap\" data-name=\"yourname\"><input size=\"40\" maxlength=\"400\" class=\"wpcf7-form-control wpcf7-text\" aria-invalid=\"false\" value=\"\" type=\"text\" name=\"yourname\" \/><\/span> <\/label>\n\t\t<\/p>\n\t<\/div>\n\t<div style='float:left;width:48%;margin-right:4%'>\n\t\t<p><label> Tel\u00e9fono<br \/>\n<span class=\"wpcf7-form-control-wrap\" data-name=\"phone\"><input size=\"40\" maxlength=\"400\" class=\"wpcf7-form-control wpcf7-tel wpcf7-text wpcf7-validates-as-tel\" aria-invalid=\"false\" value=\"\" type=\"tel\" name=\"phone\" \/><\/span> <\/label>\n\t\t<\/p>\n\t<\/div>\n\t<div style='float:left;width:48%'>\n\t\t<p><label>Pa\u00eds<br \/>\n<span class=\"wpcf7-form-control-wrap\" data-name=\"country\"><input size=\"40\" maxlength=\"400\" class=\"wpcf7-form-control wpcf7-text\" aria-invalid=\"false\" value=\"\" type=\"text\" name=\"country\" \/><\/span> <\/label>\n\t\t<\/p>\n\t<\/div>\n\t<div style='float:left;width:48%;margin-right:4%'>\n\t\t<p><label> Empresa<br \/>\n<span class=\"wpcf7-form-control-wrap\" data-name=\"company\"><input size=\"40\" maxlength=\"400\" class=\"wpcf7-form-control wpcf7-text\" aria-invalid=\"false\" value=\"\" type=\"text\" name=\"company\" \/><\/span> <\/label>\n\t\t<\/p>\n\t<\/div>\n\t<div style='float:left;width:48%'>\n\t\t<p><label> P\u00e1gina web<br \/>\n<span class=\"wpcf7-form-control-wrap\" data-name=\"web\"><input size=\"40\" maxlength=\"400\" class=\"wpcf7-form-control wpcf7-text\" aria-invalid=\"false\" value=\"\" type=\"text\" name=\"web\" \/><\/span> <\/label>\n\t\t<\/p>\n\t<\/div>\n\t<div style='clear:both'>\n\t<\/div>\n\t<p><input class=\"wpcf7-form-control wpcf7-submit has-spinner\" type=\"submit\" value=\"Enviar\" \/>\n\t<\/p>\n<\/div><p style=\"display: none !important;\" class=\"akismet-fields-container\" data-prefix=\"_wpcf7_ak_\"><label>&#916;<textarea name=\"_wpcf7_ak_hp_textarea\" cols=\"45\" rows=\"8\" maxlength=\"100\"><\/textarea><\/label><input type=\"hidden\" id=\"ak_js_1\" name=\"_wpcf7_ak_js\" value=\"228\"\/><script>document.getElementById( \"ak_js_1\" ).setAttribute( \"value\", ( new Date() ).getTime() );<\/script><\/p><div class=\"wpcf7-response-output\" aria-hidden=\"true\"><\/div>\n<input type=\"hidden\" name=\"trp-form-language\" value=\"es\"\/><\/form>\n<\/div>\n\n<div style='text-align:left' class='yasr-auto-insert-visitor'><\/div>","protected":false},"excerpt":{"rendered":"<p>El equipo de liofilizaci\u00f3n de frutas se puede utilizar para pi\u00f1as, fresas, mangos, pl\u00e1tanos, ar\u00e1ndanos y otras frutas.<\/p>","protected":false},"featured_media":2011,"comment_status":"open","ping_status":"closed","template":"","meta":{"site-sidebar-layout":"default","site-content-layout":"","ast-site-content-layout":"default","site-content-style":"default","site-sidebar-style":"default","ast-global-header-display":"","ast-banner-title-visibility":"","ast-main-header-display":"","ast-hfb-above-header-display":"","ast-hfb-below-header-display":"","ast-hfb-mobile-header-display":"","site-post-title":"","ast-breadcrumbs-content":"","ast-featured-img":"","footer-sml-layout":"","theme-transparent-header-meta":"default","adv-header-id-meta":"","stick-header-meta":"","header-above-stick-meta":"","header-main-stick-meta":"","header-below-stick-meta":"","astra-migrate-meta-layouts":"set","ast-page-background-enabled":"default","ast-page-background-meta":{"desktop":{"background-color":"var(--ast-global-color-4)","background-image":"","background-repeat":"repeat","background-position":"center center","background-size":"auto","background-attachment":"scroll","background-type":"","background-media":"","overlay-type":"","overlay-color":"","overlay-opacity":"","overlay-gradient":""},"tablet":{"background-color":"","background-image":"","background-repeat":"repeat","background-position":"center center","background-size":"auto","background-attachment":"scroll","background-type":"","background-media":"","overlay-type":"","overlay-color":"","overlay-opacity":"","overlay-gradient":""},"mobile":{"background-color":"","background-image":"","background-repeat":"repeat","background-position":"center center","background-size":"auto","background-attachment":"scroll","background-type":"","background-media":"","overlay-type":"","overlay-color":"","overlay-opacity":"","overlay-gradient":""}},"ast-content-background-meta":{"desktop":{"background-color":"var(--ast-global-color-5)","background-image":"","background-repeat":"repeat","background-position":"center center","background-size":"auto","background-attachment":"scroll","background-type":"","background-media":"","overlay-type":"","overlay-color":"","overlay-opacity":"","overlay-gradient":""},"tablet":{"background-color":"var(--ast-global-color-5)","background-image":"","background-repeat":"repeat","background-position":"center center","background-size":"auto","background-attachment":"scroll","background-type":"","background-media":"","overlay-type":"","overlay-color":"","overlay-opacity":"","overlay-gradient":""},"mobile":{"background-color":"var(--ast-global-color-5)","background-image":"","background-repeat":"repeat","background-position":"center center","background-size":"auto","background-attachment":"scroll","background-type":"","background-media":"","overlay-type":"","overlay-color":"","overlay-opacity":"","overlay-gradient":""}},"yasr_overall_rating":0,"yasr_post_is_review":"","yasr_auto_insert_disabled":"","yasr_review_type":""},"product_brand":[],"product_cat":[27],"product_tag":[],"class_list":{"0":"post-2008","1":"product","2":"type-product","3":"status-publish","4":"has-post-thumbnail","6":"product_cat-freezing-equipment","7":"desktop-align-left","8":"tablet-align-left","9":"mobile-align-left","11":"first","12":"instock","13":"shipping-taxable","14":"product-type-simple"},"yasr_visitor_votes":{"stars_attributes":{"read_only":false,"span_bottom":false},"number_of_votes":1,"sum_votes":5},"yoast_head":"<!-- This site is optimized with the Yoast SEO plugin v24.5 - https:\/\/yoast.com\/wordpress\/plugins\/seo\/ -->\n<title>Pineapple Freeze Dried Fruit Equipment Supplier - Fruit Processing Solution<\/title>\n<meta name=\"description\" content=\"The freeze dried fruit equipment can be used for pineapple, strawberries, mangoes, bananas, blueberries, and other fruits.\" \/>\n<meta name=\"robots\" content=\"index, follow, max-snippet:-1, max-image-preview:large, max-video-preview:-1\" \/>\n<link rel=\"canonical\" href=\"https:\/\/www.fruiturnkey.com\/es\/product\/pineapple-freeze-dried-equipment\/\" \/>\n<meta property=\"og:locale\" content=\"es_ES\" \/>\n<meta property=\"og:type\" content=\"article\" \/>\n<meta property=\"og:title\" content=\"Pineapple Freeze Dried Fruit Equipment Supplier - Fruit Processing Solution\" \/>\n<meta property=\"og:description\" content=\"The freeze dried fruit equipment can be used for pineapple, strawberries, mangoes, bananas, blueberries, and other fruits.\" \/>\n<meta property=\"og:url\" content=\"https:\/\/www.fruiturnkey.com\/es\/product\/pineapple-freeze-dried-equipment\/\" \/>\n<meta property=\"og:site_name\" content=\"Fruit Processing Solution\" \/>\n<meta property=\"article:modified_time\" content=\"2026-03-19T09:45:00+00:00\" \/>\n<meta property=\"og:image\" content=\"https:\/\/www.fruiturnkey.com\/wp-content\/uploads\/2026\/03\/80-2.jpg\" \/>\n\t<meta property=\"og:image:width\" content=\"600\" \/>\n\t<meta property=\"og:image:height\" content=\"600\" \/>\n\t<meta property=\"og:image:type\" content=\"image\/jpeg\" \/>\n<meta name=\"twitter:card\" content=\"summary_large_image\" \/>\n<meta name=\"twitter:label1\" content=\"Tiempo de lectura\" \/>\n\t<meta name=\"twitter:data1\" content=\"3 minutos\" \/>\n<script type=\"application\/ld+json\" class=\"yoast-schema-graph\">{\"@context\":\"https:\/\/schema.org\",\"@graph\":[{\"@type\":\"WebPage\",\"@id\":\"https:\/\/www.fruiturnkey.com\/product\/pineapple-freeze-dried-equipment\/\",\"url\":\"https:\/\/www.fruiturnkey.com\/product\/pineapple-freeze-dried-equipment\/\",\"name\":\"Pineapple Freeze Dried Fruit Equipment Supplier - Fruit Processing Solution\",\"isPartOf\":{\"@id\":\"https:\/\/www.fruiturnkey.com\/#website\"},\"primaryImageOfPage\":{\"@id\":\"https:\/\/www.fruiturnkey.com\/product\/pineapple-freeze-dried-equipment\/#primaryimage\"},\"image\":{\"@id\":\"https:\/\/www.fruiturnkey.com\/product\/pineapple-freeze-dried-equipment\/#primaryimage\"},\"thumbnailUrl\":\"https:\/\/www.fruiturnkey.com\/wp-content\/uploads\/2026\/03\/80-2.jpg\",\"datePublished\":\"2026-03-19T09:44:58+00:00\",\"dateModified\":\"2026-03-19T09:45:00+00:00\",\"description\":\"The freeze dried fruit equipment can be used for pineapple, strawberries, mangoes, bananas, blueberries, and other fruits.\",\"breadcrumb\":{\"@id\":\"https:\/\/www.fruiturnkey.com\/product\/pineapple-freeze-dried-equipment\/#breadcrumb\"},\"inLanguage\":\"es\",\"potentialAction\":[{\"@type\":\"ReadAction\",\"target\":[\"https:\/\/www.fruiturnkey.com\/product\/pineapple-freeze-dried-equipment\/\"]}]},{\"@type\":\"ImageObject\",\"inLanguage\":\"es\",\"@id\":\"https:\/\/www.fruiturnkey.com\/product\/pineapple-freeze-dried-equipment\/#primaryimage\",\"url\":\"https:\/\/www.fruiturnkey.com\/wp-content\/uploads\/2026\/03\/80-2.jpg\",\"contentUrl\":\"https:\/\/www.fruiturnkey.com\/wp-content\/uploads\/2026\/03\/80-2.jpg\",\"width\":600,\"height\":600,\"caption\":\"freeze dried fruit equipment\"},{\"@type\":\"BreadcrumbList\",\"@id\":\"https:\/\/www.fruiturnkey.com\/product\/pineapple-freeze-dried-equipment\/#breadcrumb\",\"itemListElement\":[{\"@type\":\"ListItem\",\"position\":1,\"name\":\"Home\",\"item\":\"https:\/\/www.fruiturnkey.com\/\"},{\"@type\":\"ListItem\",\"position\":2,\"name\":\"Products\",\"item\":\"https:\/\/www.fruiturnkey.com\/product\/\"},{\"@type\":\"ListItem\",\"position\":3,\"name\":\"Pineapple Freeze Dried Fruit Equipment Supplier\"}]},{\"@type\":\"WebSite\",\"@id\":\"https:\/\/www.fruiturnkey.com\/#website\",\"url\":\"https:\/\/www.fruiturnkey.com\/\",\"name\":\"Fruit Processing Solution\",\"description\":\"\",\"publisher\":{\"@id\":\"https:\/\/www.fruiturnkey.com\/#organization\"},\"potentialAction\":[{\"@type\":\"SearchAction\",\"target\":{\"@type\":\"EntryPoint\",\"urlTemplate\":\"https:\/\/www.fruiturnkey.com\/?s={search_term_string}\"},\"query-input\":{\"@type\":\"PropertyValueSpecification\",\"valueRequired\":true,\"valueName\":\"search_term_string\"}}],\"inLanguage\":\"es\"},{\"@type\":\"Organization\",\"@id\":\"https:\/\/www.fruiturnkey.com\/#organization\",\"name\":\"Fruit Processing Solution\",\"url\":\"https:\/\/www.fruiturnkey.com\/\",\"logo\":{\"@type\":\"ImageObject\",\"inLanguage\":\"es\",\"@id\":\"https:\/\/www.fruiturnkey.com\/#\/schema\/logo\/image\/\",\"url\":\"https:\/\/www.fruiturnkey.com\/wp-content\/uploads\/2025\/03\/cropped-\u65b0\u7248LOGO.png\",\"contentUrl\":\"https:\/\/www.fruiturnkey.com\/wp-content\/uploads\/2025\/03\/cropped-\u65b0\u7248LOGO.png\",\"width\":1918,\"height\":639,\"caption\":\"Fruit Processing Solution\"},\"image\":{\"@id\":\"https:\/\/www.fruiturnkey.com\/#\/schema\/logo\/image\/\"}},false]}<\/script>\n<!-- \/ Yoast SEO plugin. -->","yoast_head_json":{"title":"Pineapple Freeze Dried Fruit Equipment Supplier - Fruit Processing Solution","description":"The freeze dried fruit equipment can be used for pineapple, strawberries, mangoes, bananas, blueberries, and other fruits.","robots":{"index":"index","follow":"follow","max-snippet":"max-snippet:-1","max-image-preview":"max-image-preview:large","max-video-preview":"max-video-preview:-1"},"canonical":"https:\/\/www.fruiturnkey.com\/es\/product\/pineapple-freeze-dried-equipment\/","og_locale":"es_ES","og_type":"article","og_title":"Pineapple Freeze Dried Fruit Equipment Supplier - Fruit Processing Solution","og_description":"The freeze dried fruit equipment can be used for pineapple, strawberries, mangoes, bananas, blueberries, and other fruits.","og_url":"https:\/\/www.fruiturnkey.com\/es\/product\/pineapple-freeze-dried-equipment\/","og_site_name":"Fruit Processing Solution","article_modified_time":"2026-03-19T09:45:00+00:00","og_image":[{"width":600,"height":600,"url":"https:\/\/www.fruiturnkey.com\/wp-content\/uploads\/2026\/03\/80-2.jpg","type":"image\/jpeg"}],"twitter_card":"summary_large_image","twitter_misc":{"Tiempo de lectura":"3 minutos"},"schema":{"@context":"https:\/\/schema.org","@graph":[{"@type":"WebPage","@id":"https:\/\/www.fruiturnkey.com\/product\/pineapple-freeze-dried-equipment\/","url":"https:\/\/www.fruiturnkey.com\/product\/pineapple-freeze-dried-equipment\/","name":"Pineapple Freeze Dried Fruit Equipment Supplier - Fruit Processing Solution","isPartOf":{"@id":"https:\/\/www.fruiturnkey.com\/#website"},"primaryImageOfPage":{"@id":"https:\/\/www.fruiturnkey.com\/product\/pineapple-freeze-dried-equipment\/#primaryimage"},"image":{"@id":"https:\/\/www.fruiturnkey.com\/product\/pineapple-freeze-dried-equipment\/#primaryimage"},"thumbnailUrl":"https:\/\/www.fruiturnkey.com\/wp-content\/uploads\/2026\/03\/80-2.jpg","datePublished":"2026-03-19T09:44:58+00:00","dateModified":"2026-03-19T09:45:00+00:00","description":"The freeze dried fruit equipment can be used for pineapple, strawberries, mangoes, bananas, blueberries, and other fruits.","breadcrumb":{"@id":"https:\/\/www.fruiturnkey.com\/product\/pineapple-freeze-dried-equipment\/#breadcrumb"},"inLanguage":"es","potentialAction":[{"@type":"ReadAction","target":["https:\/\/www.fruiturnkey.com\/product\/pineapple-freeze-dried-equipment\/"]}]},{"@type":"ImageObject","inLanguage":"es","@id":"https:\/\/www.fruiturnkey.com\/product\/pineapple-freeze-dried-equipment\/#primaryimage","url":"https:\/\/www.fruiturnkey.com\/wp-content\/uploads\/2026\/03\/80-2.jpg","contentUrl":"https:\/\/www.fruiturnkey.com\/wp-content\/uploads\/2026\/03\/80-2.jpg","width":600,"height":600,"caption":"freeze dried fruit equipment"},{"@type":"BreadcrumbList","@id":"https:\/\/www.fruiturnkey.com\/product\/pineapple-freeze-dried-equipment\/#breadcrumb","itemListElement":[{"@type":"ListItem","position":1,"name":"Home","item":"https:\/\/www.fruiturnkey.com\/"},{"@type":"ListItem","position":2,"name":"Products","item":"https:\/\/www.fruiturnkey.com\/product\/"},{"@type":"ListItem","position":3,"name":"Pineapple Freeze Dried Fruit Equipment Supplier"}]},{"@type":"WebSite","@id":"https:\/\/www.fruiturnkey.com\/#website","url":"https:\/\/www.fruiturnkey.com\/","name":"Fruit Processing Solution","description":"","publisher":{"@id":"https:\/\/www.fruiturnkey.com\/#organization"},"potentialAction":[{"@type":"SearchAction","target":{"@type":"EntryPoint","urlTemplate":"https:\/\/www.fruiturnkey.com\/?s={search_term_string}"},"query-input":{"@type":"PropertyValueSpecification","valueRequired":true,"valueName":"search_term_string"}}],"inLanguage":"es"},{"@type":"Organization","@id":"https:\/\/www.fruiturnkey.com\/#organization","name":"Fruit Processing Solution","url":"https:\/\/www.fruiturnkey.com\/","logo":{"@type":"ImageObject","inLanguage":"es","@id":"https:\/\/www.fruiturnkey.com\/#\/schema\/logo\/image\/","url":"https:\/\/www.fruiturnkey.com\/wp-content\/uploads\/2025\/03\/cropped-\u65b0\u7248LOGO.png","contentUrl":"https:\/\/www.fruiturnkey.com\/wp-content\/uploads\/2025\/03\/cropped-\u65b0\u7248LOGO.png","width":1918,"height":639,"caption":"Fruit Processing Solution"},"image":{"@id":"https:\/\/www.fruiturnkey.com\/#\/schema\/logo\/image\/"}},false]}},"_links":{"self":[{"href":"https:\/\/www.fruiturnkey.com\/es\/wp-json\/wp\/v2\/product\/2008","targetHints":{"allow":["GET"]}}],"collection":[{"href":"https:\/\/www.fruiturnkey.com\/es\/wp-json\/wp\/v2\/product"}],"about":[{"href":"https:\/\/www.fruiturnkey.com\/es\/wp-json\/wp\/v2\/types\/product"}],"replies":[{"embeddable":true,"href":"https:\/\/www.fruiturnkey.com\/es\/wp-json\/wp\/v2\/comments?post=2008"}],"wp:featuredmedia":[{"embeddable":true,"href":"https:\/\/www.fruiturnkey.com\/es\/wp-json\/wp\/v2\/media\/2011"}],"wp:attachment":[{"href":"https:\/\/www.fruiturnkey.com\/es\/wp-json\/wp\/v2\/media?parent=2008"}],"wp:term":[{"taxonomy":"product_brand","embeddable":true,"href":"https:\/\/www.fruiturnkey.com\/es\/wp-json\/wp\/v2\/product_brand?post=2008"},{"taxonomy":"product_cat","embeddable":true,"href":"https:\/\/www.fruiturnkey.com\/es\/wp-json\/wp\/v2\/product_cat?post=2008"},{"taxonomy":"product_tag","embeddable":true,"href":"https:\/\/www.fruiturnkey.com\/es\/wp-json\/wp\/v2\/product_tag?post=2008"}],"curies":[{"name":"wp","href":"https:\/\/api.w.org\/{rel}","templated":true}]}}