{"id":1980,"date":"2026-01-27T15:05:47","date_gmt":"2026-01-27T07:05:47","guid":{"rendered":"https:\/\/www.fruiturnkey.com\/?post_type=product&#038;p=1980"},"modified":"2026-01-27T15:05:47","modified_gmt":"2026-01-27T07:05:47","slug":"pomegranate-aril-extraction-machine","status":"publish","type":"product","link":"https:\/\/www.fruiturnkey.com\/es\/product\/pomegranate-aril-extraction-machine\/","title":{"rendered":"Granada Aril Extracci\u00f3n Deseeder M\u00e1quina"},"content":{"rendered":"<p>Las granadas son una fruta nutritiva muy utilizada para el consumo en fresco, la elaboraci\u00f3n de zumos, mermeladas y bebidas funcionales. Sin embargo, en comparaci\u00f3n con otras frutas, las granadas tienen una estructura relativamente compleja, con una gruesa c\u00e1scara exterior y membranas internas que separan las semillas. Esta estructura \u00fanica hace que las granadas sean dif\u00edciles de pelar y propensas a da\u00f1ar las semillas durante el procesado.<\/p>\n<p>Bas\u00e1ndose en una investigaci\u00f3n en profundidad de las propiedades f\u00edsicas y los requisitos de procesamiento de las granadas, nuestra empresa ha desarrollado y dise\u00f1ado especialmente una m\u00e1quina de extracci\u00f3n de arilos de granada. Al tiempo que garantiza la eficiencia, maximiza la preservaci\u00f3n de la integridad del arilo.<\/p>\n<p><img fetchpriority=\"high\" decoding=\"async\" class=\"alignnone wp-image-1982 size-full\" src=\"https:\/\/www.fruiturnkey.com\/wp-content\/uploads\/2026\/01\/77-1.jpg\" alt=\"m\u00e1quina de extracci\u00f3n de arilos de granada\" width=\"600\" height=\"400\" srcset=\"https:\/\/www.fruiturnkey.com\/wp-content\/uploads\/2026\/01\/77-1.jpg 600w, https:\/\/www.fruiturnkey.com\/wp-content\/uploads\/2026\/01\/77-1-300x200.jpg 300w, https:\/\/www.fruiturnkey.com\/wp-content\/uploads\/2026\/01\/77-1-18x12.jpg 18w, https:\/\/www.fruiturnkey.com\/wp-content\/uploads\/2026\/01\/77-1-24x16.jpg 24w, https:\/\/www.fruiturnkey.com\/wp-content\/uploads\/2026\/01\/77-1-36x24.jpg 36w, https:\/\/www.fruiturnkey.com\/wp-content\/uploads\/2026\/01\/77-1-48x32.jpg 48w, https:\/\/www.fruiturnkey.com\/wp-content\/uploads\/2026\/01\/77-1-400x267.jpg 400w\" sizes=\"(max-width: 600px) 100vw, 600px\" \/><\/p>\n<h2>Desgranadora de granadas Caracter\u00edsticas:<\/h2>\n<p><strong>1. Baja tasa de rotura del arilo de la granada<\/strong><\/p>\n<p>La estructura de la m\u00e1quina descorazonadora de granadas est\u00e1 optimizada para abordar las caracter\u00edsticas de \"capa exterior blanda y n\u00facleo interior duro\" de los granos de granada, evitando la compresi\u00f3n y el cizallamiento fuertes, reduciendo significativamente la tasa de rotura de granos de granada y mejorando la calidad y el rendimiento del producto.<\/p>\n<p><strong>2. Excelente efecto de separaci\u00f3n, arilos intactos<\/strong><\/p>\n<p>La c\u00e1scara, la membrana y los granos se separan completamente, y los arilos de la granada quedan intactos y con un color brillante, lo que contribuye a aumentar la competitividad del producto en el mercado.<\/p>\n<p><strong>3. Alto grado de automatizaci\u00f3n<\/strong><\/p>\n<p>Desde la alimentaci\u00f3n y la trituraci\u00f3n de la granada hasta la separaci\u00f3n y la descarga, todo el proceso puede llevarse a cabo de forma continua, lo que reduce el trabajo manual, disminuye los costes de mano de obra y mejora la eficiencia general de la producci\u00f3n.<\/p>\n<p><strong>4. Alta eficiencia de procesamiento<\/strong><\/p>\n<p>La m\u00e1quina descorazonadora de granadas funciona de forma estable y puede satisfacer las necesidades de procesamiento en masa, por lo que es especialmente adecuada para la producci\u00f3n de alta intensidad durante la temporada alta de recolecci\u00f3n de granadas.<\/p>\n<p><strong>5. Estructura compacta y tama\u00f1o reducido.<\/strong><\/p>\n<p>La m\u00e1quina de extracci\u00f3n de arilos de granada tiene un tama\u00f1o general reducido y una disposici\u00f3n racional, lo que la hace adecuada para f\u00e1bricas de distintos tama\u00f1os y f\u00e1cil de integrar en las l\u00edneas de producci\u00f3n existentes.<\/p>\n<p><img decoding=\"async\" class=\"alignnone wp-image-1983 size-full\" src=\"https:\/\/www.fruiturnkey.com\/wp-content\/uploads\/2026\/01\/77-2.jpg\" alt=\"peladora de granadas\" width=\"600\" height=\"400\" srcset=\"https:\/\/www.fruiturnkey.com\/wp-content\/uploads\/2026\/01\/77-2.jpg 600w, https:\/\/www.fruiturnkey.com\/wp-content\/uploads\/2026\/01\/77-2-300x200.jpg 300w, https:\/\/www.fruiturnkey.com\/wp-content\/uploads\/2026\/01\/77-2-18x12.jpg 18w, https:\/\/www.fruiturnkey.com\/wp-content\/uploads\/2026\/01\/77-2-24x16.jpg 24w, https:\/\/www.fruiturnkey.com\/wp-content\/uploads\/2026\/01\/77-2-36x24.jpg 36w, https:\/\/www.fruiturnkey.com\/wp-content\/uploads\/2026\/01\/77-2-48x32.jpg 48w, https:\/\/www.fruiturnkey.com\/wp-content\/uploads\/2026\/01\/77-2-400x267.jpg 400w\" sizes=\"(max-width: 600px) 100vw, 600px\" \/><\/p>\n<h2>Aplicaciones de la m\u00e1quina desgranadora de granadas:<\/h2>\n<ul>\n<li>Preelaboraci\u00f3n de zumo de granada y <a href=\"https:\/\/www.fruiturnkey.com\/es\/product\/pomegranate-juice-production-line\/\">l\u00edneas de producci\u00f3n de concentrado de granada<\/a><\/li>\n<li>L\u00edneas de producci\u00f3n de congelaci\u00f3n de semillas de granada (IQF)<\/li>\n<li>Procesamiento de materias primas para mermelada y bebidas de granada<\/li>\n<\/ul>\n<p>Las configuraciones y capacidades personalizadas est\u00e1n disponibles en funci\u00f3n del tipo de materia prima del cliente, los requisitos de capacidad de producci\u00f3n y el uso previsto del producto acabado.<\/p>\n<p><iframe title=\"Reproductor de v\u00eddeo YouTube\" src=\"https:\/\/www.youtube.com\/embed\/p6kDTRcKGYU?si=6ae6yHfPJmrGNauk\" width=\"560\" height=\"315\" frameborder=\"0\" allowfullscreen=\"allowfullscreen\"><\/iframe><\/p>\n<p>No s\u00f3lo suministramos m\u00e1quinas individuales de extracci\u00f3n de arilos de granada, sino que tambi\u00e9n ofrecemos soluciones completas de procesamiento de granada adaptadas a las necesidades del cliente:<\/p>\n<ul>\n<li>Parte delantera: Lavado, clasificaci\u00f3n y transporte<\/li>\n<li>Back-end: Lavado, deshidrataci\u00f3n, congelaci\u00f3n, exprimido o envasado<\/li>\n<\/ul>\n<p>Mediante un dise\u00f1o racional de los procesos, ayudamos a los clientes a mejorar el aprovechamiento de las materias primas, reducir los residuos y mejorar el nivel general de automatizaci\u00f3n y la eficiencia econ\u00f3mica de sus l\u00edneas de producci\u00f3n.<\/p>\n\n<div class=\"wpcf7 no-js\" id=\"wpcf7-f1048-o1\" lang=\"en-US\" dir=\"ltr\" data-wpcf7-id=\"1048\">\n<div class=\"screen-reader-response\"><p role=\"status\" aria-live=\"polite\" aria-atomic=\"true\"><\/p> <ul><\/ul><\/div>\n<form action=\"\/es\/wp-json\/wp\/v2\/product\/1980#wpcf7-f1048-o1\" method=\"post\" class=\"wpcf7-form init\" aria-label=\"Formulario de contacto\" novalidate=\"novalidate\" data-status=\"init\" data-trp-original-action=\"\/es\/wp-json\/wp\/v2\/product\/1980#wpcf7-f1048-o1\">\n<div style=\"display: none;\">\n<input type=\"hidden\" name=\"_wpcf7\" value=\"1048\" \/>\n<input type=\"hidden\" name=\"_wpcf7_version\" value=\"6.0.4\" \/>\n<input type=\"hidden\" name=\"_wpcf7_locale\" value=\"en_US\" \/>\n<input type=\"hidden\" name=\"_wpcf7_unit_tag\" value=\"wpcf7-f1048-o1\" \/>\n<input type=\"hidden\" name=\"_wpcf7_container_post\" value=\"0\" \/>\n<input type=\"hidden\" name=\"_wpcf7_posted_data_hash\" value=\"\" \/>\n<\/div>\n<div style='border:1px solid #54B435;padding:15px'>\n\t<p><span style='font-weight:bold'>CONTACTO PARA PRESUPUESTO<\/span><br \/>\n<span style='display:block;width:100px;height:5px;background:#54B435'><\/span><br \/>\nSu informaci\u00f3n de contacto no ser\u00e1 publicada. Los campos obligatorios est\u00e1n marcados con *.\n\t<\/p>\n\t<p><label> Mensaje *<br \/>\n<span class=\"wpcf7-form-control-wrap\" data-name=\"your-message\"><textarea cols=\"40\" rows=\"10\" maxlength=\"2000\" class=\"wpcf7-form-control wpcf7-textarea wpcf7-validates-as-required\" aria-required=\"true\" aria-invalid=\"false\" name=\"your-message\"><\/textarea><\/span> <\/label>\n\t<\/p>\n\t<div style='float:left;width:48%;margin-right:4%'>\n\t\t<p><label> Su correo electr\u00f3nico *<br \/>\n<span class=\"wpcf7-form-control-wrap\" data-name=\"email\"><input size=\"40\" maxlength=\"400\" class=\"wpcf7-form-control wpcf7-email wpcf7-validates-as-required wpcf7-text wpcf7-validates-as-email\" aria-required=\"true\" aria-invalid=\"false\" value=\"\" type=\"email\" name=\"email\" \/><\/span> <\/label>\n\t\t<\/p>\n\t<\/div>\n\t<div style='float:left;width:48%'>\n\t\t<p><label> Su nombre<br \/>\n<span class=\"wpcf7-form-control-wrap\" data-name=\"yourname\"><input size=\"40\" maxlength=\"400\" class=\"wpcf7-form-control wpcf7-text\" aria-invalid=\"false\" value=\"\" type=\"text\" name=\"yourname\" \/><\/span> <\/label>\n\t\t<\/p>\n\t<\/div>\n\t<div style='float:left;width:48%;margin-right:4%'>\n\t\t<p><label> Tel\u00e9fono<br \/>\n<span class=\"wpcf7-form-control-wrap\" data-name=\"phone\"><input size=\"40\" maxlength=\"400\" class=\"wpcf7-form-control wpcf7-tel wpcf7-text wpcf7-validates-as-tel\" aria-invalid=\"false\" value=\"\" type=\"tel\" name=\"phone\" \/><\/span> <\/label>\n\t\t<\/p>\n\t<\/div>\n\t<div style='float:left;width:48%'>\n\t\t<p><label>Pa\u00eds<br \/>\n<span class=\"wpcf7-form-control-wrap\" data-name=\"country\"><input size=\"40\" maxlength=\"400\" class=\"wpcf7-form-control wpcf7-text\" aria-invalid=\"false\" value=\"\" type=\"text\" name=\"country\" \/><\/span> <\/label>\n\t\t<\/p>\n\t<\/div>\n\t<div style='float:left;width:48%;margin-right:4%'>\n\t\t<p><label> Empresa<br \/>\n<span class=\"wpcf7-form-control-wrap\" data-name=\"company\"><input size=\"40\" maxlength=\"400\" class=\"wpcf7-form-control wpcf7-text\" aria-invalid=\"false\" value=\"\" type=\"text\" name=\"company\" \/><\/span> <\/label>\n\t\t<\/p>\n\t<\/div>\n\t<div style='float:left;width:48%'>\n\t\t<p><label> P\u00e1gina web<br \/>\n<span class=\"wpcf7-form-control-wrap\" data-name=\"web\"><input size=\"40\" maxlength=\"400\" class=\"wpcf7-form-control wpcf7-text\" aria-invalid=\"false\" value=\"\" type=\"text\" name=\"web\" \/><\/span> <\/label>\n\t\t<\/p>\n\t<\/div>\n\t<div style='clear:both'>\n\t<\/div>\n\t<p><input class=\"wpcf7-form-control wpcf7-submit has-spinner\" type=\"submit\" value=\"Enviar\" \/>\n\t<\/p>\n<\/div><p style=\"display: none !important;\" class=\"akismet-fields-container\" data-prefix=\"_wpcf7_ak_\"><label>&#916;<textarea name=\"_wpcf7_ak_hp_textarea\" cols=\"45\" rows=\"8\" maxlength=\"100\"><\/textarea><\/label><input type=\"hidden\" id=\"ak_js_1\" name=\"_wpcf7_ak_js\" value=\"133\"\/><script>document.getElementById( \"ak_js_1\" ).setAttribute( \"value\", ( new Date() ).getTime() );<\/script><\/p><div class=\"wpcf7-response-output\" aria-hidden=\"true\"><\/div>\n<input type=\"hidden\" name=\"trp-form-language\" value=\"es\"\/><\/form>\n<\/div>\n\n<div style='text-align:left' class='yasr-auto-insert-visitor'><\/div>","protected":false},"excerpt":{"rendered":"<p>La m\u00e1quina de extracci\u00f3n de arilos de granada con una excelente eficiencia de separaci\u00f3n, baja tasa de rotura y arilos de granada intactos.<\/p>","protected":false},"featured_media":1981,"comment_status":"open","ping_status":"closed","template":"","meta":{"site-sidebar-layout":"default","site-content-layout":"","ast-site-content-layout":"default","site-content-style":"default","site-sidebar-style":"default","ast-global-header-display":"","ast-banner-title-visibility":"","ast-main-header-display":"","ast-hfb-above-header-display":"","ast-hfb-below-header-display":"","ast-hfb-mobile-header-display":"","site-post-title":"","ast-breadcrumbs-content":"","ast-featured-img":"","footer-sml-layout":"","theme-transparent-header-meta":"default","adv-header-id-meta":"","stick-header-meta":"","header-above-stick-meta":"","header-main-stick-meta":"","header-below-stick-meta":"","astra-migrate-meta-layouts":"set","ast-page-background-enabled":"default","ast-page-background-meta":{"desktop":{"background-color":"var(--ast-global-color-4)","background-image":"","background-repeat":"repeat","background-position":"center center","background-size":"auto","background-attachment":"scroll","background-type":"","background-media":"","overlay-type":"","overlay-color":"","overlay-opacity":"","overlay-gradient":""},"tablet":{"background-color":"","background-image":"","background-repeat":"repeat","background-position":"center center","background-size":"auto","background-attachment":"scroll","background-type":"","background-media":"","overlay-type":"","overlay-color":"","overlay-opacity":"","overlay-gradient":""},"mobile":{"background-color":"","background-image":"","background-repeat":"repeat","background-position":"center center","background-size":"auto","background-attachment":"scroll","background-type":"","background-media":"","overlay-type":"","overlay-color":"","overlay-opacity":"","overlay-gradient":""}},"ast-content-background-meta":{"desktop":{"background-color":"var(--ast-global-color-5)","background-image":"","background-repeat":"repeat","background-position":"center center","background-size":"auto","background-attachment":"scroll","background-type":"","background-media":"","overlay-type":"","overlay-color":"","overlay-opacity":"","overlay-gradient":""},"tablet":{"background-color":"var(--ast-global-color-5)","background-image":"","background-repeat":"repeat","background-position":"center center","background-size":"auto","background-attachment":"scroll","background-type":"","background-media":"","overlay-type":"","overlay-color":"","overlay-opacity":"","overlay-gradient":""},"mobile":{"background-color":"var(--ast-global-color-5)","background-image":"","background-repeat":"repeat","background-position":"center center","background-size":"auto","background-attachment":"scroll","background-type":"","background-media":"","overlay-type":"","overlay-color":"","overlay-opacity":"","overlay-gradient":""}},"yasr_overall_rating":0,"yasr_post_is_review":"","yasr_auto_insert_disabled":"","yasr_review_type":""},"product_brand":[],"product_cat":[26],"product_tag":[],"class_list":{"0":"post-1980","1":"product","2":"type-product","3":"status-publish","4":"has-post-thumbnail","6":"product_cat-cutting-equipment","7":"desktop-align-left","8":"tablet-align-left","9":"mobile-align-left","11":"first","12":"instock","13":"shipping-taxable","14":"product-type-simple"},"yasr_visitor_votes":{"stars_attributes":{"read_only":false,"span_bottom":false},"number_of_votes":1,"sum_votes":5},"yoast_head":"<!-- This site is optimized with the Yoast SEO plugin v24.5 - https:\/\/yoast.com\/wordpress\/plugins\/seo\/ -->\n<title>Pomegranate Aril Extraction Deseeder Machine - Fruit Processing Solution<\/title>\n<meta name=\"description\" content=\"The pomegranate aril extraction machine with excellent separation efficiency, low breakage rate, and intact pomegranate aril.\" \/>\n<meta name=\"robots\" content=\"index, follow, max-snippet:-1, max-image-preview:large, max-video-preview:-1\" \/>\n<link rel=\"canonical\" href=\"https:\/\/www.fruiturnkey.com\/es\/product\/pomegranate-aril-extraction-machine\/\" \/>\n<meta property=\"og:locale\" content=\"es_ES\" \/>\n<meta property=\"og:type\" content=\"article\" \/>\n<meta property=\"og:title\" content=\"Pomegranate Aril Extraction Deseeder Machine - Fruit Processing Solution\" \/>\n<meta property=\"og:description\" content=\"The pomegranate aril extraction machine with excellent separation efficiency, low breakage rate, and intact pomegranate aril.\" \/>\n<meta property=\"og:url\" content=\"https:\/\/www.fruiturnkey.com\/es\/product\/pomegranate-aril-extraction-machine\/\" \/>\n<meta property=\"og:site_name\" content=\"Fruit Processing Solution\" \/>\n<meta property=\"og:image\" content=\"https:\/\/www.fruiturnkey.com\/wp-content\/uploads\/2026\/01\/77.jpg\" \/>\n\t<meta property=\"og:image:width\" content=\"600\" \/>\n\t<meta property=\"og:image:height\" content=\"600\" \/>\n\t<meta property=\"og:image:type\" content=\"image\/jpeg\" \/>\n<meta name=\"twitter:card\" content=\"summary_large_image\" \/>\n<meta name=\"twitter:label1\" content=\"Tiempo de lectura\" \/>\n\t<meta name=\"twitter:data1\" content=\"3 minutos\" \/>\n<script type=\"application\/ld+json\" class=\"yoast-schema-graph\">{\"@context\":\"https:\/\/schema.org\",\"@graph\":[{\"@type\":\"WebPage\",\"@id\":\"https:\/\/www.fruiturnkey.com\/product\/pomegranate-aril-extraction-machine\/\",\"url\":\"https:\/\/www.fruiturnkey.com\/product\/pomegranate-aril-extraction-machine\/\",\"name\":\"Pomegranate Aril Extraction Deseeder Machine - Fruit Processing Solution\",\"isPartOf\":{\"@id\":\"https:\/\/www.fruiturnkey.com\/#website\"},\"primaryImageOfPage\":{\"@id\":\"https:\/\/www.fruiturnkey.com\/product\/pomegranate-aril-extraction-machine\/#primaryimage\"},\"image\":{\"@id\":\"https:\/\/www.fruiturnkey.com\/product\/pomegranate-aril-extraction-machine\/#primaryimage\"},\"thumbnailUrl\":\"https:\/\/www.fruiturnkey.com\/wp-content\/uploads\/2026\/01\/77.jpg\",\"datePublished\":\"2026-01-27T07:05:47+00:00\",\"description\":\"The pomegranate aril extraction machine with excellent separation efficiency, low breakage rate, and intact pomegranate aril.\",\"breadcrumb\":{\"@id\":\"https:\/\/www.fruiturnkey.com\/product\/pomegranate-aril-extraction-machine\/#breadcrumb\"},\"inLanguage\":\"es\",\"potentialAction\":[{\"@type\":\"ReadAction\",\"target\":[\"https:\/\/www.fruiturnkey.com\/product\/pomegranate-aril-extraction-machine\/\"]}]},{\"@type\":\"ImageObject\",\"inLanguage\":\"es\",\"@id\":\"https:\/\/www.fruiturnkey.com\/product\/pomegranate-aril-extraction-machine\/#primaryimage\",\"url\":\"https:\/\/www.fruiturnkey.com\/wp-content\/uploads\/2026\/01\/77.jpg\",\"contentUrl\":\"https:\/\/www.fruiturnkey.com\/wp-content\/uploads\/2026\/01\/77.jpg\",\"width\":600,\"height\":600,\"caption\":\"pomegranate deseeder machine\"},{\"@type\":\"BreadcrumbList\",\"@id\":\"https:\/\/www.fruiturnkey.com\/product\/pomegranate-aril-extraction-machine\/#breadcrumb\",\"itemListElement\":[{\"@type\":\"ListItem\",\"position\":1,\"name\":\"Home\",\"item\":\"https:\/\/www.fruiturnkey.com\/\"},{\"@type\":\"ListItem\",\"position\":2,\"name\":\"Products\",\"item\":\"https:\/\/www.fruiturnkey.com\/product\/\"},{\"@type\":\"ListItem\",\"position\":3,\"name\":\"Pomegranate Aril Extraction Deseeder Machine\"}]},{\"@type\":\"WebSite\",\"@id\":\"https:\/\/www.fruiturnkey.com\/#website\",\"url\":\"https:\/\/www.fruiturnkey.com\/\",\"name\":\"Fruit Processing Solution\",\"description\":\"\",\"publisher\":{\"@id\":\"https:\/\/www.fruiturnkey.com\/#organization\"},\"potentialAction\":[{\"@type\":\"SearchAction\",\"target\":{\"@type\":\"EntryPoint\",\"urlTemplate\":\"https:\/\/www.fruiturnkey.com\/?s={search_term_string}\"},\"query-input\":{\"@type\":\"PropertyValueSpecification\",\"valueRequired\":true,\"valueName\":\"search_term_string\"}}],\"inLanguage\":\"es\"},{\"@type\":\"Organization\",\"@id\":\"https:\/\/www.fruiturnkey.com\/#organization\",\"name\":\"Fruit Processing Solution\",\"url\":\"https:\/\/www.fruiturnkey.com\/\",\"logo\":{\"@type\":\"ImageObject\",\"inLanguage\":\"es\",\"@id\":\"https:\/\/www.fruiturnkey.com\/#\/schema\/logo\/image\/\",\"url\":\"https:\/\/www.fruiturnkey.com\/wp-content\/uploads\/2025\/03\/cropped-\u65b0\u7248LOGO.png\",\"contentUrl\":\"https:\/\/www.fruiturnkey.com\/wp-content\/uploads\/2025\/03\/cropped-\u65b0\u7248LOGO.png\",\"width\":1918,\"height\":639,\"caption\":\"Fruit Processing Solution\"},\"image\":{\"@id\":\"https:\/\/www.fruiturnkey.com\/#\/schema\/logo\/image\/\"}},false]}<\/script>\n<!-- \/ Yoast SEO plugin. -->","yoast_head_json":{"title":"Pomegranate Aril Extraction Deseeder Machine - Fruit Processing Solution","description":"The pomegranate aril extraction machine with excellent separation efficiency, low breakage rate, and intact pomegranate aril.","robots":{"index":"index","follow":"follow","max-snippet":"max-snippet:-1","max-image-preview":"max-image-preview:large","max-video-preview":"max-video-preview:-1"},"canonical":"https:\/\/www.fruiturnkey.com\/es\/product\/pomegranate-aril-extraction-machine\/","og_locale":"es_ES","og_type":"article","og_title":"Pomegranate Aril Extraction Deseeder Machine - Fruit Processing Solution","og_description":"The pomegranate aril extraction machine with excellent separation efficiency, low breakage rate, and intact pomegranate aril.","og_url":"https:\/\/www.fruiturnkey.com\/es\/product\/pomegranate-aril-extraction-machine\/","og_site_name":"Fruit Processing Solution","og_image":[{"width":600,"height":600,"url":"https:\/\/www.fruiturnkey.com\/wp-content\/uploads\/2026\/01\/77.jpg","type":"image\/jpeg"}],"twitter_card":"summary_large_image","twitter_misc":{"Tiempo de lectura":"3 minutos"},"schema":{"@context":"https:\/\/schema.org","@graph":[{"@type":"WebPage","@id":"https:\/\/www.fruiturnkey.com\/product\/pomegranate-aril-extraction-machine\/","url":"https:\/\/www.fruiturnkey.com\/product\/pomegranate-aril-extraction-machine\/","name":"Pomegranate Aril Extraction Deseeder Machine - Fruit Processing Solution","isPartOf":{"@id":"https:\/\/www.fruiturnkey.com\/#website"},"primaryImageOfPage":{"@id":"https:\/\/www.fruiturnkey.com\/product\/pomegranate-aril-extraction-machine\/#primaryimage"},"image":{"@id":"https:\/\/www.fruiturnkey.com\/product\/pomegranate-aril-extraction-machine\/#primaryimage"},"thumbnailUrl":"https:\/\/www.fruiturnkey.com\/wp-content\/uploads\/2026\/01\/77.jpg","datePublished":"2026-01-27T07:05:47+00:00","description":"The pomegranate aril extraction machine with excellent separation efficiency, low breakage rate, and intact pomegranate aril.","breadcrumb":{"@id":"https:\/\/www.fruiturnkey.com\/product\/pomegranate-aril-extraction-machine\/#breadcrumb"},"inLanguage":"es","potentialAction":[{"@type":"ReadAction","target":["https:\/\/www.fruiturnkey.com\/product\/pomegranate-aril-extraction-machine\/"]}]},{"@type":"ImageObject","inLanguage":"es","@id":"https:\/\/www.fruiturnkey.com\/product\/pomegranate-aril-extraction-machine\/#primaryimage","url":"https:\/\/www.fruiturnkey.com\/wp-content\/uploads\/2026\/01\/77.jpg","contentUrl":"https:\/\/www.fruiturnkey.com\/wp-content\/uploads\/2026\/01\/77.jpg","width":600,"height":600,"caption":"pomegranate deseeder machine"},{"@type":"BreadcrumbList","@id":"https:\/\/www.fruiturnkey.com\/product\/pomegranate-aril-extraction-machine\/#breadcrumb","itemListElement":[{"@type":"ListItem","position":1,"name":"Home","item":"https:\/\/www.fruiturnkey.com\/"},{"@type":"ListItem","position":2,"name":"Products","item":"https:\/\/www.fruiturnkey.com\/product\/"},{"@type":"ListItem","position":3,"name":"Pomegranate Aril Extraction Deseeder Machine"}]},{"@type":"WebSite","@id":"https:\/\/www.fruiturnkey.com\/#website","url":"https:\/\/www.fruiturnkey.com\/","name":"Fruit Processing Solution","description":"","publisher":{"@id":"https:\/\/www.fruiturnkey.com\/#organization"},"potentialAction":[{"@type":"SearchAction","target":{"@type":"EntryPoint","urlTemplate":"https:\/\/www.fruiturnkey.com\/?s={search_term_string}"},"query-input":{"@type":"PropertyValueSpecification","valueRequired":true,"valueName":"search_term_string"}}],"inLanguage":"es"},{"@type":"Organization","@id":"https:\/\/www.fruiturnkey.com\/#organization","name":"Fruit Processing Solution","url":"https:\/\/www.fruiturnkey.com\/","logo":{"@type":"ImageObject","inLanguage":"es","@id":"https:\/\/www.fruiturnkey.com\/#\/schema\/logo\/image\/","url":"https:\/\/www.fruiturnkey.com\/wp-content\/uploads\/2025\/03\/cropped-\u65b0\u7248LOGO.png","contentUrl":"https:\/\/www.fruiturnkey.com\/wp-content\/uploads\/2025\/03\/cropped-\u65b0\u7248LOGO.png","width":1918,"height":639,"caption":"Fruit Processing Solution"},"image":{"@id":"https:\/\/www.fruiturnkey.com\/#\/schema\/logo\/image\/"}},false]}},"_links":{"self":[{"href":"https:\/\/www.fruiturnkey.com\/es\/wp-json\/wp\/v2\/product\/1980","targetHints":{"allow":["GET"]}}],"collection":[{"href":"https:\/\/www.fruiturnkey.com\/es\/wp-json\/wp\/v2\/product"}],"about":[{"href":"https:\/\/www.fruiturnkey.com\/es\/wp-json\/wp\/v2\/types\/product"}],"replies":[{"embeddable":true,"href":"https:\/\/www.fruiturnkey.com\/es\/wp-json\/wp\/v2\/comments?post=1980"}],"wp:featuredmedia":[{"embeddable":true,"href":"https:\/\/www.fruiturnkey.com\/es\/wp-json\/wp\/v2\/media\/1981"}],"wp:attachment":[{"href":"https:\/\/www.fruiturnkey.com\/es\/wp-json\/wp\/v2\/media?parent=1980"}],"wp:term":[{"taxonomy":"product_brand","embeddable":true,"href":"https:\/\/www.fruiturnkey.com\/es\/wp-json\/wp\/v2\/product_brand?post=1980"},{"taxonomy":"product_cat","embeddable":true,"href":"https:\/\/www.fruiturnkey.com\/es\/wp-json\/wp\/v2\/product_cat?post=1980"},{"taxonomy":"product_tag","embeddable":true,"href":"https:\/\/www.fruiturnkey.com\/es\/wp-json\/wp\/v2\/product_tag?post=1980"}],"curies":[{"name":"wp","href":"https:\/\/api.w.org\/{rel}","templated":true}]}}