{"id":1975,"date":"2026-01-23T15:24:52","date_gmt":"2026-01-23T07:24:52","guid":{"rendered":"https:\/\/www.fruiturnkey.com\/?post_type=product&#038;p=1975"},"modified":"2026-01-23T15:24:53","modified_gmt":"2026-01-23T07:24:53","slug":"strawberry-iqf-processing-line","status":"publish","type":"product","link":"https:\/\/www.fruiturnkey.com\/es\/product\/strawberry-iqf-processing-line\/","title":{"rendered":"L\u00ednea de procesamiento IQF para la fabricaci\u00f3n de fresas congeladas"},"content":{"rendered":"<p>El tejido de la fresa es blando y tiene un alto contenido en agua, por lo que es muy susceptible de da\u00f1arse y estropearse tras la recolecci\u00f3n. Su corto periodo de conservaci\u00f3n plantea importantes problemas de almacenamiento, transporte y venta. Sin embargo, la l\u00ednea de procesamiento IQF de fresas utiliza una avanzada tecnolog\u00eda de congelaci\u00f3n r\u00e1pida para reducir r\u00e1pidamente la temperatura central de las fresas por debajo de -18\u2103 en muy poco tiempo. Esto hace que el agua de las fresas forme r\u00e1pidamente cristales de hielo peque\u00f1os y uniformes, conservando as\u00ed el color y la forma originales de las fresas.<\/p>\n<h2>Fresas congeladas Pasos del proceso:<\/h2>\n<p>Las l\u00edneas de procesado IQF suelen emplear un dise\u00f1o continuo y automatizado para garantizar una calidad estable del producto y una alta eficacia de procesado. Los principales pasos del proceso incluyen:<\/p>\n<p>1. Lavado<\/p>\n<p><a href=\"https:\/\/www.fruiturnkey.com\/es\/product\/strawberry-washing-machine\/\">Limpieza con burbujas<\/a> que no s\u00f3lo reduce el da\u00f1o a las fresas, sino que tambi\u00e9n elimina eficazmente la suciedad, la arena y otras impurezas de la superficie de las fresas.<\/p>\n<p><img fetchpriority=\"high\" decoding=\"async\" class=\"alignnone wp-image-1978 size-full\" src=\"https:\/\/www.fruiturnkey.com\/wp-content\/uploads\/2026\/01\/76-2.jpg\" alt=\"lavadora de fresas\" width=\"600\" height=\"400\" srcset=\"https:\/\/www.fruiturnkey.com\/wp-content\/uploads\/2026\/01\/76-2.jpg 600w, https:\/\/www.fruiturnkey.com\/wp-content\/uploads\/2026\/01\/76-2-300x200.jpg 300w, https:\/\/www.fruiturnkey.com\/wp-content\/uploads\/2026\/01\/76-2-18x12.jpg 18w, https:\/\/www.fruiturnkey.com\/wp-content\/uploads\/2026\/01\/76-2-24x16.jpg 24w, https:\/\/www.fruiturnkey.com\/wp-content\/uploads\/2026\/01\/76-2-36x24.jpg 36w, https:\/\/www.fruiturnkey.com\/wp-content\/uploads\/2026\/01\/76-2-48x32.jpg 48w, https:\/\/www.fruiturnkey.com\/wp-content\/uploads\/2026\/01\/76-2-400x267.jpg 400w\" sizes=\"(max-width: 600px) 100vw, 600px\" \/><\/p>\n<p>2. Secado al aire<\/p>\n<p>La humedad residual en la superficie de las fresas formar\u00e1 grandes cristales de hielo durante el proceso de congelaci\u00f3n, lo que afectar\u00e1 al aspecto y la calidad del producto acabado. Por lo tanto, se utiliza un m\u00e9todo de baja temperatura y alto flujo de aire para secar r\u00e1pidamente la superficie de las fresas sin afectar a la humedad interna ni a la estructura de la fresa.<\/p>\n<p>3. Congelaci\u00f3n<\/p>\n<p>Controlando la temperatura de congelaci\u00f3n, la velocidad del aire y el tiempo de procesado, las fresas pueden congelarse r\u00e1pidamente para formar cristales de hielo peque\u00f1os y uniformes. Esto reduce eficazmente el da\u00f1o celular y preserva la textura original y el valor nutritivo de las fresas.<\/p>\n<p><img decoding=\"async\" class=\"alignnone wp-image-1977 size-full\" src=\"https:\/\/www.fruiturnkey.com\/wp-content\/uploads\/2026\/01\/76-1.jpg\" alt=\"m\u00e1quina de congelaci\u00f3n de fresas\" width=\"600\" height=\"400\" srcset=\"https:\/\/www.fruiturnkey.com\/wp-content\/uploads\/2026\/01\/76-1.jpg 600w, https:\/\/www.fruiturnkey.com\/wp-content\/uploads\/2026\/01\/76-1-300x200.jpg 300w, https:\/\/www.fruiturnkey.com\/wp-content\/uploads\/2026\/01\/76-1-18x12.jpg 18w, https:\/\/www.fruiturnkey.com\/wp-content\/uploads\/2026\/01\/76-1-24x16.jpg 24w, https:\/\/www.fruiturnkey.com\/wp-content\/uploads\/2026\/01\/76-1-36x24.jpg 36w, https:\/\/www.fruiturnkey.com\/wp-content\/uploads\/2026\/01\/76-1-48x32.jpg 48w, https:\/\/www.fruiturnkey.com\/wp-content\/uploads\/2026\/01\/76-1-400x267.jpg 400w\" sizes=\"(max-width: 600px) 100vw, 600px\" \/><\/p>\n<h2>M\u00e1quina de fresas congeladas:<\/h2>\n<p>En toda la l\u00ednea de procesamiento IQF de fresas, la m\u00e1quina de congelados es una pieza clave de la l\u00ednea, y su rendimiento afecta directamente a la calidad, el rendimiento y el consumo de energ\u00eda de las fresas congeladas.<\/p>\n<p>Las m\u00e1quinas de congelaci\u00f3n de fresas m\u00e1s comunes adoptan dise\u00f1os de lecho fluidizado o tipo t\u00fanel, adecuados para la congelaci\u00f3n individual de frutas granulares y en forma de bloque. El equipo utiliza circulaci\u00f3n forzada de aire fr\u00edo para mantener las fresas en un estado de semisuspensi\u00f3n o de volteo uniforme durante el proceso de transporte, garantizando que cada fresa se congele r\u00e1pida y uniformemente. La velocidad de congelaci\u00f3n es r\u00e1pida, lo que permite reducir la temperatura central de las fresas al intervalo requerido en poco tiempo.<\/p>\n<p><iframe title=\"Reproductor de v\u00eddeo YouTube\" src=\"https:\/\/www.youtube.com\/embed\/m_bTTrUuf54?si=_9tWyz0VnKgVNtpD\" width=\"560\" height=\"315\" frameborder=\"0\" allowfullscreen=\"allowfullscreen\"><\/iframe><\/p>\n<h2>Usos de las fresas congeladas:<\/h2>\n<p>Las fresas congeladas se utilizan ampliamente en diversos escenarios de elaboraci\u00f3n y consumo de alimentos, como:<\/p>\n<ul>\n<li>Industria panadera: Ingredientes para tartas, pan y postres.<\/li>\n<li>Industria de bebidas: Batidos, smoothies, t\u00e9s de frutas y granizados.<\/li>\n<li>Industria l\u00e1ctea: Yogures, helados y bebidas l\u00e1cteas.<\/li>\n<\/ul>\n<p>En funci\u00f3n de las caracter\u00edsticas espec\u00edficas de las fresas de nuestros clientes, los requisitos de capacidad de producci\u00f3n y los est\u00e1ndares de los productos acabados, podemos ofrecer una soluci\u00f3n integral para la elaboraci\u00f3n de fresas congeladas, desde la selecci\u00f3n de equipos hasta el dise\u00f1o completo de la l\u00ednea de procesamiento de fresas IQF, ayudando a nuestros clientes a lograr un desarrollo estable y a largo plazo en la industria de la fruta congelada.<\/p>\n\n<div class=\"wpcf7 no-js\" id=\"wpcf7-f1048-o1\" lang=\"en-US\" dir=\"ltr\" data-wpcf7-id=\"1048\">\n<div class=\"screen-reader-response\"><p role=\"status\" aria-live=\"polite\" aria-atomic=\"true\"><\/p> <ul><\/ul><\/div>\n<form action=\"\/es\/wp-json\/wp\/v2\/product\/1975#wpcf7-f1048-o1\" method=\"post\" class=\"wpcf7-form init\" aria-label=\"Formulario de contacto\" novalidate=\"novalidate\" data-status=\"init\" data-trp-original-action=\"\/es\/wp-json\/wp\/v2\/product\/1975#wpcf7-f1048-o1\">\n<div style=\"display: none;\">\n<input type=\"hidden\" name=\"_wpcf7\" value=\"1048\" \/>\n<input type=\"hidden\" name=\"_wpcf7_version\" value=\"6.0.4\" \/>\n<input type=\"hidden\" name=\"_wpcf7_locale\" value=\"en_US\" \/>\n<input type=\"hidden\" name=\"_wpcf7_unit_tag\" value=\"wpcf7-f1048-o1\" \/>\n<input type=\"hidden\" name=\"_wpcf7_container_post\" value=\"0\" \/>\n<input type=\"hidden\" name=\"_wpcf7_posted_data_hash\" value=\"\" \/>\n<\/div>\n<div style='border:1px solid #54B435;padding:15px'>\n\t<p><span style='font-weight:bold'>CONTACTO PARA PRESUPUESTO<\/span><br \/>\n<span style='display:block;width:100px;height:5px;background:#54B435'><\/span><br \/>\nSu informaci\u00f3n de contacto no ser\u00e1 publicada. Los campos obligatorios est\u00e1n marcados con *.\n\t<\/p>\n\t<p><label> Mensaje *<br \/>\n<span class=\"wpcf7-form-control-wrap\" data-name=\"your-message\"><textarea cols=\"40\" rows=\"10\" maxlength=\"2000\" class=\"wpcf7-form-control wpcf7-textarea wpcf7-validates-as-required\" aria-required=\"true\" aria-invalid=\"false\" name=\"your-message\"><\/textarea><\/span> <\/label>\n\t<\/p>\n\t<div style='float:left;width:48%;margin-right:4%'>\n\t\t<p><label> Su correo electr\u00f3nico *<br \/>\n<span class=\"wpcf7-form-control-wrap\" data-name=\"email\"><input size=\"40\" maxlength=\"400\" class=\"wpcf7-form-control wpcf7-email wpcf7-validates-as-required wpcf7-text wpcf7-validates-as-email\" aria-required=\"true\" aria-invalid=\"false\" value=\"\" type=\"email\" name=\"email\" \/><\/span> <\/label>\n\t\t<\/p>\n\t<\/div>\n\t<div style='float:left;width:48%'>\n\t\t<p><label> Su nombre<br \/>\n<span class=\"wpcf7-form-control-wrap\" data-name=\"yourname\"><input size=\"40\" maxlength=\"400\" class=\"wpcf7-form-control wpcf7-text\" aria-invalid=\"false\" value=\"\" type=\"text\" name=\"yourname\" \/><\/span> <\/label>\n\t\t<\/p>\n\t<\/div>\n\t<div style='float:left;width:48%;margin-right:4%'>\n\t\t<p><label> Tel\u00e9fono<br \/>\n<span class=\"wpcf7-form-control-wrap\" data-name=\"phone\"><input size=\"40\" maxlength=\"400\" class=\"wpcf7-form-control wpcf7-tel wpcf7-text wpcf7-validates-as-tel\" aria-invalid=\"false\" value=\"\" type=\"tel\" name=\"phone\" \/><\/span> <\/label>\n\t\t<\/p>\n\t<\/div>\n\t<div style='float:left;width:48%'>\n\t\t<p><label>Pa\u00eds<br \/>\n<span class=\"wpcf7-form-control-wrap\" data-name=\"country\"><input size=\"40\" maxlength=\"400\" class=\"wpcf7-form-control wpcf7-text\" aria-invalid=\"false\" value=\"\" type=\"text\" name=\"country\" \/><\/span> <\/label>\n\t\t<\/p>\n\t<\/div>\n\t<div style='float:left;width:48%;margin-right:4%'>\n\t\t<p><label> Empresa<br \/>\n<span class=\"wpcf7-form-control-wrap\" data-name=\"company\"><input size=\"40\" maxlength=\"400\" class=\"wpcf7-form-control wpcf7-text\" aria-invalid=\"false\" value=\"\" type=\"text\" name=\"company\" \/><\/span> <\/label>\n\t\t<\/p>\n\t<\/div>\n\t<div style='float:left;width:48%'>\n\t\t<p><label> P\u00e1gina web<br \/>\n<span class=\"wpcf7-form-control-wrap\" data-name=\"web\"><input size=\"40\" maxlength=\"400\" class=\"wpcf7-form-control wpcf7-text\" aria-invalid=\"false\" value=\"\" type=\"text\" name=\"web\" \/><\/span> <\/label>\n\t\t<\/p>\n\t<\/div>\n\t<div style='clear:both'>\n\t<\/div>\n\t<p><input class=\"wpcf7-form-control wpcf7-submit has-spinner\" type=\"submit\" value=\"Enviar\" \/>\n\t<\/p>\n<\/div><p style=\"display: none !important;\" class=\"akismet-fields-container\" data-prefix=\"_wpcf7_ak_\"><label>&#916;<textarea name=\"_wpcf7_ak_hp_textarea\" cols=\"45\" rows=\"8\" maxlength=\"100\"><\/textarea><\/label><input type=\"hidden\" id=\"ak_js_1\" name=\"_wpcf7_ak_js\" value=\"126\"\/><script>document.getElementById( \"ak_js_1\" ).setAttribute( \"value\", ( new Date() ).getTime() );<\/script><\/p><div class=\"wpcf7-response-output\" aria-hidden=\"true\"><\/div>\n<input type=\"hidden\" name=\"trp-form-language\" value=\"es\"\/><\/form>\n<\/div>\n\n<p>&nbsp;<\/p>\n<div style='text-align:left' class='yasr-auto-insert-visitor'><\/div>","protected":false},"excerpt":{"rendered":"<p>Los principales procesos de la l\u00ednea de procesamiento IQF de fresas incluyen el lavado, el secado al aire y la congelaci\u00f3n r\u00e1pida, lo que prolonga eficazmente la vida \u00fatil de las fresas y preserva sus nutrientes.<\/p>","protected":false},"featured_media":1979,"comment_status":"open","ping_status":"closed","template":"","meta":{"site-sidebar-layout":"default","site-content-layout":"","ast-site-content-layout":"default","site-content-style":"default","site-sidebar-style":"default","ast-global-header-display":"","ast-banner-title-visibility":"","ast-main-header-display":"","ast-hfb-above-header-display":"","ast-hfb-below-header-display":"","ast-hfb-mobile-header-display":"","site-post-title":"","ast-breadcrumbs-content":"","ast-featured-img":"","footer-sml-layout":"","theme-transparent-header-meta":"default","adv-header-id-meta":"","stick-header-meta":"","header-above-stick-meta":"","header-main-stick-meta":"","header-below-stick-meta":"","astra-migrate-meta-layouts":"set","ast-page-background-enabled":"default","ast-page-background-meta":{"desktop":{"background-color":"var(--ast-global-color-4)","background-image":"","background-repeat":"repeat","background-position":"center center","background-size":"auto","background-attachment":"scroll","background-type":"","background-media":"","overlay-type":"","overlay-color":"","overlay-opacity":"","overlay-gradient":""},"tablet":{"background-color":"","background-image":"","background-repeat":"repeat","background-position":"center center","background-size":"auto","background-attachment":"scroll","background-type":"","background-media":"","overlay-type":"","overlay-color":"","overlay-opacity":"","overlay-gradient":""},"mobile":{"background-color":"","background-image":"","background-repeat":"repeat","background-position":"center center","background-size":"auto","background-attachment":"scroll","background-type":"","background-media":"","overlay-type":"","overlay-color":"","overlay-opacity":"","overlay-gradient":""}},"ast-content-background-meta":{"desktop":{"background-color":"var(--ast-global-color-5)","background-image":"","background-repeat":"repeat","background-position":"center center","background-size":"auto","background-attachment":"scroll","background-type":"","background-media":"","overlay-type":"","overlay-color":"","overlay-opacity":"","overlay-gradient":""},"tablet":{"background-color":"var(--ast-global-color-5)","background-image":"","background-repeat":"repeat","background-position":"center center","background-size":"auto","background-attachment":"scroll","background-type":"","background-media":"","overlay-type":"","overlay-color":"","overlay-opacity":"","overlay-gradient":""},"mobile":{"background-color":"var(--ast-global-color-5)","background-image":"","background-repeat":"repeat","background-position":"center center","background-size":"auto","background-attachment":"scroll","background-type":"","background-media":"","overlay-type":"","overlay-color":"","overlay-opacity":"","overlay-gradient":""}},"yasr_overall_rating":0,"yasr_post_is_review":"","yasr_auto_insert_disabled":"","yasr_review_type":""},"product_brand":[],"product_cat":[27],"product_tag":[],"class_list":{"0":"post-1975","1":"product","2":"type-product","3":"status-publish","4":"has-post-thumbnail","6":"product_cat-freezing-equipment","7":"desktop-align-left","8":"tablet-align-left","9":"mobile-align-left","11":"first","12":"instock","13":"shipping-taxable","14":"product-type-simple"},"yasr_visitor_votes":{"stars_attributes":{"read_only":false,"span_bottom":false},"number_of_votes":1,"sum_votes":5},"yoast_head":"<!-- This site is optimized with the Yoast SEO plugin v24.5 - https:\/\/yoast.com\/wordpress\/plugins\/seo\/ -->\n<title>IQF Processing Line for Frozen Strawberry Making - Fruit Processing Solution<\/title>\n<meta name=\"description\" content=\"The main processes of the strawberry IQF processing line include washing, air-drying, and quick-freezing, which effectively extends the shelf life of strawberries and preserves their nutrients.\" \/>\n<meta name=\"robots\" content=\"index, follow, max-snippet:-1, max-image-preview:large, max-video-preview:-1\" \/>\n<link rel=\"canonical\" href=\"https:\/\/www.fruiturnkey.com\/es\/product\/strawberry-iqf-processing-line\/\" \/>\n<meta property=\"og:locale\" content=\"es_ES\" \/>\n<meta property=\"og:type\" content=\"article\" \/>\n<meta property=\"og:title\" content=\"IQF Processing Line for Frozen Strawberry Making - Fruit Processing Solution\" \/>\n<meta property=\"og:description\" content=\"The main processes of the strawberry IQF processing line include washing, air-drying, and quick-freezing, which effectively extends the shelf life of strawberries and preserves their nutrients.\" \/>\n<meta property=\"og:url\" content=\"https:\/\/www.fruiturnkey.com\/es\/product\/strawberry-iqf-processing-line\/\" \/>\n<meta property=\"og:site_name\" content=\"Fruit Processing Solution\" \/>\n<meta property=\"article:modified_time\" content=\"2026-01-23T07:24:53+00:00\" \/>\n<meta property=\"og:image\" content=\"https:\/\/www.fruiturnkey.com\/wp-content\/uploads\/2026\/01\/76-3.jpg\" \/>\n\t<meta property=\"og:image:width\" content=\"600\" \/>\n\t<meta property=\"og:image:height\" content=\"600\" \/>\n\t<meta property=\"og:image:type\" content=\"image\/jpeg\" \/>\n<meta name=\"twitter:card\" content=\"summary_large_image\" \/>\n<meta name=\"twitter:label1\" content=\"Tiempo de lectura\" \/>\n\t<meta name=\"twitter:data1\" content=\"3 minutos\" \/>\n<script type=\"application\/ld+json\" class=\"yoast-schema-graph\">{\"@context\":\"https:\/\/schema.org\",\"@graph\":[{\"@type\":\"WebPage\",\"@id\":\"https:\/\/www.fruiturnkey.com\/product\/strawberry-iqf-processing-line\/\",\"url\":\"https:\/\/www.fruiturnkey.com\/product\/strawberry-iqf-processing-line\/\",\"name\":\"IQF Processing Line for Frozen Strawberry Making - Fruit Processing Solution\",\"isPartOf\":{\"@id\":\"https:\/\/www.fruiturnkey.com\/#website\"},\"primaryImageOfPage\":{\"@id\":\"https:\/\/www.fruiturnkey.com\/product\/strawberry-iqf-processing-line\/#primaryimage\"},\"image\":{\"@id\":\"https:\/\/www.fruiturnkey.com\/product\/strawberry-iqf-processing-line\/#primaryimage\"},\"thumbnailUrl\":\"https:\/\/www.fruiturnkey.com\/wp-content\/uploads\/2026\/01\/76-3.jpg\",\"datePublished\":\"2026-01-23T07:24:52+00:00\",\"dateModified\":\"2026-01-23T07:24:53+00:00\",\"description\":\"The main processes of the strawberry IQF processing line include washing, air-drying, and quick-freezing, which effectively extends the shelf life of strawberries and preserves their nutrients.\",\"breadcrumb\":{\"@id\":\"https:\/\/www.fruiturnkey.com\/product\/strawberry-iqf-processing-line\/#breadcrumb\"},\"inLanguage\":\"es\",\"potentialAction\":[{\"@type\":\"ReadAction\",\"target\":[\"https:\/\/www.fruiturnkey.com\/product\/strawberry-iqf-processing-line\/\"]}]},{\"@type\":\"ImageObject\",\"inLanguage\":\"es\",\"@id\":\"https:\/\/www.fruiturnkey.com\/product\/strawberry-iqf-processing-line\/#primaryimage\",\"url\":\"https:\/\/www.fruiturnkey.com\/wp-content\/uploads\/2026\/01\/76-3.jpg\",\"contentUrl\":\"https:\/\/www.fruiturnkey.com\/wp-content\/uploads\/2026\/01\/76-3.jpg\",\"width\":600,\"height\":600,\"caption\":\"iqf processing line\"},{\"@type\":\"BreadcrumbList\",\"@id\":\"https:\/\/www.fruiturnkey.com\/product\/strawberry-iqf-processing-line\/#breadcrumb\",\"itemListElement\":[{\"@type\":\"ListItem\",\"position\":1,\"name\":\"Home\",\"item\":\"https:\/\/www.fruiturnkey.com\/\"},{\"@type\":\"ListItem\",\"position\":2,\"name\":\"Products\",\"item\":\"https:\/\/www.fruiturnkey.com\/product\/\"},{\"@type\":\"ListItem\",\"position\":3,\"name\":\"IQF Processing Line for Frozen Strawberry Making\"}]},{\"@type\":\"WebSite\",\"@id\":\"https:\/\/www.fruiturnkey.com\/#website\",\"url\":\"https:\/\/www.fruiturnkey.com\/\",\"name\":\"Fruit Processing Solution\",\"description\":\"\",\"publisher\":{\"@id\":\"https:\/\/www.fruiturnkey.com\/#organization\"},\"potentialAction\":[{\"@type\":\"SearchAction\",\"target\":{\"@type\":\"EntryPoint\",\"urlTemplate\":\"https:\/\/www.fruiturnkey.com\/?s={search_term_string}\"},\"query-input\":{\"@type\":\"PropertyValueSpecification\",\"valueRequired\":true,\"valueName\":\"search_term_string\"}}],\"inLanguage\":\"es\"},{\"@type\":\"Organization\",\"@id\":\"https:\/\/www.fruiturnkey.com\/#organization\",\"name\":\"Fruit Processing Solution\",\"url\":\"https:\/\/www.fruiturnkey.com\/\",\"logo\":{\"@type\":\"ImageObject\",\"inLanguage\":\"es\",\"@id\":\"https:\/\/www.fruiturnkey.com\/#\/schema\/logo\/image\/\",\"url\":\"https:\/\/www.fruiturnkey.com\/wp-content\/uploads\/2025\/03\/cropped-\u65b0\u7248LOGO.png\",\"contentUrl\":\"https:\/\/www.fruiturnkey.com\/wp-content\/uploads\/2025\/03\/cropped-\u65b0\u7248LOGO.png\",\"width\":1918,\"height\":639,\"caption\":\"Fruit Processing Solution\"},\"image\":{\"@id\":\"https:\/\/www.fruiturnkey.com\/#\/schema\/logo\/image\/\"}},false]}<\/script>\n<!-- \/ Yoast SEO plugin. -->","yoast_head_json":{"title":"IQF Processing Line for Frozen Strawberry Making - Fruit Processing Solution","description":"The main processes of the strawberry IQF processing line include washing, air-drying, and quick-freezing, which effectively extends the shelf life of strawberries and preserves their nutrients.","robots":{"index":"index","follow":"follow","max-snippet":"max-snippet:-1","max-image-preview":"max-image-preview:large","max-video-preview":"max-video-preview:-1"},"canonical":"https:\/\/www.fruiturnkey.com\/es\/product\/strawberry-iqf-processing-line\/","og_locale":"es_ES","og_type":"article","og_title":"IQF Processing Line for Frozen Strawberry Making - Fruit Processing Solution","og_description":"The main processes of the strawberry IQF processing line include washing, air-drying, and quick-freezing, which effectively extends the shelf life of strawberries and preserves their nutrients.","og_url":"https:\/\/www.fruiturnkey.com\/es\/product\/strawberry-iqf-processing-line\/","og_site_name":"Fruit Processing Solution","article_modified_time":"2026-01-23T07:24:53+00:00","og_image":[{"width":600,"height":600,"url":"https:\/\/www.fruiturnkey.com\/wp-content\/uploads\/2026\/01\/76-3.jpg","type":"image\/jpeg"}],"twitter_card":"summary_large_image","twitter_misc":{"Tiempo de lectura":"3 minutos"},"schema":{"@context":"https:\/\/schema.org","@graph":[{"@type":"WebPage","@id":"https:\/\/www.fruiturnkey.com\/product\/strawberry-iqf-processing-line\/","url":"https:\/\/www.fruiturnkey.com\/product\/strawberry-iqf-processing-line\/","name":"IQF Processing Line for Frozen Strawberry Making - Fruit Processing Solution","isPartOf":{"@id":"https:\/\/www.fruiturnkey.com\/#website"},"primaryImageOfPage":{"@id":"https:\/\/www.fruiturnkey.com\/product\/strawberry-iqf-processing-line\/#primaryimage"},"image":{"@id":"https:\/\/www.fruiturnkey.com\/product\/strawberry-iqf-processing-line\/#primaryimage"},"thumbnailUrl":"https:\/\/www.fruiturnkey.com\/wp-content\/uploads\/2026\/01\/76-3.jpg","datePublished":"2026-01-23T07:24:52+00:00","dateModified":"2026-01-23T07:24:53+00:00","description":"The main processes of the strawberry IQF processing line include washing, air-drying, and quick-freezing, which effectively extends the shelf life of strawberries and preserves their nutrients.","breadcrumb":{"@id":"https:\/\/www.fruiturnkey.com\/product\/strawberry-iqf-processing-line\/#breadcrumb"},"inLanguage":"es","potentialAction":[{"@type":"ReadAction","target":["https:\/\/www.fruiturnkey.com\/product\/strawberry-iqf-processing-line\/"]}]},{"@type":"ImageObject","inLanguage":"es","@id":"https:\/\/www.fruiturnkey.com\/product\/strawberry-iqf-processing-line\/#primaryimage","url":"https:\/\/www.fruiturnkey.com\/wp-content\/uploads\/2026\/01\/76-3.jpg","contentUrl":"https:\/\/www.fruiturnkey.com\/wp-content\/uploads\/2026\/01\/76-3.jpg","width":600,"height":600,"caption":"iqf processing line"},{"@type":"BreadcrumbList","@id":"https:\/\/www.fruiturnkey.com\/product\/strawberry-iqf-processing-line\/#breadcrumb","itemListElement":[{"@type":"ListItem","position":1,"name":"Home","item":"https:\/\/www.fruiturnkey.com\/"},{"@type":"ListItem","position":2,"name":"Products","item":"https:\/\/www.fruiturnkey.com\/product\/"},{"@type":"ListItem","position":3,"name":"IQF Processing Line for Frozen Strawberry Making"}]},{"@type":"WebSite","@id":"https:\/\/www.fruiturnkey.com\/#website","url":"https:\/\/www.fruiturnkey.com\/","name":"Fruit Processing Solution","description":"","publisher":{"@id":"https:\/\/www.fruiturnkey.com\/#organization"},"potentialAction":[{"@type":"SearchAction","target":{"@type":"EntryPoint","urlTemplate":"https:\/\/www.fruiturnkey.com\/?s={search_term_string}"},"query-input":{"@type":"PropertyValueSpecification","valueRequired":true,"valueName":"search_term_string"}}],"inLanguage":"es"},{"@type":"Organization","@id":"https:\/\/www.fruiturnkey.com\/#organization","name":"Fruit Processing Solution","url":"https:\/\/www.fruiturnkey.com\/","logo":{"@type":"ImageObject","inLanguage":"es","@id":"https:\/\/www.fruiturnkey.com\/#\/schema\/logo\/image\/","url":"https:\/\/www.fruiturnkey.com\/wp-content\/uploads\/2025\/03\/cropped-\u65b0\u7248LOGO.png","contentUrl":"https:\/\/www.fruiturnkey.com\/wp-content\/uploads\/2025\/03\/cropped-\u65b0\u7248LOGO.png","width":1918,"height":639,"caption":"Fruit Processing Solution"},"image":{"@id":"https:\/\/www.fruiturnkey.com\/#\/schema\/logo\/image\/"}},false]}},"_links":{"self":[{"href":"https:\/\/www.fruiturnkey.com\/es\/wp-json\/wp\/v2\/product\/1975","targetHints":{"allow":["GET"]}}],"collection":[{"href":"https:\/\/www.fruiturnkey.com\/es\/wp-json\/wp\/v2\/product"}],"about":[{"href":"https:\/\/www.fruiturnkey.com\/es\/wp-json\/wp\/v2\/types\/product"}],"replies":[{"embeddable":true,"href":"https:\/\/www.fruiturnkey.com\/es\/wp-json\/wp\/v2\/comments?post=1975"}],"wp:featuredmedia":[{"embeddable":true,"href":"https:\/\/www.fruiturnkey.com\/es\/wp-json\/wp\/v2\/media\/1979"}],"wp:attachment":[{"href":"https:\/\/www.fruiturnkey.com\/es\/wp-json\/wp\/v2\/media?parent=1975"}],"wp:term":[{"taxonomy":"product_brand","embeddable":true,"href":"https:\/\/www.fruiturnkey.com\/es\/wp-json\/wp\/v2\/product_brand?post=1975"},{"taxonomy":"product_cat","embeddable":true,"href":"https:\/\/www.fruiturnkey.com\/es\/wp-json\/wp\/v2\/product_cat?post=1975"},{"taxonomy":"product_tag","embeddable":true,"href":"https:\/\/www.fruiturnkey.com\/es\/wp-json\/wp\/v2\/product_tag?post=1975"}],"curies":[{"name":"wp","href":"https:\/\/api.w.org\/{rel}","templated":true}]}}