{"id":1940,"date":"2026-01-13T15:49:31","date_gmt":"2026-01-13T07:49:31","guid":{"rendered":"https:\/\/www.fruiturnkey.com\/?post_type=product&#038;p=1940"},"modified":"2026-01-13T17:24:40","modified_gmt":"2026-01-13T09:24:40","slug":"pineapple-jam-production-line","status":"publish","type":"product","link":"https:\/\/www.fruiturnkey.com\/es\/product\/pineapple-jam-production-line\/","title":{"rendered":"L\u00ednea de producci\u00f3n de mermelada de pi\u00f1a de 500-1000kg\/h"},"content":{"rendered":"<p>La mermelada de pi\u00f1a es una mermelada de fruta elaborada con pi\u00f1as frescas y maduras como ingrediente principal, procesadas mediante una serie de pasos que incluyen pelado, descorazonado, triturado, molido y cocci\u00f3n. La mermelada de pi\u00f1a se utiliza ampliamente en productos horneados, confiter\u00eda y como condimento en la industria alimentaria. Una l\u00ednea de producci\u00f3n de mermelada de pi\u00f1a, a trav\u00e9s de procesos cient\u00edfica y racionalmente dise\u00f1ados, puede mejorar la eficiencia de la producci\u00f3n y estabilizar la calidad del producto, ayudando a las empresas procesadoras a mejorar su competitividad en el mercado.<\/p>\n<p>&nbsp;<\/p>\n<h2>Principales fases de elaboraci\u00f3n de la mermelada de pi\u00f1a:<\/h2>\n<p>1. Selecci\u00f3n de la materia prima de la pi\u00f1a<\/p>\n<p>La calidad de la mermelada de pi\u00f1a depende principalmente de la calidad de las materias primas, que deben seleccionarse cuidadosamente para evitar utilizar pi\u00f1as da\u00f1adas mec\u00e1nicamente, podridas, enmohecidas o enfermas.<\/p>\n<p>2. Pelado y descorazonado<\/p>\n<p>El uso de una m\u00e1quina peladora y descorazonadora de pi\u00f1as permite eliminar r\u00e1pidamente la piel exterior y el n\u00facleo duro de la pi\u00f1a, lo que se traduce en una mayor eficacia del pelado y descorazonado y en una reducci\u00f3n de los costes de mano de obra. Se trata de un paso importante en la l\u00ednea de producci\u00f3n de mermelada de pi\u00f1a.<\/p>\n<p><iframe title=\"Reproductor de v\u00eddeo YouTube\" src=\"https:\/\/www.youtube.com\/embed\/G0q0SOsvl6g?si=TUsW3s3FNYYO0DKH\" width=\"560\" height=\"315\" frameborder=\"0\" allowfullscreen=\"allowfullscreen\"><\/iframe><\/p>\n<p>3. Lavado<\/p>\n<p>Despu\u00e9s de pelar y descorazonar la pi\u00f1a, hay que lavarla para eliminar los trozos de c\u00e1scara que puedan quedar.<\/p>\n<p>4. Trituraci\u00f3n y molienda<\/p>\n<p>Las pi\u00f1as se trituran en peque\u00f1as part\u00edculas con una trituradora y, a continuaci\u00f3n, la pulpa de la fruta se refina a\u00fan m\u00e1s con una picadora para que la mermelada de pi\u00f1a tenga una textura m\u00e1s suave y uniforme.<\/p>\n<p><iframe title=\"Reproductor de v\u00eddeo YouTube\" src=\"https:\/\/www.youtube.com\/embed\/DwOHvG3DeMI?si=eSOtKMGGUlQjTEMS\" width=\"560\" height=\"315\" frameborder=\"0\" allowfullscreen=\"allowfullscreen\"><\/iframe><\/p>\n<p>5. Hervir y mezclar<\/p>\n<p>La ebullici\u00f3n es uno de los pasos clave de la cadena de producci\u00f3n de mermelada de pi\u00f1a. La pi\u00f1a triturada se transfiere a una caldera encamisada para calentarla y hervirla. Durante este proceso, se suelen a\u00f1adir cantidades adecuadas de az\u00facar, pectina, \u00e1cido c\u00edtrico u otros aditivos alimentarios seg\u00fan la receta para ajustar el dulzor, la acidez y la consistencia de la mermelada. Al remover y calentar continuamente, la mermelada de pi\u00f1a se espesa gradualmente.<\/p>\n<p><iframe title=\"Reproductor de v\u00eddeo YouTube\" src=\"https:\/\/www.youtube.com\/embed\/VuRvymwAZA8?si=knHkrj7_s5EPADIL\" width=\"560\" height=\"315\" frameborder=\"0\" allowfullscreen=\"allowfullscreen\"><\/iframe><\/p>\n<h2>Equipo para hacer mermelada de pi\u00f1a:<\/h2>\n<p>Una l\u00ednea completa de producci\u00f3n de mermelada de pi\u00f1a suele constar de los siguientes equipos b\u00e1sicos, que funcionan conjuntamente para lograr una producci\u00f3n eficiente y continua:<\/p>\n<p>1. <a href=\"https:\/\/www.fruiturnkey.com\/es\/product\/pineapple-peeling-machine\/\">Peladora y descorazonadora<\/a><\/p>\n<p>Este equipo est\u00e1 dise\u00f1ado espec\u00edficamente para pi\u00f1as y realiza autom\u00e1ticamente las operaciones de pelado y descorazonado. Se caracteriza por su r\u00e1pida velocidad de procesamiento, alto rendimiento y bajo nivel de residuos.<\/p>\n<p>2. 2. Lavadora<\/p>\n<p>La pi\u00f1a se limpia a fondo mediante un m\u00e9todo de burbujeo, lo que garantiza la limpieza de la materia prima y proporciona una buena base para el procesamiento posterior.<\/p>\n<p>3. <a href=\"https:\/\/www.fruiturnkey.com\/es\/product\/pineapple-juice-extractor-machine\/\">Trituradora<\/a><\/p>\n<p>La trituradora se utiliza para descomponer la pulpa de pi\u00f1a limpia en peque\u00f1as part\u00edculas. Presenta una estructura robusta y un funcionamiento estable, y el tama\u00f1o de trituraci\u00f3n puede ajustarse en funci\u00f3n de los requisitos de producci\u00f3n.<\/p>\n<p>4. Rectificadora<\/p>\n<p>Una trituradora puede refinar a\u00fan m\u00e1s la pulpa de la pi\u00f1a, dando como resultado una mermelada de pi\u00f1a m\u00e1s suave. Sin embargo, si va a hacer mermelada que contenga trozos de pi\u00f1a, la picadora no es una pieza esencial del equipo para hacer mermelada de pi\u00f1a.<\/p>\n<p>5. Hervidor encamisado<\/p>\n<p>El hervidor encamisado es el equipo central de la l\u00ednea de producci\u00f3n de mermelada de pi\u00f1a y combina las funciones de calentamiento, agitaci\u00f3n y cocci\u00f3n. Fabricado en acero inoxidable de alta calidad, garantiza un calentamiento uniforme y un funcionamiento sencillo.<\/p>\n\n<div class=\"wpcf7 no-js\" id=\"wpcf7-f1048-o1\" lang=\"en-US\" dir=\"ltr\" data-wpcf7-id=\"1048\">\n<div class=\"screen-reader-response\"><p role=\"status\" aria-live=\"polite\" aria-atomic=\"true\"><\/p> <ul><\/ul><\/div>\n<form action=\"\/es\/wp-json\/wp\/v2\/product\/1940#wpcf7-f1048-o1\" method=\"post\" class=\"wpcf7-form init\" aria-label=\"Formulario de contacto\" novalidate=\"novalidate\" data-status=\"init\" data-trp-original-action=\"\/es\/wp-json\/wp\/v2\/product\/1940#wpcf7-f1048-o1\">\n<div style=\"display: none;\">\n<input type=\"hidden\" name=\"_wpcf7\" value=\"1048\" \/>\n<input type=\"hidden\" name=\"_wpcf7_version\" value=\"6.0.4\" \/>\n<input type=\"hidden\" name=\"_wpcf7_locale\" value=\"en_US\" \/>\n<input type=\"hidden\" name=\"_wpcf7_unit_tag\" value=\"wpcf7-f1048-o1\" \/>\n<input type=\"hidden\" name=\"_wpcf7_container_post\" value=\"0\" \/>\n<input type=\"hidden\" name=\"_wpcf7_posted_data_hash\" value=\"\" \/>\n<\/div>\n<div style='border:1px solid #54B435;padding:15px'>\n\t<p><span style='font-weight:bold'>CONTACTO PARA PRESUPUESTO<\/span><br \/>\n<span style='display:block;width:100px;height:5px;background:#54B435'><\/span><br \/>\nSu informaci\u00f3n de contacto no ser\u00e1 publicada. Los campos obligatorios est\u00e1n marcados con *.\n\t<\/p>\n\t<p><label> Mensaje *<br \/>\n<span class=\"wpcf7-form-control-wrap\" data-name=\"your-message\"><textarea cols=\"40\" rows=\"10\" maxlength=\"2000\" class=\"wpcf7-form-control wpcf7-textarea wpcf7-validates-as-required\" aria-required=\"true\" aria-invalid=\"false\" name=\"your-message\"><\/textarea><\/span> <\/label>\n\t<\/p>\n\t<div style='float:left;width:48%;margin-right:4%'>\n\t\t<p><label> Su correo electr\u00f3nico *<br \/>\n<span class=\"wpcf7-form-control-wrap\" data-name=\"email\"><input size=\"40\" maxlength=\"400\" class=\"wpcf7-form-control wpcf7-email wpcf7-validates-as-required wpcf7-text wpcf7-validates-as-email\" aria-required=\"true\" aria-invalid=\"false\" value=\"\" type=\"email\" name=\"email\" \/><\/span> <\/label>\n\t\t<\/p>\n\t<\/div>\n\t<div style='float:left;width:48%'>\n\t\t<p><label> Su nombre<br \/>\n<span class=\"wpcf7-form-control-wrap\" data-name=\"yourname\"><input size=\"40\" maxlength=\"400\" class=\"wpcf7-form-control wpcf7-text\" aria-invalid=\"false\" value=\"\" type=\"text\" name=\"yourname\" \/><\/span> <\/label>\n\t\t<\/p>\n\t<\/div>\n\t<div style='float:left;width:48%;margin-right:4%'>\n\t\t<p><label> Tel\u00e9fono<br \/>\n<span class=\"wpcf7-form-control-wrap\" data-name=\"phone\"><input size=\"40\" maxlength=\"400\" class=\"wpcf7-form-control wpcf7-tel wpcf7-text wpcf7-validates-as-tel\" aria-invalid=\"false\" value=\"\" type=\"tel\" name=\"phone\" \/><\/span> <\/label>\n\t\t<\/p>\n\t<\/div>\n\t<div style='float:left;width:48%'>\n\t\t<p><label>Pa\u00eds<br \/>\n<span class=\"wpcf7-form-control-wrap\" data-name=\"country\"><input size=\"40\" maxlength=\"400\" class=\"wpcf7-form-control wpcf7-text\" aria-invalid=\"false\" value=\"\" type=\"text\" name=\"country\" \/><\/span> <\/label>\n\t\t<\/p>\n\t<\/div>\n\t<div style='float:left;width:48%;margin-right:4%'>\n\t\t<p><label> Empresa<br \/>\n<span class=\"wpcf7-form-control-wrap\" data-name=\"company\"><input size=\"40\" maxlength=\"400\" class=\"wpcf7-form-control wpcf7-text\" aria-invalid=\"false\" value=\"\" type=\"text\" name=\"company\" \/><\/span> <\/label>\n\t\t<\/p>\n\t<\/div>\n\t<div style='float:left;width:48%'>\n\t\t<p><label> P\u00e1gina web<br \/>\n<span class=\"wpcf7-form-control-wrap\" data-name=\"web\"><input size=\"40\" maxlength=\"400\" class=\"wpcf7-form-control wpcf7-text\" aria-invalid=\"false\" value=\"\" type=\"text\" name=\"web\" \/><\/span> <\/label>\n\t\t<\/p>\n\t<\/div>\n\t<div style='clear:both'>\n\t<\/div>\n\t<p><input class=\"wpcf7-form-control wpcf7-submit has-spinner\" type=\"submit\" value=\"Enviar\" \/>\n\t<\/p>\n<\/div><p style=\"display: none !important;\" class=\"akismet-fields-container\" data-prefix=\"_wpcf7_ak_\"><label>&#916;<textarea name=\"_wpcf7_ak_hp_textarea\" cols=\"45\" rows=\"8\" maxlength=\"100\"><\/textarea><\/label><input type=\"hidden\" id=\"ak_js_1\" name=\"_wpcf7_ak_js\" value=\"28\"\/><script>document.getElementById( \"ak_js_1\" ).setAttribute( \"value\", ( new Date() ).getTime() );<\/script><\/p><div class=\"wpcf7-response-output\" aria-hidden=\"true\"><\/div>\n<input type=\"hidden\" name=\"trp-form-language\" value=\"es\"\/><\/form>\n<\/div>\n\n<div style='text-align:left' class='yasr-auto-insert-visitor'><\/div>","protected":false},"excerpt":{"rendered":"<p>Esta l\u00ednea de producci\u00f3n de mermelada de pi\u00f1a transforma las pi\u00f1as en mermelada mediante una serie de pasos que incluyen pelado, descorazonado, triturado, molido y cocci\u00f3n.<\/p>","protected":false},"featured_media":1941,"comment_status":"open","ping_status":"closed","template":"","meta":{"site-sidebar-layout":"default","site-content-layout":"","ast-site-content-layout":"default","site-content-style":"default","site-sidebar-style":"default","ast-global-header-display":"","ast-banner-title-visibility":"","ast-main-header-display":"","ast-hfb-above-header-display":"","ast-hfb-below-header-display":"","ast-hfb-mobile-header-display":"","site-post-title":"","ast-breadcrumbs-content":"","ast-featured-img":"","footer-sml-layout":"","theme-transparent-header-meta":"default","adv-header-id-meta":"","stick-header-meta":"","header-above-stick-meta":"","header-main-stick-meta":"","header-below-stick-meta":"","astra-migrate-meta-layouts":"set","ast-page-background-enabled":"default","ast-page-background-meta":{"desktop":{"background-color":"var(--ast-global-color-4)","background-image":"","background-repeat":"repeat","background-position":"center center","background-size":"auto","background-attachment":"scroll","background-type":"","background-media":"","overlay-type":"","overlay-color":"","overlay-opacity":"","overlay-gradient":""},"tablet":{"background-color":"","background-image":"","background-repeat":"repeat","background-position":"center center","background-size":"auto","background-attachment":"scroll","background-type":"","background-media":"","overlay-type":"","overlay-color":"","overlay-opacity":"","overlay-gradient":""},"mobile":{"background-color":"","background-image":"","background-repeat":"repeat","background-position":"center center","background-size":"auto","background-attachment":"scroll","background-type":"","background-media":"","overlay-type":"","overlay-color":"","overlay-opacity":"","overlay-gradient":""}},"ast-content-background-meta":{"desktop":{"background-color":"var(--ast-global-color-5)","background-image":"","background-repeat":"repeat","background-position":"center center","background-size":"auto","background-attachment":"scroll","background-type":"","background-media":"","overlay-type":"","overlay-color":"","overlay-opacity":"","overlay-gradient":""},"tablet":{"background-color":"var(--ast-global-color-5)","background-image":"","background-repeat":"repeat","background-position":"center center","background-size":"auto","background-attachment":"scroll","background-type":"","background-media":"","overlay-type":"","overlay-color":"","overlay-opacity":"","overlay-gradient":""},"mobile":{"background-color":"var(--ast-global-color-5)","background-image":"","background-repeat":"repeat","background-position":"center center","background-size":"auto","background-attachment":"scroll","background-type":"","background-media":"","overlay-type":"","overlay-color":"","overlay-opacity":"","overlay-gradient":""}},"yasr_overall_rating":0,"yasr_post_is_review":"","yasr_auto_insert_disabled":"","yasr_review_type":""},"product_brand":[],"product_cat":[22],"product_tag":[],"class_list":{"0":"post-1940","1":"product","2":"type-product","3":"status-publish","4":"has-post-thumbnail","6":"product_cat-juicing-equipment","7":"desktop-align-left","8":"tablet-align-left","9":"mobile-align-left","11":"first","12":"instock","13":"shipping-taxable","14":"product-type-simple"},"yasr_visitor_votes":{"stars_attributes":{"read_only":false,"span_bottom":false},"number_of_votes":1,"sum_votes":5},"yoast_head":"<!-- This site is optimized with the Yoast SEO plugin v24.5 - https:\/\/yoast.com\/wordpress\/plugins\/seo\/ -->\n<title>500-1000kg\/h Pineapple Jam Production Line - Fruit Processing Solution<\/title>\n<meta name=\"description\" content=\"This pineapple jam production line processes pineapples into jam through a series of steps including peeling, coring, crushing, grinding, and cooking.\" \/>\n<meta name=\"robots\" content=\"index, follow, max-snippet:-1, max-image-preview:large, max-video-preview:-1\" \/>\n<link rel=\"canonical\" href=\"https:\/\/www.fruiturnkey.com\/es\/product\/pineapple-jam-production-line\/\" \/>\n<meta property=\"og:locale\" content=\"es_ES\" \/>\n<meta property=\"og:type\" content=\"article\" \/>\n<meta property=\"og:title\" content=\"500-1000kg\/h Pineapple Jam Production Line - Fruit Processing Solution\" \/>\n<meta property=\"og:description\" content=\"This pineapple jam production line processes pineapples into jam through a series of steps including peeling, coring, crushing, grinding, and cooking.\" \/>\n<meta property=\"og:url\" content=\"https:\/\/www.fruiturnkey.com\/es\/product\/pineapple-jam-production-line\/\" \/>\n<meta property=\"og:site_name\" content=\"Fruit Processing Solution\" \/>\n<meta property=\"article:modified_time\" content=\"2026-01-13T09:24:40+00:00\" \/>\n<meta property=\"og:image\" content=\"https:\/\/www.fruiturnkey.com\/wp-content\/uploads\/2026\/01\/75.jpg\" \/>\n\t<meta property=\"og:image:width\" content=\"600\" \/>\n\t<meta property=\"og:image:height\" content=\"600\" \/>\n\t<meta property=\"og:image:type\" content=\"image\/jpeg\" \/>\n<meta name=\"twitter:card\" content=\"summary_large_image\" \/>\n<meta name=\"twitter:label1\" content=\"Tiempo de lectura\" \/>\n\t<meta name=\"twitter:data1\" content=\"3 minutos\" \/>\n<script type=\"application\/ld+json\" class=\"yoast-schema-graph\">{\"@context\":\"https:\/\/schema.org\",\"@graph\":[{\"@type\":\"WebPage\",\"@id\":\"https:\/\/www.fruiturnkey.com\/product\/pineapple-jam-production-line\/\",\"url\":\"https:\/\/www.fruiturnkey.com\/product\/pineapple-jam-production-line\/\",\"name\":\"500-1000kg\/h Pineapple Jam Production Line - Fruit Processing Solution\",\"isPartOf\":{\"@id\":\"https:\/\/www.fruiturnkey.com\/#website\"},\"primaryImageOfPage\":{\"@id\":\"https:\/\/www.fruiturnkey.com\/product\/pineapple-jam-production-line\/#primaryimage\"},\"image\":{\"@id\":\"https:\/\/www.fruiturnkey.com\/product\/pineapple-jam-production-line\/#primaryimage\"},\"thumbnailUrl\":\"https:\/\/www.fruiturnkey.com\/wp-content\/uploads\/2026\/01\/75.jpg\",\"datePublished\":\"2026-01-13T07:49:31+00:00\",\"dateModified\":\"2026-01-13T09:24:40+00:00\",\"description\":\"This pineapple jam production line processes pineapples into jam through a series of steps including peeling, coring, crushing, grinding, and cooking.\",\"breadcrumb\":{\"@id\":\"https:\/\/www.fruiturnkey.com\/product\/pineapple-jam-production-line\/#breadcrumb\"},\"inLanguage\":\"es\",\"potentialAction\":[{\"@type\":\"ReadAction\",\"target\":[\"https:\/\/www.fruiturnkey.com\/product\/pineapple-jam-production-line\/\"]}]},{\"@type\":\"ImageObject\",\"inLanguage\":\"es\",\"@id\":\"https:\/\/www.fruiturnkey.com\/product\/pineapple-jam-production-line\/#primaryimage\",\"url\":\"https:\/\/www.fruiturnkey.com\/wp-content\/uploads\/2026\/01\/75.jpg\",\"contentUrl\":\"https:\/\/www.fruiturnkey.com\/wp-content\/uploads\/2026\/01\/75.jpg\",\"width\":600,\"height\":600,\"caption\":\"pineapple jam production line\"},{\"@type\":\"BreadcrumbList\",\"@id\":\"https:\/\/www.fruiturnkey.com\/product\/pineapple-jam-production-line\/#breadcrumb\",\"itemListElement\":[{\"@type\":\"ListItem\",\"position\":1,\"name\":\"Home\",\"item\":\"https:\/\/www.fruiturnkey.com\/\"},{\"@type\":\"ListItem\",\"position\":2,\"name\":\"Products\",\"item\":\"https:\/\/www.fruiturnkey.com\/product\/\"},{\"@type\":\"ListItem\",\"position\":3,\"name\":\"500-1000kg\/h Pineapple Jam Production Line\"}]},{\"@type\":\"WebSite\",\"@id\":\"https:\/\/www.fruiturnkey.com\/#website\",\"url\":\"https:\/\/www.fruiturnkey.com\/\",\"name\":\"Fruit Processing Solution\",\"description\":\"\",\"publisher\":{\"@id\":\"https:\/\/www.fruiturnkey.com\/#organization\"},\"potentialAction\":[{\"@type\":\"SearchAction\",\"target\":{\"@type\":\"EntryPoint\",\"urlTemplate\":\"https:\/\/www.fruiturnkey.com\/?s={search_term_string}\"},\"query-input\":{\"@type\":\"PropertyValueSpecification\",\"valueRequired\":true,\"valueName\":\"search_term_string\"}}],\"inLanguage\":\"es\"},{\"@type\":\"Organization\",\"@id\":\"https:\/\/www.fruiturnkey.com\/#organization\",\"name\":\"Fruit Processing Solution\",\"url\":\"https:\/\/www.fruiturnkey.com\/\",\"logo\":{\"@type\":\"ImageObject\",\"inLanguage\":\"es\",\"@id\":\"https:\/\/www.fruiturnkey.com\/#\/schema\/logo\/image\/\",\"url\":\"https:\/\/www.fruiturnkey.com\/wp-content\/uploads\/2025\/03\/cropped-\u65b0\u7248LOGO.png\",\"contentUrl\":\"https:\/\/www.fruiturnkey.com\/wp-content\/uploads\/2025\/03\/cropped-\u65b0\u7248LOGO.png\",\"width\":1918,\"height\":639,\"caption\":\"Fruit Processing Solution\"},\"image\":{\"@id\":\"https:\/\/www.fruiturnkey.com\/#\/schema\/logo\/image\/\"}},false]}<\/script>\n<!-- \/ Yoast SEO plugin. -->","yoast_head_json":{"title":"500-1000kg\/h Pineapple Jam Production Line - Fruit Processing Solution","description":"This pineapple jam production line processes pineapples into jam through a series of steps including peeling, coring, crushing, grinding, and cooking.","robots":{"index":"index","follow":"follow","max-snippet":"max-snippet:-1","max-image-preview":"max-image-preview:large","max-video-preview":"max-video-preview:-1"},"canonical":"https:\/\/www.fruiturnkey.com\/es\/product\/pineapple-jam-production-line\/","og_locale":"es_ES","og_type":"article","og_title":"500-1000kg\/h Pineapple Jam Production Line - Fruit Processing Solution","og_description":"This pineapple jam production line processes pineapples into jam through a series of steps including peeling, coring, crushing, grinding, and cooking.","og_url":"https:\/\/www.fruiturnkey.com\/es\/product\/pineapple-jam-production-line\/","og_site_name":"Fruit Processing Solution","article_modified_time":"2026-01-13T09:24:40+00:00","og_image":[{"width":600,"height":600,"url":"https:\/\/www.fruiturnkey.com\/wp-content\/uploads\/2026\/01\/75.jpg","type":"image\/jpeg"}],"twitter_card":"summary_large_image","twitter_misc":{"Tiempo de lectura":"3 minutos"},"schema":{"@context":"https:\/\/schema.org","@graph":[{"@type":"WebPage","@id":"https:\/\/www.fruiturnkey.com\/product\/pineapple-jam-production-line\/","url":"https:\/\/www.fruiturnkey.com\/product\/pineapple-jam-production-line\/","name":"500-1000kg\/h Pineapple Jam Production Line - Fruit Processing Solution","isPartOf":{"@id":"https:\/\/www.fruiturnkey.com\/#website"},"primaryImageOfPage":{"@id":"https:\/\/www.fruiturnkey.com\/product\/pineapple-jam-production-line\/#primaryimage"},"image":{"@id":"https:\/\/www.fruiturnkey.com\/product\/pineapple-jam-production-line\/#primaryimage"},"thumbnailUrl":"https:\/\/www.fruiturnkey.com\/wp-content\/uploads\/2026\/01\/75.jpg","datePublished":"2026-01-13T07:49:31+00:00","dateModified":"2026-01-13T09:24:40+00:00","description":"This pineapple jam production line processes pineapples into jam through a series of steps including peeling, coring, crushing, grinding, and cooking.","breadcrumb":{"@id":"https:\/\/www.fruiturnkey.com\/product\/pineapple-jam-production-line\/#breadcrumb"},"inLanguage":"es","potentialAction":[{"@type":"ReadAction","target":["https:\/\/www.fruiturnkey.com\/product\/pineapple-jam-production-line\/"]}]},{"@type":"ImageObject","inLanguage":"es","@id":"https:\/\/www.fruiturnkey.com\/product\/pineapple-jam-production-line\/#primaryimage","url":"https:\/\/www.fruiturnkey.com\/wp-content\/uploads\/2026\/01\/75.jpg","contentUrl":"https:\/\/www.fruiturnkey.com\/wp-content\/uploads\/2026\/01\/75.jpg","width":600,"height":600,"caption":"pineapple jam production line"},{"@type":"BreadcrumbList","@id":"https:\/\/www.fruiturnkey.com\/product\/pineapple-jam-production-line\/#breadcrumb","itemListElement":[{"@type":"ListItem","position":1,"name":"Home","item":"https:\/\/www.fruiturnkey.com\/"},{"@type":"ListItem","position":2,"name":"Products","item":"https:\/\/www.fruiturnkey.com\/product\/"},{"@type":"ListItem","position":3,"name":"500-1000kg\/h Pineapple Jam Production Line"}]},{"@type":"WebSite","@id":"https:\/\/www.fruiturnkey.com\/#website","url":"https:\/\/www.fruiturnkey.com\/","name":"Fruit Processing Solution","description":"","publisher":{"@id":"https:\/\/www.fruiturnkey.com\/#organization"},"potentialAction":[{"@type":"SearchAction","target":{"@type":"EntryPoint","urlTemplate":"https:\/\/www.fruiturnkey.com\/?s={search_term_string}"},"query-input":{"@type":"PropertyValueSpecification","valueRequired":true,"valueName":"search_term_string"}}],"inLanguage":"es"},{"@type":"Organization","@id":"https:\/\/www.fruiturnkey.com\/#organization","name":"Fruit Processing Solution","url":"https:\/\/www.fruiturnkey.com\/","logo":{"@type":"ImageObject","inLanguage":"es","@id":"https:\/\/www.fruiturnkey.com\/#\/schema\/logo\/image\/","url":"https:\/\/www.fruiturnkey.com\/wp-content\/uploads\/2025\/03\/cropped-\u65b0\u7248LOGO.png","contentUrl":"https:\/\/www.fruiturnkey.com\/wp-content\/uploads\/2025\/03\/cropped-\u65b0\u7248LOGO.png","width":1918,"height":639,"caption":"Fruit Processing Solution"},"image":{"@id":"https:\/\/www.fruiturnkey.com\/#\/schema\/logo\/image\/"}},false]}},"_links":{"self":[{"href":"https:\/\/www.fruiturnkey.com\/es\/wp-json\/wp\/v2\/product\/1940","targetHints":{"allow":["GET"]}}],"collection":[{"href":"https:\/\/www.fruiturnkey.com\/es\/wp-json\/wp\/v2\/product"}],"about":[{"href":"https:\/\/www.fruiturnkey.com\/es\/wp-json\/wp\/v2\/types\/product"}],"replies":[{"embeddable":true,"href":"https:\/\/www.fruiturnkey.com\/es\/wp-json\/wp\/v2\/comments?post=1940"}],"wp:featuredmedia":[{"embeddable":true,"href":"https:\/\/www.fruiturnkey.com\/es\/wp-json\/wp\/v2\/media\/1941"}],"wp:attachment":[{"href":"https:\/\/www.fruiturnkey.com\/es\/wp-json\/wp\/v2\/media?parent=1940"}],"wp:term":[{"taxonomy":"product_brand","embeddable":true,"href":"https:\/\/www.fruiturnkey.com\/es\/wp-json\/wp\/v2\/product_brand?post=1940"},{"taxonomy":"product_cat","embeddable":true,"href":"https:\/\/www.fruiturnkey.com\/es\/wp-json\/wp\/v2\/product_cat?post=1940"},{"taxonomy":"product_tag","embeddable":true,"href":"https:\/\/www.fruiturnkey.com\/es\/wp-json\/wp\/v2\/product_tag?post=1940"}],"curies":[{"name":"wp","href":"https:\/\/api.w.org\/{rel}","templated":true}]}}