{"id":1923,"date":"2026-01-04T15:59:18","date_gmt":"2026-01-04T07:59:18","guid":{"rendered":"https:\/\/www.fruiturnkey.com\/?post_type=product&#038;p=1923"},"modified":"2026-01-04T16:19:32","modified_gmt":"2026-01-04T08:19:32","slug":"canned-mango-chunks-production-line","status":"publish","type":"product","link":"https:\/\/www.fruiturnkey.com\/es\/product\/canned-mango-chunks-production-line\/","title":{"rendered":"L\u00ednea de producci\u00f3n de trozos de mango en conserva 1000-3000kg\/h"},"content":{"rendered":"<p>Los trozos de mango en conserva son un tipo de fruta enlatada elaborada a partir de mangos frescos y maduros mediante una serie de pasos de procesamiento. El proceso de enlatado conserva en gran medida el color, el sabor y el contenido nutricional originales de los mangos. Una l\u00ednea de producci\u00f3n de trozos de mango en conserva permite una producci\u00f3n continua y estandarizada de mangos en conserva.<\/p>\n<p><img fetchpriority=\"high\" decoding=\"async\" class=\"alignnone wp-image-1927 size-full\" src=\"https:\/\/www.fruiturnkey.com\/wp-content\/uploads\/2026\/01\/74-2.jpg\" alt=\"mango en conserva\" width=\"600\" height=\"400\" srcset=\"https:\/\/www.fruiturnkey.com\/wp-content\/uploads\/2026\/01\/74-2.jpg 600w, https:\/\/www.fruiturnkey.com\/wp-content\/uploads\/2026\/01\/74-2-300x200.jpg 300w, https:\/\/www.fruiturnkey.com\/wp-content\/uploads\/2026\/01\/74-2-18x12.jpg 18w, https:\/\/www.fruiturnkey.com\/wp-content\/uploads\/2026\/01\/74-2-24x16.jpg 24w, https:\/\/www.fruiturnkey.com\/wp-content\/uploads\/2026\/01\/74-2-36x24.jpg 36w, https:\/\/www.fruiturnkey.com\/wp-content\/uploads\/2026\/01\/74-2-48x32.jpg 48w, https:\/\/www.fruiturnkey.com\/wp-content\/uploads\/2026\/01\/74-2-400x267.jpg 400w\" sizes=\"(max-width: 600px) 100vw, 600px\" \/><\/p>\n<h2>Conservas de mango en trozos Proceso de producci\u00f3n:<\/h2>\n<p>Una l\u00ednea de producci\u00f3n de trozos de mango en conserva completa y madura suele incluir las siguientes fases principales de procesamiento:<\/p>\n<ol>\n<li><a href=\"https:\/\/www.fruiturnkey.com\/es\/product\/mango-processing-machine\/\">Limpieza<\/a>: Los mangos se lavan para eliminar la suciedad y las impurezas de su superficie, mejorando la higiene y la seguridad de las materias primas.<\/li>\n<li>Clasificaci\u00f3n: Tras la limpieza, los mangos pasan a la fase de selecci\u00f3n, en la que se clasifican por tama\u00f1o, madurez y aspecto. En esta fase se eliminan los mangos inmaduros, podridos o da\u00f1ados.<\/li>\n<li><a href=\"https:\/\/www.fruiturnkey.com\/es\/product\/mango-peeling-machine\/\">Pelado y deshuesado<\/a>: Este proceso puede utilizar equipos semiautom\u00e1ticos o totalmente autom\u00e1ticos de pelado y descorazonado de mangos para conseguir una separaci\u00f3n eficaz de la piel y el hueso.<\/li>\n<li>Corte: Los mangos pueden cortarse en cubos regulares o en tiras seg\u00fan las especificaciones del producto.<\/li>\n<li>Escaldado: Los trozos de mango se tratan brevemente con agua caliente para inactivar las enzimas y evitar que se doren.<\/li>\n<li>Llenado en latas: Los trozos de mango se llenan en latas de acuerdo con un peso predeterminado, y se a\u00f1ade sirope. Algunos fabricantes utilizan zumo de mango 100% o zumo de frutas mezcladas para el llenado, a fin de satisfacer las demandas de distintos mercados de productos saludables, bajos en az\u00facar o sin aditivos.<\/li>\n<li>Vaciado y sellado: Tras el llenado, las latas pasan al proceso de vaciado y sellado.  El exceso de aire se elimina de las latas mediante aire caliente o extracci\u00f3n por vac\u00edo para reducir el contenido de ox\u00edgeno, seguido del sellado.<\/li>\n<li>Esterilizaci\u00f3n: A continuaci\u00f3n, las latas selladas entran en el sistema de esterilizaci\u00f3n. Este paso es una parte muy importante de la l\u00ednea de producci\u00f3n de trozos de mango en conserva y determina la vida \u00fatil del producto enlatado. Para la esterilizaci\u00f3n se suelen utilizar autoclaves de ba\u00f1o de agua a alta temperatura o de esterilizaci\u00f3n por vapor.<\/li>\n<\/ol>\n<p><img decoding=\"async\" class=\"alignnone wp-image-1925 size-full\" src=\"https:\/\/www.fruiturnkey.com\/wp-content\/uploads\/2026\/01\/74-1.jpg\" alt=\"l\u00ednea de producci\u00f3n de conservas de mango\" width=\"600\" height=\"400\" srcset=\"https:\/\/www.fruiturnkey.com\/wp-content\/uploads\/2026\/01\/74-1.jpg 600w, https:\/\/www.fruiturnkey.com\/wp-content\/uploads\/2026\/01\/74-1-300x200.jpg 300w, https:\/\/www.fruiturnkey.com\/wp-content\/uploads\/2026\/01\/74-1-18x12.jpg 18w, https:\/\/www.fruiturnkey.com\/wp-content\/uploads\/2026\/01\/74-1-24x16.jpg 24w, https:\/\/www.fruiturnkey.com\/wp-content\/uploads\/2026\/01\/74-1-36x24.jpg 36w, https:\/\/www.fruiturnkey.com\/wp-content\/uploads\/2026\/01\/74-1-48x32.jpg 48w, https:\/\/www.fruiturnkey.com\/wp-content\/uploads\/2026\/01\/74-1-400x267.jpg 400w\" sizes=\"(max-width: 600px) 100vw, 600px\" \/><\/p>\n<h2>Caracter\u00edsticas de la l\u00ednea de producci\u00f3n de conservas de mango:<\/h2>\n<p>1. Alto rendimiento y bajas p\u00e9rdidas<\/p>\n<p>El dise\u00f1o razonable del proceso y el control preciso del equipo reducen eficazmente la p\u00e9rdida de mango y mejoran la utilizaci\u00f3n de la materia prima.<\/p>\n<p>2. Dise\u00f1o de seguridad de calidad alimentaria<\/p>\n<p>Todas las piezas de la l\u00ednea de producci\u00f3n de conservas de mango que entran en contacto con los mangos son de acero inoxidable apto para uso alimentario y cumplen las normas de seguridad alimentaria. Son f\u00e1ciles de limpiar y resistentes a la corrosi\u00f3n, lo que garantiza la higiene y seguridad del producto.<\/p>\n<p>3. Adaptable a diversas especificaciones de producto<\/p>\n<p>Esta l\u00ednea de producci\u00f3n no s\u00f3lo es adecuada para cubos de mango enlatados, sino que tambi\u00e9n puede adaptarse a otras frutas enlatadas ajustando algunos equipos, ofreciendo una buena escalabilidad y capaz de procesar 1000-3000 kg\/h de mangos.<\/p>\n<h2>Nuestros servicios<\/h2>\n<p>Ofrecemos l\u00edneas de producci\u00f3n de trozos de mango en conserva altamente personalizadas y adaptadas a la escala de producci\u00f3n, el posicionamiento en el mercado y el presupuesto de inversi\u00f3n de los distintos clientes. Ayudamos a nuestros clientes a maximizar el rendimiento de su inversi\u00f3n al tiempo que garantizamos la calidad del producto, lo que les permite entrar r\u00e1pidamente en el mercado de procesamiento de conservas de mango y fruta.<\/p>\n\n<div class=\"wpcf7 no-js\" id=\"wpcf7-f1048-o1\" lang=\"en-US\" dir=\"ltr\" data-wpcf7-id=\"1048\">\n<div class=\"screen-reader-response\"><p role=\"status\" aria-live=\"polite\" aria-atomic=\"true\"><\/p> <ul><\/ul><\/div>\n<form action=\"\/es\/wp-json\/wp\/v2\/product\/1923#wpcf7-f1048-o1\" method=\"post\" class=\"wpcf7-form init\" aria-label=\"Formulario de contacto\" novalidate=\"novalidate\" data-status=\"init\" data-trp-original-action=\"\/es\/wp-json\/wp\/v2\/product\/1923#wpcf7-f1048-o1\">\n<div style=\"display: none;\">\n<input type=\"hidden\" name=\"_wpcf7\" value=\"1048\" \/>\n<input type=\"hidden\" name=\"_wpcf7_version\" value=\"6.0.4\" \/>\n<input type=\"hidden\" name=\"_wpcf7_locale\" value=\"en_US\" \/>\n<input type=\"hidden\" name=\"_wpcf7_unit_tag\" value=\"wpcf7-f1048-o1\" \/>\n<input type=\"hidden\" name=\"_wpcf7_container_post\" value=\"0\" \/>\n<input type=\"hidden\" name=\"_wpcf7_posted_data_hash\" value=\"\" \/>\n<\/div>\n<div style='border:1px solid #54B435;padding:15px'>\n\t<p><span style='font-weight:bold'>CONTACTO PARA PRESUPUESTO<\/span><br \/>\n<span style='display:block;width:100px;height:5px;background:#54B435'><\/span><br \/>\nSu informaci\u00f3n de contacto no ser\u00e1 publicada. Los campos obligatorios est\u00e1n marcados con *.\n\t<\/p>\n\t<p><label> Mensaje *<br \/>\n<span class=\"wpcf7-form-control-wrap\" data-name=\"your-message\"><textarea cols=\"40\" rows=\"10\" maxlength=\"2000\" class=\"wpcf7-form-control wpcf7-textarea wpcf7-validates-as-required\" aria-required=\"true\" aria-invalid=\"false\" name=\"your-message\"><\/textarea><\/span> <\/label>\n\t<\/p>\n\t<div style='float:left;width:48%;margin-right:4%'>\n\t\t<p><label> Su correo electr\u00f3nico *<br \/>\n<span class=\"wpcf7-form-control-wrap\" data-name=\"email\"><input size=\"40\" maxlength=\"400\" class=\"wpcf7-form-control wpcf7-email wpcf7-validates-as-required wpcf7-text wpcf7-validates-as-email\" aria-required=\"true\" aria-invalid=\"false\" value=\"\" type=\"email\" name=\"email\" \/><\/span> <\/label>\n\t\t<\/p>\n\t<\/div>\n\t<div style='float:left;width:48%'>\n\t\t<p><label> Su nombre<br \/>\n<span class=\"wpcf7-form-control-wrap\" data-name=\"yourname\"><input size=\"40\" maxlength=\"400\" class=\"wpcf7-form-control wpcf7-text\" aria-invalid=\"false\" value=\"\" type=\"text\" name=\"yourname\" \/><\/span> <\/label>\n\t\t<\/p>\n\t<\/div>\n\t<div style='float:left;width:48%;margin-right:4%'>\n\t\t<p><label> Tel\u00e9fono<br \/>\n<span class=\"wpcf7-form-control-wrap\" data-name=\"phone\"><input size=\"40\" maxlength=\"400\" class=\"wpcf7-form-control wpcf7-tel wpcf7-text wpcf7-validates-as-tel\" aria-invalid=\"false\" value=\"\" type=\"tel\" name=\"phone\" \/><\/span> <\/label>\n\t\t<\/p>\n\t<\/div>\n\t<div style='float:left;width:48%'>\n\t\t<p><label>Pa\u00eds<br \/>\n<span class=\"wpcf7-form-control-wrap\" data-name=\"country\"><input size=\"40\" maxlength=\"400\" class=\"wpcf7-form-control wpcf7-text\" aria-invalid=\"false\" value=\"\" type=\"text\" name=\"country\" \/><\/span> <\/label>\n\t\t<\/p>\n\t<\/div>\n\t<div style='float:left;width:48%;margin-right:4%'>\n\t\t<p><label> Empresa<br \/>\n<span class=\"wpcf7-form-control-wrap\" data-name=\"company\"><input size=\"40\" maxlength=\"400\" class=\"wpcf7-form-control wpcf7-text\" aria-invalid=\"false\" value=\"\" type=\"text\" name=\"company\" \/><\/span> <\/label>\n\t\t<\/p>\n\t<\/div>\n\t<div style='float:left;width:48%'>\n\t\t<p><label> P\u00e1gina web<br \/>\n<span class=\"wpcf7-form-control-wrap\" data-name=\"web\"><input size=\"40\" maxlength=\"400\" class=\"wpcf7-form-control wpcf7-text\" aria-invalid=\"false\" value=\"\" type=\"text\" name=\"web\" \/><\/span> <\/label>\n\t\t<\/p>\n\t<\/div>\n\t<div style='clear:both'>\n\t<\/div>\n\t<p><input class=\"wpcf7-form-control wpcf7-submit has-spinner\" type=\"submit\" value=\"Enviar\" \/>\n\t<\/p>\n<\/div><p style=\"display: none !important;\" class=\"akismet-fields-container\" data-prefix=\"_wpcf7_ak_\"><label>&#916;<textarea name=\"_wpcf7_ak_hp_textarea\" cols=\"45\" rows=\"8\" maxlength=\"100\"><\/textarea><\/label><input type=\"hidden\" id=\"ak_js_1\" name=\"_wpcf7_ak_js\" value=\"170\"\/><script>document.getElementById( \"ak_js_1\" ).setAttribute( \"value\", ( new Date() ).getTime() );<\/script><\/p><div class=\"wpcf7-response-output\" aria-hidden=\"true\"><\/div>\n<input type=\"hidden\" name=\"trp-form-language\" value=\"es\"\/><\/form>\n<\/div>\n\n<div style='text-align:left' class='yasr-auto-insert-visitor'><\/div>","protected":false},"excerpt":{"rendered":"<p>La l\u00ednea de producci\u00f3n de trozos de mango en conserva incluye el lavado, la clasificaci\u00f3n, el pelado, el corte, el escaldado, etc.<\/p>","protected":false},"featured_media":1924,"comment_status":"open","ping_status":"closed","template":"","meta":{"site-sidebar-layout":"default","site-content-layout":"","ast-site-content-layout":"default","site-content-style":"default","site-sidebar-style":"default","ast-global-header-display":"","ast-banner-title-visibility":"","ast-main-header-display":"","ast-hfb-above-header-display":"","ast-hfb-below-header-display":"","ast-hfb-mobile-header-display":"","site-post-title":"","ast-breadcrumbs-content":"","ast-featured-img":"","footer-sml-layout":"","theme-transparent-header-meta":"default","adv-header-id-meta":"","stick-header-meta":"","header-above-stick-meta":"","header-main-stick-meta":"","header-below-stick-meta":"","astra-migrate-meta-layouts":"set","ast-page-background-enabled":"default","ast-page-background-meta":{"desktop":{"background-color":"var(--ast-global-color-4)","background-image":"","background-repeat":"repeat","background-position":"center center","background-size":"auto","background-attachment":"scroll","background-type":"","background-media":"","overlay-type":"","overlay-color":"","overlay-opacity":"","overlay-gradient":""},"tablet":{"background-color":"","background-image":"","background-repeat":"repeat","background-position":"center center","background-size":"auto","background-attachment":"scroll","background-type":"","background-media":"","overlay-type":"","overlay-color":"","overlay-opacity":"","overlay-gradient":""},"mobile":{"background-color":"","background-image":"","background-repeat":"repeat","background-position":"center center","background-size":"auto","background-attachment":"scroll","background-type":"","background-media":"","overlay-type":"","overlay-color":"","overlay-opacity":"","overlay-gradient":""}},"ast-content-background-meta":{"desktop":{"background-color":"var(--ast-global-color-5)","background-image":"","background-repeat":"repeat","background-position":"center center","background-size":"auto","background-attachment":"scroll","background-type":"","background-media":"","overlay-type":"","overlay-color":"","overlay-opacity":"","overlay-gradient":""},"tablet":{"background-color":"var(--ast-global-color-5)","background-image":"","background-repeat":"repeat","background-position":"center center","background-size":"auto","background-attachment":"scroll","background-type":"","background-media":"","overlay-type":"","overlay-color":"","overlay-opacity":"","overlay-gradient":""},"mobile":{"background-color":"var(--ast-global-color-5)","background-image":"","background-repeat":"repeat","background-position":"center center","background-size":"auto","background-attachment":"scroll","background-type":"","background-media":"","overlay-type":"","overlay-color":"","overlay-opacity":"","overlay-gradient":""}},"yasr_overall_rating":0,"yasr_post_is_review":"","yasr_auto_insert_disabled":"","yasr_review_type":""},"product_brand":[],"product_cat":[26],"product_tag":[],"class_list":{"0":"post-1923","1":"product","2":"type-product","3":"status-publish","4":"has-post-thumbnail","6":"product_cat-cutting-equipment","7":"desktop-align-left","8":"tablet-align-left","9":"mobile-align-left","11":"first","12":"instock","13":"shipping-taxable","14":"product-type-simple"},"yasr_visitor_votes":{"stars_attributes":{"read_only":false,"span_bottom":false},"number_of_votes":1,"sum_votes":5},"yoast_head":"<!-- This site is optimized with the Yoast SEO plugin v24.5 - https:\/\/yoast.com\/wordpress\/plugins\/seo\/ -->\n<title>1000-3000kg\/h Canned Mango Chunks Production Line - Fruit Processing Solution<\/title>\n<meta name=\"description\" content=\"The canned mango chunks production line include washing, sorting, peeling, cutting, blanching, etc.\" \/>\n<meta name=\"robots\" content=\"index, follow, max-snippet:-1, max-image-preview:large, max-video-preview:-1\" \/>\n<link rel=\"canonical\" href=\"https:\/\/www.fruiturnkey.com\/es\/product\/canned-mango-chunks-production-line\/\" \/>\n<meta property=\"og:locale\" content=\"es_ES\" \/>\n<meta property=\"og:type\" content=\"article\" \/>\n<meta property=\"og:title\" content=\"1000-3000kg\/h Canned Mango Chunks Production Line - Fruit Processing Solution\" \/>\n<meta property=\"og:description\" content=\"The canned mango chunks production line include washing, sorting, peeling, cutting, blanching, etc.\" \/>\n<meta property=\"og:url\" content=\"https:\/\/www.fruiturnkey.com\/es\/product\/canned-mango-chunks-production-line\/\" \/>\n<meta property=\"og:site_name\" content=\"Fruit Processing Solution\" \/>\n<meta property=\"article:modified_time\" content=\"2026-01-04T08:19:32+00:00\" \/>\n<meta property=\"og:image\" content=\"https:\/\/www.fruiturnkey.com\/wp-content\/uploads\/2026\/01\/74.jpg\" \/>\n\t<meta property=\"og:image:width\" content=\"600\" \/>\n\t<meta property=\"og:image:height\" content=\"600\" \/>\n\t<meta property=\"og:image:type\" content=\"image\/jpeg\" \/>\n<meta name=\"twitter:card\" content=\"summary_large_image\" \/>\n<meta name=\"twitter:label1\" content=\"Tiempo de lectura\" \/>\n\t<meta name=\"twitter:data1\" content=\"3 minutos\" \/>\n<script type=\"application\/ld+json\" class=\"yoast-schema-graph\">{\"@context\":\"https:\/\/schema.org\",\"@graph\":[{\"@type\":\"WebPage\",\"@id\":\"https:\/\/www.fruiturnkey.com\/product\/canned-mango-chunks-production-line\/\",\"url\":\"https:\/\/www.fruiturnkey.com\/product\/canned-mango-chunks-production-line\/\",\"name\":\"1000-3000kg\/h Canned Mango Chunks Production Line - Fruit Processing Solution\",\"isPartOf\":{\"@id\":\"https:\/\/www.fruiturnkey.com\/#website\"},\"primaryImageOfPage\":{\"@id\":\"https:\/\/www.fruiturnkey.com\/product\/canned-mango-chunks-production-line\/#primaryimage\"},\"image\":{\"@id\":\"https:\/\/www.fruiturnkey.com\/product\/canned-mango-chunks-production-line\/#primaryimage\"},\"thumbnailUrl\":\"https:\/\/www.fruiturnkey.com\/wp-content\/uploads\/2026\/01\/74.jpg\",\"datePublished\":\"2026-01-04T07:59:18+00:00\",\"dateModified\":\"2026-01-04T08:19:32+00:00\",\"description\":\"The canned mango chunks production line include washing, sorting, peeling, cutting, blanching, etc.\",\"breadcrumb\":{\"@id\":\"https:\/\/www.fruiturnkey.com\/product\/canned-mango-chunks-production-line\/#breadcrumb\"},\"inLanguage\":\"es\",\"potentialAction\":[{\"@type\":\"ReadAction\",\"target\":[\"https:\/\/www.fruiturnkey.com\/product\/canned-mango-chunks-production-line\/\"]}]},{\"@type\":\"ImageObject\",\"inLanguage\":\"es\",\"@id\":\"https:\/\/www.fruiturnkey.com\/product\/canned-mango-chunks-production-line\/#primaryimage\",\"url\":\"https:\/\/www.fruiturnkey.com\/wp-content\/uploads\/2026\/01\/74.jpg\",\"contentUrl\":\"https:\/\/www.fruiturnkey.com\/wp-content\/uploads\/2026\/01\/74.jpg\",\"width\":600,\"height\":600,\"caption\":\"canned mango chunks production line\"},{\"@type\":\"BreadcrumbList\",\"@id\":\"https:\/\/www.fruiturnkey.com\/product\/canned-mango-chunks-production-line\/#breadcrumb\",\"itemListElement\":[{\"@type\":\"ListItem\",\"position\":1,\"name\":\"Home\",\"item\":\"https:\/\/www.fruiturnkey.com\/\"},{\"@type\":\"ListItem\",\"position\":2,\"name\":\"Products\",\"item\":\"https:\/\/www.fruiturnkey.com\/product\/\"},{\"@type\":\"ListItem\",\"position\":3,\"name\":\"1000-3000kg\/h Canned Mango Chunks Production Line\"}]},{\"@type\":\"WebSite\",\"@id\":\"https:\/\/www.fruiturnkey.com\/#website\",\"url\":\"https:\/\/www.fruiturnkey.com\/\",\"name\":\"Fruit Processing Solution\",\"description\":\"\",\"publisher\":{\"@id\":\"https:\/\/www.fruiturnkey.com\/#organization\"},\"potentialAction\":[{\"@type\":\"SearchAction\",\"target\":{\"@type\":\"EntryPoint\",\"urlTemplate\":\"https:\/\/www.fruiturnkey.com\/?s={search_term_string}\"},\"query-input\":{\"@type\":\"PropertyValueSpecification\",\"valueRequired\":true,\"valueName\":\"search_term_string\"}}],\"inLanguage\":\"es\"},{\"@type\":\"Organization\",\"@id\":\"https:\/\/www.fruiturnkey.com\/#organization\",\"name\":\"Fruit Processing Solution\",\"url\":\"https:\/\/www.fruiturnkey.com\/\",\"logo\":{\"@type\":\"ImageObject\",\"inLanguage\":\"es\",\"@id\":\"https:\/\/www.fruiturnkey.com\/#\/schema\/logo\/image\/\",\"url\":\"https:\/\/www.fruiturnkey.com\/wp-content\/uploads\/2025\/03\/cropped-\u65b0\u7248LOGO.png\",\"contentUrl\":\"https:\/\/www.fruiturnkey.com\/wp-content\/uploads\/2025\/03\/cropped-\u65b0\u7248LOGO.png\",\"width\":1918,\"height\":639,\"caption\":\"Fruit Processing Solution\"},\"image\":{\"@id\":\"https:\/\/www.fruiturnkey.com\/#\/schema\/logo\/image\/\"}},false]}<\/script>\n<!-- \/ Yoast SEO plugin. -->","yoast_head_json":{"title":"1000-3000kg\/h Canned Mango Chunks Production Line - Fruit Processing Solution","description":"The canned mango chunks production line include washing, sorting, peeling, cutting, blanching, etc.","robots":{"index":"index","follow":"follow","max-snippet":"max-snippet:-1","max-image-preview":"max-image-preview:large","max-video-preview":"max-video-preview:-1"},"canonical":"https:\/\/www.fruiturnkey.com\/es\/product\/canned-mango-chunks-production-line\/","og_locale":"es_ES","og_type":"article","og_title":"1000-3000kg\/h Canned Mango Chunks Production Line - Fruit Processing Solution","og_description":"The canned mango chunks production line include washing, sorting, peeling, cutting, blanching, etc.","og_url":"https:\/\/www.fruiturnkey.com\/es\/product\/canned-mango-chunks-production-line\/","og_site_name":"Fruit Processing Solution","article_modified_time":"2026-01-04T08:19:32+00:00","og_image":[{"width":600,"height":600,"url":"https:\/\/www.fruiturnkey.com\/wp-content\/uploads\/2026\/01\/74.jpg","type":"image\/jpeg"}],"twitter_card":"summary_large_image","twitter_misc":{"Tiempo de lectura":"3 minutos"},"schema":{"@context":"https:\/\/schema.org","@graph":[{"@type":"WebPage","@id":"https:\/\/www.fruiturnkey.com\/product\/canned-mango-chunks-production-line\/","url":"https:\/\/www.fruiturnkey.com\/product\/canned-mango-chunks-production-line\/","name":"1000-3000kg\/h Canned Mango Chunks Production Line - Fruit Processing Solution","isPartOf":{"@id":"https:\/\/www.fruiturnkey.com\/#website"},"primaryImageOfPage":{"@id":"https:\/\/www.fruiturnkey.com\/product\/canned-mango-chunks-production-line\/#primaryimage"},"image":{"@id":"https:\/\/www.fruiturnkey.com\/product\/canned-mango-chunks-production-line\/#primaryimage"},"thumbnailUrl":"https:\/\/www.fruiturnkey.com\/wp-content\/uploads\/2026\/01\/74.jpg","datePublished":"2026-01-04T07:59:18+00:00","dateModified":"2026-01-04T08:19:32+00:00","description":"The canned mango chunks production line include washing, sorting, peeling, cutting, blanching, etc.","breadcrumb":{"@id":"https:\/\/www.fruiturnkey.com\/product\/canned-mango-chunks-production-line\/#breadcrumb"},"inLanguage":"es","potentialAction":[{"@type":"ReadAction","target":["https:\/\/www.fruiturnkey.com\/product\/canned-mango-chunks-production-line\/"]}]},{"@type":"ImageObject","inLanguage":"es","@id":"https:\/\/www.fruiturnkey.com\/product\/canned-mango-chunks-production-line\/#primaryimage","url":"https:\/\/www.fruiturnkey.com\/wp-content\/uploads\/2026\/01\/74.jpg","contentUrl":"https:\/\/www.fruiturnkey.com\/wp-content\/uploads\/2026\/01\/74.jpg","width":600,"height":600,"caption":"canned mango chunks production line"},{"@type":"BreadcrumbList","@id":"https:\/\/www.fruiturnkey.com\/product\/canned-mango-chunks-production-line\/#breadcrumb","itemListElement":[{"@type":"ListItem","position":1,"name":"Home","item":"https:\/\/www.fruiturnkey.com\/"},{"@type":"ListItem","position":2,"name":"Products","item":"https:\/\/www.fruiturnkey.com\/product\/"},{"@type":"ListItem","position":3,"name":"1000-3000kg\/h Canned Mango Chunks Production Line"}]},{"@type":"WebSite","@id":"https:\/\/www.fruiturnkey.com\/#website","url":"https:\/\/www.fruiturnkey.com\/","name":"Fruit Processing Solution","description":"","publisher":{"@id":"https:\/\/www.fruiturnkey.com\/#organization"},"potentialAction":[{"@type":"SearchAction","target":{"@type":"EntryPoint","urlTemplate":"https:\/\/www.fruiturnkey.com\/?s={search_term_string}"},"query-input":{"@type":"PropertyValueSpecification","valueRequired":true,"valueName":"search_term_string"}}],"inLanguage":"es"},{"@type":"Organization","@id":"https:\/\/www.fruiturnkey.com\/#organization","name":"Fruit Processing Solution","url":"https:\/\/www.fruiturnkey.com\/","logo":{"@type":"ImageObject","inLanguage":"es","@id":"https:\/\/www.fruiturnkey.com\/#\/schema\/logo\/image\/","url":"https:\/\/www.fruiturnkey.com\/wp-content\/uploads\/2025\/03\/cropped-\u65b0\u7248LOGO.png","contentUrl":"https:\/\/www.fruiturnkey.com\/wp-content\/uploads\/2025\/03\/cropped-\u65b0\u7248LOGO.png","width":1918,"height":639,"caption":"Fruit Processing Solution"},"image":{"@id":"https:\/\/www.fruiturnkey.com\/#\/schema\/logo\/image\/"}},false]}},"_links":{"self":[{"href":"https:\/\/www.fruiturnkey.com\/es\/wp-json\/wp\/v2\/product\/1923","targetHints":{"allow":["GET"]}}],"collection":[{"href":"https:\/\/www.fruiturnkey.com\/es\/wp-json\/wp\/v2\/product"}],"about":[{"href":"https:\/\/www.fruiturnkey.com\/es\/wp-json\/wp\/v2\/types\/product"}],"replies":[{"embeddable":true,"href":"https:\/\/www.fruiturnkey.com\/es\/wp-json\/wp\/v2\/comments?post=1923"}],"wp:featuredmedia":[{"embeddable":true,"href":"https:\/\/www.fruiturnkey.com\/es\/wp-json\/wp\/v2\/media\/1924"}],"wp:attachment":[{"href":"https:\/\/www.fruiturnkey.com\/es\/wp-json\/wp\/v2\/media?parent=1923"}],"wp:term":[{"taxonomy":"product_brand","embeddable":true,"href":"https:\/\/www.fruiturnkey.com\/es\/wp-json\/wp\/v2\/product_brand?post=1923"},{"taxonomy":"product_cat","embeddable":true,"href":"https:\/\/www.fruiturnkey.com\/es\/wp-json\/wp\/v2\/product_cat?post=1923"},{"taxonomy":"product_tag","embeddable":true,"href":"https:\/\/www.fruiturnkey.com\/es\/wp-json\/wp\/v2\/product_tag?post=1923"}],"curies":[{"name":"wp","href":"https:\/\/api.w.org\/{rel}","templated":true}]}}