{"id":1898,"date":"2025-12-09T16:25:17","date_gmt":"2025-12-09T08:25:17","guid":{"rendered":"https:\/\/www.fruiturnkey.com\/?post_type=product&#038;p=1898"},"modified":"2025-12-09T16:31:02","modified_gmt":"2025-12-09T08:31:02","slug":"pomegranate-processing-garding-machine","status":"publish","type":"product","link":"https:\/\/www.fruiturnkey.com\/es\/product\/pomegranate-processing-garding-machine\/","title":{"rendered":"Precisa y r\u00e1pida m\u00e1quina de procesado de granadas"},"content":{"rendered":"<p>Esta m\u00e1quina de procesamiento de granadas puede lograr una clasificaci\u00f3n precisa y r\u00e1pida basada en m\u00faltiples indicadores como el peso, el color, los defectos y el contenido de az\u00facar, mejorando significativamente la eficiencia del procesamiento.<\/p>\n<p>La clasificaci\u00f3n manual tradicional de las granadas es ineficaz y propensa a errores, lo que dificulta el cumplimiento de los requisitos de eficacia de procesamiento de las f\u00e1bricas modernas. Nuestra m\u00e1quina clasificadora de granadas utiliza tecnolog\u00eda de detecci\u00f3n automatizada, empleando diversas t\u00e9cnicas como sistemas de detecci\u00f3n de peso, sistemas de reconocimiento visual y sistemas de detecci\u00f3n del contenido de az\u00facar para evaluar exhaustivamente las granadas.<\/p>\n<p><iframe title=\"Reproductor de v\u00eddeo YouTube\" src=\"https:\/\/www.youtube.com\/embed\/G6FDYhiangI?si=HVNMAP9k5FL0gXjT\" width=\"560\" height=\"315\" frameborder=\"0\" allowfullscreen=\"allowfullscreen\"><\/iframe><\/p>\n<p>1. Clasificaci\u00f3n por peso<\/p>\n<p>El peso de las granadas individuales es el m\u00e9todo m\u00e1s com\u00fan y fiable de clasificaci\u00f3n. La m\u00e1quina clasificadora de granadas incorpora sensores de pesaje de alta precisi\u00f3n que leen r\u00e1pidamente los datos de peso a medida que las granadas pasan por el canal transportador. En funci\u00f3n de los rangos de clasificaci\u00f3n establecidos por el cliente, las granadas se clasifican autom\u00e1ticamente en los recipientes de recogida correspondientes.<\/p>\n<p>2. Gradaci\u00f3n del color<\/p>\n<p>Se utilizan c\u00e1maras industriales de alta definici\u00f3n y algoritmos inteligentes para analizar indicadores como la profundidad y uniformidad del color de la c\u00e1scara de la granada. Por ejemplo, las granadas con una superficie de color rojo intenso suelen ser m\u00e1s populares en el mercado, y la m\u00e1quina procesadora de granadas puede clasificar autom\u00e1ticamente estas frutas en un grado superior.<\/p>\n<p>3. Detecci\u00f3n de defectos<\/p>\n<p>El sistema de visi\u00f3n puede identificar defectos como grietas y magulladuras en la superficie de las granadas, lo que garantiza a\u00fan m\u00e1s la calidad del aspecto de los productos de alta calidad.<\/p>\n<p>4. Detecci\u00f3n del contenido de az\u00facar<\/p>\n<p>La m\u00e1quina procesadora de granadas puede equiparse opcionalmente con un m\u00f3dulo de detecci\u00f3n del contenido de az\u00facar, que utiliza tecnolog\u00eda de infrarrojos cercanos para realizar mediciones no destructivas del contenido de az\u00facar de las granadas, lo que permite una clasificaci\u00f3n m\u00e1s precisa.<\/p>\n<p><img fetchpriority=\"high\" decoding=\"async\" class=\"alignnone wp-image-1900 size-full\" src=\"https:\/\/www.fruiturnkey.com\/wp-content\/uploads\/2025\/12\/72-1.jpg\" alt=\"m\u00e1quina procesadora de granadas\" width=\"600\" height=\"400\" srcset=\"https:\/\/www.fruiturnkey.com\/wp-content\/uploads\/2025\/12\/72-1.jpg 600w, https:\/\/www.fruiturnkey.com\/wp-content\/uploads\/2025\/12\/72-1-300x200.jpg 300w, https:\/\/www.fruiturnkey.com\/wp-content\/uploads\/2025\/12\/72-1-18x12.jpg 18w, https:\/\/www.fruiturnkey.com\/wp-content\/uploads\/2025\/12\/72-1-24x16.jpg 24w, https:\/\/www.fruiturnkey.com\/wp-content\/uploads\/2025\/12\/72-1-36x24.jpg 36w, https:\/\/www.fruiturnkey.com\/wp-content\/uploads\/2025\/12\/72-1-48x32.jpg 48w, https:\/\/www.fruiturnkey.com\/wp-content\/uploads\/2025\/12\/72-1-400x267.jpg 400w\" sizes=\"(max-width: 600px) 100vw, 600px\" \/><\/p>\n<h2>M\u00e1quina procesadora de granada Caracter\u00edsticas:<\/h2>\n<ol>\n<li>Capacidad de clasificaci\u00f3n estable y de alta eficacia: Utilizando pesaje de alta velocidad y sensores precisos, consigue una clasificaci\u00f3n continua. El n\u00famero de canales puede configurarse en funci\u00f3n de las necesidades de producci\u00f3n, lo que satisface los requisitos de capacidad de las empresas de procesamiento de frutas y verduras, desde peque\u00f1as a grandes.<\/li>\n<li>Normas de clasificaci\u00f3n personalizables: Los usuarios pueden establecer con flexibilidad rangos de peso, grados de color o umbrales de contenido de az\u00facar seg\u00fan las diferentes demandas del mercado o las normas de exportaci\u00f3n.<\/li>\n<li>Gran compatibilidad, adecuada para varias frutas y verduras: Adem\u00e1s de para granadas, tambi\u00e9n puede utilizarse para diversas frutas, como manzanas, naranjas, mandarinas y kiwis, lo que aumenta el aprovechamiento del equipo.<\/li>\n<\/ol>\n<p><img decoding=\"async\" class=\"alignnone wp-image-1901 size-full\" src=\"https:\/\/www.fruiturnkey.com\/wp-content\/uploads\/2025\/12\/72-2.jpg\" alt=\"aplicaci\u00f3n de la clasificadora\" width=\"600\" height=\"400\" srcset=\"https:\/\/www.fruiturnkey.com\/wp-content\/uploads\/2025\/12\/72-2.jpg 600w, https:\/\/www.fruiturnkey.com\/wp-content\/uploads\/2025\/12\/72-2-300x200.jpg 300w, https:\/\/www.fruiturnkey.com\/wp-content\/uploads\/2025\/12\/72-2-18x12.jpg 18w, https:\/\/www.fruiturnkey.com\/wp-content\/uploads\/2025\/12\/72-2-24x16.jpg 24w, https:\/\/www.fruiturnkey.com\/wp-content\/uploads\/2025\/12\/72-2-36x24.jpg 36w, https:\/\/www.fruiturnkey.com\/wp-content\/uploads\/2025\/12\/72-2-48x32.jpg 48w, https:\/\/www.fruiturnkey.com\/wp-content\/uploads\/2025\/12\/72-2-400x267.jpg 400w\" sizes=\"(max-width: 600px) 100vw, 600px\" \/><\/p>\n<h2>Otra m\u00e1quina de procesamiento de granada:<\/h2>\n<p>Para lograr un proceso de procesamiento de granadas totalmente automatizado, tambi\u00e9n ofrecemos los siguientes equipos auxiliares, que pueden combinarse con la l\u00ednea de clasificaci\u00f3n para construir una l\u00ednea completa de procesamiento de granadas:<\/p>\n<ol>\n<li>M\u00e1quina peladora de granadas: Separa autom\u00e1ticamente la c\u00e1scara de la granada de las semillas, reduciendo la carga de trabajo del pelado manual y mejorando la eficiencia del procesado del zumo o de las semillas.<\/li>\n<li>Exprimidor de granada: Extrae el zumo de granada mediante un m\u00e9todo de prensado suave para preservar el sabor del zumo, adecuado para instalaciones de producci\u00f3n de zumo de granada.<\/li>\n<li>Equipos de pretratamiento, como lavadoras y secadoras: Se utilizan para limpiar las granadas o los granos de granada.<\/li>\n<\/ol>\n<p>Combinando diferentes equipos, los clientes pueden construir de forma flexible l\u00edneas de clasificaci\u00f3n de fruta fresca de granada, <a href=\"https:\/\/www.fruiturnkey.com\/es\/product\/pomegranate-juice-production-line\/\">l\u00edneas de procesado de zumo de granada<\/a>o l\u00edneas de procesado de semillas en funci\u00f3n de sus necesidades empresariales, consiguiendo una mayor eficacia de producci\u00f3n y valor a\u00f1adido del producto.<\/p>\n\n<div class=\"wpcf7 no-js\" id=\"wpcf7-f1048-o1\" lang=\"en-US\" dir=\"ltr\" data-wpcf7-id=\"1048\">\n<div class=\"screen-reader-response\"><p role=\"status\" aria-live=\"polite\" aria-atomic=\"true\"><\/p> <ul><\/ul><\/div>\n<form action=\"\/es\/wp-json\/wp\/v2\/product\/1898#wpcf7-f1048-o1\" method=\"post\" class=\"wpcf7-form init\" aria-label=\"Formulario de contacto\" novalidate=\"novalidate\" data-status=\"init\" data-trp-original-action=\"\/es\/wp-json\/wp\/v2\/product\/1898#wpcf7-f1048-o1\">\n<div style=\"display: none;\">\n<input type=\"hidden\" name=\"_wpcf7\" value=\"1048\" \/>\n<input type=\"hidden\" name=\"_wpcf7_version\" value=\"6.0.4\" \/>\n<input type=\"hidden\" name=\"_wpcf7_locale\" value=\"en_US\" \/>\n<input type=\"hidden\" name=\"_wpcf7_unit_tag\" value=\"wpcf7-f1048-o1\" \/>\n<input type=\"hidden\" name=\"_wpcf7_container_post\" value=\"0\" \/>\n<input type=\"hidden\" name=\"_wpcf7_posted_data_hash\" value=\"\" \/>\n<\/div>\n<div style='border:1px solid #54B435;padding:15px'>\n\t<p><span style='font-weight:bold'>CONTACTO PARA PRESUPUESTO<\/span><br \/>\n<span style='display:block;width:100px;height:5px;background:#54B435'><\/span><br \/>\nSu informaci\u00f3n de contacto no ser\u00e1 publicada. Los campos obligatorios est\u00e1n marcados con *.\n\t<\/p>\n\t<p><label> Mensaje *<br \/>\n<span class=\"wpcf7-form-control-wrap\" data-name=\"your-message\"><textarea cols=\"40\" rows=\"10\" maxlength=\"2000\" class=\"wpcf7-form-control wpcf7-textarea wpcf7-validates-as-required\" aria-required=\"true\" aria-invalid=\"false\" name=\"your-message\"><\/textarea><\/span> <\/label>\n\t<\/p>\n\t<div style='float:left;width:48%;margin-right:4%'>\n\t\t<p><label> Su correo electr\u00f3nico *<br \/>\n<span class=\"wpcf7-form-control-wrap\" data-name=\"email\"><input size=\"40\" maxlength=\"400\" class=\"wpcf7-form-control wpcf7-email wpcf7-validates-as-required wpcf7-text wpcf7-validates-as-email\" aria-required=\"true\" aria-invalid=\"false\" value=\"\" type=\"email\" name=\"email\" \/><\/span> <\/label>\n\t\t<\/p>\n\t<\/div>\n\t<div style='float:left;width:48%'>\n\t\t<p><label> Su nombre<br \/>\n<span class=\"wpcf7-form-control-wrap\" data-name=\"yourname\"><input size=\"40\" maxlength=\"400\" class=\"wpcf7-form-control wpcf7-text\" aria-invalid=\"false\" value=\"\" type=\"text\" name=\"yourname\" \/><\/span> <\/label>\n\t\t<\/p>\n\t<\/div>\n\t<div style='float:left;width:48%;margin-right:4%'>\n\t\t<p><label> Tel\u00e9fono<br \/>\n<span class=\"wpcf7-form-control-wrap\" data-name=\"phone\"><input size=\"40\" maxlength=\"400\" class=\"wpcf7-form-control wpcf7-tel wpcf7-text wpcf7-validates-as-tel\" aria-invalid=\"false\" value=\"\" type=\"tel\" name=\"phone\" \/><\/span> <\/label>\n\t\t<\/p>\n\t<\/div>\n\t<div style='float:left;width:48%'>\n\t\t<p><label>Pa\u00eds<br \/>\n<span class=\"wpcf7-form-control-wrap\" data-name=\"country\"><input size=\"40\" maxlength=\"400\" class=\"wpcf7-form-control wpcf7-text\" aria-invalid=\"false\" value=\"\" type=\"text\" name=\"country\" \/><\/span> <\/label>\n\t\t<\/p>\n\t<\/div>\n\t<div style='float:left;width:48%;margin-right:4%'>\n\t\t<p><label> Empresa<br \/>\n<span class=\"wpcf7-form-control-wrap\" data-name=\"company\"><input size=\"40\" maxlength=\"400\" class=\"wpcf7-form-control wpcf7-text\" aria-invalid=\"false\" value=\"\" type=\"text\" name=\"company\" \/><\/span> <\/label>\n\t\t<\/p>\n\t<\/div>\n\t<div style='float:left;width:48%'>\n\t\t<p><label> P\u00e1gina web<br \/>\n<span class=\"wpcf7-form-control-wrap\" data-name=\"web\"><input size=\"40\" maxlength=\"400\" class=\"wpcf7-form-control wpcf7-text\" aria-invalid=\"false\" value=\"\" type=\"text\" name=\"web\" \/><\/span> <\/label>\n\t\t<\/p>\n\t<\/div>\n\t<div style='clear:both'>\n\t<\/div>\n\t<p><input class=\"wpcf7-form-control wpcf7-submit has-spinner\" type=\"submit\" value=\"Enviar\" \/>\n\t<\/p>\n<\/div><p style=\"display: none !important;\" class=\"akismet-fields-container\" data-prefix=\"_wpcf7_ak_\"><label>&#916;<textarea name=\"_wpcf7_ak_hp_textarea\" cols=\"45\" rows=\"8\" maxlength=\"100\"><\/textarea><\/label><input type=\"hidden\" id=\"ak_js_1\" name=\"_wpcf7_ak_js\" value=\"232\"\/><script>document.getElementById( \"ak_js_1\" ).setAttribute( \"value\", ( new Date() ).getTime() );<\/script><\/p><div class=\"wpcf7-response-output\" aria-hidden=\"true\"><\/div>\n<input type=\"hidden\" name=\"trp-form-language\" value=\"es\"\/><\/form>\n<\/div>\n\n<div style='text-align:left' class='yasr-auto-insert-visitor'><\/div>","protected":false},"excerpt":{"rendered":"<p>Esta m\u00e1quina de procesamiento de clasificaci\u00f3n de granadas puede lograr una clasificaci\u00f3n precisa y r\u00e1pida basada en m\u00faltiples par\u00e1metros como el peso, el color, los defectos y el contenido de az\u00facar de las granadas.<\/p>","protected":false},"featured_media":1899,"comment_status":"open","ping_status":"closed","template":"","meta":{"site-sidebar-layout":"default","site-content-layout":"","ast-site-content-layout":"default","site-content-style":"default","site-sidebar-style":"default","ast-global-header-display":"","ast-banner-title-visibility":"","ast-main-header-display":"","ast-hfb-above-header-display":"","ast-hfb-below-header-display":"","ast-hfb-mobile-header-display":"","site-post-title":"","ast-breadcrumbs-content":"","ast-featured-img":"","footer-sml-layout":"","theme-transparent-header-meta":"default","adv-header-id-meta":"","stick-header-meta":"","header-above-stick-meta":"","header-main-stick-meta":"","header-below-stick-meta":"","astra-migrate-meta-layouts":"set","ast-page-background-enabled":"default","ast-page-background-meta":{"desktop":{"background-color":"var(--ast-global-color-4)","background-image":"","background-repeat":"repeat","background-position":"center center","background-size":"auto","background-attachment":"scroll","background-type":"","background-media":"","overlay-type":"","overlay-color":"","overlay-opacity":"","overlay-gradient":""},"tablet":{"background-color":"","background-image":"","background-repeat":"repeat","background-position":"center center","background-size":"auto","background-attachment":"scroll","background-type":"","background-media":"","overlay-type":"","overlay-color":"","overlay-opacity":"","overlay-gradient":""},"mobile":{"background-color":"","background-image":"","background-repeat":"repeat","background-position":"center center","background-size":"auto","background-attachment":"scroll","background-type":"","background-media":"","overlay-type":"","overlay-color":"","overlay-opacity":"","overlay-gradient":""}},"ast-content-background-meta":{"desktop":{"background-color":"var(--ast-global-color-5)","background-image":"","background-repeat":"repeat","background-position":"center center","background-size":"auto","background-attachment":"scroll","background-type":"","background-media":"","overlay-type":"","overlay-color":"","overlay-opacity":"","overlay-gradient":""},"tablet":{"background-color":"var(--ast-global-color-5)","background-image":"","background-repeat":"repeat","background-position":"center center","background-size":"auto","background-attachment":"scroll","background-type":"","background-media":"","overlay-type":"","overlay-color":"","overlay-opacity":"","overlay-gradient":""},"mobile":{"background-color":"var(--ast-global-color-5)","background-image":"","background-repeat":"repeat","background-position":"center center","background-size":"auto","background-attachment":"scroll","background-type":"","background-media":"","overlay-type":"","overlay-color":"","overlay-opacity":"","overlay-gradient":""}},"yasr_overall_rating":0,"yasr_post_is_review":"","yasr_auto_insert_disabled":"","yasr_review_type":""},"product_brand":[],"product_cat":[21],"product_tag":[],"class_list":{"0":"post-1898","1":"product","2":"type-product","3":"status-publish","4":"has-post-thumbnail","6":"product_cat-washing-equipment","7":"desktop-align-left","8":"tablet-align-left","9":"mobile-align-left","11":"first","12":"instock","13":"shipping-taxable","14":"product-type-simple"},"yasr_visitor_votes":{"stars_attributes":{"read_only":false,"span_bottom":false},"number_of_votes":1,"sum_votes":5},"yoast_head":"<!-- This site is optimized with the Yoast SEO plugin v24.5 - https:\/\/yoast.com\/wordpress\/plugins\/seo\/ -->\n<title>Accurate Fast Pomegranate Processing Garding Machine - Fruit Processing Solution<\/title>\n<meta name=\"description\" content=\"This pomegranate grading processing machine can achieve accurate and fast grading based on multiple parameters such as weight, color, defects, and sugar content of the pomegranates.\" \/>\n<meta name=\"robots\" content=\"index, follow, max-snippet:-1, max-image-preview:large, max-video-preview:-1\" \/>\n<link rel=\"canonical\" href=\"https:\/\/www.fruiturnkey.com\/es\/product\/pomegranate-processing-garding-machine\/\" \/>\n<meta property=\"og:locale\" content=\"es_ES\" \/>\n<meta property=\"og:type\" content=\"article\" \/>\n<meta property=\"og:title\" content=\"Accurate Fast Pomegranate Processing Garding Machine - Fruit Processing Solution\" \/>\n<meta property=\"og:description\" content=\"This pomegranate grading processing machine can achieve accurate and fast grading based on multiple parameters such as weight, color, defects, and sugar content of the pomegranates.\" \/>\n<meta property=\"og:url\" content=\"https:\/\/www.fruiturnkey.com\/es\/product\/pomegranate-processing-garding-machine\/\" \/>\n<meta property=\"og:site_name\" content=\"Fruit Processing Solution\" \/>\n<meta property=\"article:modified_time\" content=\"2025-12-09T08:31:02+00:00\" \/>\n<meta property=\"og:image\" content=\"https:\/\/www.fruiturnkey.com\/wp-content\/uploads\/2025\/12\/72.jpg\" \/>\n\t<meta property=\"og:image:width\" content=\"600\" \/>\n\t<meta property=\"og:image:height\" content=\"600\" \/>\n\t<meta property=\"og:image:type\" content=\"image\/jpeg\" \/>\n<meta name=\"twitter:card\" content=\"summary_large_image\" \/>\n<meta name=\"twitter:label1\" content=\"Tiempo de lectura\" \/>\n\t<meta name=\"twitter:data1\" content=\"3 minutos\" \/>\n<script type=\"application\/ld+json\" class=\"yoast-schema-graph\">{\"@context\":\"https:\/\/schema.org\",\"@graph\":[{\"@type\":\"WebPage\",\"@id\":\"https:\/\/www.fruiturnkey.com\/product\/pomegranate-processing-garding-machine\/\",\"url\":\"https:\/\/www.fruiturnkey.com\/product\/pomegranate-processing-garding-machine\/\",\"name\":\"Accurate Fast Pomegranate Processing Garding Machine - Fruit Processing Solution\",\"isPartOf\":{\"@id\":\"https:\/\/www.fruiturnkey.com\/#website\"},\"primaryImageOfPage\":{\"@id\":\"https:\/\/www.fruiturnkey.com\/product\/pomegranate-processing-garding-machine\/#primaryimage\"},\"image\":{\"@id\":\"https:\/\/www.fruiturnkey.com\/product\/pomegranate-processing-garding-machine\/#primaryimage\"},\"thumbnailUrl\":\"https:\/\/www.fruiturnkey.com\/wp-content\/uploads\/2025\/12\/72.jpg\",\"datePublished\":\"2025-12-09T08:25:17+00:00\",\"dateModified\":\"2025-12-09T08:31:02+00:00\",\"description\":\"This pomegranate grading processing machine can achieve accurate and fast grading based on multiple parameters such as weight, color, defects, and sugar content of the pomegranates.\",\"breadcrumb\":{\"@id\":\"https:\/\/www.fruiturnkey.com\/product\/pomegranate-processing-garding-machine\/#breadcrumb\"},\"inLanguage\":\"es\",\"potentialAction\":[{\"@type\":\"ReadAction\",\"target\":[\"https:\/\/www.fruiturnkey.com\/product\/pomegranate-processing-garding-machine\/\"]}]},{\"@type\":\"ImageObject\",\"inLanguage\":\"es\",\"@id\":\"https:\/\/www.fruiturnkey.com\/product\/pomegranate-processing-garding-machine\/#primaryimage\",\"url\":\"https:\/\/www.fruiturnkey.com\/wp-content\/uploads\/2025\/12\/72.jpg\",\"contentUrl\":\"https:\/\/www.fruiturnkey.com\/wp-content\/uploads\/2025\/12\/72.jpg\",\"width\":600,\"height\":600,\"caption\":\"pomegranate grading machine\"},{\"@type\":\"BreadcrumbList\",\"@id\":\"https:\/\/www.fruiturnkey.com\/product\/pomegranate-processing-garding-machine\/#breadcrumb\",\"itemListElement\":[{\"@type\":\"ListItem\",\"position\":1,\"name\":\"Home\",\"item\":\"https:\/\/www.fruiturnkey.com\/\"},{\"@type\":\"ListItem\",\"position\":2,\"name\":\"Products\",\"item\":\"https:\/\/www.fruiturnkey.com\/product\/\"},{\"@type\":\"ListItem\",\"position\":3,\"name\":\"Accurate Fast Pomegranate Processing Garding Machine\"}]},{\"@type\":\"WebSite\",\"@id\":\"https:\/\/www.fruiturnkey.com\/#website\",\"url\":\"https:\/\/www.fruiturnkey.com\/\",\"name\":\"Fruit Processing Solution\",\"description\":\"\",\"publisher\":{\"@id\":\"https:\/\/www.fruiturnkey.com\/#organization\"},\"potentialAction\":[{\"@type\":\"SearchAction\",\"target\":{\"@type\":\"EntryPoint\",\"urlTemplate\":\"https:\/\/www.fruiturnkey.com\/?s={search_term_string}\"},\"query-input\":{\"@type\":\"PropertyValueSpecification\",\"valueRequired\":true,\"valueName\":\"search_term_string\"}}],\"inLanguage\":\"es\"},{\"@type\":\"Organization\",\"@id\":\"https:\/\/www.fruiturnkey.com\/#organization\",\"name\":\"Fruit Processing Solution\",\"url\":\"https:\/\/www.fruiturnkey.com\/\",\"logo\":{\"@type\":\"ImageObject\",\"inLanguage\":\"es\",\"@id\":\"https:\/\/www.fruiturnkey.com\/#\/schema\/logo\/image\/\",\"url\":\"https:\/\/www.fruiturnkey.com\/wp-content\/uploads\/2025\/03\/cropped-\u65b0\u7248LOGO.png\",\"contentUrl\":\"https:\/\/www.fruiturnkey.com\/wp-content\/uploads\/2025\/03\/cropped-\u65b0\u7248LOGO.png\",\"width\":1918,\"height\":639,\"caption\":\"Fruit Processing Solution\"},\"image\":{\"@id\":\"https:\/\/www.fruiturnkey.com\/#\/schema\/logo\/image\/\"}},false]}<\/script>\n<!-- \/ Yoast SEO plugin. -->","yoast_head_json":{"title":"Accurate Fast Pomegranate Processing Garding Machine - Fruit Processing Solution","description":"This pomegranate grading processing machine can achieve accurate and fast grading based on multiple parameters such as weight, color, defects, and sugar content of the pomegranates.","robots":{"index":"index","follow":"follow","max-snippet":"max-snippet:-1","max-image-preview":"max-image-preview:large","max-video-preview":"max-video-preview:-1"},"canonical":"https:\/\/www.fruiturnkey.com\/es\/product\/pomegranate-processing-garding-machine\/","og_locale":"es_ES","og_type":"article","og_title":"Accurate Fast Pomegranate Processing Garding Machine - Fruit Processing Solution","og_description":"This pomegranate grading processing machine can achieve accurate and fast grading based on multiple parameters such as weight, color, defects, and sugar content of the pomegranates.","og_url":"https:\/\/www.fruiturnkey.com\/es\/product\/pomegranate-processing-garding-machine\/","og_site_name":"Fruit Processing Solution","article_modified_time":"2025-12-09T08:31:02+00:00","og_image":[{"width":600,"height":600,"url":"https:\/\/www.fruiturnkey.com\/wp-content\/uploads\/2025\/12\/72.jpg","type":"image\/jpeg"}],"twitter_card":"summary_large_image","twitter_misc":{"Tiempo de lectura":"3 minutos"},"schema":{"@context":"https:\/\/schema.org","@graph":[{"@type":"WebPage","@id":"https:\/\/www.fruiturnkey.com\/product\/pomegranate-processing-garding-machine\/","url":"https:\/\/www.fruiturnkey.com\/product\/pomegranate-processing-garding-machine\/","name":"Accurate Fast Pomegranate Processing Garding Machine - Fruit Processing Solution","isPartOf":{"@id":"https:\/\/www.fruiturnkey.com\/#website"},"primaryImageOfPage":{"@id":"https:\/\/www.fruiturnkey.com\/product\/pomegranate-processing-garding-machine\/#primaryimage"},"image":{"@id":"https:\/\/www.fruiturnkey.com\/product\/pomegranate-processing-garding-machine\/#primaryimage"},"thumbnailUrl":"https:\/\/www.fruiturnkey.com\/wp-content\/uploads\/2025\/12\/72.jpg","datePublished":"2025-12-09T08:25:17+00:00","dateModified":"2025-12-09T08:31:02+00:00","description":"This pomegranate grading processing machine can achieve accurate and fast grading based on multiple parameters such as weight, color, defects, and sugar content of the pomegranates.","breadcrumb":{"@id":"https:\/\/www.fruiturnkey.com\/product\/pomegranate-processing-garding-machine\/#breadcrumb"},"inLanguage":"es","potentialAction":[{"@type":"ReadAction","target":["https:\/\/www.fruiturnkey.com\/product\/pomegranate-processing-garding-machine\/"]}]},{"@type":"ImageObject","inLanguage":"es","@id":"https:\/\/www.fruiturnkey.com\/product\/pomegranate-processing-garding-machine\/#primaryimage","url":"https:\/\/www.fruiturnkey.com\/wp-content\/uploads\/2025\/12\/72.jpg","contentUrl":"https:\/\/www.fruiturnkey.com\/wp-content\/uploads\/2025\/12\/72.jpg","width":600,"height":600,"caption":"pomegranate grading machine"},{"@type":"BreadcrumbList","@id":"https:\/\/www.fruiturnkey.com\/product\/pomegranate-processing-garding-machine\/#breadcrumb","itemListElement":[{"@type":"ListItem","position":1,"name":"Home","item":"https:\/\/www.fruiturnkey.com\/"},{"@type":"ListItem","position":2,"name":"Products","item":"https:\/\/www.fruiturnkey.com\/product\/"},{"@type":"ListItem","position":3,"name":"Accurate Fast Pomegranate Processing Garding Machine"}]},{"@type":"WebSite","@id":"https:\/\/www.fruiturnkey.com\/#website","url":"https:\/\/www.fruiturnkey.com\/","name":"Fruit Processing Solution","description":"","publisher":{"@id":"https:\/\/www.fruiturnkey.com\/#organization"},"potentialAction":[{"@type":"SearchAction","target":{"@type":"EntryPoint","urlTemplate":"https:\/\/www.fruiturnkey.com\/?s={search_term_string}"},"query-input":{"@type":"PropertyValueSpecification","valueRequired":true,"valueName":"search_term_string"}}],"inLanguage":"es"},{"@type":"Organization","@id":"https:\/\/www.fruiturnkey.com\/#organization","name":"Fruit Processing Solution","url":"https:\/\/www.fruiturnkey.com\/","logo":{"@type":"ImageObject","inLanguage":"es","@id":"https:\/\/www.fruiturnkey.com\/#\/schema\/logo\/image\/","url":"https:\/\/www.fruiturnkey.com\/wp-content\/uploads\/2025\/03\/cropped-\u65b0\u7248LOGO.png","contentUrl":"https:\/\/www.fruiturnkey.com\/wp-content\/uploads\/2025\/03\/cropped-\u65b0\u7248LOGO.png","width":1918,"height":639,"caption":"Fruit Processing Solution"},"image":{"@id":"https:\/\/www.fruiturnkey.com\/#\/schema\/logo\/image\/"}},false]}},"_links":{"self":[{"href":"https:\/\/www.fruiturnkey.com\/es\/wp-json\/wp\/v2\/product\/1898","targetHints":{"allow":["GET"]}}],"collection":[{"href":"https:\/\/www.fruiturnkey.com\/es\/wp-json\/wp\/v2\/product"}],"about":[{"href":"https:\/\/www.fruiturnkey.com\/es\/wp-json\/wp\/v2\/types\/product"}],"replies":[{"embeddable":true,"href":"https:\/\/www.fruiturnkey.com\/es\/wp-json\/wp\/v2\/comments?post=1898"}],"wp:featuredmedia":[{"embeddable":true,"href":"https:\/\/www.fruiturnkey.com\/es\/wp-json\/wp\/v2\/media\/1899"}],"wp:attachment":[{"href":"https:\/\/www.fruiturnkey.com\/es\/wp-json\/wp\/v2\/media?parent=1898"}],"wp:term":[{"taxonomy":"product_brand","embeddable":true,"href":"https:\/\/www.fruiturnkey.com\/es\/wp-json\/wp\/v2\/product_brand?post=1898"},{"taxonomy":"product_cat","embeddable":true,"href":"https:\/\/www.fruiturnkey.com\/es\/wp-json\/wp\/v2\/product_cat?post=1898"},{"taxonomy":"product_tag","embeddable":true,"href":"https:\/\/www.fruiturnkey.com\/es\/wp-json\/wp\/v2\/product_tag?post=1898"}],"curies":[{"name":"wp","href":"https:\/\/api.w.org\/{rel}","templated":true}]}}