{"id":1877,"date":"2025-11-18T16:35:58","date_gmt":"2025-11-18T08:35:58","guid":{"rendered":"https:\/\/www.fruiturnkey.com\/?post_type=product&#038;p=1877"},"modified":"2025-11-18T16:35:58","modified_gmt":"2025-11-18T08:35:58","slug":"fruit-vacuum-frying-machine","status":"publish","type":"product","link":"https:\/\/www.fruiturnkey.com\/es\/product\/fruit-vacuum-frying-machine\/","title":{"rendered":"M\u00e1quina autom\u00e1tica de fre\u00edr frutas al vac\u00edo con control PLC"},"content":{"rendered":"<p>La tecnolog\u00eda de fritura al vac\u00edo es una t\u00e9cnica de procesado fundamental en la industria de las chips de fruta. En comparaci\u00f3n con los m\u00e9todos de fritura tradicionales, la fritura al vac\u00edo puede completar el proceso de fritura y deshidrataci\u00f3n a temperaturas m\u00e1s bajas, preservando mejor el color, el aroma y los nutrientes originales de la fruta. Por ello, se utiliza ampliamente en el procesado de frutas de alta calidad, como chips de pl\u00e1tano, chips de manzana, kiwis secos y jackfruit.<\/p>\n<h2>Principio de funcionamiento de la m\u00e1quina de fre\u00edr frutas al vac\u00edo:<\/h2>\n<p>La tecnolog\u00eda principal de una freidora autom\u00e1tica al vac\u00edo consiste en realizar simult\u00e1neamente los procesos de fritura y deshidrataci\u00f3n. Cuando la fruta se coloca en un entorno de presi\u00f3n negativa, la presi\u00f3n absoluta dentro del equipo es inferior a la presi\u00f3n atmosf\u00e9rica, el punto de ebullici\u00f3n del agua desciende significativamente y el agua de la fruta se evapora r\u00e1pidamente.<\/p>\n<p><img fetchpriority=\"high\" decoding=\"async\" class=\"alignnone wp-image-1878 size-full\" src=\"https:\/\/www.fruiturnkey.com\/wp-content\/uploads\/2025\/11\/70.jpg\" alt=\"freidora autom\u00e1tica al vac\u00edo\" width=\"600\" height=\"400\" srcset=\"https:\/\/www.fruiturnkey.com\/wp-content\/uploads\/2025\/11\/70.jpg 600w, https:\/\/www.fruiturnkey.com\/wp-content\/uploads\/2025\/11\/70-300x200.jpg 300w, https:\/\/www.fruiturnkey.com\/wp-content\/uploads\/2025\/11\/70-18x12.jpg 18w, https:\/\/www.fruiturnkey.com\/wp-content\/uploads\/2025\/11\/70-24x16.jpg 24w, https:\/\/www.fruiturnkey.com\/wp-content\/uploads\/2025\/11\/70-36x24.jpg 36w, https:\/\/www.fruiturnkey.com\/wp-content\/uploads\/2025\/11\/70-48x32.jpg 48w, https:\/\/www.fruiturnkey.com\/wp-content\/uploads\/2025\/11\/70-400x267.jpg 400w\" sizes=\"(max-width: 600px) 100vw, 600px\" \/><\/p>\n<h2>M\u00e1quina autom\u00e1tica de fre\u00edr al vac\u00edo Estructura:<\/h2>\n<ul>\n<li>C\u00e1mara de fritura: Es la zona central para completar los procesos de fritura y deshidrataci\u00f3n, equipada con un sistema de calentamiento y control de temperatura.<\/li>\n<li>Tanque de almacenamiento de aceite: Se utiliza para almacenar y hacer circular el aceite de fritura, garantizando la limpieza y estabilidad del aceite.<\/li>\n<li>Intercambiador de calor: Proporciona una fuente de calor continua y estable para el proceso de fritura, mejorando la eficiencia t\u00e9rmica.<\/li>\n<li>Condensador: Condensa r\u00e1pidamente el vapor, separando el agua y una peque\u00f1a cantidad de aceite, reduciendo el consumo de energ\u00eda y la p\u00e9rdida de material.<\/li>\n<li>Sistema de vac\u00edo: Este sistema incluye una bomba de vac\u00edo y tuber\u00edas de vac\u00edo, que proporcionan un entorno de presi\u00f3n negativa para toda la m\u00e1quina, un componente crucial para garantizar la calidad del producto.<\/li>\n<\/ul>\n<h2>M\u00e1quina autom\u00e1tica de fre\u00edr al vac\u00edo Aplicaciones:<\/h2>\n<p>La m\u00e1quina para fre\u00edr fruta al vac\u00edo tiene una amplia gama de usos, especialmente indicada para producir diversas patatas fritas de fruta y aperitivos de fruta deshidratada. Las materias primas procesables incluyen: pl\u00e1tanos, manzanas, kiwis, caquis, melocotones, papayas, melones cantalupos, pi\u00f1as, jackfruit y otras frutas con alto contenido de az\u00facar y humedad. Adem\u00e1s de frutas, tambi\u00e9n puede utilizarse para deshidratar a baja temperatura y fre\u00edr algunas verduras, como zanahorias, boniatos morados y calabazas.<\/p>\n<p><img decoding=\"async\" class=\"alignnone wp-image-1879 size-full\" src=\"https:\/\/www.fruiturnkey.com\/wp-content\/uploads\/2025\/11\/70-1.jpg\" alt=\"fruta frita al vac\u00edo\" width=\"600\" height=\"400\" srcset=\"https:\/\/www.fruiturnkey.com\/wp-content\/uploads\/2025\/11\/70-1.jpg 600w, https:\/\/www.fruiturnkey.com\/wp-content\/uploads\/2025\/11\/70-1-300x200.jpg 300w, https:\/\/www.fruiturnkey.com\/wp-content\/uploads\/2025\/11\/70-1-18x12.jpg 18w, https:\/\/www.fruiturnkey.com\/wp-content\/uploads\/2025\/11\/70-1-24x16.jpg 24w, https:\/\/www.fruiturnkey.com\/wp-content\/uploads\/2025\/11\/70-1-36x24.jpg 36w, https:\/\/www.fruiturnkey.com\/wp-content\/uploads\/2025\/11\/70-1-48x32.jpg 48w, https:\/\/www.fruiturnkey.com\/wp-content\/uploads\/2025\/11\/70-1-400x267.jpg 400w\" sizes=\"(max-width: 600px) 100vw, 600px\" \/><\/p>\n<h2>Caracter\u00edsticas de la m\u00e1quina freidora al vac\u00edo para frutas:<\/h2>\n<p><strong>1. Dise\u00f1o de proceso integrado, bajo contenido de aceite, calidad estable<\/strong><\/p>\n<p>La m\u00e1quina de fritura al vac\u00edo integra m\u00faltiples procesos como el calentamiento, la fritura, el almacenamiento de aceite, la eliminaci\u00f3n de aceite, la deshidrataci\u00f3n y la filtraci\u00f3n de aceite en un \u00fanico sistema, completando la operaci\u00f3n de forma continua al vac\u00edo. Debido a la baja temperatura de fritura y a la r\u00e1pida deshidrataci\u00f3n, el producto final tiene un contenido de aceite significativamente inferior al de los alimentos fritos tradicionales, lo que da como resultado un sabor refrescante y no graso, al tiempo que conserva los nutrientes y el aroma originales de la fruta.<\/p>\n<p><strong>2. Sistema de control inteligente, seguro y fiable<\/strong><\/p>\n<p>La freidora al vac\u00edo de frutas utiliza un plc para controlar autom\u00e1ticamente par\u00e1metros clave como la temperatura y el nivel de vac\u00edo, evitando el sobrecalentamiento o la sobrepresi\u00f3n.<\/p>\n<p><strong>3. Sistema de separaci\u00f3n de aceite y agua de alta eficacia, que prolonga la vida \u00fatil del aceite.<\/strong><\/p>\n<p>El vapor de agua evaporado durante la fritura transporta trazas de aceite. El sistema integrado de separaci\u00f3n de aceite y agua enfr\u00eda y separa r\u00e1pidamente el aceite y el agua, reduciendo la contaminaci\u00f3n del agua circulante, minimizando la p\u00e9rdida de aceite y reduciendo los costes de producci\u00f3n.<\/p>\n<h2>Ventajas de fre\u00edr al vac\u00edo:<\/h2>\n<ul>\n<li>Excelente retenci\u00f3n del color: Reduce la oxidaci\u00f3n y el pardeamiento, preservando el color natural de la fruta.<\/li>\n<li>Preserva el aroma original: los componentes arom\u00e1ticos son menos propensos a volatilizarse a bajas temperaturas.<\/li>\n<li>Reduce el consumo de aceite y aumenta su tasa de reutilizaci\u00f3n.<\/li>\n<\/ul>\n\n<div class=\"wpcf7 no-js\" id=\"wpcf7-f1048-o1\" lang=\"en-US\" dir=\"ltr\" data-wpcf7-id=\"1048\">\n<div class=\"screen-reader-response\"><p role=\"status\" aria-live=\"polite\" aria-atomic=\"true\"><\/p> <ul><\/ul><\/div>\n<form action=\"\/es\/wp-json\/wp\/v2\/product\/1877#wpcf7-f1048-o1\" method=\"post\" class=\"wpcf7-form init\" aria-label=\"Formulario de contacto\" novalidate=\"novalidate\" data-status=\"init\" data-trp-original-action=\"\/es\/wp-json\/wp\/v2\/product\/1877#wpcf7-f1048-o1\">\n<div style=\"display: none;\">\n<input type=\"hidden\" name=\"_wpcf7\" value=\"1048\" \/>\n<input type=\"hidden\" name=\"_wpcf7_version\" value=\"6.0.4\" \/>\n<input type=\"hidden\" name=\"_wpcf7_locale\" value=\"en_US\" \/>\n<input type=\"hidden\" name=\"_wpcf7_unit_tag\" value=\"wpcf7-f1048-o1\" \/>\n<input type=\"hidden\" name=\"_wpcf7_container_post\" value=\"0\" \/>\n<input type=\"hidden\" name=\"_wpcf7_posted_data_hash\" value=\"\" \/>\n<\/div>\n<div style='border:1px solid #54B435;padding:15px'>\n\t<p><span style='font-weight:bold'>CONTACTO PARA PRESUPUESTO<\/span><br \/>\n<span style='display:block;width:100px;height:5px;background:#54B435'><\/span><br \/>\nSu informaci\u00f3n de contacto no ser\u00e1 publicada. Los campos obligatorios est\u00e1n marcados con *.\n\t<\/p>\n\t<p><label> Mensaje *<br \/>\n<span class=\"wpcf7-form-control-wrap\" data-name=\"your-message\"><textarea cols=\"40\" rows=\"10\" maxlength=\"2000\" class=\"wpcf7-form-control wpcf7-textarea wpcf7-validates-as-required\" aria-required=\"true\" aria-invalid=\"false\" name=\"your-message\"><\/textarea><\/span> <\/label>\n\t<\/p>\n\t<div style='float:left;width:48%;margin-right:4%'>\n\t\t<p><label> Su correo electr\u00f3nico *<br \/>\n<span class=\"wpcf7-form-control-wrap\" data-name=\"email\"><input size=\"40\" maxlength=\"400\" class=\"wpcf7-form-control wpcf7-email wpcf7-validates-as-required wpcf7-text wpcf7-validates-as-email\" aria-required=\"true\" aria-invalid=\"false\" value=\"\" type=\"email\" name=\"email\" \/><\/span> <\/label>\n\t\t<\/p>\n\t<\/div>\n\t<div style='float:left;width:48%'>\n\t\t<p><label> Su nombre<br \/>\n<span class=\"wpcf7-form-control-wrap\" data-name=\"yourname\"><input size=\"40\" maxlength=\"400\" class=\"wpcf7-form-control wpcf7-text\" aria-invalid=\"false\" value=\"\" type=\"text\" name=\"yourname\" \/><\/span> <\/label>\n\t\t<\/p>\n\t<\/div>\n\t<div style='float:left;width:48%;margin-right:4%'>\n\t\t<p><label> Tel\u00e9fono<br \/>\n<span class=\"wpcf7-form-control-wrap\" data-name=\"phone\"><input size=\"40\" maxlength=\"400\" class=\"wpcf7-form-control wpcf7-tel wpcf7-text wpcf7-validates-as-tel\" aria-invalid=\"false\" value=\"\" type=\"tel\" name=\"phone\" \/><\/span> <\/label>\n\t\t<\/p>\n\t<\/div>\n\t<div style='float:left;width:48%'>\n\t\t<p><label>Pa\u00eds<br \/>\n<span class=\"wpcf7-form-control-wrap\" data-name=\"country\"><input size=\"40\" maxlength=\"400\" class=\"wpcf7-form-control wpcf7-text\" aria-invalid=\"false\" value=\"\" type=\"text\" name=\"country\" \/><\/span> <\/label>\n\t\t<\/p>\n\t<\/div>\n\t<div style='float:left;width:48%;margin-right:4%'>\n\t\t<p><label> Empresa<br \/>\n<span class=\"wpcf7-form-control-wrap\" data-name=\"company\"><input size=\"40\" maxlength=\"400\" class=\"wpcf7-form-control wpcf7-text\" aria-invalid=\"false\" value=\"\" type=\"text\" name=\"company\" \/><\/span> <\/label>\n\t\t<\/p>\n\t<\/div>\n\t<div style='float:left;width:48%'>\n\t\t<p><label> P\u00e1gina web<br \/>\n<span class=\"wpcf7-form-control-wrap\" data-name=\"web\"><input size=\"40\" maxlength=\"400\" class=\"wpcf7-form-control wpcf7-text\" aria-invalid=\"false\" value=\"\" type=\"text\" name=\"web\" \/><\/span> <\/label>\n\t\t<\/p>\n\t<\/div>\n\t<div style='clear:both'>\n\t<\/div>\n\t<p><input class=\"wpcf7-form-control wpcf7-submit has-spinner\" type=\"submit\" value=\"Enviar\" \/>\n\t<\/p>\n<\/div><p style=\"display: none !important;\" class=\"akismet-fields-container\" data-prefix=\"_wpcf7_ak_\"><label>&#916;<textarea name=\"_wpcf7_ak_hp_textarea\" cols=\"45\" rows=\"8\" maxlength=\"100\"><\/textarea><\/label><input type=\"hidden\" id=\"ak_js_1\" name=\"_wpcf7_ak_js\" value=\"173\"\/><script>document.getElementById( \"ak_js_1\" ).setAttribute( \"value\", ( new Date() ).getTime() );<\/script><\/p><div class=\"wpcf7-response-output\" aria-hidden=\"true\"><\/div>\n<input type=\"hidden\" name=\"trp-form-language\" value=\"es\"\/><\/form>\n<\/div>\n\n<div style='text-align:left' class='yasr-auto-insert-visitor'><\/div>","protected":false},"excerpt":{"rendered":"<p>La freidora autom\u00e1tica de frutas al vac\u00edo puede realizar la fritura y la deshidrataci\u00f3n simult\u00e1neamente, tiene una amplia gama de aplicaciones y puede producir hasta 300 kg por lote.<\/p>","protected":false},"featured_media":1880,"comment_status":"open","ping_status":"closed","template":"","meta":{"site-sidebar-layout":"default","site-content-layout":"","ast-site-content-layout":"default","site-content-style":"default","site-sidebar-style":"default","ast-global-header-display":"","ast-banner-title-visibility":"","ast-main-header-display":"","ast-hfb-above-header-display":"","ast-hfb-below-header-display":"","ast-hfb-mobile-header-display":"","site-post-title":"","ast-breadcrumbs-content":"","ast-featured-img":"","footer-sml-layout":"","theme-transparent-header-meta":"default","adv-header-id-meta":"","stick-header-meta":"","header-above-stick-meta":"","header-main-stick-meta":"","header-below-stick-meta":"","astra-migrate-meta-layouts":"set","ast-page-background-enabled":"default","ast-page-background-meta":{"desktop":{"background-color":"var(--ast-global-color-4)","background-image":"","background-repeat":"repeat","background-position":"center center","background-size":"auto","background-attachment":"scroll","background-type":"","background-media":"","overlay-type":"","overlay-color":"","overlay-opacity":"","overlay-gradient":""},"tablet":{"background-color":"","background-image":"","background-repeat":"repeat","background-position":"center center","background-size":"auto","background-attachment":"scroll","background-type":"","background-media":"","overlay-type":"","overlay-color":"","overlay-opacity":"","overlay-gradient":""},"mobile":{"background-color":"","background-image":"","background-repeat":"repeat","background-position":"center center","background-size":"auto","background-attachment":"scroll","background-type":"","background-media":"","overlay-type":"","overlay-color":"","overlay-opacity":"","overlay-gradient":""}},"ast-content-background-meta":{"desktop":{"background-color":"var(--ast-global-color-5)","background-image":"","background-repeat":"repeat","background-position":"center center","background-size":"auto","background-attachment":"scroll","background-type":"","background-media":"","overlay-type":"","overlay-color":"","overlay-opacity":"","overlay-gradient":""},"tablet":{"background-color":"var(--ast-global-color-5)","background-image":"","background-repeat":"repeat","background-position":"center center","background-size":"auto","background-attachment":"scroll","background-type":"","background-media":"","overlay-type":"","overlay-color":"","overlay-opacity":"","overlay-gradient":""},"mobile":{"background-color":"var(--ast-global-color-5)","background-image":"","background-repeat":"repeat","background-position":"center center","background-size":"auto","background-attachment":"scroll","background-type":"","background-media":"","overlay-type":"","overlay-color":"","overlay-opacity":"","overlay-gradient":""}},"yasr_overall_rating":0,"yasr_post_is_review":"","yasr_auto_insert_disabled":"","yasr_review_type":""},"product_brand":[],"product_cat":[28],"product_tag":[],"class_list":{"0":"post-1877","1":"product","2":"type-product","3":"status-publish","4":"has-post-thumbnail","6":"product_cat-frying-equipment","7":"desktop-align-left","8":"tablet-align-left","9":"mobile-align-left","11":"first","12":"instock","13":"shipping-taxable","14":"product-type-simple"},"yasr_visitor_votes":{"stars_attributes":{"read_only":false,"span_bottom":false},"number_of_votes":1,"sum_votes":5},"yoast_head":"<!-- This site is optimized with the Yoast SEO plugin v24.5 - https:\/\/yoast.com\/wordpress\/plugins\/seo\/ -->\n<title>PLC Control Automatic Vacuum Frying Machine for Fruit - Fruit Processing Solution<\/title>\n<meta name=\"description\" content=\"The automatic fruit vacuum frying machine can perform frying and dehydration simultaneously, has a wide range of applications, and can produce up to 300 kg per batch.\" \/>\n<meta name=\"robots\" content=\"index, follow, max-snippet:-1, max-image-preview:large, max-video-preview:-1\" \/>\n<link rel=\"canonical\" href=\"https:\/\/www.fruiturnkey.com\/es\/product\/fruit-vacuum-frying-machine\/\" \/>\n<meta property=\"og:locale\" content=\"es_ES\" \/>\n<meta property=\"og:type\" content=\"article\" \/>\n<meta property=\"og:title\" content=\"PLC Control Automatic Vacuum Frying Machine for Fruit - Fruit Processing Solution\" \/>\n<meta property=\"og:description\" content=\"The automatic fruit vacuum frying machine can perform frying and dehydration simultaneously, has a wide range of applications, and can produce up to 300 kg per batch.\" \/>\n<meta property=\"og:url\" content=\"https:\/\/www.fruiturnkey.com\/es\/product\/fruit-vacuum-frying-machine\/\" \/>\n<meta property=\"og:site_name\" content=\"Fruit Processing Solution\" \/>\n<meta property=\"og:image\" content=\"https:\/\/www.fruiturnkey.com\/wp-content\/uploads\/2025\/11\/70-2.jpg\" \/>\n\t<meta property=\"og:image:width\" content=\"600\" \/>\n\t<meta property=\"og:image:height\" content=\"600\" \/>\n\t<meta property=\"og:image:type\" content=\"image\/jpeg\" \/>\n<meta name=\"twitter:card\" content=\"summary_large_image\" \/>\n<meta name=\"twitter:label1\" content=\"Tiempo de lectura\" \/>\n\t<meta name=\"twitter:data1\" content=\"3 minutos\" \/>\n<script type=\"application\/ld+json\" class=\"yoast-schema-graph\">{\"@context\":\"https:\/\/schema.org\",\"@graph\":[{\"@type\":\"WebPage\",\"@id\":\"https:\/\/www.fruiturnkey.com\/product\/fruit-vacuum-frying-machine\/\",\"url\":\"https:\/\/www.fruiturnkey.com\/product\/fruit-vacuum-frying-machine\/\",\"name\":\"PLC Control Automatic Vacuum Frying Machine for Fruit - Fruit Processing Solution\",\"isPartOf\":{\"@id\":\"https:\/\/www.fruiturnkey.com\/#website\"},\"primaryImageOfPage\":{\"@id\":\"https:\/\/www.fruiturnkey.com\/product\/fruit-vacuum-frying-machine\/#primaryimage\"},\"image\":{\"@id\":\"https:\/\/www.fruiturnkey.com\/product\/fruit-vacuum-frying-machine\/#primaryimage\"},\"thumbnailUrl\":\"https:\/\/www.fruiturnkey.com\/wp-content\/uploads\/2025\/11\/70-2.jpg\",\"datePublished\":\"2025-11-18T08:35:58+00:00\",\"description\":\"The automatic fruit vacuum frying machine can perform frying and dehydration simultaneously, has a wide range of applications, and can produce up to 300 kg per batch.\",\"breadcrumb\":{\"@id\":\"https:\/\/www.fruiturnkey.com\/product\/fruit-vacuum-frying-machine\/#breadcrumb\"},\"inLanguage\":\"es\",\"potentialAction\":[{\"@type\":\"ReadAction\",\"target\":[\"https:\/\/www.fruiturnkey.com\/product\/fruit-vacuum-frying-machine\/\"]}]},{\"@type\":\"ImageObject\",\"inLanguage\":\"es\",\"@id\":\"https:\/\/www.fruiturnkey.com\/product\/fruit-vacuum-frying-machine\/#primaryimage\",\"url\":\"https:\/\/www.fruiturnkey.com\/wp-content\/uploads\/2025\/11\/70-2.jpg\",\"contentUrl\":\"https:\/\/www.fruiturnkey.com\/wp-content\/uploads\/2025\/11\/70-2.jpg\",\"width\":600,\"height\":600,\"caption\":\"vacuum frying machine for fruit\"},{\"@type\":\"BreadcrumbList\",\"@id\":\"https:\/\/www.fruiturnkey.com\/product\/fruit-vacuum-frying-machine\/#breadcrumb\",\"itemListElement\":[{\"@type\":\"ListItem\",\"position\":1,\"name\":\"Home\",\"item\":\"https:\/\/www.fruiturnkey.com\/\"},{\"@type\":\"ListItem\",\"position\":2,\"name\":\"Products\",\"item\":\"https:\/\/www.fruiturnkey.com\/product\/\"},{\"@type\":\"ListItem\",\"position\":3,\"name\":\"PLC Control Automatic Vacuum Frying Machine for Fruit\"}]},{\"@type\":\"WebSite\",\"@id\":\"https:\/\/www.fruiturnkey.com\/#website\",\"url\":\"https:\/\/www.fruiturnkey.com\/\",\"name\":\"Fruit Processing Solution\",\"description\":\"\",\"publisher\":{\"@id\":\"https:\/\/www.fruiturnkey.com\/#organization\"},\"potentialAction\":[{\"@type\":\"SearchAction\",\"target\":{\"@type\":\"EntryPoint\",\"urlTemplate\":\"https:\/\/www.fruiturnkey.com\/?s={search_term_string}\"},\"query-input\":{\"@type\":\"PropertyValueSpecification\",\"valueRequired\":true,\"valueName\":\"search_term_string\"}}],\"inLanguage\":\"es\"},{\"@type\":\"Organization\",\"@id\":\"https:\/\/www.fruiturnkey.com\/#organization\",\"name\":\"Fruit Processing Solution\",\"url\":\"https:\/\/www.fruiturnkey.com\/\",\"logo\":{\"@type\":\"ImageObject\",\"inLanguage\":\"es\",\"@id\":\"https:\/\/www.fruiturnkey.com\/#\/schema\/logo\/image\/\",\"url\":\"https:\/\/www.fruiturnkey.com\/wp-content\/uploads\/2025\/03\/cropped-\u65b0\u7248LOGO.png\",\"contentUrl\":\"https:\/\/www.fruiturnkey.com\/wp-content\/uploads\/2025\/03\/cropped-\u65b0\u7248LOGO.png\",\"width\":1918,\"height\":639,\"caption\":\"Fruit Processing Solution\"},\"image\":{\"@id\":\"https:\/\/www.fruiturnkey.com\/#\/schema\/logo\/image\/\"}},false]}<\/script>\n<!-- \/ Yoast SEO plugin. -->","yoast_head_json":{"title":"PLC Control Automatic Vacuum Frying Machine for Fruit - Fruit Processing Solution","description":"The automatic fruit vacuum frying machine can perform frying and dehydration simultaneously, has a wide range of applications, and can produce up to 300 kg per batch.","robots":{"index":"index","follow":"follow","max-snippet":"max-snippet:-1","max-image-preview":"max-image-preview:large","max-video-preview":"max-video-preview:-1"},"canonical":"https:\/\/www.fruiturnkey.com\/es\/product\/fruit-vacuum-frying-machine\/","og_locale":"es_ES","og_type":"article","og_title":"PLC Control Automatic Vacuum Frying Machine for Fruit - Fruit Processing Solution","og_description":"The automatic fruit vacuum frying machine can perform frying and dehydration simultaneously, has a wide range of applications, and can produce up to 300 kg per batch.","og_url":"https:\/\/www.fruiturnkey.com\/es\/product\/fruit-vacuum-frying-machine\/","og_site_name":"Fruit Processing Solution","og_image":[{"width":600,"height":600,"url":"https:\/\/www.fruiturnkey.com\/wp-content\/uploads\/2025\/11\/70-2.jpg","type":"image\/jpeg"}],"twitter_card":"summary_large_image","twitter_misc":{"Tiempo de lectura":"3 minutos"},"schema":{"@context":"https:\/\/schema.org","@graph":[{"@type":"WebPage","@id":"https:\/\/www.fruiturnkey.com\/product\/fruit-vacuum-frying-machine\/","url":"https:\/\/www.fruiturnkey.com\/product\/fruit-vacuum-frying-machine\/","name":"PLC Control Automatic Vacuum Frying Machine for Fruit - Fruit Processing Solution","isPartOf":{"@id":"https:\/\/www.fruiturnkey.com\/#website"},"primaryImageOfPage":{"@id":"https:\/\/www.fruiturnkey.com\/product\/fruit-vacuum-frying-machine\/#primaryimage"},"image":{"@id":"https:\/\/www.fruiturnkey.com\/product\/fruit-vacuum-frying-machine\/#primaryimage"},"thumbnailUrl":"https:\/\/www.fruiturnkey.com\/wp-content\/uploads\/2025\/11\/70-2.jpg","datePublished":"2025-11-18T08:35:58+00:00","description":"The automatic fruit vacuum frying machine can perform frying and dehydration simultaneously, has a wide range of applications, and can produce up to 300 kg per batch.","breadcrumb":{"@id":"https:\/\/www.fruiturnkey.com\/product\/fruit-vacuum-frying-machine\/#breadcrumb"},"inLanguage":"es","potentialAction":[{"@type":"ReadAction","target":["https:\/\/www.fruiturnkey.com\/product\/fruit-vacuum-frying-machine\/"]}]},{"@type":"ImageObject","inLanguage":"es","@id":"https:\/\/www.fruiturnkey.com\/product\/fruit-vacuum-frying-machine\/#primaryimage","url":"https:\/\/www.fruiturnkey.com\/wp-content\/uploads\/2025\/11\/70-2.jpg","contentUrl":"https:\/\/www.fruiturnkey.com\/wp-content\/uploads\/2025\/11\/70-2.jpg","width":600,"height":600,"caption":"vacuum frying machine for fruit"},{"@type":"BreadcrumbList","@id":"https:\/\/www.fruiturnkey.com\/product\/fruit-vacuum-frying-machine\/#breadcrumb","itemListElement":[{"@type":"ListItem","position":1,"name":"Home","item":"https:\/\/www.fruiturnkey.com\/"},{"@type":"ListItem","position":2,"name":"Products","item":"https:\/\/www.fruiturnkey.com\/product\/"},{"@type":"ListItem","position":3,"name":"PLC Control Automatic Vacuum Frying Machine for Fruit"}]},{"@type":"WebSite","@id":"https:\/\/www.fruiturnkey.com\/#website","url":"https:\/\/www.fruiturnkey.com\/","name":"Fruit Processing Solution","description":"","publisher":{"@id":"https:\/\/www.fruiturnkey.com\/#organization"},"potentialAction":[{"@type":"SearchAction","target":{"@type":"EntryPoint","urlTemplate":"https:\/\/www.fruiturnkey.com\/?s={search_term_string}"},"query-input":{"@type":"PropertyValueSpecification","valueRequired":true,"valueName":"search_term_string"}}],"inLanguage":"es"},{"@type":"Organization","@id":"https:\/\/www.fruiturnkey.com\/#organization","name":"Fruit Processing Solution","url":"https:\/\/www.fruiturnkey.com\/","logo":{"@type":"ImageObject","inLanguage":"es","@id":"https:\/\/www.fruiturnkey.com\/#\/schema\/logo\/image\/","url":"https:\/\/www.fruiturnkey.com\/wp-content\/uploads\/2025\/03\/cropped-\u65b0\u7248LOGO.png","contentUrl":"https:\/\/www.fruiturnkey.com\/wp-content\/uploads\/2025\/03\/cropped-\u65b0\u7248LOGO.png","width":1918,"height":639,"caption":"Fruit Processing Solution"},"image":{"@id":"https:\/\/www.fruiturnkey.com\/#\/schema\/logo\/image\/"}},false]}},"_links":{"self":[{"href":"https:\/\/www.fruiturnkey.com\/es\/wp-json\/wp\/v2\/product\/1877","targetHints":{"allow":["GET"]}}],"collection":[{"href":"https:\/\/www.fruiturnkey.com\/es\/wp-json\/wp\/v2\/product"}],"about":[{"href":"https:\/\/www.fruiturnkey.com\/es\/wp-json\/wp\/v2\/types\/product"}],"replies":[{"embeddable":true,"href":"https:\/\/www.fruiturnkey.com\/es\/wp-json\/wp\/v2\/comments?post=1877"}],"wp:featuredmedia":[{"embeddable":true,"href":"https:\/\/www.fruiturnkey.com\/es\/wp-json\/wp\/v2\/media\/1880"}],"wp:attachment":[{"href":"https:\/\/www.fruiturnkey.com\/es\/wp-json\/wp\/v2\/media?parent=1877"}],"wp:term":[{"taxonomy":"product_brand","embeddable":true,"href":"https:\/\/www.fruiturnkey.com\/es\/wp-json\/wp\/v2\/product_brand?post=1877"},{"taxonomy":"product_cat","embeddable":true,"href":"https:\/\/www.fruiturnkey.com\/es\/wp-json\/wp\/v2\/product_cat?post=1877"},{"taxonomy":"product_tag","embeddable":true,"href":"https:\/\/www.fruiturnkey.com\/es\/wp-json\/wp\/v2\/product_tag?post=1877"}],"curies":[{"name":"wp","href":"https:\/\/api.w.org\/{rel}","templated":true}]}}