{"id":1827,"date":"2025-09-26T16:44:07","date_gmt":"2025-09-26T08:44:07","guid":{"rendered":"https:\/\/www.fruiturnkey.com\/?post_type=product&#038;p=1827"},"modified":"2025-09-26T16:45:41","modified_gmt":"2025-09-26T08:45:41","slug":"fruit-juice-sterilizer-machine","status":"publish","type":"product","link":"https:\/\/www.fruiturnkey.com\/es\/product\/fruit-juice-sterilizer-machine\/","title":{"rendered":"M\u00e1quina esterilizadora para pasteurizar jugo de frutas"},"content":{"rendered":"<p>La esterilizaci\u00f3n es un paso crucial en el proceso de producci\u00f3n de jugo de fruta. Tras ser exprimido, concentrado o mezclado, el jugo contiene todav\u00eda cierta cantidad de microorganismos y enzimas. Sin esterilizaci\u00f3n, el jugo de fruta puede deteriorarse, perder sabor y acortar su vida \u00fatil. Por ello, las l\u00edneas de producci\u00f3n de zumos suelen estar equipadas con eficaces m\u00e1quinas esterilizadoras de jugo para garantizar la calidad del jugo y la seguridad alimentaria.<\/p>\n<p>La pasteurizaci\u00f3n es un m\u00e9todo de esterilizaci\u00f3n a baja temperatura utilizado habitualmente en la producci\u00f3n de jugo. Su principio b\u00e1sico consiste en calentar el jugo de fruta a una temperatura de entre 85\u00b0C y 95\u00b0C durante un tiempo determinado (normalmente de 15 a 30 segundos) para eliminar eficazmente los agentes pat\u00f3genos y la mayor\u00eda de los microorganismos alterantes, preservando al mismo tiempo los nutrientes y el sabor natural del jugo. En comparaci\u00f3n con la esterilizaci\u00f3n a temperatura ultra alta (UHT), la pasteurizaci\u00f3n funciona a una temperatura m\u00e1s baja y reduce el da\u00f1o t\u00e9rmico, por lo que es m\u00e1s adecuada para el procesado del jugo y garantiza que se mantengan su sabor, color y aroma.<\/p>\n<p><img fetchpriority=\"high\" decoding=\"async\" class=\"alignnone wp-image-1829 size-full\" src=\"https:\/\/www.fruiturnkey.com\/wp-content\/uploads\/2025\/09\/63-1.jpg\" alt=\"l\u00ednea de producci\u00f3n de zumo\" width=\"600\" height=\"400\" srcset=\"https:\/\/www.fruiturnkey.com\/wp-content\/uploads\/2025\/09\/63-1.jpg 600w, https:\/\/www.fruiturnkey.com\/wp-content\/uploads\/2025\/09\/63-1-300x200.jpg 300w, https:\/\/www.fruiturnkey.com\/wp-content\/uploads\/2025\/09\/63-1-18x12.jpg 18w, https:\/\/www.fruiturnkey.com\/wp-content\/uploads\/2025\/09\/63-1-24x16.jpg 24w, https:\/\/www.fruiturnkey.com\/wp-content\/uploads\/2025\/09\/63-1-36x24.jpg 36w, https:\/\/www.fruiturnkey.com\/wp-content\/uploads\/2025\/09\/63-1-48x32.jpg 48w, https:\/\/www.fruiturnkey.com\/wp-content\/uploads\/2025\/09\/63-1-400x267.jpg 400w\" sizes=\"(max-width: 600px) 100vw, 600px\" \/><\/p>\n<h2>M\u00e1quina de pasteurizaci\u00f3n de jugo de frutas Caracter\u00edsticas:<\/h2>\n<ul>\n<li>Resistente a la coquizaci\u00f3n y largo tiempo de funcionamiento: La m\u00e1quina esterilizadora de jugo utiliza una estructura cient\u00edfica de calentamiento e intercambio de calor para evitar la formaci\u00f3n de sedimentos o coque durante el proceso de calentamiento, ampliando significativamente el tiempo de funcionamiento continuo, reduciendo la necesidad de frecuentes paradas y limpieza de la m\u00e1quina, y mejorando la eficiencia de la producci\u00f3n.<\/li>\n<li>Control PLC para un funcionamiento sencillo y preciso: La m\u00e1quina de pasteurizaci\u00f3n de jugo de frutas est\u00e1 controlada de forma inteligente por un controlador PLC, que ajusta y supervisa autom\u00e1ticamente par\u00e1metros como la temperatura de esterilizaci\u00f3n, el tiempo de mantenimiento y el caudal. Los operarios s\u00f3lo tienen que ajustar estos par\u00e1metros en el sistema para conseguir un proceso de esterilizaci\u00f3n preciso y estable.<\/li>\n<li>Sistema de limpieza CIP incorporado para facilitar la limpieza: La m\u00e1quina esterilizadora de jugo cuenta con una interfaz de limpieza CIP autom\u00e1tica incorporada, que permite una integraci\u00f3n perfecta con el sistema de limpieza de la f\u00e1brica. Este proceso de limpieza eficiente y exhaustivo no solo ahorra tiempo y trabajo, sino que tambi\u00e9n garantiza entornos de producci\u00f3n higi\u00e9nicos.<\/li>\n<\/ul>\n<p><iframe title=\"Reproductor de v\u00eddeo YouTube\" src=\"https:\/\/www.youtube.com\/embed\/IkYMo5qcv1c?si=R1TKnO-8OXan8hsI\" width=\"560\" height=\"315\" frameborder=\"0\" allowfullscreen=\"allowfullscreen\"><\/iframe><\/p>\n<h2>Aplicaciones de la m\u00e1quina esterilizadora de jugo:<\/h2>\n<p>Las m\u00e1quinas pasteurizadoras de jugo se utilizan ampliamente en la elaboraci\u00f3n de diversas bebidas a base de jugo, como:<\/p>\n<ol>\n<li>Jugo de mango: La pulpa del mango es rica en fibra, por lo que la pasteurizaci\u00f3n elimina los microorganismos sin da\u00f1ar el sabor, alargando la vida \u00fatil.<\/li>\n<li>Jugo de pi\u00f1a: El jugo de pi\u00f1a tiene una acidez elevada, por lo que la pasteurizaci\u00f3n inhibe eficazmente el crecimiento de levaduras y moho, mejorando la estabilidad del producto.<\/li>\n<li>Jugo de naranja: El jugo de naranja tiene un alto contenido en vitamina C, por lo que la pasteurizaci\u00f3n elimina las bacterias al tiempo que conserva los nutrientes y mantiene un sabor refrescante.<\/li>\n<li>Otros productos de jugo, como el jugo de manzana, el jugo de uva y los jugo mezclados, tambi\u00e9n pueden procesarse mediante pasteurizadores.<\/li>\n<\/ol>\n<p>Una m\u00e1quina esterilizadora de jugo es m\u00e1s que un simple aparato esterilizador; es el componente central de un<a href=\"https:\/\/www.fruiturnkey.com\/es\/product\/fruit-juice-production-line\/\"> l\u00ednea de producci\u00f3n de zumo<\/a>. Realiza las siguientes funciones:<\/p>\n<ul>\n<li>Garantiza la seguridad alimentaria: inactiva eficazmente los agentes pat\u00f3genos, garantizando que el jugo cumpla las normas de seguridad alimentaria.<\/li>\n<li>Prolonga la vida \u00fatilAl esterilizar, inhibe el crecimiento microbiano, garantizando que el jugo permanezca estable a temperatura ambiente o en condiciones de refrigeraci\u00f3n.<\/li>\n<li>Conserva el sabor del jugo: la pasteurizaci\u00f3n a baja temperatura minimiza la p\u00e9rdida de nutrientes y aroma.<\/li>\n<\/ul>\n\n<div class=\"wpcf7 no-js\" id=\"wpcf7-f1048-o1\" lang=\"en-US\" dir=\"ltr\" data-wpcf7-id=\"1048\">\n<div class=\"screen-reader-response\"><p role=\"status\" aria-live=\"polite\" aria-atomic=\"true\"><\/p> <ul><\/ul><\/div>\n<form action=\"\/es\/wp-json\/wp\/v2\/product\/1827#wpcf7-f1048-o1\" method=\"post\" class=\"wpcf7-form init\" aria-label=\"Formulario de contacto\" novalidate=\"novalidate\" data-status=\"init\" data-trp-original-action=\"\/es\/wp-json\/wp\/v2\/product\/1827#wpcf7-f1048-o1\">\n<div style=\"display: none;\">\n<input type=\"hidden\" name=\"_wpcf7\" value=\"1048\" \/>\n<input type=\"hidden\" name=\"_wpcf7_version\" value=\"6.0.4\" \/>\n<input type=\"hidden\" name=\"_wpcf7_locale\" value=\"en_US\" \/>\n<input type=\"hidden\" name=\"_wpcf7_unit_tag\" value=\"wpcf7-f1048-o1\" \/>\n<input type=\"hidden\" name=\"_wpcf7_container_post\" value=\"0\" \/>\n<input type=\"hidden\" name=\"_wpcf7_posted_data_hash\" value=\"\" \/>\n<\/div>\n<div style='border:1px solid #54B435;padding:15px'>\n\t<p><span style='font-weight:bold'>CONTACTO PARA PRESUPUESTO<\/span><br \/>\n<span style='display:block;width:100px;height:5px;background:#54B435'><\/span><br \/>\nSu informaci\u00f3n de contacto no ser\u00e1 publicada. Los campos obligatorios est\u00e1n marcados con *.\n\t<\/p>\n\t<p><label> Mensaje *<br \/>\n<span class=\"wpcf7-form-control-wrap\" data-name=\"your-message\"><textarea cols=\"40\" rows=\"10\" maxlength=\"2000\" class=\"wpcf7-form-control wpcf7-textarea wpcf7-validates-as-required\" aria-required=\"true\" aria-invalid=\"false\" name=\"your-message\"><\/textarea><\/span> <\/label>\n\t<\/p>\n\t<div style='float:left;width:48%;margin-right:4%'>\n\t\t<p><label> Su correo electr\u00f3nico *<br \/>\n<span class=\"wpcf7-form-control-wrap\" data-name=\"email\"><input size=\"40\" maxlength=\"400\" class=\"wpcf7-form-control wpcf7-email wpcf7-validates-as-required wpcf7-text wpcf7-validates-as-email\" aria-required=\"true\" aria-invalid=\"false\" value=\"\" type=\"email\" name=\"email\" \/><\/span> <\/label>\n\t\t<\/p>\n\t<\/div>\n\t<div style='float:left;width:48%'>\n\t\t<p><label> Su nombre<br \/>\n<span class=\"wpcf7-form-control-wrap\" data-name=\"yourname\"><input size=\"40\" maxlength=\"400\" class=\"wpcf7-form-control wpcf7-text\" aria-invalid=\"false\" value=\"\" type=\"text\" name=\"yourname\" \/><\/span> <\/label>\n\t\t<\/p>\n\t<\/div>\n\t<div style='float:left;width:48%;margin-right:4%'>\n\t\t<p><label> Tel\u00e9fono<br \/>\n<span class=\"wpcf7-form-control-wrap\" data-name=\"phone\"><input size=\"40\" maxlength=\"400\" class=\"wpcf7-form-control wpcf7-tel wpcf7-text wpcf7-validates-as-tel\" aria-invalid=\"false\" value=\"\" type=\"tel\" name=\"phone\" \/><\/span> <\/label>\n\t\t<\/p>\n\t<\/div>\n\t<div style='float:left;width:48%'>\n\t\t<p><label>Pa\u00eds<br \/>\n<span class=\"wpcf7-form-control-wrap\" data-name=\"country\"><input size=\"40\" maxlength=\"400\" class=\"wpcf7-form-control wpcf7-text\" aria-invalid=\"false\" value=\"\" type=\"text\" name=\"country\" \/><\/span> <\/label>\n\t\t<\/p>\n\t<\/div>\n\t<div style='float:left;width:48%;margin-right:4%'>\n\t\t<p><label> Empresa<br \/>\n<span class=\"wpcf7-form-control-wrap\" data-name=\"company\"><input size=\"40\" maxlength=\"400\" class=\"wpcf7-form-control wpcf7-text\" aria-invalid=\"false\" value=\"\" type=\"text\" name=\"company\" \/><\/span> <\/label>\n\t\t<\/p>\n\t<\/div>\n\t<div style='float:left;width:48%'>\n\t\t<p><label> P\u00e1gina web<br \/>\n<span class=\"wpcf7-form-control-wrap\" data-name=\"web\"><input size=\"40\" maxlength=\"400\" class=\"wpcf7-form-control wpcf7-text\" aria-invalid=\"false\" value=\"\" type=\"text\" name=\"web\" \/><\/span> <\/label>\n\t\t<\/p>\n\t<\/div>\n\t<div style='clear:both'>\n\t<\/div>\n\t<p><input class=\"wpcf7-form-control wpcf7-submit has-spinner\" type=\"submit\" value=\"Enviar\" \/>\n\t<\/p>\n<\/div><p style=\"display: none !important;\" class=\"akismet-fields-container\" data-prefix=\"_wpcf7_ak_\"><label>&#916;<textarea name=\"_wpcf7_ak_hp_textarea\" cols=\"45\" rows=\"8\" maxlength=\"100\"><\/textarea><\/label><input type=\"hidden\" id=\"ak_js_1\" name=\"_wpcf7_ak_js\" value=\"226\"\/><script>document.getElementById( \"ak_js_1\" ).setAttribute( \"value\", ( new Date() ).getTime() );<\/script><\/p><div class=\"wpcf7-response-output\" aria-hidden=\"true\"><\/div>\n<input type=\"hidden\" name=\"trp-form-language\" value=\"es\"\/><\/form>\n<\/div>\n\n<div style='text-align:left' class='yasr-auto-insert-visitor'><\/div>","protected":false},"excerpt":{"rendered":"<p>La m\u00e1quina esterilizadora de jugo calienta el jugode fruta a 85\u2103~95\u2103, matando eficazmente las bacterias pat\u00f3genas y la mayor\u00eda de los microorganismos de deterioro.<\/p>","protected":false},"featured_media":1828,"comment_status":"open","ping_status":"closed","template":"","meta":{"site-sidebar-layout":"default","site-content-layout":"","ast-site-content-layout":"default","site-content-style":"default","site-sidebar-style":"default","ast-global-header-display":"","ast-banner-title-visibility":"","ast-main-header-display":"","ast-hfb-above-header-display":"","ast-hfb-below-header-display":"","ast-hfb-mobile-header-display":"","site-post-title":"","ast-breadcrumbs-content":"","ast-featured-img":"","footer-sml-layout":"","theme-transparent-header-meta":"default","adv-header-id-meta":"","stick-header-meta":"","header-above-stick-meta":"","header-main-stick-meta":"","header-below-stick-meta":"","astra-migrate-meta-layouts":"set","ast-page-background-enabled":"default","ast-page-background-meta":{"desktop":{"background-color":"var(--ast-global-color-4)","background-image":"","background-repeat":"repeat","background-position":"center center","background-size":"auto","background-attachment":"scroll","background-type":"","background-media":"","overlay-type":"","overlay-color":"","overlay-opacity":"","overlay-gradient":""},"tablet":{"background-color":"","background-image":"","background-repeat":"repeat","background-position":"center center","background-size":"auto","background-attachment":"scroll","background-type":"","background-media":"","overlay-type":"","overlay-color":"","overlay-opacity":"","overlay-gradient":""},"mobile":{"background-color":"","background-image":"","background-repeat":"repeat","background-position":"center center","background-size":"auto","background-attachment":"scroll","background-type":"","background-media":"","overlay-type":"","overlay-color":"","overlay-opacity":"","overlay-gradient":""}},"ast-content-background-meta":{"desktop":{"background-color":"var(--ast-global-color-5)","background-image":"","background-repeat":"repeat","background-position":"center center","background-size":"auto","background-attachment":"scroll","background-type":"","background-media":"","overlay-type":"","overlay-color":"","overlay-opacity":"","overlay-gradient":""},"tablet":{"background-color":"var(--ast-global-color-5)","background-image":"","background-repeat":"repeat","background-position":"center center","background-size":"auto","background-attachment":"scroll","background-type":"","background-media":"","overlay-type":"","overlay-color":"","overlay-opacity":"","overlay-gradient":""},"mobile":{"background-color":"var(--ast-global-color-5)","background-image":"","background-repeat":"repeat","background-position":"center center","background-size":"auto","background-attachment":"scroll","background-type":"","background-media":"","overlay-type":"","overlay-color":"","overlay-opacity":"","overlay-gradient":""}},"yasr_overall_rating":0,"yasr_post_is_review":"","yasr_auto_insert_disabled":"","yasr_review_type":""},"product_brand":[],"product_cat":[29],"product_tag":[],"class_list":{"0":"post-1827","1":"product","2":"type-product","3":"status-publish","4":"has-post-thumbnail","6":"product_cat-sterilization-equipment","7":"desktop-align-left","8":"tablet-align-left","9":"mobile-align-left","11":"first","12":"instock","13":"shipping-taxable","14":"product-type-simple"},"yasr_visitor_votes":{"stars_attributes":{"read_only":false,"span_bottom":false},"number_of_votes":1,"sum_votes":5},"yoast_head":"<!-- This site is optimized with the Yoast SEO plugin v24.5 - https:\/\/yoast.com\/wordpress\/plugins\/seo\/ -->\n<title>PLC Control Fruit Juice Pasteurization Sterilizer Machine - Fruit Processing Solution<\/title>\n<meta name=\"description\" content=\"The juice sterilizer machine heats the fruit juice to 85\u2103~95\u2103, effectively killing pathogenic bacteria and most spoilage microorganisms.\" \/>\n<meta name=\"robots\" content=\"index, follow, max-snippet:-1, max-image-preview:large, max-video-preview:-1\" \/>\n<link rel=\"canonical\" href=\"https:\/\/www.fruiturnkey.com\/es\/product\/fruit-juice-sterilizer-machine\/\" \/>\n<meta property=\"og:locale\" content=\"es_ES\" \/>\n<meta property=\"og:type\" content=\"article\" \/>\n<meta property=\"og:title\" content=\"PLC Control Fruit Juice Pasteurization Sterilizer Machine - Fruit Processing Solution\" \/>\n<meta property=\"og:description\" content=\"The juice sterilizer machine heats the fruit juice to 85\u2103~95\u2103, effectively killing pathogenic bacteria and most spoilage microorganisms.\" \/>\n<meta property=\"og:url\" content=\"https:\/\/www.fruiturnkey.com\/es\/product\/fruit-juice-sterilizer-machine\/\" \/>\n<meta property=\"og:site_name\" content=\"Fruit Processing Solution\" \/>\n<meta property=\"article:modified_time\" content=\"2025-09-26T08:45:41+00:00\" \/>\n<meta property=\"og:image\" content=\"https:\/\/www.fruiturnkey.com\/wp-content\/uploads\/2025\/09\/63.jpg\" \/>\n\t<meta property=\"og:image:width\" content=\"600\" \/>\n\t<meta property=\"og:image:height\" content=\"600\" \/>\n\t<meta property=\"og:image:type\" content=\"image\/jpeg\" \/>\n<meta name=\"twitter:card\" content=\"summary_large_image\" \/>\n<meta name=\"twitter:label1\" content=\"Tiempo de lectura\" \/>\n\t<meta name=\"twitter:data1\" content=\"3 minutos\" \/>\n<script type=\"application\/ld+json\" class=\"yoast-schema-graph\">{\"@context\":\"https:\/\/schema.org\",\"@graph\":[{\"@type\":\"WebPage\",\"@id\":\"https:\/\/www.fruiturnkey.com\/product\/fruit-juice-sterilizer-machine\/\",\"url\":\"https:\/\/www.fruiturnkey.com\/product\/fruit-juice-sterilizer-machine\/\",\"name\":\"PLC Control Fruit Juice Pasteurization Sterilizer Machine - Fruit Processing Solution\",\"isPartOf\":{\"@id\":\"https:\/\/www.fruiturnkey.com\/#website\"},\"primaryImageOfPage\":{\"@id\":\"https:\/\/www.fruiturnkey.com\/product\/fruit-juice-sterilizer-machine\/#primaryimage\"},\"image\":{\"@id\":\"https:\/\/www.fruiturnkey.com\/product\/fruit-juice-sterilizer-machine\/#primaryimage\"},\"thumbnailUrl\":\"https:\/\/www.fruiturnkey.com\/wp-content\/uploads\/2025\/09\/63.jpg\",\"datePublished\":\"2025-09-26T08:44:07+00:00\",\"dateModified\":\"2025-09-26T08:45:41+00:00\",\"description\":\"The juice sterilizer machine heats the fruit juice to 85\u2103~95\u2103, effectively killing pathogenic bacteria and most spoilage microorganisms.\",\"breadcrumb\":{\"@id\":\"https:\/\/www.fruiturnkey.com\/product\/fruit-juice-sterilizer-machine\/#breadcrumb\"},\"inLanguage\":\"es\",\"potentialAction\":[{\"@type\":\"ReadAction\",\"target\":[\"https:\/\/www.fruiturnkey.com\/product\/fruit-juice-sterilizer-machine\/\"]}]},{\"@type\":\"ImageObject\",\"inLanguage\":\"es\",\"@id\":\"https:\/\/www.fruiturnkey.com\/product\/fruit-juice-sterilizer-machine\/#primaryimage\",\"url\":\"https:\/\/www.fruiturnkey.com\/wp-content\/uploads\/2025\/09\/63.jpg\",\"contentUrl\":\"https:\/\/www.fruiturnkey.com\/wp-content\/uploads\/2025\/09\/63.jpg\",\"width\":600,\"height\":600,\"caption\":\"juice sterilizer machine\"},{\"@type\":\"BreadcrumbList\",\"@id\":\"https:\/\/www.fruiturnkey.com\/product\/fruit-juice-sterilizer-machine\/#breadcrumb\",\"itemListElement\":[{\"@type\":\"ListItem\",\"position\":1,\"name\":\"Home\",\"item\":\"https:\/\/www.fruiturnkey.com\/\"},{\"@type\":\"ListItem\",\"position\":2,\"name\":\"Products\",\"item\":\"https:\/\/www.fruiturnkey.com\/product\/\"},{\"@type\":\"ListItem\",\"position\":3,\"name\":\"PLC Control Fruit Juice Pasteurization Sterilizer Machine\"}]},{\"@type\":\"WebSite\",\"@id\":\"https:\/\/www.fruiturnkey.com\/#website\",\"url\":\"https:\/\/www.fruiturnkey.com\/\",\"name\":\"Fruit Processing Solution\",\"description\":\"\",\"publisher\":{\"@id\":\"https:\/\/www.fruiturnkey.com\/#organization\"},\"potentialAction\":[{\"@type\":\"SearchAction\",\"target\":{\"@type\":\"EntryPoint\",\"urlTemplate\":\"https:\/\/www.fruiturnkey.com\/?s={search_term_string}\"},\"query-input\":{\"@type\":\"PropertyValueSpecification\",\"valueRequired\":true,\"valueName\":\"search_term_string\"}}],\"inLanguage\":\"es\"},{\"@type\":\"Organization\",\"@id\":\"https:\/\/www.fruiturnkey.com\/#organization\",\"name\":\"Fruit Processing Solution\",\"url\":\"https:\/\/www.fruiturnkey.com\/\",\"logo\":{\"@type\":\"ImageObject\",\"inLanguage\":\"es\",\"@id\":\"https:\/\/www.fruiturnkey.com\/#\/schema\/logo\/image\/\",\"url\":\"https:\/\/www.fruiturnkey.com\/wp-content\/uploads\/2025\/03\/cropped-\u65b0\u7248LOGO.png\",\"contentUrl\":\"https:\/\/www.fruiturnkey.com\/wp-content\/uploads\/2025\/03\/cropped-\u65b0\u7248LOGO.png\",\"width\":1918,\"height\":639,\"caption\":\"Fruit Processing Solution\"},\"image\":{\"@id\":\"https:\/\/www.fruiturnkey.com\/#\/schema\/logo\/image\/\"}},false]}<\/script>\n<!-- \/ Yoast SEO plugin. -->","yoast_head_json":{"title":"PLC Control Fruit Juice Pasteurization Sterilizer Machine - Fruit Processing Solution","description":"The juice sterilizer machine heats the fruit juice to 85\u2103~95\u2103, effectively killing pathogenic bacteria and most spoilage microorganisms.","robots":{"index":"index","follow":"follow","max-snippet":"max-snippet:-1","max-image-preview":"max-image-preview:large","max-video-preview":"max-video-preview:-1"},"canonical":"https:\/\/www.fruiturnkey.com\/es\/product\/fruit-juice-sterilizer-machine\/","og_locale":"es_ES","og_type":"article","og_title":"PLC Control Fruit Juice Pasteurization Sterilizer Machine - Fruit Processing Solution","og_description":"The juice sterilizer machine heats the fruit juice to 85\u2103~95\u2103, effectively killing pathogenic bacteria and most spoilage microorganisms.","og_url":"https:\/\/www.fruiturnkey.com\/es\/product\/fruit-juice-sterilizer-machine\/","og_site_name":"Fruit Processing Solution","article_modified_time":"2025-09-26T08:45:41+00:00","og_image":[{"width":600,"height":600,"url":"https:\/\/www.fruiturnkey.com\/wp-content\/uploads\/2025\/09\/63.jpg","type":"image\/jpeg"}],"twitter_card":"summary_large_image","twitter_misc":{"Tiempo de lectura":"3 minutos"},"schema":{"@context":"https:\/\/schema.org","@graph":[{"@type":"WebPage","@id":"https:\/\/www.fruiturnkey.com\/product\/fruit-juice-sterilizer-machine\/","url":"https:\/\/www.fruiturnkey.com\/product\/fruit-juice-sterilizer-machine\/","name":"PLC Control Fruit Juice Pasteurization Sterilizer Machine - Fruit Processing Solution","isPartOf":{"@id":"https:\/\/www.fruiturnkey.com\/#website"},"primaryImageOfPage":{"@id":"https:\/\/www.fruiturnkey.com\/product\/fruit-juice-sterilizer-machine\/#primaryimage"},"image":{"@id":"https:\/\/www.fruiturnkey.com\/product\/fruit-juice-sterilizer-machine\/#primaryimage"},"thumbnailUrl":"https:\/\/www.fruiturnkey.com\/wp-content\/uploads\/2025\/09\/63.jpg","datePublished":"2025-09-26T08:44:07+00:00","dateModified":"2025-09-26T08:45:41+00:00","description":"The juice sterilizer machine heats the fruit juice to 85\u2103~95\u2103, effectively killing pathogenic bacteria and most spoilage microorganisms.","breadcrumb":{"@id":"https:\/\/www.fruiturnkey.com\/product\/fruit-juice-sterilizer-machine\/#breadcrumb"},"inLanguage":"es","potentialAction":[{"@type":"ReadAction","target":["https:\/\/www.fruiturnkey.com\/product\/fruit-juice-sterilizer-machine\/"]}]},{"@type":"ImageObject","inLanguage":"es","@id":"https:\/\/www.fruiturnkey.com\/product\/fruit-juice-sterilizer-machine\/#primaryimage","url":"https:\/\/www.fruiturnkey.com\/wp-content\/uploads\/2025\/09\/63.jpg","contentUrl":"https:\/\/www.fruiturnkey.com\/wp-content\/uploads\/2025\/09\/63.jpg","width":600,"height":600,"caption":"juice sterilizer machine"},{"@type":"BreadcrumbList","@id":"https:\/\/www.fruiturnkey.com\/product\/fruit-juice-sterilizer-machine\/#breadcrumb","itemListElement":[{"@type":"ListItem","position":1,"name":"Home","item":"https:\/\/www.fruiturnkey.com\/"},{"@type":"ListItem","position":2,"name":"Products","item":"https:\/\/www.fruiturnkey.com\/product\/"},{"@type":"ListItem","position":3,"name":"PLC Control Fruit Juice Pasteurization Sterilizer Machine"}]},{"@type":"WebSite","@id":"https:\/\/www.fruiturnkey.com\/#website","url":"https:\/\/www.fruiturnkey.com\/","name":"Fruit Processing Solution","description":"","publisher":{"@id":"https:\/\/www.fruiturnkey.com\/#organization"},"potentialAction":[{"@type":"SearchAction","target":{"@type":"EntryPoint","urlTemplate":"https:\/\/www.fruiturnkey.com\/?s={search_term_string}"},"query-input":{"@type":"PropertyValueSpecification","valueRequired":true,"valueName":"search_term_string"}}],"inLanguage":"es"},{"@type":"Organization","@id":"https:\/\/www.fruiturnkey.com\/#organization","name":"Fruit Processing Solution","url":"https:\/\/www.fruiturnkey.com\/","logo":{"@type":"ImageObject","inLanguage":"es","@id":"https:\/\/www.fruiturnkey.com\/#\/schema\/logo\/image\/","url":"https:\/\/www.fruiturnkey.com\/wp-content\/uploads\/2025\/03\/cropped-\u65b0\u7248LOGO.png","contentUrl":"https:\/\/www.fruiturnkey.com\/wp-content\/uploads\/2025\/03\/cropped-\u65b0\u7248LOGO.png","width":1918,"height":639,"caption":"Fruit Processing Solution"},"image":{"@id":"https:\/\/www.fruiturnkey.com\/#\/schema\/logo\/image\/"}},false]}},"_links":{"self":[{"href":"https:\/\/www.fruiturnkey.com\/es\/wp-json\/wp\/v2\/product\/1827","targetHints":{"allow":["GET"]}}],"collection":[{"href":"https:\/\/www.fruiturnkey.com\/es\/wp-json\/wp\/v2\/product"}],"about":[{"href":"https:\/\/www.fruiturnkey.com\/es\/wp-json\/wp\/v2\/types\/product"}],"replies":[{"embeddable":true,"href":"https:\/\/www.fruiturnkey.com\/es\/wp-json\/wp\/v2\/comments?post=1827"}],"wp:featuredmedia":[{"embeddable":true,"href":"https:\/\/www.fruiturnkey.com\/es\/wp-json\/wp\/v2\/media\/1828"}],"wp:attachment":[{"href":"https:\/\/www.fruiturnkey.com\/es\/wp-json\/wp\/v2\/media?parent=1827"}],"wp:term":[{"taxonomy":"product_brand","embeddable":true,"href":"https:\/\/www.fruiturnkey.com\/es\/wp-json\/wp\/v2\/product_brand?post=1827"},{"taxonomy":"product_cat","embeddable":true,"href":"https:\/\/www.fruiturnkey.com\/es\/wp-json\/wp\/v2\/product_cat?post=1827"},{"taxonomy":"product_tag","embeddable":true,"href":"https:\/\/www.fruiturnkey.com\/es\/wp-json\/wp\/v2\/product_tag?post=1827"}],"curies":[{"name":"wp","href":"https:\/\/api.w.org\/{rel}","templated":true}]}}