{"id":1823,"date":"2025-09-23T16:43:09","date_gmt":"2025-09-23T08:43:09","guid":{"rendered":"https:\/\/www.fruiturnkey.com\/?post_type=product&#038;p=1823"},"modified":"2025-09-23T16:43:10","modified_gmt":"2025-09-23T08:43:10","slug":"prunes-processing-machine","status":"publish","type":"product","link":"https:\/\/www.fruiturnkey.com\/es\/product\/prunes-processing-machine\/","title":{"rendered":"M\u00e1quina procesadora de ciruelas pasas secas"},"content":{"rendered":"<p>Las ciruelas pasas son un aperitivo muy popular, conocido por su sabor agridulce y su alto valor nutritivo. Desde la limpieza de la ciruela pasa hasta el secado y envasado, cada paso requiere una m\u00e1quina procesadora de ciruelas pasa eficiente y fiable.<\/p>\n<h2>Flujo de trabajo de la m\u00e1quina de procesamiento de ciruelas secas\uff1a<\/h2>\n<ul>\n<li>Limpieza: Las ciruelas reci\u00e9n recolectadas suelen estar cubiertas de polvo, impurezas y posibles residuos de pesticidas. La limpieza elimina estas impurezas y garantiza unas condiciones higi\u00e9nicas para su posterior procesamiento.<\/li>\n<li>Deshuesado: Las ciruelas tienen huesos grandes, por lo que deshuesarlos no s\u00f3lo mejora la experiencia de comerlas, sino que tambi\u00e9n garantiza un calentamiento m\u00e1s uniforme durante el proceso de secado. (Algunos productores optan por no quitar los huesos).<\/li>\n<li>Secado: Tras limpiarlas y deshuesarlas, las ciruelas entran en el proceso de secado, utilizando aire caliente u otros m\u00e9todos de secado para reducir su contenido de humedad a entre 25-32%, el rango de humedad ideal para la ciruela deshidratada. Esto garantiza una textura y un sabor firmes, al tiempo que prolonga el tiempo de almacenamiento y evita la formaci\u00f3n de moho.<\/li>\n<\/ul>\n<p><img fetchpriority=\"high\" decoding=\"async\" class=\"alignnone wp-image-1826 size-full\" src=\"https:\/\/www.fruiturnkey.com\/wp-content\/uploads\/2025\/09\/62-2.jpg\" alt=\"M\u00e1quina procesadora de ciruelas secas\" width=\"600\" height=\"400\" srcset=\"https:\/\/www.fruiturnkey.com\/wp-content\/uploads\/2025\/09\/62-2.jpg 600w, https:\/\/www.fruiturnkey.com\/wp-content\/uploads\/2025\/09\/62-2-300x200.jpg 300w, https:\/\/www.fruiturnkey.com\/wp-content\/uploads\/2025\/09\/62-2-18x12.jpg 18w, https:\/\/www.fruiturnkey.com\/wp-content\/uploads\/2025\/09\/62-2-24x16.jpg 24w, https:\/\/www.fruiturnkey.com\/wp-content\/uploads\/2025\/09\/62-2-36x24.jpg 36w, https:\/\/www.fruiturnkey.com\/wp-content\/uploads\/2025\/09\/62-2-48x32.jpg 48w, https:\/\/www.fruiturnkey.com\/wp-content\/uploads\/2025\/09\/62-2-400x267.jpg 400w\" sizes=\"(max-width: 600px) 100vw, 600px\" \/><\/p>\n<h2>M\u00e1quina procesadora de ciruelas pasas:<\/h2>\n<p><strong>1. <a href=\"https:\/\/www.fruiturnkey.com\/es\/product\/apple-washing-machine\/\">Lavadora Plum<\/a>:<\/strong><\/p>\n<p>La lavadora emplea un sistema de circulaci\u00f3n por ba\u00f1o de agua con agitaci\u00f3n de burbujas para eliminar eficazmente la suciedad y los restos de la superficie de la fruta. Equipada con boquillas de pulverizaci\u00f3n multicapa para una limpieza a fondo, dispone de caudal de agua e intensidad de burbujas ajustables para adaptarse a ciruelas en distintos estados de maduraci\u00f3n.<\/p>\n<p><strong>2. M\u00e1quina de picado:<\/strong><\/p>\n<p>Elimina los huesos preservando la integridad de la pulpa de la fruta. Esta m\u00e1quina altamente automatizada procesa cientos de kilogramos de ciruelas por hora con gran precisi\u00f3n de deshuesado, minimizando el desperdicio de fruta.<\/p>\n<p><strong>3. M\u00e1quina secadora de ciruelas:<\/strong><\/p>\n<p>El secador es el equipo clave que determina la textura y la calidad de las ciruelas pasas. Los tipos m\u00e1s comunes son los secadores de circulaci\u00f3n de aire caliente, los secadores de cinta de malla continua y los secadores de t\u00fanel. La temperatura y la humedad del secador son controlables, lo que garantiza un secado uniforme. Estabiliza el contenido de humedad de las ciruelas pasas entre 25-32%, manteniendo su suavidad y alargando su vida \u00fatil.<\/p>\n<p><img decoding=\"async\" class=\"alignnone wp-image-1825 size-full\" src=\"https:\/\/www.fruiturnkey.com\/wp-content\/uploads\/2025\/09\/62-1.jpg\" alt=\"m\u00e1quina secadora de ciruelas\" width=\"600\" height=\"400\" srcset=\"https:\/\/www.fruiturnkey.com\/wp-content\/uploads\/2025\/09\/62-1.jpg 600w, https:\/\/www.fruiturnkey.com\/wp-content\/uploads\/2025\/09\/62-1-300x200.jpg 300w, https:\/\/www.fruiturnkey.com\/wp-content\/uploads\/2025\/09\/62-1-18x12.jpg 18w, https:\/\/www.fruiturnkey.com\/wp-content\/uploads\/2025\/09\/62-1-24x16.jpg 24w, https:\/\/www.fruiturnkey.com\/wp-content\/uploads\/2025\/09\/62-1-36x24.jpg 36w, https:\/\/www.fruiturnkey.com\/wp-content\/uploads\/2025\/09\/62-1-48x32.jpg 48w, https:\/\/www.fruiturnkey.com\/wp-content\/uploads\/2025\/09\/62-1-400x267.jpg 400w\" sizes=\"(max-width: 600px) 100vw, 600px\" \/><\/p>\n<h2>Equipamiento auxiliar opcional:<\/h2>\n<p>En funci\u00f3n de los requisitos de producci\u00f3n del cliente y del posicionamiento en el mercado, la m\u00e1quina procesadora de ciruelas pasas puede ampliarse con los siguientes equipos:<\/p>\n<p><strong>1. <a href=\"https:\/\/www.fruiturnkey.com\/es\/product\/high-precision-weight-sorting-for-mango-grading-machine\/\">Clasificadora<\/a>:<\/strong><\/p>\n<p>Clasifica las ciruelas por tama\u00f1o o peso antes de lavarlas o secarlas, mejorando la uniformidad durante el deshuesado y el secado.<\/p>\n<p><strong>2. Cortadora:<\/strong><\/p>\n<p>Algunos mercados prefieren las rodajas de ciruelas pasas a las ciruelas enteras. La cortadora procesa r\u00e1pidamente la fruta en rodajas, ampliando la variedad de productos.<\/p>\n<p><strong>3. Equipo de recubrimiento de az\u00facar o pretratamiento:<\/strong><\/p>\n<p>Antes del secado, algunos clientes recubren de az\u00facar o escaldan la ciruela para potenciar el sabor o conservar el color de la pulpa.<\/p>\n<h2>Ventajas de la m\u00e1quina procesadora de ciruelas pasas:<\/h2>\n<p>Alta automatizaci\u00f3n: Reduce significativamente los requisitos de mano de obra a la vez que aumenta la capacidad de producci\u00f3n y la estabilidad.<\/p>\n<p>Calidad constante del producto: El proceso totalmente controlable, desde el lavado hasta el secado, garantiza un color uniforme y una textura tierna en las ciruelas pasas.<\/p>\n<p>Gran adaptabilidad: Los equipos pueden configurarse de forma flexible para instalaciones de distintas escalas, adapt\u00e1ndose a operaciones desde peque\u00f1os talleres hasta producci\u00f3n a gran escala.<\/p>\n\n<div class=\"wpcf7 no-js\" id=\"wpcf7-f1048-o1\" lang=\"en-US\" dir=\"ltr\" data-wpcf7-id=\"1048\">\n<div class=\"screen-reader-response\"><p role=\"status\" aria-live=\"polite\" aria-atomic=\"true\"><\/p> <ul><\/ul><\/div>\n<form action=\"\/es\/wp-json\/wp\/v2\/product\/1823#wpcf7-f1048-o1\" method=\"post\" class=\"wpcf7-form init\" aria-label=\"Formulario de contacto\" novalidate=\"novalidate\" data-status=\"init\" data-trp-original-action=\"\/es\/wp-json\/wp\/v2\/product\/1823#wpcf7-f1048-o1\">\n<div style=\"display: none;\">\n<input type=\"hidden\" name=\"_wpcf7\" value=\"1048\" \/>\n<input type=\"hidden\" name=\"_wpcf7_version\" value=\"6.0.4\" \/>\n<input type=\"hidden\" name=\"_wpcf7_locale\" value=\"en_US\" \/>\n<input type=\"hidden\" name=\"_wpcf7_unit_tag\" value=\"wpcf7-f1048-o1\" \/>\n<input type=\"hidden\" name=\"_wpcf7_container_post\" value=\"0\" \/>\n<input type=\"hidden\" name=\"_wpcf7_posted_data_hash\" value=\"\" \/>\n<\/div>\n<div style='border:1px solid #54B435;padding:15px'>\n\t<p><span style='font-weight:bold'>CONTACTO PARA PRESUPUESTO<\/span><br \/>\n<span style='display:block;width:100px;height:5px;background:#54B435'><\/span><br \/>\nSu informaci\u00f3n de contacto no ser\u00e1 publicada. Los campos obligatorios est\u00e1n marcados con *.\n\t<\/p>\n\t<p><label> Mensaje *<br \/>\n<span class=\"wpcf7-form-control-wrap\" data-name=\"your-message\"><textarea cols=\"40\" rows=\"10\" maxlength=\"2000\" class=\"wpcf7-form-control wpcf7-textarea wpcf7-validates-as-required\" aria-required=\"true\" aria-invalid=\"false\" name=\"your-message\"><\/textarea><\/span> <\/label>\n\t<\/p>\n\t<div style='float:left;width:48%;margin-right:4%'>\n\t\t<p><label> Su correo electr\u00f3nico *<br \/>\n<span class=\"wpcf7-form-control-wrap\" data-name=\"email\"><input size=\"40\" maxlength=\"400\" class=\"wpcf7-form-control wpcf7-email wpcf7-validates-as-required wpcf7-text wpcf7-validates-as-email\" aria-required=\"true\" aria-invalid=\"false\" value=\"\" type=\"email\" name=\"email\" \/><\/span> <\/label>\n\t\t<\/p>\n\t<\/div>\n\t<div style='float:left;width:48%'>\n\t\t<p><label> Su nombre<br \/>\n<span class=\"wpcf7-form-control-wrap\" data-name=\"yourname\"><input size=\"40\" maxlength=\"400\" class=\"wpcf7-form-control wpcf7-text\" aria-invalid=\"false\" value=\"\" type=\"text\" name=\"yourname\" \/><\/span> <\/label>\n\t\t<\/p>\n\t<\/div>\n\t<div style='float:left;width:48%;margin-right:4%'>\n\t\t<p><label> Tel\u00e9fono<br \/>\n<span class=\"wpcf7-form-control-wrap\" data-name=\"phone\"><input size=\"40\" maxlength=\"400\" class=\"wpcf7-form-control wpcf7-tel wpcf7-text wpcf7-validates-as-tel\" aria-invalid=\"false\" value=\"\" type=\"tel\" name=\"phone\" \/><\/span> <\/label>\n\t\t<\/p>\n\t<\/div>\n\t<div style='float:left;width:48%'>\n\t\t<p><label>Pa\u00eds<br \/>\n<span class=\"wpcf7-form-control-wrap\" data-name=\"country\"><input size=\"40\" maxlength=\"400\" class=\"wpcf7-form-control wpcf7-text\" aria-invalid=\"false\" value=\"\" type=\"text\" name=\"country\" \/><\/span> <\/label>\n\t\t<\/p>\n\t<\/div>\n\t<div style='float:left;width:48%;margin-right:4%'>\n\t\t<p><label> Empresa<br \/>\n<span class=\"wpcf7-form-control-wrap\" data-name=\"company\"><input size=\"40\" maxlength=\"400\" class=\"wpcf7-form-control wpcf7-text\" aria-invalid=\"false\" value=\"\" type=\"text\" name=\"company\" \/><\/span> <\/label>\n\t\t<\/p>\n\t<\/div>\n\t<div style='float:left;width:48%'>\n\t\t<p><label> P\u00e1gina web<br \/>\n<span class=\"wpcf7-form-control-wrap\" data-name=\"web\"><input size=\"40\" maxlength=\"400\" class=\"wpcf7-form-control wpcf7-text\" aria-invalid=\"false\" value=\"\" type=\"text\" name=\"web\" \/><\/span> <\/label>\n\t\t<\/p>\n\t<\/div>\n\t<div style='clear:both'>\n\t<\/div>\n\t<p><input class=\"wpcf7-form-control wpcf7-submit has-spinner\" type=\"submit\" value=\"Enviar\" \/>\n\t<\/p>\n<\/div><p style=\"display: none !important;\" class=\"akismet-fields-container\" data-prefix=\"_wpcf7_ak_\"><label>&#916;<textarea name=\"_wpcf7_ak_hp_textarea\" cols=\"45\" rows=\"8\" maxlength=\"100\"><\/textarea><\/label><input type=\"hidden\" id=\"ak_js_1\" name=\"_wpcf7_ak_js\" value=\"21\"\/><script>document.getElementById( \"ak_js_1\" ).setAttribute( \"value\", ( new Date() ).getTime() );<\/script><\/p><div class=\"wpcf7-response-output\" aria-hidden=\"true\"><\/div>\n<input type=\"hidden\" name=\"trp-form-language\" value=\"es\"\/><\/form>\n<\/div>\n\n<div style='text-align:left' class='yasr-auto-insert-visitor'><\/div>","protected":false},"excerpt":{"rendered":"<p>Las m\u00e1quinas de procesamiento de ciruelas pasas incluyen lavadora, deshuesadora, secadora, etc.<\/p>","protected":false},"featured_media":1824,"comment_status":"open","ping_status":"closed","template":"","meta":{"site-sidebar-layout":"default","site-content-layout":"","ast-site-content-layout":"default","site-content-style":"default","site-sidebar-style":"default","ast-global-header-display":"","ast-banner-title-visibility":"","ast-main-header-display":"","ast-hfb-above-header-display":"","ast-hfb-below-header-display":"","ast-hfb-mobile-header-display":"","site-post-title":"","ast-breadcrumbs-content":"","ast-featured-img":"","footer-sml-layout":"","theme-transparent-header-meta":"default","adv-header-id-meta":"","stick-header-meta":"","header-above-stick-meta":"","header-main-stick-meta":"","header-below-stick-meta":"","astra-migrate-meta-layouts":"set","ast-page-background-enabled":"default","ast-page-background-meta":{"desktop":{"background-color":"var(--ast-global-color-4)","background-image":"","background-repeat":"repeat","background-position":"center center","background-size":"auto","background-attachment":"scroll","background-type":"","background-media":"","overlay-type":"","overlay-color":"","overlay-opacity":"","overlay-gradient":""},"tablet":{"background-color":"","background-image":"","background-repeat":"repeat","background-position":"center center","background-size":"auto","background-attachment":"scroll","background-type":"","background-media":"","overlay-type":"","overlay-color":"","overlay-opacity":"","overlay-gradient":""},"mobile":{"background-color":"","background-image":"","background-repeat":"repeat","background-position":"center center","background-size":"auto","background-attachment":"scroll","background-type":"","background-media":"","overlay-type":"","overlay-color":"","overlay-opacity":"","overlay-gradient":""}},"ast-content-background-meta":{"desktop":{"background-color":"var(--ast-global-color-5)","background-image":"","background-repeat":"repeat","background-position":"center center","background-size":"auto","background-attachment":"scroll","background-type":"","background-media":"","overlay-type":"","overlay-color":"","overlay-opacity":"","overlay-gradient":""},"tablet":{"background-color":"var(--ast-global-color-5)","background-image":"","background-repeat":"repeat","background-position":"center center","background-size":"auto","background-attachment":"scroll","background-type":"","background-media":"","overlay-type":"","overlay-color":"","overlay-opacity":"","overlay-gradient":""},"mobile":{"background-color":"var(--ast-global-color-5)","background-image":"","background-repeat":"repeat","background-position":"center center","background-size":"auto","background-attachment":"scroll","background-type":"","background-media":"","overlay-type":"","overlay-color":"","overlay-opacity":"","overlay-gradient":""}},"yasr_overall_rating":0,"yasr_post_is_review":"","yasr_auto_insert_disabled":"","yasr_review_type":""},"product_brand":[],"product_cat":[17],"product_tag":[],"class_list":{"0":"post-1823","1":"product","2":"type-product","3":"status-publish","4":"has-post-thumbnail","6":"product_cat-drying-equipment","7":"desktop-align-left","8":"tablet-align-left","9":"mobile-align-left","11":"first","12":"instock","13":"shipping-taxable","14":"product-type-simple"},"yasr_visitor_votes":{"stars_attributes":{"read_only":false,"span_bottom":false},"number_of_votes":1,"sum_votes":5},"yoast_head":"<!-- This site is optimized with the Yoast SEO plugin v24.5 - https:\/\/yoast.com\/wordpress\/plugins\/seo\/ -->\n<title>Dried Plum Prunes Drying Processing Machine - Fruit Processing Solution<\/title>\n<meta name=\"description\" content=\"The prunes processing machine include washing machine, pitting machine, drying machine, etc.\" \/>\n<meta name=\"robots\" content=\"index, follow, max-snippet:-1, max-image-preview:large, max-video-preview:-1\" \/>\n<link rel=\"canonical\" href=\"https:\/\/www.fruiturnkey.com\/es\/product\/prunes-processing-machine\/\" \/>\n<meta property=\"og:locale\" content=\"es_ES\" \/>\n<meta property=\"og:type\" content=\"article\" \/>\n<meta property=\"og:title\" content=\"Dried Plum Prunes Drying Processing Machine - Fruit Processing Solution\" \/>\n<meta property=\"og:description\" content=\"The prunes processing machine include washing machine, pitting machine, drying machine, etc.\" \/>\n<meta property=\"og:url\" content=\"https:\/\/www.fruiturnkey.com\/es\/product\/prunes-processing-machine\/\" \/>\n<meta property=\"og:site_name\" content=\"Fruit Processing Solution\" \/>\n<meta property=\"article:modified_time\" content=\"2025-09-23T08:43:10+00:00\" \/>\n<meta property=\"og:image\" content=\"https:\/\/www.fruiturnkey.com\/wp-content\/uploads\/2025\/09\/62.jpg\" \/>\n\t<meta property=\"og:image:width\" content=\"600\" \/>\n\t<meta property=\"og:image:height\" content=\"600\" \/>\n\t<meta property=\"og:image:type\" content=\"image\/jpeg\" \/>\n<meta name=\"twitter:card\" content=\"summary_large_image\" \/>\n<meta name=\"twitter:label1\" content=\"Tiempo de lectura\" \/>\n\t<meta name=\"twitter:data1\" content=\"3 minutos\" \/>\n<script type=\"application\/ld+json\" class=\"yoast-schema-graph\">{\"@context\":\"https:\/\/schema.org\",\"@graph\":[{\"@type\":\"WebPage\",\"@id\":\"https:\/\/www.fruiturnkey.com\/product\/prunes-processing-machine\/\",\"url\":\"https:\/\/www.fruiturnkey.com\/product\/prunes-processing-machine\/\",\"name\":\"Dried Plum Prunes Drying Processing Machine - Fruit Processing Solution\",\"isPartOf\":{\"@id\":\"https:\/\/www.fruiturnkey.com\/#website\"},\"primaryImageOfPage\":{\"@id\":\"https:\/\/www.fruiturnkey.com\/product\/prunes-processing-machine\/#primaryimage\"},\"image\":{\"@id\":\"https:\/\/www.fruiturnkey.com\/product\/prunes-processing-machine\/#primaryimage\"},\"thumbnailUrl\":\"https:\/\/www.fruiturnkey.com\/wp-content\/uploads\/2025\/09\/62.jpg\",\"datePublished\":\"2025-09-23T08:43:09+00:00\",\"dateModified\":\"2025-09-23T08:43:10+00:00\",\"description\":\"The prunes processing machine include washing machine, pitting machine, drying machine, etc.\",\"breadcrumb\":{\"@id\":\"https:\/\/www.fruiturnkey.com\/product\/prunes-processing-machine\/#breadcrumb\"},\"inLanguage\":\"es\",\"potentialAction\":[{\"@type\":\"ReadAction\",\"target\":[\"https:\/\/www.fruiturnkey.com\/product\/prunes-processing-machine\/\"]}]},{\"@type\":\"ImageObject\",\"inLanguage\":\"es\",\"@id\":\"https:\/\/www.fruiturnkey.com\/product\/prunes-processing-machine\/#primaryimage\",\"url\":\"https:\/\/www.fruiturnkey.com\/wp-content\/uploads\/2025\/09\/62.jpg\",\"contentUrl\":\"https:\/\/www.fruiturnkey.com\/wp-content\/uploads\/2025\/09\/62.jpg\",\"width\":600,\"height\":600,\"caption\":\"prunes processing machine\"},{\"@type\":\"BreadcrumbList\",\"@id\":\"https:\/\/www.fruiturnkey.com\/product\/prunes-processing-machine\/#breadcrumb\",\"itemListElement\":[{\"@type\":\"ListItem\",\"position\":1,\"name\":\"Home\",\"item\":\"https:\/\/www.fruiturnkey.com\/\"},{\"@type\":\"ListItem\",\"position\":2,\"name\":\"Products\",\"item\":\"https:\/\/www.fruiturnkey.com\/product\/\"},{\"@type\":\"ListItem\",\"position\":3,\"name\":\"Dried Plum Prunes Drying Processing Machine\"}]},{\"@type\":\"WebSite\",\"@id\":\"https:\/\/www.fruiturnkey.com\/#website\",\"url\":\"https:\/\/www.fruiturnkey.com\/\",\"name\":\"Fruit Processing Solution\",\"description\":\"\",\"publisher\":{\"@id\":\"https:\/\/www.fruiturnkey.com\/#organization\"},\"potentialAction\":[{\"@type\":\"SearchAction\",\"target\":{\"@type\":\"EntryPoint\",\"urlTemplate\":\"https:\/\/www.fruiturnkey.com\/?s={search_term_string}\"},\"query-input\":{\"@type\":\"PropertyValueSpecification\",\"valueRequired\":true,\"valueName\":\"search_term_string\"}}],\"inLanguage\":\"es\"},{\"@type\":\"Organization\",\"@id\":\"https:\/\/www.fruiturnkey.com\/#organization\",\"name\":\"Fruit Processing Solution\",\"url\":\"https:\/\/www.fruiturnkey.com\/\",\"logo\":{\"@type\":\"ImageObject\",\"inLanguage\":\"es\",\"@id\":\"https:\/\/www.fruiturnkey.com\/#\/schema\/logo\/image\/\",\"url\":\"https:\/\/www.fruiturnkey.com\/wp-content\/uploads\/2025\/03\/cropped-\u65b0\u7248LOGO.png\",\"contentUrl\":\"https:\/\/www.fruiturnkey.com\/wp-content\/uploads\/2025\/03\/cropped-\u65b0\u7248LOGO.png\",\"width\":1918,\"height\":639,\"caption\":\"Fruit Processing Solution\"},\"image\":{\"@id\":\"https:\/\/www.fruiturnkey.com\/#\/schema\/logo\/image\/\"}},false]}<\/script>\n<!-- \/ Yoast SEO plugin. -->","yoast_head_json":{"title":"Dried Plum Prunes Drying Processing Machine - Fruit Processing Solution","description":"The prunes processing machine include washing machine, pitting machine, drying machine, etc.","robots":{"index":"index","follow":"follow","max-snippet":"max-snippet:-1","max-image-preview":"max-image-preview:large","max-video-preview":"max-video-preview:-1"},"canonical":"https:\/\/www.fruiturnkey.com\/es\/product\/prunes-processing-machine\/","og_locale":"es_ES","og_type":"article","og_title":"Dried Plum Prunes Drying Processing Machine - Fruit Processing Solution","og_description":"The prunes processing machine include washing machine, pitting machine, drying machine, etc.","og_url":"https:\/\/www.fruiturnkey.com\/es\/product\/prunes-processing-machine\/","og_site_name":"Fruit Processing Solution","article_modified_time":"2025-09-23T08:43:10+00:00","og_image":[{"width":600,"height":600,"url":"https:\/\/www.fruiturnkey.com\/wp-content\/uploads\/2025\/09\/62.jpg","type":"image\/jpeg"}],"twitter_card":"summary_large_image","twitter_misc":{"Tiempo de lectura":"3 minutos"},"schema":{"@context":"https:\/\/schema.org","@graph":[{"@type":"WebPage","@id":"https:\/\/www.fruiturnkey.com\/product\/prunes-processing-machine\/","url":"https:\/\/www.fruiturnkey.com\/product\/prunes-processing-machine\/","name":"Dried Plum Prunes Drying Processing Machine - Fruit Processing Solution","isPartOf":{"@id":"https:\/\/www.fruiturnkey.com\/#website"},"primaryImageOfPage":{"@id":"https:\/\/www.fruiturnkey.com\/product\/prunes-processing-machine\/#primaryimage"},"image":{"@id":"https:\/\/www.fruiturnkey.com\/product\/prunes-processing-machine\/#primaryimage"},"thumbnailUrl":"https:\/\/www.fruiturnkey.com\/wp-content\/uploads\/2025\/09\/62.jpg","datePublished":"2025-09-23T08:43:09+00:00","dateModified":"2025-09-23T08:43:10+00:00","description":"The prunes processing machine include washing machine, pitting machine, drying machine, etc.","breadcrumb":{"@id":"https:\/\/www.fruiturnkey.com\/product\/prunes-processing-machine\/#breadcrumb"},"inLanguage":"es","potentialAction":[{"@type":"ReadAction","target":["https:\/\/www.fruiturnkey.com\/product\/prunes-processing-machine\/"]}]},{"@type":"ImageObject","inLanguage":"es","@id":"https:\/\/www.fruiturnkey.com\/product\/prunes-processing-machine\/#primaryimage","url":"https:\/\/www.fruiturnkey.com\/wp-content\/uploads\/2025\/09\/62.jpg","contentUrl":"https:\/\/www.fruiturnkey.com\/wp-content\/uploads\/2025\/09\/62.jpg","width":600,"height":600,"caption":"prunes processing machine"},{"@type":"BreadcrumbList","@id":"https:\/\/www.fruiturnkey.com\/product\/prunes-processing-machine\/#breadcrumb","itemListElement":[{"@type":"ListItem","position":1,"name":"Home","item":"https:\/\/www.fruiturnkey.com\/"},{"@type":"ListItem","position":2,"name":"Products","item":"https:\/\/www.fruiturnkey.com\/product\/"},{"@type":"ListItem","position":3,"name":"Dried Plum Prunes Drying Processing Machine"}]},{"@type":"WebSite","@id":"https:\/\/www.fruiturnkey.com\/#website","url":"https:\/\/www.fruiturnkey.com\/","name":"Fruit Processing Solution","description":"","publisher":{"@id":"https:\/\/www.fruiturnkey.com\/#organization"},"potentialAction":[{"@type":"SearchAction","target":{"@type":"EntryPoint","urlTemplate":"https:\/\/www.fruiturnkey.com\/?s={search_term_string}"},"query-input":{"@type":"PropertyValueSpecification","valueRequired":true,"valueName":"search_term_string"}}],"inLanguage":"es"},{"@type":"Organization","@id":"https:\/\/www.fruiturnkey.com\/#organization","name":"Fruit Processing Solution","url":"https:\/\/www.fruiturnkey.com\/","logo":{"@type":"ImageObject","inLanguage":"es","@id":"https:\/\/www.fruiturnkey.com\/#\/schema\/logo\/image\/","url":"https:\/\/www.fruiturnkey.com\/wp-content\/uploads\/2025\/03\/cropped-\u65b0\u7248LOGO.png","contentUrl":"https:\/\/www.fruiturnkey.com\/wp-content\/uploads\/2025\/03\/cropped-\u65b0\u7248LOGO.png","width":1918,"height":639,"caption":"Fruit Processing Solution"},"image":{"@id":"https:\/\/www.fruiturnkey.com\/#\/schema\/logo\/image\/"}},false]}},"_links":{"self":[{"href":"https:\/\/www.fruiturnkey.com\/es\/wp-json\/wp\/v2\/product\/1823","targetHints":{"allow":["GET"]}}],"collection":[{"href":"https:\/\/www.fruiturnkey.com\/es\/wp-json\/wp\/v2\/product"}],"about":[{"href":"https:\/\/www.fruiturnkey.com\/es\/wp-json\/wp\/v2\/types\/product"}],"replies":[{"embeddable":true,"href":"https:\/\/www.fruiturnkey.com\/es\/wp-json\/wp\/v2\/comments?post=1823"}],"wp:featuredmedia":[{"embeddable":true,"href":"https:\/\/www.fruiturnkey.com\/es\/wp-json\/wp\/v2\/media\/1824"}],"wp:attachment":[{"href":"https:\/\/www.fruiturnkey.com\/es\/wp-json\/wp\/v2\/media?parent=1823"}],"wp:term":[{"taxonomy":"product_brand","embeddable":true,"href":"https:\/\/www.fruiturnkey.com\/es\/wp-json\/wp\/v2\/product_brand?post=1823"},{"taxonomy":"product_cat","embeddable":true,"href":"https:\/\/www.fruiturnkey.com\/es\/wp-json\/wp\/v2\/product_cat?post=1823"},{"taxonomy":"product_tag","embeddable":true,"href":"https:\/\/www.fruiturnkey.com\/es\/wp-json\/wp\/v2\/product_tag?post=1823"}],"curies":[{"name":"wp","href":"https:\/\/api.w.org\/{rel}","templated":true}]}}