{"id":1807,"date":"2025-09-12T16:58:53","date_gmt":"2025-09-12T08:58:53","guid":{"rendered":"https:\/\/www.fruiturnkey.com\/?post_type=product&#038;p=1807"},"modified":"2025-09-12T17:04:17","modified_gmt":"2025-09-12T09:04:17","slug":"banana-puree-production-line","status":"publish","type":"product","link":"https:\/\/www.fruiturnkey.com\/es\/product\/banana-puree-production-line\/","title":{"rendered":"L\u00ednea de producci\u00f3n de pur\u00e9 de pl\u00e1tano"},"content":{"rendered":"<p>La l\u00ednea de producci\u00f3n de pur\u00e9 de pl\u00e1tano es un sistema integrado de procesamiento dise\u00f1ado espec\u00edficamente para el procesamiento profundo de pl\u00e1tano, utilizado principalmente para convertir eficientemente el pl\u00e1tano en pur\u00e9 de pl\u00e1tano de alta calidad. Se aplica ampliamente en industrias como la de bebidas, alimentos para beb\u00e9s y ni\u00f1os peque\u00f1os, mermeladas y pasteler\u00eda.<\/p>\n<h2>Proceso de trabajo de la l\u00ednea de producci\u00f3n de pur\u00e9 de pl\u00e1tano:<\/h2>\n<p><strong>1. Selecci\u00f3n y limpieza de las materias primas<\/strong><\/p>\n<p>Los pl\u00e1tanos frescos se colocan en una lavadora, en la que el flujo de agua y las burbujas de aire se utilizan para eliminar la suciedad, las impurezas y los residuos de pesticidas de la piel. Algunas l\u00edneas de producci\u00f3n tambi\u00e9n est\u00e1n equipadas con dispositivos de limpieza por pulverizaci\u00f3n para garantizar que la limpieza cumple las normas de elaboraci\u00f3n de alimentos.<\/p>\n<p><strong>2. Peeling<\/strong><\/p>\n<p>Los pl\u00e1tanos deben pelarse antes del procesado para garantizar la limpieza de la materia prima.<\/p>\n<p><strong>3. Pur\u00e9<\/strong><\/p>\n<p>A continuaci\u00f3n, los pl\u00e1tanos pelados se colocan en una m\u00e1quina despulpadora, donde unas cuchillas giratorias de alta velocidad pulverizan y homogeneizan la pulpa, creando un fino pur\u00e9 de pl\u00e1tano. Se pueden a\u00f1adir antioxidantes seg\u00fan sea necesario durante el proceso de elaboraci\u00f3n del pur\u00e9 para mantener su color y sabor.<\/p>\n<p><strong>4. Homogeneizaci\u00f3n y esterilizaci\u00f3n<\/strong><\/p>\n<p>Para mejorar la estabilidad y la vida \u00fatil del pur\u00e9 de pl\u00e1tano, suele someterse a un homogeneizador secundario. Posteriormente, se utiliza la pasteurizaci\u00f3n o la esterilizaci\u00f3n a temperatura ultra alta (uht) para eliminar eficazmente los microorganismos y garantizar la seguridad alimentaria.<\/p>\n<p><strong>5. Llenado y envasado as\u00e9ptico<\/strong><\/p>\n<p>Tras la esterilizaci\u00f3n, el pur\u00e9 de pl\u00e1tano se envasa inmediatamente utilizando una m\u00e1quina de llenado as\u00e9ptico para garantizar un almacenamiento sellado en condiciones est\u00e9riles. El pur\u00e9 de pl\u00e1tano envasado puede almacenarse directamente en c\u00e1maras frigor\u00edficas o enviarse.<\/p>\n<p><img fetchpriority=\"high\" decoding=\"async\" class=\"alignnone wp-image-1809 size-full\" src=\"https:\/\/www.fruiturnkey.com\/wp-content\/uploads\/2025\/09\/60-2.jpg\" alt=\"m\u00e1quina para hacer pur\u00e9 de pl\u00e1tano\" width=\"600\" height=\"400\" srcset=\"https:\/\/www.fruiturnkey.com\/wp-content\/uploads\/2025\/09\/60-2.jpg 600w, https:\/\/www.fruiturnkey.com\/wp-content\/uploads\/2025\/09\/60-2-300x200.jpg 300w, https:\/\/www.fruiturnkey.com\/wp-content\/uploads\/2025\/09\/60-2-18x12.jpg 18w, https:\/\/www.fruiturnkey.com\/wp-content\/uploads\/2025\/09\/60-2-24x16.jpg 24w, https:\/\/www.fruiturnkey.com\/wp-content\/uploads\/2025\/09\/60-2-36x24.jpg 36w, https:\/\/www.fruiturnkey.com\/wp-content\/uploads\/2025\/09\/60-2-48x32.jpg 48w, https:\/\/www.fruiturnkey.com\/wp-content\/uploads\/2025\/09\/60-2-400x267.jpg 400w\" sizes=\"(max-width: 600px) 100vw, 600px\" \/><\/p>\n<h2>M\u00e1quinas para hacer pur\u00e9 de pl\u00e1tano:<\/h2>\n<ul>\n<li>Lavadora: Esta l\u00ednea de producci\u00f3n de pur\u00e9 de pl\u00e1tano emplea m\u00e9todos de lavado por burbujas o lavado en tambor para remover eficientemente las impurezas de la superficie del pl\u00e1tano.<\/li>\n<li>Despulpadora: Pulveriza el pur\u00e9 de pl\u00e1tano hasta obtener una pasta suave con una finura ajustable.<\/li>\n<li>Sistema de esterilizaci\u00f3n: Utiliza la pasteurizaci\u00f3n o la esterilizaci\u00f3n uht para garantizar la seguridad del producto y prolongar su vida \u00fatil.<\/li>\n<li>M\u00e1quina de llenado as\u00e9ptico: Garantiza que el pur\u00e9 de pl\u00e1tano esterilizado se envasa en un entorno est\u00e9ril, evitando la contaminaci\u00f3n secundaria.<\/li>\n<li>En funci\u00f3n de las necesidades del cliente, pueden integrarse otros equipos auxiliares, como detectores de metales, etiquetadoras y l\u00edneas de envasado automatizadas, para crear un sistema de producci\u00f3n m\u00e1s completo.<\/li>\n<\/ul>\n<p><img decoding=\"async\" class=\"alignnone wp-image-1810 size-full\" src=\"https:\/\/www.fruiturnkey.com\/wp-content\/uploads\/2025\/09\/60-3.jpg\" alt=\"f\u00e1brica de pur\u00e9 de pl\u00e1tano\" width=\"600\" height=\"400\" srcset=\"https:\/\/www.fruiturnkey.com\/wp-content\/uploads\/2025\/09\/60-3.jpg 600w, https:\/\/www.fruiturnkey.com\/wp-content\/uploads\/2025\/09\/60-3-300x200.jpg 300w, https:\/\/www.fruiturnkey.com\/wp-content\/uploads\/2025\/09\/60-3-18x12.jpg 18w, https:\/\/www.fruiturnkey.com\/wp-content\/uploads\/2025\/09\/60-3-24x16.jpg 24w, https:\/\/www.fruiturnkey.com\/wp-content\/uploads\/2025\/09\/60-3-36x24.jpg 36w, https:\/\/www.fruiturnkey.com\/wp-content\/uploads\/2025\/09\/60-3-48x32.jpg 48w, https:\/\/www.fruiturnkey.com\/wp-content\/uploads\/2025\/09\/60-3-400x267.jpg 400w\" sizes=\"(max-width: 600px) 100vw, 600px\" \/><\/p>\n<h2>L\u00ednea de producci\u00f3n de pur\u00e9 de pl\u00e1tano Caracter\u00edsticas:<\/h2>\n<ul>\n<li>Dise\u00f1o modular: Las m\u00e1quinas para hacer pur\u00e9 de pl\u00e1tano suelen utilizar un dise\u00f1o modular, que ofrece combinaciones flexibles de equipos y personalizaci\u00f3n en funci\u00f3n de los requisitos de capacidad de producci\u00f3n (500 kg-4000 kg\/hora). Cambiando determinados equipos o par\u00e1metros del proceso, tambi\u00e9n pueden adaptarse para procesar diversas frutas, como pur\u00e9 de mango, pur\u00e9 de fresa y pur\u00e9 de manzana.<\/li>\n<li>Eficiencia energ\u00e9tica: Esta l\u00ednea de producci\u00f3n utiliza un flujo de proceso optimizado y sistemas de control automatizados para reducir el consumo de energ\u00eda, mejorar la eficiencia del proceso y reducir los costes de mano de obra.<\/li>\n<li>Garant\u00eda de calidad: La l\u00ednea de producci\u00f3n de pur\u00e9 de pl\u00e1tano se construye utilizando acero inoxidable de calidad alimentaria, cumpliendo con las normas de seguridad alimentaria como haccp e iso. Esto garantiza que el color natural, la textura y el contenido nutricional del pur\u00e9 de pl\u00e1tano permanezcan intactos.<\/li>\n<li>Envases diversos: Los formatos de envasado pueden personalizarse para satisfacer las demandas del mercado, incluyendo bolsas, bidones, bolsas de venta al por menor o botellas. Esto se adapta tanto al suministro de materias primas industriales como a las necesidades del consumidor final.<\/li>\n<\/ul>\n<p>Al transformar los pl\u00e1tanos en pur\u00e9 de pl\u00e1tano, se puede aumentar el valor a\u00f1adido de esta fruta, mejorando as\u00ed la competitividad de la empresa en el mercado.<\/p>\n<p>Adem\u00e1s, para estar m\u00e1s en consonancia con el concepto de residuo cero, las c\u00e1scaras de pl\u00e1tano generadas durante el proceso de producci\u00f3n pueden seguir proces\u00e1ndose a trav\u00e9s de nuestros equipos.<\/p>\n\n<div class=\"wpcf7 no-js\" id=\"wpcf7-f1048-o1\" lang=\"en-US\" dir=\"ltr\" data-wpcf7-id=\"1048\">\n<div class=\"screen-reader-response\"><p role=\"status\" aria-live=\"polite\" aria-atomic=\"true\"><\/p> <ul><\/ul><\/div>\n<form action=\"\/es\/wp-json\/wp\/v2\/product\/1807#wpcf7-f1048-o1\" method=\"post\" class=\"wpcf7-form init\" aria-label=\"Formulario de contacto\" novalidate=\"novalidate\" data-status=\"init\" data-trp-original-action=\"\/es\/wp-json\/wp\/v2\/product\/1807#wpcf7-f1048-o1\">\n<div style=\"display: none;\">\n<input type=\"hidden\" name=\"_wpcf7\" value=\"1048\" \/>\n<input type=\"hidden\" name=\"_wpcf7_version\" value=\"6.0.4\" \/>\n<input type=\"hidden\" name=\"_wpcf7_locale\" value=\"en_US\" \/>\n<input type=\"hidden\" name=\"_wpcf7_unit_tag\" value=\"wpcf7-f1048-o1\" \/>\n<input type=\"hidden\" name=\"_wpcf7_container_post\" value=\"0\" \/>\n<input type=\"hidden\" name=\"_wpcf7_posted_data_hash\" value=\"\" \/>\n<\/div>\n<div style='border:1px solid #54B435;padding:15px'>\n\t<p><span style='font-weight:bold'>CONTACTO PARA PRESUPUESTO<\/span><br \/>\n<span style='display:block;width:100px;height:5px;background:#54B435'><\/span><br \/>\nSu informaci\u00f3n de contacto no ser\u00e1 publicada. Los campos obligatorios est\u00e1n marcados con *.\n\t<\/p>\n\t<p><label> Mensaje *<br \/>\n<span class=\"wpcf7-form-control-wrap\" data-name=\"your-message\"><textarea cols=\"40\" rows=\"10\" maxlength=\"2000\" class=\"wpcf7-form-control wpcf7-textarea wpcf7-validates-as-required\" aria-required=\"true\" aria-invalid=\"false\" name=\"your-message\"><\/textarea><\/span> <\/label>\n\t<\/p>\n\t<div style='float:left;width:48%;margin-right:4%'>\n\t\t<p><label> Su correo electr\u00f3nico *<br \/>\n<span class=\"wpcf7-form-control-wrap\" data-name=\"email\"><input size=\"40\" maxlength=\"400\" class=\"wpcf7-form-control wpcf7-email wpcf7-validates-as-required wpcf7-text wpcf7-validates-as-email\" aria-required=\"true\" aria-invalid=\"false\" value=\"\" type=\"email\" name=\"email\" \/><\/span> <\/label>\n\t\t<\/p>\n\t<\/div>\n\t<div style='float:left;width:48%'>\n\t\t<p><label> Su nombre<br \/>\n<span class=\"wpcf7-form-control-wrap\" data-name=\"yourname\"><input size=\"40\" maxlength=\"400\" class=\"wpcf7-form-control wpcf7-text\" aria-invalid=\"false\" value=\"\" type=\"text\" name=\"yourname\" \/><\/span> <\/label>\n\t\t<\/p>\n\t<\/div>\n\t<div style='float:left;width:48%;margin-right:4%'>\n\t\t<p><label> Tel\u00e9fono<br \/>\n<span class=\"wpcf7-form-control-wrap\" data-name=\"phone\"><input size=\"40\" maxlength=\"400\" class=\"wpcf7-form-control wpcf7-tel wpcf7-text wpcf7-validates-as-tel\" aria-invalid=\"false\" value=\"\" type=\"tel\" name=\"phone\" \/><\/span> <\/label>\n\t\t<\/p>\n\t<\/div>\n\t<div style='float:left;width:48%'>\n\t\t<p><label>Pa\u00eds<br \/>\n<span class=\"wpcf7-form-control-wrap\" data-name=\"country\"><input size=\"40\" maxlength=\"400\" class=\"wpcf7-form-control wpcf7-text\" aria-invalid=\"false\" value=\"\" type=\"text\" name=\"country\" \/><\/span> <\/label>\n\t\t<\/p>\n\t<\/div>\n\t<div style='float:left;width:48%;margin-right:4%'>\n\t\t<p><label> Empresa<br \/>\n<span class=\"wpcf7-form-control-wrap\" data-name=\"company\"><input size=\"40\" maxlength=\"400\" class=\"wpcf7-form-control wpcf7-text\" aria-invalid=\"false\" value=\"\" type=\"text\" name=\"company\" \/><\/span> <\/label>\n\t\t<\/p>\n\t<\/div>\n\t<div style='float:left;width:48%'>\n\t\t<p><label> P\u00e1gina web<br \/>\n<span class=\"wpcf7-form-control-wrap\" data-name=\"web\"><input size=\"40\" maxlength=\"400\" class=\"wpcf7-form-control wpcf7-text\" aria-invalid=\"false\" value=\"\" type=\"text\" name=\"web\" \/><\/span> <\/label>\n\t\t<\/p>\n\t<\/div>\n\t<div style='clear:both'>\n\t<\/div>\n\t<p><input class=\"wpcf7-form-control wpcf7-submit has-spinner\" type=\"submit\" value=\"Enviar\" \/>\n\t<\/p>\n<\/div><p style=\"display: none !important;\" class=\"akismet-fields-container\" data-prefix=\"_wpcf7_ak_\"><label>&#916;<textarea name=\"_wpcf7_ak_hp_textarea\" cols=\"45\" rows=\"8\" maxlength=\"100\"><\/textarea><\/label><input type=\"hidden\" id=\"ak_js_1\" name=\"_wpcf7_ak_js\" value=\"72\"\/><script>document.getElementById( \"ak_js_1\" ).setAttribute( \"value\", ( new Date() ).getTime() );<\/script><\/p><div class=\"wpcf7-response-output\" aria-hidden=\"true\"><\/div>\n<input type=\"hidden\" name=\"trp-form-language\" value=\"es\"\/><\/form>\n<\/div>\n\n<div style='text-align:left' class='yasr-auto-insert-visitor'><\/div>","protected":false},"excerpt":{"rendered":"<p>La l\u00ednea de producci\u00f3n de pur\u00e9 de pl\u00e1tano tiene una producci\u00f3n de 500-4000kg\/h, que puede satisfacer las necesidades de producci\u00f3n de empresas de diferentes tama\u00f1os.<\/p>","protected":false},"featured_media":1808,"comment_status":"open","ping_status":"closed","template":"","meta":{"site-sidebar-layout":"default","site-content-layout":"","ast-site-content-layout":"default","site-content-style":"default","site-sidebar-style":"default","ast-global-header-display":"","ast-banner-title-visibility":"","ast-main-header-display":"","ast-hfb-above-header-display":"","ast-hfb-below-header-display":"","ast-hfb-mobile-header-display":"","site-post-title":"","ast-breadcrumbs-content":"","ast-featured-img":"","footer-sml-layout":"","theme-transparent-header-meta":"default","adv-header-id-meta":"","stick-header-meta":"","header-above-stick-meta":"","header-main-stick-meta":"","header-below-stick-meta":"","astra-migrate-meta-layouts":"set","ast-page-background-enabled":"default","ast-page-background-meta":{"desktop":{"background-color":"var(--ast-global-color-4)","background-image":"","background-repeat":"repeat","background-position":"center center","background-size":"auto","background-attachment":"scroll","background-type":"","background-media":"","overlay-type":"","overlay-color":"","overlay-opacity":"","overlay-gradient":""},"tablet":{"background-color":"","background-image":"","background-repeat":"repeat","background-position":"center center","background-size":"auto","background-attachment":"scroll","background-type":"","background-media":"","overlay-type":"","overlay-color":"","overlay-opacity":"","overlay-gradient":""},"mobile":{"background-color":"","background-image":"","background-repeat":"repeat","background-position":"center center","background-size":"auto","background-attachment":"scroll","background-type":"","background-media":"","overlay-type":"","overlay-color":"","overlay-opacity":"","overlay-gradient":""}},"ast-content-background-meta":{"desktop":{"background-color":"var(--ast-global-color-5)","background-image":"","background-repeat":"repeat","background-position":"center center","background-size":"auto","background-attachment":"scroll","background-type":"","background-media":"","overlay-type":"","overlay-color":"","overlay-opacity":"","overlay-gradient":""},"tablet":{"background-color":"var(--ast-global-color-5)","background-image":"","background-repeat":"repeat","background-position":"center center","background-size":"auto","background-attachment":"scroll","background-type":"","background-media":"","overlay-type":"","overlay-color":"","overlay-opacity":"","overlay-gradient":""},"mobile":{"background-color":"var(--ast-global-color-5)","background-image":"","background-repeat":"repeat","background-position":"center center","background-size":"auto","background-attachment":"scroll","background-type":"","background-media":"","overlay-type":"","overlay-color":"","overlay-opacity":"","overlay-gradient":""}},"yasr_overall_rating":0,"yasr_post_is_review":"","yasr_auto_insert_disabled":"","yasr_review_type":""},"product_brand":[],"product_cat":[22],"product_tag":[],"class_list":{"0":"post-1807","1":"product","2":"type-product","3":"status-publish","4":"has-post-thumbnail","6":"product_cat-juicing-equipment","7":"desktop-align-left","8":"tablet-align-left","9":"mobile-align-left","11":"first","12":"instock","13":"shipping-taxable","14":"product-type-simple"},"yasr_visitor_votes":{"stars_attributes":{"read_only":false,"span_bottom":false},"number_of_votes":2,"sum_votes":9},"yoast_head":"<!-- This site is optimized with the Yoast SEO plugin v24.5 - https:\/\/yoast.com\/wordpress\/plugins\/seo\/ -->\n<title>Zero Waste Banana Puree Production Line Aseptic Production - Fruit Processing Solution<\/title>\n<meta name=\"description\" content=\"The banana puree production line has an output of 500-4000kg\/h, which can meet the production needs of enterprises of different sizes.\" \/>\n<meta name=\"robots\" content=\"index, follow, max-snippet:-1, max-image-preview:large, max-video-preview:-1\" \/>\n<link rel=\"canonical\" href=\"https:\/\/www.fruiturnkey.com\/es\/product\/banana-puree-production-line\/\" \/>\n<meta property=\"og:locale\" content=\"es_ES\" \/>\n<meta property=\"og:type\" content=\"article\" \/>\n<meta property=\"og:title\" content=\"Zero Waste Banana Puree Production Line Aseptic Production - Fruit Processing Solution\" \/>\n<meta property=\"og:description\" content=\"The banana puree production line has an output of 500-4000kg\/h, which can meet the production needs of enterprises of different sizes.\" \/>\n<meta property=\"og:url\" content=\"https:\/\/www.fruiturnkey.com\/es\/product\/banana-puree-production-line\/\" \/>\n<meta property=\"og:site_name\" content=\"Fruit Processing Solution\" \/>\n<meta property=\"article:modified_time\" content=\"2025-09-12T09:04:17+00:00\" \/>\n<meta property=\"og:image\" content=\"https:\/\/www.fruiturnkey.com\/wp-content\/uploads\/2025\/09\/60.jpg\" \/>\n\t<meta property=\"og:image:width\" content=\"600\" \/>\n\t<meta property=\"og:image:height\" content=\"600\" \/>\n\t<meta property=\"og:image:type\" content=\"image\/jpeg\" \/>\n<meta name=\"twitter:card\" content=\"summary_large_image\" \/>\n<meta name=\"twitter:label1\" content=\"Tiempo de lectura\" \/>\n\t<meta name=\"twitter:data1\" content=\"3 minutos\" \/>\n<script type=\"application\/ld+json\" class=\"yoast-schema-graph\">{\"@context\":\"https:\/\/schema.org\",\"@graph\":[{\"@type\":\"WebPage\",\"@id\":\"https:\/\/www.fruiturnkey.com\/product\/banana-puree-production-line\/\",\"url\":\"https:\/\/www.fruiturnkey.com\/product\/banana-puree-production-line\/\",\"name\":\"Zero Waste Banana Puree Production Line Aseptic Production - Fruit Processing Solution\",\"isPartOf\":{\"@id\":\"https:\/\/www.fruiturnkey.com\/#website\"},\"primaryImageOfPage\":{\"@id\":\"https:\/\/www.fruiturnkey.com\/product\/banana-puree-production-line\/#primaryimage\"},\"image\":{\"@id\":\"https:\/\/www.fruiturnkey.com\/product\/banana-puree-production-line\/#primaryimage\"},\"thumbnailUrl\":\"https:\/\/www.fruiturnkey.com\/wp-content\/uploads\/2025\/09\/60.jpg\",\"datePublished\":\"2025-09-12T08:58:53+00:00\",\"dateModified\":\"2025-09-12T09:04:17+00:00\",\"description\":\"The banana puree production line has an output of 500-4000kg\/h, which can meet the production needs of enterprises of different sizes.\",\"breadcrumb\":{\"@id\":\"https:\/\/www.fruiturnkey.com\/product\/banana-puree-production-line\/#breadcrumb\"},\"inLanguage\":\"es\",\"potentialAction\":[{\"@type\":\"ReadAction\",\"target\":[\"https:\/\/www.fruiturnkey.com\/product\/banana-puree-production-line\/\"]}]},{\"@type\":\"ImageObject\",\"inLanguage\":\"es\",\"@id\":\"https:\/\/www.fruiturnkey.com\/product\/banana-puree-production-line\/#primaryimage\",\"url\":\"https:\/\/www.fruiturnkey.com\/wp-content\/uploads\/2025\/09\/60.jpg\",\"contentUrl\":\"https:\/\/www.fruiturnkey.com\/wp-content\/uploads\/2025\/09\/60.jpg\",\"width\":600,\"height\":600,\"caption\":\"banana puree production line\"},{\"@type\":\"BreadcrumbList\",\"@id\":\"https:\/\/www.fruiturnkey.com\/product\/banana-puree-production-line\/#breadcrumb\",\"itemListElement\":[{\"@type\":\"ListItem\",\"position\":1,\"name\":\"Home\",\"item\":\"https:\/\/www.fruiturnkey.com\/\"},{\"@type\":\"ListItem\",\"position\":2,\"name\":\"Products\",\"item\":\"https:\/\/www.fruiturnkey.com\/product\/\"},{\"@type\":\"ListItem\",\"position\":3,\"name\":\"Zero Waste Banana Puree Production Line Aseptic Production\"}]},{\"@type\":\"WebSite\",\"@id\":\"https:\/\/www.fruiturnkey.com\/#website\",\"url\":\"https:\/\/www.fruiturnkey.com\/\",\"name\":\"Fruit Processing Solution\",\"description\":\"\",\"publisher\":{\"@id\":\"https:\/\/www.fruiturnkey.com\/#organization\"},\"potentialAction\":[{\"@type\":\"SearchAction\",\"target\":{\"@type\":\"EntryPoint\",\"urlTemplate\":\"https:\/\/www.fruiturnkey.com\/?s={search_term_string}\"},\"query-input\":{\"@type\":\"PropertyValueSpecification\",\"valueRequired\":true,\"valueName\":\"search_term_string\"}}],\"inLanguage\":\"es\"},{\"@type\":\"Organization\",\"@id\":\"https:\/\/www.fruiturnkey.com\/#organization\",\"name\":\"Fruit Processing Solution\",\"url\":\"https:\/\/www.fruiturnkey.com\/\",\"logo\":{\"@type\":\"ImageObject\",\"inLanguage\":\"es\",\"@id\":\"https:\/\/www.fruiturnkey.com\/#\/schema\/logo\/image\/\",\"url\":\"https:\/\/www.fruiturnkey.com\/wp-content\/uploads\/2025\/03\/cropped-\u65b0\u7248LOGO.png\",\"contentUrl\":\"https:\/\/www.fruiturnkey.com\/wp-content\/uploads\/2025\/03\/cropped-\u65b0\u7248LOGO.png\",\"width\":1918,\"height\":639,\"caption\":\"Fruit Processing Solution\"},\"image\":{\"@id\":\"https:\/\/www.fruiturnkey.com\/#\/schema\/logo\/image\/\"}},false]}<\/script>\n<!-- \/ Yoast SEO plugin. -->","yoast_head_json":{"title":"Zero Waste Banana Puree Production Line Aseptic Production - Fruit Processing Solution","description":"The banana puree production line has an output of 500-4000kg\/h, which can meet the production needs of enterprises of different sizes.","robots":{"index":"index","follow":"follow","max-snippet":"max-snippet:-1","max-image-preview":"max-image-preview:large","max-video-preview":"max-video-preview:-1"},"canonical":"https:\/\/www.fruiturnkey.com\/es\/product\/banana-puree-production-line\/","og_locale":"es_ES","og_type":"article","og_title":"Zero Waste Banana Puree Production Line Aseptic Production - Fruit Processing Solution","og_description":"The banana puree production line has an output of 500-4000kg\/h, which can meet the production needs of enterprises of different sizes.","og_url":"https:\/\/www.fruiturnkey.com\/es\/product\/banana-puree-production-line\/","og_site_name":"Fruit Processing Solution","article_modified_time":"2025-09-12T09:04:17+00:00","og_image":[{"width":600,"height":600,"url":"https:\/\/www.fruiturnkey.com\/wp-content\/uploads\/2025\/09\/60.jpg","type":"image\/jpeg"}],"twitter_card":"summary_large_image","twitter_misc":{"Tiempo de lectura":"3 minutos"},"schema":{"@context":"https:\/\/schema.org","@graph":[{"@type":"WebPage","@id":"https:\/\/www.fruiturnkey.com\/product\/banana-puree-production-line\/","url":"https:\/\/www.fruiturnkey.com\/product\/banana-puree-production-line\/","name":"Zero Waste Banana Puree Production Line Aseptic Production - Fruit Processing Solution","isPartOf":{"@id":"https:\/\/www.fruiturnkey.com\/#website"},"primaryImageOfPage":{"@id":"https:\/\/www.fruiturnkey.com\/product\/banana-puree-production-line\/#primaryimage"},"image":{"@id":"https:\/\/www.fruiturnkey.com\/product\/banana-puree-production-line\/#primaryimage"},"thumbnailUrl":"https:\/\/www.fruiturnkey.com\/wp-content\/uploads\/2025\/09\/60.jpg","datePublished":"2025-09-12T08:58:53+00:00","dateModified":"2025-09-12T09:04:17+00:00","description":"The banana puree production line has an output of 500-4000kg\/h, which can meet the production needs of enterprises of different sizes.","breadcrumb":{"@id":"https:\/\/www.fruiturnkey.com\/product\/banana-puree-production-line\/#breadcrumb"},"inLanguage":"es","potentialAction":[{"@type":"ReadAction","target":["https:\/\/www.fruiturnkey.com\/product\/banana-puree-production-line\/"]}]},{"@type":"ImageObject","inLanguage":"es","@id":"https:\/\/www.fruiturnkey.com\/product\/banana-puree-production-line\/#primaryimage","url":"https:\/\/www.fruiturnkey.com\/wp-content\/uploads\/2025\/09\/60.jpg","contentUrl":"https:\/\/www.fruiturnkey.com\/wp-content\/uploads\/2025\/09\/60.jpg","width":600,"height":600,"caption":"banana puree production line"},{"@type":"BreadcrumbList","@id":"https:\/\/www.fruiturnkey.com\/product\/banana-puree-production-line\/#breadcrumb","itemListElement":[{"@type":"ListItem","position":1,"name":"Home","item":"https:\/\/www.fruiturnkey.com\/"},{"@type":"ListItem","position":2,"name":"Products","item":"https:\/\/www.fruiturnkey.com\/product\/"},{"@type":"ListItem","position":3,"name":"Zero Waste Banana Puree Production Line Aseptic Production"}]},{"@type":"WebSite","@id":"https:\/\/www.fruiturnkey.com\/#website","url":"https:\/\/www.fruiturnkey.com\/","name":"Fruit Processing Solution","description":"","publisher":{"@id":"https:\/\/www.fruiturnkey.com\/#organization"},"potentialAction":[{"@type":"SearchAction","target":{"@type":"EntryPoint","urlTemplate":"https:\/\/www.fruiturnkey.com\/?s={search_term_string}"},"query-input":{"@type":"PropertyValueSpecification","valueRequired":true,"valueName":"search_term_string"}}],"inLanguage":"es"},{"@type":"Organization","@id":"https:\/\/www.fruiturnkey.com\/#organization","name":"Fruit Processing Solution","url":"https:\/\/www.fruiturnkey.com\/","logo":{"@type":"ImageObject","inLanguage":"es","@id":"https:\/\/www.fruiturnkey.com\/#\/schema\/logo\/image\/","url":"https:\/\/www.fruiturnkey.com\/wp-content\/uploads\/2025\/03\/cropped-\u65b0\u7248LOGO.png","contentUrl":"https:\/\/www.fruiturnkey.com\/wp-content\/uploads\/2025\/03\/cropped-\u65b0\u7248LOGO.png","width":1918,"height":639,"caption":"Fruit Processing Solution"},"image":{"@id":"https:\/\/www.fruiturnkey.com\/#\/schema\/logo\/image\/"}},false]}},"_links":{"self":[{"href":"https:\/\/www.fruiturnkey.com\/es\/wp-json\/wp\/v2\/product\/1807","targetHints":{"allow":["GET"]}}],"collection":[{"href":"https:\/\/www.fruiturnkey.com\/es\/wp-json\/wp\/v2\/product"}],"about":[{"href":"https:\/\/www.fruiturnkey.com\/es\/wp-json\/wp\/v2\/types\/product"}],"replies":[{"embeddable":true,"href":"https:\/\/www.fruiturnkey.com\/es\/wp-json\/wp\/v2\/comments?post=1807"}],"wp:featuredmedia":[{"embeddable":true,"href":"https:\/\/www.fruiturnkey.com\/es\/wp-json\/wp\/v2\/media\/1808"}],"wp:attachment":[{"href":"https:\/\/www.fruiturnkey.com\/es\/wp-json\/wp\/v2\/media?parent=1807"}],"wp:term":[{"taxonomy":"product_brand","embeddable":true,"href":"https:\/\/www.fruiturnkey.com\/es\/wp-json\/wp\/v2\/product_brand?post=1807"},{"taxonomy":"product_cat","embeddable":true,"href":"https:\/\/www.fruiturnkey.com\/es\/wp-json\/wp\/v2\/product_cat?post=1807"},{"taxonomy":"product_tag","embeddable":true,"href":"https:\/\/www.fruiturnkey.com\/es\/wp-json\/wp\/v2\/product_tag?post=1807"}],"curies":[{"name":"wp","href":"https:\/\/api.w.org\/{rel}","templated":true}]}}