{"id":1793,"date":"2025-09-02T14:22:34","date_gmt":"2025-09-02T06:22:34","guid":{"rendered":"https:\/\/www.fruiturnkey.com\/?post_type=product&#038;p=1793"},"modified":"2025-09-02T14:22:34","modified_gmt":"2025-09-02T06:22:34","slug":"freeze-dried-machine-strawberries","status":"publish","type":"product","link":"https:\/\/www.fruiturnkey.com\/es\/product\/freeze-dried-machine-strawberries\/","title":{"rendered":"M\u00e1quina liofilizadora industrial para fresas"},"content":{"rendered":"<p>Las fresas liofilizadas se elaboran a partir de fresas frescas mediante una m\u00e1quina liofilizadora. Conservan el color, el aroma, los nutrientes y la forma originales de las fresas y gustan a muchos consumidores.<\/p>\n<p>&nbsp;<\/p>\n<h2>Principio de la m\u00e1quina liofilizadora de fresas:<\/h2>\n<p>La m\u00e1quina liofilizadora de fresas utiliza el principio de secado por sublimaci\u00f3n. A bajas temperaturas, la humedad de las fresas existe en forma de hielo. Este proceso se lleva a cabo sublimando directamente el hielo en vapor de agua y descarg\u00e1ndolo en un entorno de alto vac\u00edo, eliminando as\u00ed la humedad de las fresas. Los pasos espec\u00edficos son:<\/p>\n<ol>\n<li>Congelaci\u00f3n a baja temperatura: Las fresas pretratadas se congelan r\u00e1pidamente entre -40 \u00b0C y -50 \u00b0C, convirtiendo completamente toda su humedad en hielo.<\/li>\n<li>Sublimaci\u00f3n al vac\u00edo: En un entorno de vac\u00edo de 30 a 80 Pa, el hielo se sublima directamente en vapor de agua y se expulsa.<\/li>\n<li>Secado y conformado: Tras el secado, las fresas s\u00f3lo conservan entre 2% y 5% de humedad, lo que permite su almacenamiento a largo plazo.<\/li>\n<\/ol>\n<p>Este proceso evita la destrucci\u00f3n a altas temperaturas de los nutrientes y la estructura de los tejidos asociada al secado t\u00e9rmico tradicional, garantizando que las fresas liofilizadas conserven pr\u00e1cticamente inalterados el color, el aroma, el sabor y la forma, al tiempo que conservan un alto grado de valor nutritivo y presentan excelentes propiedades de rehidrataci\u00f3n.<\/p>\n<p><img fetchpriority=\"high\" decoding=\"async\" class=\"alignnone wp-image-1795 size-full\" src=\"https:\/\/www.fruiturnkey.com\/wp-content\/uploads\/2025\/09\/57-1.jpg\" alt=\"liofilizadora para fresas\" width=\"600\" height=\"400\" srcset=\"https:\/\/www.fruiturnkey.com\/wp-content\/uploads\/2025\/09\/57-1.jpg 600w, https:\/\/www.fruiturnkey.com\/wp-content\/uploads\/2025\/09\/57-1-300x200.jpg 300w, https:\/\/www.fruiturnkey.com\/wp-content\/uploads\/2025\/09\/57-1-18x12.jpg 18w, https:\/\/www.fruiturnkey.com\/wp-content\/uploads\/2025\/09\/57-1-24x16.jpg 24w, https:\/\/www.fruiturnkey.com\/wp-content\/uploads\/2025\/09\/57-1-36x24.jpg 36w, https:\/\/www.fruiturnkey.com\/wp-content\/uploads\/2025\/09\/57-1-48x32.jpg 48w, https:\/\/www.fruiturnkey.com\/wp-content\/uploads\/2025\/09\/57-1-400x267.jpg 400w\" sizes=\"(max-width: 600px) 100vw, 600px\" \/><\/p>\n<p><strong>Antes de entrar en la m\u00e1quina liofilizadora de fresas, \u00e9stas se someten a una serie de procesos para garantizar la calidad del producto.<\/strong><\/p>\n<ul>\n<li>Selecci\u00f3n y clasificaci\u00f3n: Las fresas de calidad inferior se eliminan para garantizar la calidad.<\/li>\n<li>Limpieza y desinfecci\u00f3n: Las fresas se limpian a fondo en un <u>lavadora de fresas <\/u>para eliminar las impurezas superficiales y los residuos de pesticidas.<\/li>\n<li>Cortar: Este paso es opcional; las fresas enteras se pueden liofilizar directamente, o se pueden cortar en mitades o en rodajas.<\/li>\n<li>Precongelaci\u00f3n: Las fresas se enfr\u00edan previamente a una temperatura determinada para prepararlas para el posterior proceso de liofilizaci\u00f3n.<\/li>\n<li>Tras estos pasos, las fresas est\u00e1n listas para la liofilizaci\u00f3n al vac\u00edo en la m\u00e1quina liofilizadora.<\/li>\n<\/ul>\n<p><img decoding=\"async\" class=\"alignnone wp-image-1796 size-full\" src=\"https:\/\/www.fruiturnkey.com\/wp-content\/uploads\/2025\/09\/57-2.jpg\" alt=\"fruta liofilizada\" width=\"600\" height=\"400\" srcset=\"https:\/\/www.fruiturnkey.com\/wp-content\/uploads\/2025\/09\/57-2.jpg 600w, https:\/\/www.fruiturnkey.com\/wp-content\/uploads\/2025\/09\/57-2-300x200.jpg 300w, https:\/\/www.fruiturnkey.com\/wp-content\/uploads\/2025\/09\/57-2-18x12.jpg 18w, https:\/\/www.fruiturnkey.com\/wp-content\/uploads\/2025\/09\/57-2-24x16.jpg 24w, https:\/\/www.fruiturnkey.com\/wp-content\/uploads\/2025\/09\/57-2-36x24.jpg 36w, https:\/\/www.fruiturnkey.com\/wp-content\/uploads\/2025\/09\/57-2-48x32.jpg 48w, https:\/\/www.fruiturnkey.com\/wp-content\/uploads\/2025\/09\/57-2-400x267.jpg 400w\" sizes=\"(max-width: 600px) 100vw, 600px\" \/><\/p>\n<h2>M\u00e1quina liofilizada Caracter\u00edsticas:<\/h2>\n<ul>\n<li>Alta retenci\u00f3n de nutrientes: El secado a baja temperatura maximiza la conservaci\u00f3n de la vitamina C, los polifenoles, los minerales y otros nutrientes de las fresas.<\/li>\n<li>Excelente calidad del producto: Las fresas liofilizadas conservan el color, el aroma y la forma naturales de la fruta fresca, sin encogerse, deformarse ni decolorarse.<\/li>\n<li>Alto nivel de automatizaci\u00f3n: La m\u00e1quina liofilizadora para fresas est\u00e1 equipada con un sistema de control inteligente plc, que permite un control preciso de par\u00e1metros como la temperatura, el nivel de vac\u00edo y el tiempo de secado.<\/li>\n<li>Construcci\u00f3n de acero inoxidable: La m\u00e1quina liofilizadora est\u00e1 construida en acero inoxidable de grado alimentario sus304, cumpliendo con las normas gmp y haccp de higiene y seguridad.<\/li>\n<li>Amplia aplicaci\u00f3n: Adecuado no s\u00f3lo para la liofilizaci\u00f3n de fresas, sino tambi\u00e9n para la liofilizaci\u00f3n de manzanas, mangos, pl\u00e1tanos, verduras y hierbas.<\/li>\n<\/ul>\n<p><img decoding=\"async\" class=\"alignnone wp-image-1797 size-full\" src=\"https:\/\/www.fruiturnkey.com\/wp-content\/uploads\/2025\/09\/57-3.jpg\" alt=\"fruta liofilizada\" width=\"600\" height=\"400\" srcset=\"https:\/\/www.fruiturnkey.com\/wp-content\/uploads\/2025\/09\/57-3.jpg 600w, https:\/\/www.fruiturnkey.com\/wp-content\/uploads\/2025\/09\/57-3-300x200.jpg 300w, https:\/\/www.fruiturnkey.com\/wp-content\/uploads\/2025\/09\/57-3-18x12.jpg 18w, https:\/\/www.fruiturnkey.com\/wp-content\/uploads\/2025\/09\/57-3-24x16.jpg 24w, https:\/\/www.fruiturnkey.com\/wp-content\/uploads\/2025\/09\/57-3-36x24.jpg 36w, https:\/\/www.fruiturnkey.com\/wp-content\/uploads\/2025\/09\/57-3-48x32.jpg 48w, https:\/\/www.fruiturnkey.com\/wp-content\/uploads\/2025\/09\/57-3-400x267.jpg 400w\" sizes=\"(max-width: 600px) 100vw, 600px\" \/><\/p>\n\n<div class=\"wpcf7 no-js\" id=\"wpcf7-f1048-o1\" lang=\"en-US\" dir=\"ltr\" data-wpcf7-id=\"1048\">\n<div class=\"screen-reader-response\"><p role=\"status\" aria-live=\"polite\" aria-atomic=\"true\"><\/p> <ul><\/ul><\/div>\n<form action=\"\/es\/wp-json\/wp\/v2\/product\/1793#wpcf7-f1048-o1\" method=\"post\" class=\"wpcf7-form init\" aria-label=\"Formulario de contacto\" novalidate=\"novalidate\" data-status=\"init\" data-trp-original-action=\"\/es\/wp-json\/wp\/v2\/product\/1793#wpcf7-f1048-o1\">\n<div style=\"display: none;\">\n<input type=\"hidden\" name=\"_wpcf7\" value=\"1048\" \/>\n<input type=\"hidden\" name=\"_wpcf7_version\" value=\"6.0.4\" \/>\n<input type=\"hidden\" name=\"_wpcf7_locale\" value=\"en_US\" \/>\n<input type=\"hidden\" name=\"_wpcf7_unit_tag\" value=\"wpcf7-f1048-o1\" \/>\n<input type=\"hidden\" name=\"_wpcf7_container_post\" value=\"0\" \/>\n<input type=\"hidden\" name=\"_wpcf7_posted_data_hash\" value=\"\" \/>\n<\/div>\n<div style='border:1px solid #54B435;padding:15px'>\n\t<p><span style='font-weight:bold'>CONTACTO PARA PRESUPUESTO<\/span><br \/>\n<span style='display:block;width:100px;height:5px;background:#54B435'><\/span><br \/>\nSu informaci\u00f3n de contacto no ser\u00e1 publicada. Los campos obligatorios est\u00e1n marcados con *.\n\t<\/p>\n\t<p><label> Mensaje *<br \/>\n<span class=\"wpcf7-form-control-wrap\" data-name=\"your-message\"><textarea cols=\"40\" rows=\"10\" maxlength=\"2000\" class=\"wpcf7-form-control wpcf7-textarea wpcf7-validates-as-required\" aria-required=\"true\" aria-invalid=\"false\" name=\"your-message\"><\/textarea><\/span> <\/label>\n\t<\/p>\n\t<div style='float:left;width:48%;margin-right:4%'>\n\t\t<p><label> Su correo electr\u00f3nico *<br \/>\n<span class=\"wpcf7-form-control-wrap\" data-name=\"email\"><input size=\"40\" maxlength=\"400\" class=\"wpcf7-form-control wpcf7-email wpcf7-validates-as-required wpcf7-text wpcf7-validates-as-email\" aria-required=\"true\" aria-invalid=\"false\" value=\"\" type=\"email\" name=\"email\" \/><\/span> <\/label>\n\t\t<\/p>\n\t<\/div>\n\t<div style='float:left;width:48%'>\n\t\t<p><label> Su nombre<br \/>\n<span class=\"wpcf7-form-control-wrap\" data-name=\"yourname\"><input size=\"40\" maxlength=\"400\" class=\"wpcf7-form-control wpcf7-text\" aria-invalid=\"false\" value=\"\" type=\"text\" name=\"yourname\" \/><\/span> <\/label>\n\t\t<\/p>\n\t<\/div>\n\t<div style='float:left;width:48%;margin-right:4%'>\n\t\t<p><label> Tel\u00e9fono<br \/>\n<span class=\"wpcf7-form-control-wrap\" data-name=\"phone\"><input size=\"40\" maxlength=\"400\" class=\"wpcf7-form-control wpcf7-tel wpcf7-text wpcf7-validates-as-tel\" aria-invalid=\"false\" value=\"\" type=\"tel\" name=\"phone\" \/><\/span> <\/label>\n\t\t<\/p>\n\t<\/div>\n\t<div style='float:left;width:48%'>\n\t\t<p><label>Pa\u00eds<br \/>\n<span class=\"wpcf7-form-control-wrap\" data-name=\"country\"><input size=\"40\" maxlength=\"400\" class=\"wpcf7-form-control wpcf7-text\" aria-invalid=\"false\" value=\"\" type=\"text\" name=\"country\" \/><\/span> <\/label>\n\t\t<\/p>\n\t<\/div>\n\t<div style='float:left;width:48%;margin-right:4%'>\n\t\t<p><label> Empresa<br \/>\n<span class=\"wpcf7-form-control-wrap\" data-name=\"company\"><input size=\"40\" maxlength=\"400\" class=\"wpcf7-form-control wpcf7-text\" aria-invalid=\"false\" value=\"\" type=\"text\" name=\"company\" \/><\/span> <\/label>\n\t\t<\/p>\n\t<\/div>\n\t<div style='float:left;width:48%'>\n\t\t<p><label> P\u00e1gina web<br \/>\n<span class=\"wpcf7-form-control-wrap\" data-name=\"web\"><input size=\"40\" maxlength=\"400\" class=\"wpcf7-form-control wpcf7-text\" aria-invalid=\"false\" value=\"\" type=\"text\" name=\"web\" \/><\/span> <\/label>\n\t\t<\/p>\n\t<\/div>\n\t<div style='clear:both'>\n\t<\/div>\n\t<p><input class=\"wpcf7-form-control wpcf7-submit has-spinner\" type=\"submit\" value=\"Enviar\" \/>\n\t<\/p>\n<\/div><p style=\"display: none !important;\" class=\"akismet-fields-container\" data-prefix=\"_wpcf7_ak_\"><label>&#916;<textarea name=\"_wpcf7_ak_hp_textarea\" cols=\"45\" rows=\"8\" maxlength=\"100\"><\/textarea><\/label><input type=\"hidden\" id=\"ak_js_1\" name=\"_wpcf7_ak_js\" value=\"222\"\/><script>document.getElementById( \"ak_js_1\" ).setAttribute( \"value\", ( new Date() ).getTime() );<\/script><\/p><div class=\"wpcf7-response-output\" aria-hidden=\"true\"><\/div>\n<input type=\"hidden\" name=\"trp-form-language\" value=\"es\"\/><\/form>\n<\/div>\n\n<div style='text-align:left' class='yasr-auto-insert-visitor'><\/div>","protected":false},"excerpt":{"rendered":"<p>La m\u00e1quina liofilizadora de fresas utiliza el principio de secado por sublimaci\u00f3n para transformar las fresas frescas en fresas liofilizadas, manteniendo el color, el aroma y la forma tridimensional de las fresas.<\/p>","protected":false},"featured_media":1794,"comment_status":"open","ping_status":"closed","template":"","meta":{"site-sidebar-layout":"default","site-content-layout":"","ast-site-content-layout":"default","site-content-style":"default","site-sidebar-style":"default","ast-global-header-display":"","ast-banner-title-visibility":"","ast-main-header-display":"","ast-hfb-above-header-display":"","ast-hfb-below-header-display":"","ast-hfb-mobile-header-display":"","site-post-title":"","ast-breadcrumbs-content":"","ast-featured-img":"","footer-sml-layout":"","theme-transparent-header-meta":"default","adv-header-id-meta":"","stick-header-meta":"","header-above-stick-meta":"","header-main-stick-meta":"","header-below-stick-meta":"","astra-migrate-meta-layouts":"set","ast-page-background-enabled":"default","ast-page-background-meta":{"desktop":{"background-color":"var(--ast-global-color-4)","background-image":"","background-repeat":"repeat","background-position":"center center","background-size":"auto","background-attachment":"scroll","background-type":"","background-media":"","overlay-type":"","overlay-color":"","overlay-opacity":"","overlay-gradient":""},"tablet":{"background-color":"","background-image":"","background-repeat":"repeat","background-position":"center center","background-size":"auto","background-attachment":"scroll","background-type":"","background-media":"","overlay-type":"","overlay-color":"","overlay-opacity":"","overlay-gradient":""},"mobile":{"background-color":"","background-image":"","background-repeat":"repeat","background-position":"center center","background-size":"auto","background-attachment":"scroll","background-type":"","background-media":"","overlay-type":"","overlay-color":"","overlay-opacity":"","overlay-gradient":""}},"ast-content-background-meta":{"desktop":{"background-color":"var(--ast-global-color-5)","background-image":"","background-repeat":"repeat","background-position":"center center","background-size":"auto","background-attachment":"scroll","background-type":"","background-media":"","overlay-type":"","overlay-color":"","overlay-opacity":"","overlay-gradient":""},"tablet":{"background-color":"var(--ast-global-color-5)","background-image":"","background-repeat":"repeat","background-position":"center center","background-size":"auto","background-attachment":"scroll","background-type":"","background-media":"","overlay-type":"","overlay-color":"","overlay-opacity":"","overlay-gradient":""},"mobile":{"background-color":"var(--ast-global-color-5)","background-image":"","background-repeat":"repeat","background-position":"center center","background-size":"auto","background-attachment":"scroll","background-type":"","background-media":"","overlay-type":"","overlay-color":"","overlay-opacity":"","overlay-gradient":""}},"yasr_overall_rating":0,"yasr_post_is_review":"","yasr_auto_insert_disabled":"","yasr_review_type":""},"product_brand":[],"product_cat":[27],"product_tag":[],"class_list":{"0":"post-1793","1":"product","2":"type-product","3":"status-publish","4":"has-post-thumbnail","6":"product_cat-freezing-equipment","7":"desktop-align-left","8":"tablet-align-left","9":"mobile-align-left","11":"first","12":"instock","13":"shipping-taxable","14":"product-type-simple"},"yasr_visitor_votes":{"stars_attributes":{"read_only":false,"span_bottom":false},"number_of_votes":0,"sum_votes":0},"yoast_head":"<!-- This site is optimized with the Yoast SEO plugin v24.5 - https:\/\/yoast.com\/wordpress\/plugins\/seo\/ -->\n<title>Industrial Freeze Dried Machine for Strawberries - Fruit Processing Solution<\/title>\n<meta name=\"description\" content=\"The strawberry freeze dried machine uses the sublimation drying principle to process fresh strawberries into freeze-dried strawberries, maintaining the color, aroma and three-dimensional shape of the strawberries.\" \/>\n<meta name=\"robots\" content=\"index, follow, max-snippet:-1, max-image-preview:large, max-video-preview:-1\" \/>\n<link rel=\"canonical\" href=\"https:\/\/www.fruiturnkey.com\/es\/product\/freeze-dried-machine-strawberries\/\" \/>\n<meta property=\"og:locale\" content=\"es_ES\" \/>\n<meta property=\"og:type\" content=\"article\" \/>\n<meta property=\"og:title\" content=\"Industrial Freeze Dried Machine for Strawberries - Fruit Processing Solution\" \/>\n<meta property=\"og:description\" content=\"The strawberry freeze dried machine uses the sublimation drying principle to process fresh strawberries into freeze-dried strawberries, maintaining the color, aroma and three-dimensional shape of the strawberries.\" \/>\n<meta property=\"og:url\" content=\"https:\/\/www.fruiturnkey.com\/es\/product\/freeze-dried-machine-strawberries\/\" \/>\n<meta property=\"og:site_name\" content=\"Fruit Processing Solution\" \/>\n<meta property=\"og:image\" content=\"https:\/\/www.fruiturnkey.com\/wp-content\/uploads\/2025\/09\/57.jpg\" \/>\n\t<meta property=\"og:image:width\" content=\"600\" \/>\n\t<meta property=\"og:image:height\" content=\"600\" \/>\n\t<meta property=\"og:image:type\" content=\"image\/jpeg\" \/>\n<meta name=\"twitter:card\" content=\"summary_large_image\" \/>\n<meta name=\"twitter:label1\" content=\"Tiempo de lectura\" \/>\n\t<meta name=\"twitter:data1\" content=\"3 minutos\" \/>\n<script type=\"application\/ld+json\" class=\"yoast-schema-graph\">{\"@context\":\"https:\/\/schema.org\",\"@graph\":[{\"@type\":\"WebPage\",\"@id\":\"https:\/\/www.fruiturnkey.com\/product\/freeze-dried-machine-strawberries\/\",\"url\":\"https:\/\/www.fruiturnkey.com\/product\/freeze-dried-machine-strawberries\/\",\"name\":\"Industrial Freeze Dried Machine for Strawberries - Fruit Processing Solution\",\"isPartOf\":{\"@id\":\"https:\/\/www.fruiturnkey.com\/#website\"},\"primaryImageOfPage\":{\"@id\":\"https:\/\/www.fruiturnkey.com\/product\/freeze-dried-machine-strawberries\/#primaryimage\"},\"image\":{\"@id\":\"https:\/\/www.fruiturnkey.com\/product\/freeze-dried-machine-strawberries\/#primaryimage\"},\"thumbnailUrl\":\"https:\/\/www.fruiturnkey.com\/wp-content\/uploads\/2025\/09\/57.jpg\",\"datePublished\":\"2025-09-02T06:22:34+00:00\",\"description\":\"The strawberry freeze dried machine uses the sublimation drying principle to process fresh strawberries into freeze-dried strawberries, maintaining the color, aroma and three-dimensional shape of the strawberries.\",\"breadcrumb\":{\"@id\":\"https:\/\/www.fruiturnkey.com\/product\/freeze-dried-machine-strawberries\/#breadcrumb\"},\"inLanguage\":\"es\",\"potentialAction\":[{\"@type\":\"ReadAction\",\"target\":[\"https:\/\/www.fruiturnkey.com\/product\/freeze-dried-machine-strawberries\/\"]}]},{\"@type\":\"ImageObject\",\"inLanguage\":\"es\",\"@id\":\"https:\/\/www.fruiturnkey.com\/product\/freeze-dried-machine-strawberries\/#primaryimage\",\"url\":\"https:\/\/www.fruiturnkey.com\/wp-content\/uploads\/2025\/09\/57.jpg\",\"contentUrl\":\"https:\/\/www.fruiturnkey.com\/wp-content\/uploads\/2025\/09\/57.jpg\",\"width\":600,\"height\":600,\"caption\":\"freeze dried machine\"},{\"@type\":\"BreadcrumbList\",\"@id\":\"https:\/\/www.fruiturnkey.com\/product\/freeze-dried-machine-strawberries\/#breadcrumb\",\"itemListElement\":[{\"@type\":\"ListItem\",\"position\":1,\"name\":\"Home\",\"item\":\"https:\/\/www.fruiturnkey.com\/\"},{\"@type\":\"ListItem\",\"position\":2,\"name\":\"Products\",\"item\":\"https:\/\/www.fruiturnkey.com\/product\/\"},{\"@type\":\"ListItem\",\"position\":3,\"name\":\"Industrial Freeze Dried Machine for Strawberries\"}]},{\"@type\":\"WebSite\",\"@id\":\"https:\/\/www.fruiturnkey.com\/#website\",\"url\":\"https:\/\/www.fruiturnkey.com\/\",\"name\":\"Fruit Processing Solution\",\"description\":\"\",\"publisher\":{\"@id\":\"https:\/\/www.fruiturnkey.com\/#organization\"},\"potentialAction\":[{\"@type\":\"SearchAction\",\"target\":{\"@type\":\"EntryPoint\",\"urlTemplate\":\"https:\/\/www.fruiturnkey.com\/?s={search_term_string}\"},\"query-input\":{\"@type\":\"PropertyValueSpecification\",\"valueRequired\":true,\"valueName\":\"search_term_string\"}}],\"inLanguage\":\"es\"},{\"@type\":\"Organization\",\"@id\":\"https:\/\/www.fruiturnkey.com\/#organization\",\"name\":\"Fruit Processing Solution\",\"url\":\"https:\/\/www.fruiturnkey.com\/\",\"logo\":{\"@type\":\"ImageObject\",\"inLanguage\":\"es\",\"@id\":\"https:\/\/www.fruiturnkey.com\/#\/schema\/logo\/image\/\",\"url\":\"https:\/\/www.fruiturnkey.com\/wp-content\/uploads\/2025\/03\/cropped-\u65b0\u7248LOGO.png\",\"contentUrl\":\"https:\/\/www.fruiturnkey.com\/wp-content\/uploads\/2025\/03\/cropped-\u65b0\u7248LOGO.png\",\"width\":1918,\"height\":639,\"caption\":\"Fruit Processing Solution\"},\"image\":{\"@id\":\"https:\/\/www.fruiturnkey.com\/#\/schema\/logo\/image\/\"}},false]}<\/script>\n<!-- \/ Yoast SEO plugin. -->","yoast_head_json":{"title":"Industrial Freeze Dried Machine for Strawberries - Fruit Processing Solution","description":"The strawberry freeze dried machine uses the sublimation drying principle to process fresh strawberries into freeze-dried strawberries, maintaining the color, aroma and three-dimensional shape of the strawberries.","robots":{"index":"index","follow":"follow","max-snippet":"max-snippet:-1","max-image-preview":"max-image-preview:large","max-video-preview":"max-video-preview:-1"},"canonical":"https:\/\/www.fruiturnkey.com\/es\/product\/freeze-dried-machine-strawberries\/","og_locale":"es_ES","og_type":"article","og_title":"Industrial Freeze Dried Machine for Strawberries - Fruit Processing Solution","og_description":"The strawberry freeze dried machine uses the sublimation drying principle to process fresh strawberries into freeze-dried strawberries, maintaining the color, aroma and three-dimensional shape of the strawberries.","og_url":"https:\/\/www.fruiturnkey.com\/es\/product\/freeze-dried-machine-strawberries\/","og_site_name":"Fruit Processing Solution","og_image":[{"width":600,"height":600,"url":"https:\/\/www.fruiturnkey.com\/wp-content\/uploads\/2025\/09\/57.jpg","type":"image\/jpeg"}],"twitter_card":"summary_large_image","twitter_misc":{"Tiempo de lectura":"3 minutos"},"schema":{"@context":"https:\/\/schema.org","@graph":[{"@type":"WebPage","@id":"https:\/\/www.fruiturnkey.com\/product\/freeze-dried-machine-strawberries\/","url":"https:\/\/www.fruiturnkey.com\/product\/freeze-dried-machine-strawberries\/","name":"Industrial Freeze Dried Machine for Strawberries - Fruit Processing Solution","isPartOf":{"@id":"https:\/\/www.fruiturnkey.com\/#website"},"primaryImageOfPage":{"@id":"https:\/\/www.fruiturnkey.com\/product\/freeze-dried-machine-strawberries\/#primaryimage"},"image":{"@id":"https:\/\/www.fruiturnkey.com\/product\/freeze-dried-machine-strawberries\/#primaryimage"},"thumbnailUrl":"https:\/\/www.fruiturnkey.com\/wp-content\/uploads\/2025\/09\/57.jpg","datePublished":"2025-09-02T06:22:34+00:00","description":"The strawberry freeze dried machine uses the sublimation drying principle to process fresh strawberries into freeze-dried strawberries, maintaining the color, aroma and three-dimensional shape of the strawberries.","breadcrumb":{"@id":"https:\/\/www.fruiturnkey.com\/product\/freeze-dried-machine-strawberries\/#breadcrumb"},"inLanguage":"es","potentialAction":[{"@type":"ReadAction","target":["https:\/\/www.fruiturnkey.com\/product\/freeze-dried-machine-strawberries\/"]}]},{"@type":"ImageObject","inLanguage":"es","@id":"https:\/\/www.fruiturnkey.com\/product\/freeze-dried-machine-strawberries\/#primaryimage","url":"https:\/\/www.fruiturnkey.com\/wp-content\/uploads\/2025\/09\/57.jpg","contentUrl":"https:\/\/www.fruiturnkey.com\/wp-content\/uploads\/2025\/09\/57.jpg","width":600,"height":600,"caption":"freeze dried machine"},{"@type":"BreadcrumbList","@id":"https:\/\/www.fruiturnkey.com\/product\/freeze-dried-machine-strawberries\/#breadcrumb","itemListElement":[{"@type":"ListItem","position":1,"name":"Home","item":"https:\/\/www.fruiturnkey.com\/"},{"@type":"ListItem","position":2,"name":"Products","item":"https:\/\/www.fruiturnkey.com\/product\/"},{"@type":"ListItem","position":3,"name":"Industrial Freeze Dried Machine for Strawberries"}]},{"@type":"WebSite","@id":"https:\/\/www.fruiturnkey.com\/#website","url":"https:\/\/www.fruiturnkey.com\/","name":"Fruit Processing Solution","description":"","publisher":{"@id":"https:\/\/www.fruiturnkey.com\/#organization"},"potentialAction":[{"@type":"SearchAction","target":{"@type":"EntryPoint","urlTemplate":"https:\/\/www.fruiturnkey.com\/?s={search_term_string}"},"query-input":{"@type":"PropertyValueSpecification","valueRequired":true,"valueName":"search_term_string"}}],"inLanguage":"es"},{"@type":"Organization","@id":"https:\/\/www.fruiturnkey.com\/#organization","name":"Fruit Processing Solution","url":"https:\/\/www.fruiturnkey.com\/","logo":{"@type":"ImageObject","inLanguage":"es","@id":"https:\/\/www.fruiturnkey.com\/#\/schema\/logo\/image\/","url":"https:\/\/www.fruiturnkey.com\/wp-content\/uploads\/2025\/03\/cropped-\u65b0\u7248LOGO.png","contentUrl":"https:\/\/www.fruiturnkey.com\/wp-content\/uploads\/2025\/03\/cropped-\u65b0\u7248LOGO.png","width":1918,"height":639,"caption":"Fruit Processing Solution"},"image":{"@id":"https:\/\/www.fruiturnkey.com\/#\/schema\/logo\/image\/"}},false]}},"_links":{"self":[{"href":"https:\/\/www.fruiturnkey.com\/es\/wp-json\/wp\/v2\/product\/1793","targetHints":{"allow":["GET"]}}],"collection":[{"href":"https:\/\/www.fruiturnkey.com\/es\/wp-json\/wp\/v2\/product"}],"about":[{"href":"https:\/\/www.fruiturnkey.com\/es\/wp-json\/wp\/v2\/types\/product"}],"replies":[{"embeddable":true,"href":"https:\/\/www.fruiturnkey.com\/es\/wp-json\/wp\/v2\/comments?post=1793"}],"wp:featuredmedia":[{"embeddable":true,"href":"https:\/\/www.fruiturnkey.com\/es\/wp-json\/wp\/v2\/media\/1794"}],"wp:attachment":[{"href":"https:\/\/www.fruiturnkey.com\/es\/wp-json\/wp\/v2\/media?parent=1793"}],"wp:term":[{"taxonomy":"product_brand","embeddable":true,"href":"https:\/\/www.fruiturnkey.com\/es\/wp-json\/wp\/v2\/product_brand?post=1793"},{"taxonomy":"product_cat","embeddable":true,"href":"https:\/\/www.fruiturnkey.com\/es\/wp-json\/wp\/v2\/product_cat?post=1793"},{"taxonomy":"product_tag","embeddable":true,"href":"https:\/\/www.fruiturnkey.com\/es\/wp-json\/wp\/v2\/product_tag?post=1793"}],"curies":[{"name":"wp","href":"https:\/\/api.w.org\/{rel}","templated":true}]}}