{"id":1773,"date":"2025-08-19T15:18:43","date_gmt":"2025-08-19T07:18:43","guid":{"rendered":"https:\/\/www.fruiturnkey.com\/?post_type=product&#038;p=1773"},"modified":"2025-11-26T11:05:38","modified_gmt":"2025-11-26T03:05:38","slug":"cherry-washing-machine","status":"publish","type":"product","link":"https:\/\/www.fruiturnkey.com\/es\/product\/cherry-washing-machine\/","title":{"rendered":"Lavadora Zero Damage Tart Cherry"},"content":{"rendered":"<p>Las cerezas \u00e1cidas son un tipo de fruta de piel fina y pulpa tierna, rica en valor nutritivo, que se utiliza habitualmente en zumos, mermeladas y congelados. Sin embargo, la piel de las cerezas es extremadamente delicada, y una manipulaci\u00f3n inadecuada durante el lavado puede causar f\u00e1cilmente da\u00f1os mec\u00e1nicos, afectando tanto a su aspecto como a su calidad. Para solucionar este problema, nuestra empresa ha desarrollado y producido una lavadora de cerezas que garantiza una limpieza eficaz al tiempo que minimiza el da\u00f1o a la fruta, lo que la convierte en una opci\u00f3n ideal para las empresas de procesamiento de cerezas.<\/p>\n<p>En el procesado de cerezas \u00e1cidas, ya sea para producir zumo de cerezas, cerezas congeladas o mermelada de cerezas, el lavado es el primer e indispensable paso. El lavado no s\u00f3lo elimina la suciedad y las impurezas de la superficie de las cerezas, sino que tambi\u00e9n reduce la contaminaci\u00f3n microbiana, garantizando el buen desarrollo de los procesos posteriores. Si el lavado no es minucioso, afectar\u00e1 directamente al sabor, el color y la seguridad higi\u00e9nica del producto, e incluso puede acortar su vida \u00fatil.<\/p>\n<p><img fetchpriority=\"high\" decoding=\"async\" class=\"alignnone wp-image-1782 size-full\" src=\"https:\/\/www.fruiturnkey.com\/wp-content\/uploads\/2025\/08\/53-1.jpg\" alt=\"lavadora cherry\" width=\"600\" height=\"400\" srcset=\"https:\/\/www.fruiturnkey.com\/wp-content\/uploads\/2025\/08\/53-1.jpg 600w, https:\/\/www.fruiturnkey.com\/wp-content\/uploads\/2025\/08\/53-1-300x200.jpg 300w, https:\/\/www.fruiturnkey.com\/wp-content\/uploads\/2025\/08\/53-1-18x12.jpg 18w, https:\/\/www.fruiturnkey.com\/wp-content\/uploads\/2025\/08\/53-1-24x16.jpg 24w, https:\/\/www.fruiturnkey.com\/wp-content\/uploads\/2025\/08\/53-1-36x24.jpg 36w, https:\/\/www.fruiturnkey.com\/wp-content\/uploads\/2025\/08\/53-1-48x32.jpg 48w, https:\/\/www.fruiturnkey.com\/wp-content\/uploads\/2025\/08\/53-1-400x267.jpg 400w\" sizes=\"(max-width: 600px) 100vw, 600px\" \/><\/p>\n<h2>Principio de funcionamiento de la lavadora de cerezas \u00e1cidas:<\/h2>\n<p>La lavadora de cerezas utiliza el principio de lavado por burbujas. Se instala un generador de burbujas en el fondo del tanque de lavado, que genera burbujas densas mediante la introducci\u00f3n de aire. A medida que las burbujas suben y estallan, producen una suave fuerza de impacto que hace que las cerezas rueden continuamente, consiguiendo un lavado sin \u00e1ngulo muerto de 360\u00b0. Este m\u00e9todo simula el efecto del lavado manual, pero con una fuerza m\u00e1s uniforme y suave, lo que evita apretar y ara\u00f1ar la piel de las cerezas.<\/p>\n<p>Mientras se realiza la limpieza por burbujas, el flujo de agua de circulaci\u00f3n interna y el sistema de rociado de la lavadora de cerezas tambi\u00e9n contribuyen a la limpieza, aclarando a fondo cualquier resto que quede en la superficie de la fruta. Algunos modelos tambi\u00e9n pueden equiparse con un sistema de filtraci\u00f3n por circulaci\u00f3n, que elimina eficazmente las impurezas del agua, lo que permite reciclar los recursos h\u00eddricos y reducir los costes de agua.<\/p>\n<p><iframe title=\"Reproductor de v\u00eddeo YouTube\" src=\"https:\/\/www.youtube.com\/embed\/YVnAeZGtDog?si=dqUabN4swTGQ4PNc\" width=\"560\" height=\"315\" frameborder=\"0\" allowfullscreen=\"allowfullscreen\"><\/iframe><\/p>\n<h2>Caracter\u00edsticas de la lavadora Tart Cherry:<\/h2>\n<ol>\n<li>Da\u00f1os m\u00ednimos durante la limpieza: El suave impacto de la limpieza por burbujas reduce los \u00edndices de da\u00f1o de la fruta, preservando la integridad y frescura de las cerezas.<\/li>\n<li>Limpieza eficaz: La combinaci\u00f3n de agitaci\u00f3n de burbujas y pulverizaci\u00f3n de agua elimina eficazmente la suciedad y las impurezas de la superficie de las cerezas, garantizando una limpieza a fondo.<\/li>\n<li>Materiales de alta calidad: La lavadora de cerezas \u00e1cidas est\u00e1 hecha de acero inoxidable SUS304 de calidad alimentaria, que es resistente a la corrosi\u00f3n, a prueba de \u00f3xido y cumple con los est\u00e1ndares de higiene de procesamiento de alimentos, lo que garantiza una larga vida \u00fatil.<\/li>\n<li>Amplia aplicabilidad: Adem\u00e1s de cerezas, esta m\u00e1quina de limpieza de cerezas tambi\u00e9n es adecuada para bayas peque\u00f1as como fresas, ar\u00e1ndanos y frambuesas.<\/li>\n<li>Personalizable: En funci\u00f3n de los requisitos de capacidad de producci\u00f3n del cliente, se pueden dise\u00f1ar equipos con diferentes especificaciones de producci\u00f3n (como 500 kg\/h, 1000 kg\/h, 2000 kg\/h, etc.) y a\u00f1adir accesorios opcionales como dispositivos de pulverizaci\u00f3n, cintas transportadoras y dispositivos de secado para conseguir l\u00edneas automatizadas de procesamiento de cerezas.<\/li>\n<\/ol>\n<p><img decoding=\"async\" class=\"alignnone wp-image-1783 size-full\" src=\"https:\/\/www.fruiturnkey.com\/wp-content\/uploads\/2025\/08\/53-2.jpg\" alt=\"lavadora de cerezas \u00e1cidas\" width=\"600\" height=\"400\" srcset=\"https:\/\/www.fruiturnkey.com\/wp-content\/uploads\/2025\/08\/53-2.jpg 600w, https:\/\/www.fruiturnkey.com\/wp-content\/uploads\/2025\/08\/53-2-300x200.jpg 300w, https:\/\/www.fruiturnkey.com\/wp-content\/uploads\/2025\/08\/53-2-18x12.jpg 18w, https:\/\/www.fruiturnkey.com\/wp-content\/uploads\/2025\/08\/53-2-24x16.jpg 24w, https:\/\/www.fruiturnkey.com\/wp-content\/uploads\/2025\/08\/53-2-36x24.jpg 36w, https:\/\/www.fruiturnkey.com\/wp-content\/uploads\/2025\/08\/53-2-48x32.jpg 48w, https:\/\/www.fruiturnkey.com\/wp-content\/uploads\/2025\/08\/53-2-400x267.jpg 400w\" sizes=\"(max-width: 600px) 100vw, 600px\" \/><\/p>\n<p>Las lavadoras de cerezas son equipos fundamentales en la fase de preprocesamiento y desempe\u00f1an un papel crucial en la producci\u00f3n de diversos productos derivados de la cereza:<\/p>\n<ul>\n<li><a href=\"https:\/\/www.fruiturnkey.com\/es\/product\/fruit-juice-production-line\/\">Producci\u00f3n de zumo de cereza<\/a>: Tras el lavado, los hollejos de las cerezas quedan libres de arena e impurezas, lo que facilita la trituraci\u00f3n y el exprimido, garantizando as\u00ed el sabor y la pureza del zumo.<\/li>\n<li>Cerezas congeladas: Tras un lavado a fondo, las cerezas se clasifican y se congelan r\u00e1pidamente para mantener su color vibrante y minimizar el impacto de los microorganismos en la calidad del almacenamiento congelado.<\/li>\n<li>Mermelada de cerezas: Las cerezas lavadas tienen menos probabilidades de producir sabores extra\u00f1os o impurezas durante el pur\u00e9 y la cocci\u00f3n, lo que mejora la suavidad y la seguridad del producto final de mermelada.<\/li>\n<\/ul>\n<p>Por supuesto, los procedimientos de transformaci\u00f3n de la cereza var\u00edan en funci\u00f3n del producto acabado. Nuestra empresa puede ofrecerle una soluci\u00f3n adecuada en funci\u00f3n de las condiciones de su materia prima, los requisitos del producto acabado y los requisitos de los procedimientos de transformaci\u00f3n y la escala.<\/p>\n\n<div class=\"wpcf7 no-js\" id=\"wpcf7-f1048-o1\" lang=\"en-US\" dir=\"ltr\" data-wpcf7-id=\"1048\">\n<div class=\"screen-reader-response\"><p role=\"status\" aria-live=\"polite\" aria-atomic=\"true\"><\/p> <ul><\/ul><\/div>\n<form action=\"\/es\/wp-json\/wp\/v2\/product\/1773#wpcf7-f1048-o1\" method=\"post\" class=\"wpcf7-form init\" aria-label=\"Formulario de contacto\" novalidate=\"novalidate\" data-status=\"init\" data-trp-original-action=\"\/es\/wp-json\/wp\/v2\/product\/1773#wpcf7-f1048-o1\">\n<div style=\"display: none;\">\n<input type=\"hidden\" name=\"_wpcf7\" value=\"1048\" \/>\n<input type=\"hidden\" name=\"_wpcf7_version\" value=\"6.0.4\" \/>\n<input type=\"hidden\" name=\"_wpcf7_locale\" value=\"en_US\" \/>\n<input type=\"hidden\" name=\"_wpcf7_unit_tag\" value=\"wpcf7-f1048-o1\" \/>\n<input type=\"hidden\" name=\"_wpcf7_container_post\" value=\"0\" \/>\n<input type=\"hidden\" name=\"_wpcf7_posted_data_hash\" value=\"\" \/>\n<\/div>\n<div style='border:1px solid #54B435;padding:15px'>\n\t<p><span style='font-weight:bold'>CONTACTO PARA PRESUPUESTO<\/span><br \/>\n<span style='display:block;width:100px;height:5px;background:#54B435'><\/span><br \/>\nSu informaci\u00f3n de contacto no ser\u00e1 publicada. Los campos obligatorios est\u00e1n marcados con *.\n\t<\/p>\n\t<p><label> Mensaje *<br \/>\n<span class=\"wpcf7-form-control-wrap\" data-name=\"your-message\"><textarea cols=\"40\" rows=\"10\" maxlength=\"2000\" class=\"wpcf7-form-control wpcf7-textarea wpcf7-validates-as-required\" aria-required=\"true\" aria-invalid=\"false\" name=\"your-message\"><\/textarea><\/span> <\/label>\n\t<\/p>\n\t<div style='float:left;width:48%;margin-right:4%'>\n\t\t<p><label> Su correo electr\u00f3nico *<br \/>\n<span class=\"wpcf7-form-control-wrap\" data-name=\"email\"><input size=\"40\" maxlength=\"400\" class=\"wpcf7-form-control wpcf7-email wpcf7-validates-as-required wpcf7-text wpcf7-validates-as-email\" aria-required=\"true\" aria-invalid=\"false\" value=\"\" type=\"email\" name=\"email\" \/><\/span> <\/label>\n\t\t<\/p>\n\t<\/div>\n\t<div style='float:left;width:48%'>\n\t\t<p><label> Su nombre<br \/>\n<span class=\"wpcf7-form-control-wrap\" data-name=\"yourname\"><input size=\"40\" maxlength=\"400\" class=\"wpcf7-form-control wpcf7-text\" aria-invalid=\"false\" value=\"\" type=\"text\" name=\"yourname\" \/><\/span> <\/label>\n\t\t<\/p>\n\t<\/div>\n\t<div style='float:left;width:48%;margin-right:4%'>\n\t\t<p><label> Tel\u00e9fono<br \/>\n<span class=\"wpcf7-form-control-wrap\" data-name=\"phone\"><input size=\"40\" maxlength=\"400\" class=\"wpcf7-form-control wpcf7-tel wpcf7-text wpcf7-validates-as-tel\" aria-invalid=\"false\" value=\"\" type=\"tel\" name=\"phone\" \/><\/span> <\/label>\n\t\t<\/p>\n\t<\/div>\n\t<div style='float:left;width:48%'>\n\t\t<p><label>Pa\u00eds<br \/>\n<span class=\"wpcf7-form-control-wrap\" data-name=\"country\"><input size=\"40\" maxlength=\"400\" class=\"wpcf7-form-control wpcf7-text\" aria-invalid=\"false\" value=\"\" type=\"text\" name=\"country\" \/><\/span> <\/label>\n\t\t<\/p>\n\t<\/div>\n\t<div style='float:left;width:48%;margin-right:4%'>\n\t\t<p><label> Empresa<br \/>\n<span class=\"wpcf7-form-control-wrap\" data-name=\"company\"><input size=\"40\" maxlength=\"400\" class=\"wpcf7-form-control wpcf7-text\" aria-invalid=\"false\" value=\"\" type=\"text\" name=\"company\" \/><\/span> <\/label>\n\t\t<\/p>\n\t<\/div>\n\t<div style='float:left;width:48%'>\n\t\t<p><label> P\u00e1gina web<br \/>\n<span class=\"wpcf7-form-control-wrap\" data-name=\"web\"><input size=\"40\" maxlength=\"400\" class=\"wpcf7-form-control wpcf7-text\" aria-invalid=\"false\" value=\"\" type=\"text\" name=\"web\" \/><\/span> <\/label>\n\t\t<\/p>\n\t<\/div>\n\t<div style='clear:both'>\n\t<\/div>\n\t<p><input class=\"wpcf7-form-control wpcf7-submit has-spinner\" type=\"submit\" value=\"Enviar\" \/>\n\t<\/p>\n<\/div><p style=\"display: none !important;\" class=\"akismet-fields-container\" data-prefix=\"_wpcf7_ak_\"><label>&#916;<textarea name=\"_wpcf7_ak_hp_textarea\" cols=\"45\" rows=\"8\" maxlength=\"100\"><\/textarea><\/label><input type=\"hidden\" id=\"ak_js_1\" name=\"_wpcf7_ak_js\" value=\"15\"\/><script>document.getElementById( \"ak_js_1\" ).setAttribute( \"value\", ( new Date() ).getTime() );<\/script><\/p><div class=\"wpcf7-response-output\" aria-hidden=\"true\"><\/div>\n<input type=\"hidden\" name=\"trp-form-language\" value=\"es\"\/><\/form>\n<\/div>\n\n<div style='text-align:left' class='yasr-auto-insert-visitor'><\/div>","protected":false},"excerpt":{"rendered":"<p>La lavadora de cerezas adopta el principio de limpieza por burbujas, que tiene poco da\u00f1o de limpieza y amplia aplicabilidad. La producci\u00f3n de esta m\u00e1quina puede alcanzar las 5 toneladas\/h.<\/p>","protected":false},"featured_media":1776,"comment_status":"open","ping_status":"closed","template":"","meta":{"site-sidebar-layout":"default","site-content-layout":"","ast-site-content-layout":"default","site-content-style":"default","site-sidebar-style":"default","ast-global-header-display":"","ast-banner-title-visibility":"","ast-main-header-display":"","ast-hfb-above-header-display":"","ast-hfb-below-header-display":"","ast-hfb-mobile-header-display":"","site-post-title":"","ast-breadcrumbs-content":"","ast-featured-img":"","footer-sml-layout":"","theme-transparent-header-meta":"default","adv-header-id-meta":"","stick-header-meta":"","header-above-stick-meta":"","header-main-stick-meta":"","header-below-stick-meta":"","astra-migrate-meta-layouts":"set","ast-page-background-enabled":"default","ast-page-background-meta":{"desktop":{"background-color":"var(--ast-global-color-4)","background-image":"","background-repeat":"repeat","background-position":"center center","background-size":"auto","background-attachment":"scroll","background-type":"","background-media":"","overlay-type":"","overlay-color":"","overlay-opacity":"","overlay-gradient":""},"tablet":{"background-color":"","background-image":"","background-repeat":"repeat","background-position":"center center","background-size":"auto","background-attachment":"scroll","background-type":"","background-media":"","overlay-type":"","overlay-color":"","overlay-opacity":"","overlay-gradient":""},"mobile":{"background-color":"","background-image":"","background-repeat":"repeat","background-position":"center center","background-size":"auto","background-attachment":"scroll","background-type":"","background-media":"","overlay-type":"","overlay-color":"","overlay-opacity":"","overlay-gradient":""}},"ast-content-background-meta":{"desktop":{"background-color":"var(--ast-global-color-5)","background-image":"","background-repeat":"repeat","background-position":"center center","background-size":"auto","background-attachment":"scroll","background-type":"","background-media":"","overlay-type":"","overlay-color":"","overlay-opacity":"","overlay-gradient":""},"tablet":{"background-color":"var(--ast-global-color-5)","background-image":"","background-repeat":"repeat","background-position":"center center","background-size":"auto","background-attachment":"scroll","background-type":"","background-media":"","overlay-type":"","overlay-color":"","overlay-opacity":"","overlay-gradient":""},"mobile":{"background-color":"var(--ast-global-color-5)","background-image":"","background-repeat":"repeat","background-position":"center center","background-size":"auto","background-attachment":"scroll","background-type":"","background-media":"","overlay-type":"","overlay-color":"","overlay-opacity":"","overlay-gradient":""}},"yasr_overall_rating":0,"yasr_post_is_review":"","yasr_auto_insert_disabled":"","yasr_review_type":""},"product_brand":[],"product_cat":[21],"product_tag":[],"class_list":{"0":"post-1773","1":"product","2":"type-product","3":"status-publish","4":"has-post-thumbnail","6":"product_cat-washing-equipment","7":"desktop-align-left","8":"tablet-align-left","9":"mobile-align-left","11":"first","12":"instock","13":"shipping-taxable","14":"product-type-simple"},"yasr_visitor_votes":{"stars_attributes":{"read_only":false,"span_bottom":false},"number_of_votes":1,"sum_votes":5},"yoast_head":"<!-- This site is optimized with the Yoast SEO plugin v24.5 - https:\/\/yoast.com\/wordpress\/plugins\/seo\/ -->\n<title>Zero Damage Tart Cherry Washing Machine - Fruit Processing Solution<\/title>\n<meta name=\"description\" content=\"The tart cherries washing machine adopts the bubble cleaning principle, which has little cleaning damage and wide applicability. The output of this machine can reach 5ton\/h.\" \/>\n<meta name=\"robots\" content=\"index, follow, max-snippet:-1, max-image-preview:large, max-video-preview:-1\" \/>\n<link rel=\"canonical\" href=\"https:\/\/www.fruiturnkey.com\/es\/product\/cherry-washing-machine\/\" \/>\n<meta property=\"og:locale\" content=\"es_ES\" \/>\n<meta property=\"og:type\" content=\"article\" \/>\n<meta property=\"og:title\" content=\"Zero Damage Tart Cherry Washing Machine - Fruit Processing Solution\" \/>\n<meta property=\"og:description\" content=\"The tart cherries washing machine adopts the bubble cleaning principle, which has little cleaning damage and wide applicability. The output of this machine can reach 5ton\/h.\" \/>\n<meta property=\"og:url\" content=\"https:\/\/www.fruiturnkey.com\/es\/product\/cherry-washing-machine\/\" \/>\n<meta property=\"og:site_name\" content=\"Fruit Processing Solution\" \/>\n<meta property=\"article:modified_time\" content=\"2025-11-26T03:05:38+00:00\" \/>\n<meta property=\"og:image\" content=\"https:\/\/www.fruiturnkey.com\/wp-content\/uploads\/2025\/08\/53.jpg\" \/>\n\t<meta property=\"og:image:width\" content=\"600\" \/>\n\t<meta property=\"og:image:height\" content=\"600\" \/>\n\t<meta property=\"og:image:type\" content=\"image\/jpeg\" \/>\n<meta name=\"twitter:card\" content=\"summary_large_image\" \/>\n<meta name=\"twitter:label1\" content=\"Tiempo de lectura\" \/>\n\t<meta name=\"twitter:data1\" content=\"4 minutos\" \/>\n<script type=\"application\/ld+json\" class=\"yoast-schema-graph\">{\"@context\":\"https:\/\/schema.org\",\"@graph\":[{\"@type\":\"WebPage\",\"@id\":\"https:\/\/www.fruiturnkey.com\/product\/cherry-washing-machine\/\",\"url\":\"https:\/\/www.fruiturnkey.com\/product\/cherry-washing-machine\/\",\"name\":\"Zero Damage Tart Cherry Washing Machine - Fruit Processing Solution\",\"isPartOf\":{\"@id\":\"https:\/\/www.fruiturnkey.com\/#website\"},\"primaryImageOfPage\":{\"@id\":\"https:\/\/www.fruiturnkey.com\/product\/cherry-washing-machine\/#primaryimage\"},\"image\":{\"@id\":\"https:\/\/www.fruiturnkey.com\/product\/cherry-washing-machine\/#primaryimage\"},\"thumbnailUrl\":\"https:\/\/www.fruiturnkey.com\/wp-content\/uploads\/2025\/08\/53.jpg\",\"datePublished\":\"2025-08-19T07:18:43+00:00\",\"dateModified\":\"2025-11-26T03:05:38+00:00\",\"description\":\"The tart cherries washing machine adopts the bubble cleaning principle, which has little cleaning damage and wide applicability. The output of this machine can reach 5ton\/h.\",\"breadcrumb\":{\"@id\":\"https:\/\/www.fruiturnkey.com\/product\/cherry-washing-machine\/#breadcrumb\"},\"inLanguage\":\"es\",\"potentialAction\":[{\"@type\":\"ReadAction\",\"target\":[\"https:\/\/www.fruiturnkey.com\/product\/cherry-washing-machine\/\"]}]},{\"@type\":\"ImageObject\",\"inLanguage\":\"es\",\"@id\":\"https:\/\/www.fruiturnkey.com\/product\/cherry-washing-machine\/#primaryimage\",\"url\":\"https:\/\/www.fruiturnkey.com\/wp-content\/uploads\/2025\/08\/53.jpg\",\"contentUrl\":\"https:\/\/www.fruiturnkey.com\/wp-content\/uploads\/2025\/08\/53.jpg\",\"width\":600,\"height\":600,\"caption\":\"cherry washing machine\"},{\"@type\":\"BreadcrumbList\",\"@id\":\"https:\/\/www.fruiturnkey.com\/product\/cherry-washing-machine\/#breadcrumb\",\"itemListElement\":[{\"@type\":\"ListItem\",\"position\":1,\"name\":\"Home\",\"item\":\"https:\/\/www.fruiturnkey.com\/\"},{\"@type\":\"ListItem\",\"position\":2,\"name\":\"Products\",\"item\":\"https:\/\/www.fruiturnkey.com\/product\/\"},{\"@type\":\"ListItem\",\"position\":3,\"name\":\"Zero Damage Tart Cherry Washing Machine\"}]},{\"@type\":\"WebSite\",\"@id\":\"https:\/\/www.fruiturnkey.com\/#website\",\"url\":\"https:\/\/www.fruiturnkey.com\/\",\"name\":\"Fruit Processing Solution\",\"description\":\"\",\"publisher\":{\"@id\":\"https:\/\/www.fruiturnkey.com\/#organization\"},\"potentialAction\":[{\"@type\":\"SearchAction\",\"target\":{\"@type\":\"EntryPoint\",\"urlTemplate\":\"https:\/\/www.fruiturnkey.com\/?s={search_term_string}\"},\"query-input\":{\"@type\":\"PropertyValueSpecification\",\"valueRequired\":true,\"valueName\":\"search_term_string\"}}],\"inLanguage\":\"es\"},{\"@type\":\"Organization\",\"@id\":\"https:\/\/www.fruiturnkey.com\/#organization\",\"name\":\"Fruit Processing Solution\",\"url\":\"https:\/\/www.fruiturnkey.com\/\",\"logo\":{\"@type\":\"ImageObject\",\"inLanguage\":\"es\",\"@id\":\"https:\/\/www.fruiturnkey.com\/#\/schema\/logo\/image\/\",\"url\":\"https:\/\/www.fruiturnkey.com\/wp-content\/uploads\/2025\/03\/cropped-\u65b0\u7248LOGO.png\",\"contentUrl\":\"https:\/\/www.fruiturnkey.com\/wp-content\/uploads\/2025\/03\/cropped-\u65b0\u7248LOGO.png\",\"width\":1918,\"height\":639,\"caption\":\"Fruit Processing Solution\"},\"image\":{\"@id\":\"https:\/\/www.fruiturnkey.com\/#\/schema\/logo\/image\/\"}},false]}<\/script>\n<!-- \/ Yoast SEO plugin. -->","yoast_head_json":{"title":"Zero Damage Tart Cherry Washing Machine - Fruit Processing Solution","description":"The tart cherries washing machine adopts the bubble cleaning principle, which has little cleaning damage and wide applicability. The output of this machine can reach 5ton\/h.","robots":{"index":"index","follow":"follow","max-snippet":"max-snippet:-1","max-image-preview":"max-image-preview:large","max-video-preview":"max-video-preview:-1"},"canonical":"https:\/\/www.fruiturnkey.com\/es\/product\/cherry-washing-machine\/","og_locale":"es_ES","og_type":"article","og_title":"Zero Damage Tart Cherry Washing Machine - Fruit Processing Solution","og_description":"The tart cherries washing machine adopts the bubble cleaning principle, which has little cleaning damage and wide applicability. The output of this machine can reach 5ton\/h.","og_url":"https:\/\/www.fruiturnkey.com\/es\/product\/cherry-washing-machine\/","og_site_name":"Fruit Processing Solution","article_modified_time":"2025-11-26T03:05:38+00:00","og_image":[{"width":600,"height":600,"url":"https:\/\/www.fruiturnkey.com\/wp-content\/uploads\/2025\/08\/53.jpg","type":"image\/jpeg"}],"twitter_card":"summary_large_image","twitter_misc":{"Tiempo de lectura":"4 minutos"},"schema":{"@context":"https:\/\/schema.org","@graph":[{"@type":"WebPage","@id":"https:\/\/www.fruiturnkey.com\/product\/cherry-washing-machine\/","url":"https:\/\/www.fruiturnkey.com\/product\/cherry-washing-machine\/","name":"Zero Damage Tart Cherry Washing Machine - Fruit Processing Solution","isPartOf":{"@id":"https:\/\/www.fruiturnkey.com\/#website"},"primaryImageOfPage":{"@id":"https:\/\/www.fruiturnkey.com\/product\/cherry-washing-machine\/#primaryimage"},"image":{"@id":"https:\/\/www.fruiturnkey.com\/product\/cherry-washing-machine\/#primaryimage"},"thumbnailUrl":"https:\/\/www.fruiturnkey.com\/wp-content\/uploads\/2025\/08\/53.jpg","datePublished":"2025-08-19T07:18:43+00:00","dateModified":"2025-11-26T03:05:38+00:00","description":"The tart cherries washing machine adopts the bubble cleaning principle, which has little cleaning damage and wide applicability. The output of this machine can reach 5ton\/h.","breadcrumb":{"@id":"https:\/\/www.fruiturnkey.com\/product\/cherry-washing-machine\/#breadcrumb"},"inLanguage":"es","potentialAction":[{"@type":"ReadAction","target":["https:\/\/www.fruiturnkey.com\/product\/cherry-washing-machine\/"]}]},{"@type":"ImageObject","inLanguage":"es","@id":"https:\/\/www.fruiturnkey.com\/product\/cherry-washing-machine\/#primaryimage","url":"https:\/\/www.fruiturnkey.com\/wp-content\/uploads\/2025\/08\/53.jpg","contentUrl":"https:\/\/www.fruiturnkey.com\/wp-content\/uploads\/2025\/08\/53.jpg","width":600,"height":600,"caption":"cherry washing machine"},{"@type":"BreadcrumbList","@id":"https:\/\/www.fruiturnkey.com\/product\/cherry-washing-machine\/#breadcrumb","itemListElement":[{"@type":"ListItem","position":1,"name":"Home","item":"https:\/\/www.fruiturnkey.com\/"},{"@type":"ListItem","position":2,"name":"Products","item":"https:\/\/www.fruiturnkey.com\/product\/"},{"@type":"ListItem","position":3,"name":"Zero Damage Tart Cherry Washing Machine"}]},{"@type":"WebSite","@id":"https:\/\/www.fruiturnkey.com\/#website","url":"https:\/\/www.fruiturnkey.com\/","name":"Fruit Processing Solution","description":"","publisher":{"@id":"https:\/\/www.fruiturnkey.com\/#organization"},"potentialAction":[{"@type":"SearchAction","target":{"@type":"EntryPoint","urlTemplate":"https:\/\/www.fruiturnkey.com\/?s={search_term_string}"},"query-input":{"@type":"PropertyValueSpecification","valueRequired":true,"valueName":"search_term_string"}}],"inLanguage":"es"},{"@type":"Organization","@id":"https:\/\/www.fruiturnkey.com\/#organization","name":"Fruit Processing Solution","url":"https:\/\/www.fruiturnkey.com\/","logo":{"@type":"ImageObject","inLanguage":"es","@id":"https:\/\/www.fruiturnkey.com\/#\/schema\/logo\/image\/","url":"https:\/\/www.fruiturnkey.com\/wp-content\/uploads\/2025\/03\/cropped-\u65b0\u7248LOGO.png","contentUrl":"https:\/\/www.fruiturnkey.com\/wp-content\/uploads\/2025\/03\/cropped-\u65b0\u7248LOGO.png","width":1918,"height":639,"caption":"Fruit Processing Solution"},"image":{"@id":"https:\/\/www.fruiturnkey.com\/#\/schema\/logo\/image\/"}},false]}},"_links":{"self":[{"href":"https:\/\/www.fruiturnkey.com\/es\/wp-json\/wp\/v2\/product\/1773","targetHints":{"allow":["GET"]}}],"collection":[{"href":"https:\/\/www.fruiturnkey.com\/es\/wp-json\/wp\/v2\/product"}],"about":[{"href":"https:\/\/www.fruiturnkey.com\/es\/wp-json\/wp\/v2\/types\/product"}],"replies":[{"embeddable":true,"href":"https:\/\/www.fruiturnkey.com\/es\/wp-json\/wp\/v2\/comments?post=1773"}],"wp:featuredmedia":[{"embeddable":true,"href":"https:\/\/www.fruiturnkey.com\/es\/wp-json\/wp\/v2\/media\/1776"}],"wp:attachment":[{"href":"https:\/\/www.fruiturnkey.com\/es\/wp-json\/wp\/v2\/media?parent=1773"}],"wp:term":[{"taxonomy":"product_brand","embeddable":true,"href":"https:\/\/www.fruiturnkey.com\/es\/wp-json\/wp\/v2\/product_brand?post=1773"},{"taxonomy":"product_cat","embeddable":true,"href":"https:\/\/www.fruiturnkey.com\/es\/wp-json\/wp\/v2\/product_cat?post=1773"},{"taxonomy":"product_tag","embeddable":true,"href":"https:\/\/www.fruiturnkey.com\/es\/wp-json\/wp\/v2\/product_tag?post=1773"}],"curies":[{"name":"wp","href":"https:\/\/api.w.org\/{rel}","templated":true}]}}