{"id":1763,"date":"2025-08-12T15:09:06","date_gmt":"2025-08-12T07:09:06","guid":{"rendered":"https:\/\/www.fruiturnkey.com\/?post_type=product&#038;p=1763"},"modified":"2025-08-12T15:09:06","modified_gmt":"2025-08-12T07:09:06","slug":"blueberry-jam-production-line","status":"publish","type":"product","link":"https:\/\/www.fruiturnkey.com\/es\/product\/blueberry-jam-production-line\/","title":{"rendered":"L\u00ednea de producci\u00f3n de mermelada de ar\u00e1ndanos y fresas Fabricantes"},"content":{"rendered":"<p>La mermelada de fresa y la mermelada de ar\u00e1ndanos son dos productos de mermelada comunes, ampliamente utilizados en pan, reposter\u00eda, postres, yogur y aromatizaci\u00f3n de bebidas. La producci\u00f3n de estas dos mermeladas de frutas requiere equipos especializados, pero como el proceso de producci\u00f3n de ambas mermeladas es esencialmente el mismo, las l\u00edneas de producci\u00f3n de mermelada de ar\u00e1ndanos y fresas utilizadas tambi\u00e9n son las mismas.<\/p>\n<p>El proceso global de producci\u00f3n de mermelada de fresas y ar\u00e1ndanos incluye: selecci\u00f3n y limpieza de la materia prima, despulpado, mezcla y calentamiento, concentraci\u00f3n al vac\u00edo, esterilizaci\u00f3n, llenado y envasado. Sin embargo, debido a las diferentes formas, texturas y contenido de humedad de las materias primas, algunos pasos pueden variar.<\/p>\n<p><img fetchpriority=\"high\" decoding=\"async\" class=\"alignnone wp-image-1764 size-full\" src=\"https:\/\/www.fruiturnkey.com\/wp-content\/uploads\/2025\/08\/51-1.jpg\" alt=\"m\u00e1quina seleccionadora de fresas\" width=\"600\" height=\"400\" srcset=\"https:\/\/www.fruiturnkey.com\/wp-content\/uploads\/2025\/08\/51-1.jpg 600w, https:\/\/www.fruiturnkey.com\/wp-content\/uploads\/2025\/08\/51-1-300x200.jpg 300w, https:\/\/www.fruiturnkey.com\/wp-content\/uploads\/2025\/08\/51-1-18x12.jpg 18w, https:\/\/www.fruiturnkey.com\/wp-content\/uploads\/2025\/08\/51-1-24x16.jpg 24w, https:\/\/www.fruiturnkey.com\/wp-content\/uploads\/2025\/08\/51-1-36x24.jpg 36w, https:\/\/www.fruiturnkey.com\/wp-content\/uploads\/2025\/08\/51-1-48x32.jpg 48w, https:\/\/www.fruiturnkey.com\/wp-content\/uploads\/2025\/08\/51-1-400x267.jpg 400w\" sizes=\"(max-width: 600px) 100vw, 600px\" \/><\/p>\n<h2>Proceso de producci\u00f3n de mermelada de ar\u00e1ndanos y fresas:<\/h2>\n<p><strong>1. Clasificaci\u00f3n y limpieza<\/strong><\/p>\n<p>Tanto las fresas como los ar\u00e1ndanos se seleccionan manual o mec\u00e1nicamente a su llegada a la f\u00e1brica para eliminar los frutos inmaduros, podridos o infestados de plagas. A <a href=\"https:\/\/www.fruiturnkey.com\/es\/product\/apple-washing-machine\/\">lavadora de burbujas<\/a>\u00a0combinado con un sistema de pulverizaci\u00f3n se utiliza para limpiar a fondo la superficie del ar\u00e1ndano y la fresa sin da\u00f1ar la piel.<\/p>\n<p><img decoding=\"async\" class=\"alignnone wp-image-1766 size-full\" src=\"https:\/\/www.fruiturnkey.com\/wp-content\/uploads\/2025\/08\/51-3.jpg\" alt=\"lavadora de fresas\" width=\"600\" height=\"400\" srcset=\"https:\/\/www.fruiturnkey.com\/wp-content\/uploads\/2025\/08\/51-3.jpg 600w, https:\/\/www.fruiturnkey.com\/wp-content\/uploads\/2025\/08\/51-3-300x200.jpg 300w, https:\/\/www.fruiturnkey.com\/wp-content\/uploads\/2025\/08\/51-3-18x12.jpg 18w, https:\/\/www.fruiturnkey.com\/wp-content\/uploads\/2025\/08\/51-3-24x16.jpg 24w, https:\/\/www.fruiturnkey.com\/wp-content\/uploads\/2025\/08\/51-3-36x24.jpg 36w, https:\/\/www.fruiturnkey.com\/wp-content\/uploads\/2025\/08\/51-3-48x32.jpg 48w, https:\/\/www.fruiturnkey.com\/wp-content\/uploads\/2025\/08\/51-3-400x267.jpg 400w\" sizes=\"(max-width: 600px) 100vw, 600px\" \/><\/p>\n<p><strong>2. Despulpado<\/strong><\/p>\n<p>El ar\u00e1ndano y la fresa\u00a0<a href=\"https:\/\/www.fruiturnkey.com\/es\/product\/mango-pulping-machine\/\">m\u00e1quina despulpadora<\/a> Tritura los ar\u00e1ndanos y las fresas y elimina las materias insolubles, como tallos y semillas, obteniendo un pur\u00e9 suave y homog\u00e9neo.<\/p>\n<p><strong>3. Mezcla de ingredientes y calor<\/strong><\/p>\n<p>A\u00f1ada el az\u00facar y la pectina a la pulpa de ar\u00e1ndanos o fresas y mezcle con calor. El calor no solo ayuda a disolver el az\u00facar y la pectina, sino que tambi\u00e9n favorece la reacci\u00f3n entre la pectina y el \u00e1cido de la fruta para formar una estructura de gel estable.<\/p>\n<p><strong>4. Concentraci\u00f3n al vac\u00edo<\/strong><\/p>\n<p>El uso de concentradores de vac\u00edo para evaporar el agua a una temperatura relativamente baja preserva el color y el aroma de la mermelada al tiempo que se consigue el contenido de s\u00f3lidos deseado (generalmente 60%-68%). Sin embargo, el pur\u00e9 de ar\u00e1ndanos tiene naturalmente un menor contenido de agua, por lo que el tiempo de concentraci\u00f3n es relativamente corto. El pur\u00e9 de fresa tiene un mayor contenido de agua, por lo que el tiempo de concentraci\u00f3n es ligeramente m\u00e1s largo, y hay que tener cuidado para evitar un oscurecimiento excesivo del color y la p\u00e9rdida de aroma.<\/p>\n<p><strong>5. Pasteurizaci\u00f3n<\/strong><\/p>\n<p>En este paso se utiliza la tecnolog\u00eda de pasteurizaci\u00f3n para garantizar la seguridad microbiana del producto, preservando al mismo tiempo el sabor y los nutrientes.<\/p>\n<p><strong>6. Llenado y envasado<\/strong><\/p>\n<p>La mermelada esterilizada se rellena en caliente o en fr\u00edo en condiciones as\u00e9pticas, y se embotella en botellas de vidrio o de pl\u00e1stico, seg\u00fan las necesidades. Tras el llenado, la mermelada se enfr\u00eda, se etiqueta y se envasa.<\/p>\n<p><img decoding=\"async\" class=\"alignnone wp-image-1765 size-full\" src=\"https:\/\/www.fruiturnkey.com\/wp-content\/uploads\/2025\/08\/51-2.jpg\" alt=\"lavadora de fresas\" width=\"600\" height=\"400\" srcset=\"https:\/\/www.fruiturnkey.com\/wp-content\/uploads\/2025\/08\/51-2.jpg 600w, https:\/\/www.fruiturnkey.com\/wp-content\/uploads\/2025\/08\/51-2-300x200.jpg 300w, https:\/\/www.fruiturnkey.com\/wp-content\/uploads\/2025\/08\/51-2-18x12.jpg 18w, https:\/\/www.fruiturnkey.com\/wp-content\/uploads\/2025\/08\/51-2-24x16.jpg 24w, https:\/\/www.fruiturnkey.com\/wp-content\/uploads\/2025\/08\/51-2-36x24.jpg 36w, https:\/\/www.fruiturnkey.com\/wp-content\/uploads\/2025\/08\/51-2-48x32.jpg 48w, https:\/\/www.fruiturnkey.com\/wp-content\/uploads\/2025\/08\/51-2-400x267.jpg 400w\" sizes=\"(max-width: 600px) 100vw, 600px\" \/><\/p>\n<h2>M\u00e1quina para hacer mermelada de ar\u00e1ndanos:<\/h2>\n<p>Ofrecemos l\u00edneas completas de producci\u00f3n de mermelada de fresas y ar\u00e1ndanos, desde el procesamiento de la materia prima hasta el envasado del producto acabado. Podemos personalizar los dise\u00f1os en funci\u00f3n de sus necesidades de producci\u00f3n, disposici\u00f3n de la planta y presupuesto. Entre las principales ventajas se incluyen:<\/p>\n<ul>\n<li>Alto nivel de automatizaci\u00f3n: La m\u00e1quina para hacer mermelada de ar\u00e1ndanos utiliza un sistema de control plc para la limpieza automatizada, el control de la temperatura y el ajuste del tiempo de concentraci\u00f3n, reduciendo las operaciones manuales y los errores.<\/li>\n<li>Ahorro de energ\u00eda y garant\u00eda de calidad: El proceso de concentraci\u00f3n al vac\u00edo y esterilizaci\u00f3n a temperatura controlada reduce eficazmente el consumo de energ\u00eda al tiempo que garantiza el color, el sabor y el valor nutritivo de la mermelada.<\/li>\n<li>Asistencia t\u00e9cnica y posventa: Ofrecemos servicios de instalaci\u00f3n y puesta en marcha, formaci\u00f3n de operarios, optimizaci\u00f3n de recetas y mantenimiento continuo para garantizar una producci\u00f3n estable y eficiente.<\/li>\n<\/ul>\n<p>Tanto si se trata de una peque\u00f1a o mediana empresa como de una gran planta de procesado, nuestras l\u00edneas de producci\u00f3n de mermelada de ar\u00e1ndanos y fresas pueden ayudarle a conseguir una producci\u00f3n de mermelada eficiente y constante. Nuestro equipo proporciona una base s\u00f3lida para su expansi\u00f3n en el mercado.<\/p>\n\n<div class=\"wpcf7 no-js\" id=\"wpcf7-f1048-o1\" lang=\"en-US\" dir=\"ltr\" data-wpcf7-id=\"1048\">\n<div class=\"screen-reader-response\"><p role=\"status\" aria-live=\"polite\" aria-atomic=\"true\"><\/p> <ul><\/ul><\/div>\n<form action=\"\/es\/wp-json\/wp\/v2\/product\/1763#wpcf7-f1048-o1\" method=\"post\" class=\"wpcf7-form init\" aria-label=\"Formulario de contacto\" novalidate=\"novalidate\" data-status=\"init\" data-trp-original-action=\"\/es\/wp-json\/wp\/v2\/product\/1763#wpcf7-f1048-o1\">\n<div style=\"display: none;\">\n<input type=\"hidden\" name=\"_wpcf7\" value=\"1048\" \/>\n<input type=\"hidden\" name=\"_wpcf7_version\" value=\"6.0.4\" \/>\n<input type=\"hidden\" name=\"_wpcf7_locale\" value=\"en_US\" \/>\n<input type=\"hidden\" name=\"_wpcf7_unit_tag\" value=\"wpcf7-f1048-o1\" \/>\n<input type=\"hidden\" name=\"_wpcf7_container_post\" value=\"0\" \/>\n<input type=\"hidden\" name=\"_wpcf7_posted_data_hash\" value=\"\" \/>\n<\/div>\n<div style='border:1px solid #54B435;padding:15px'>\n\t<p><span style='font-weight:bold'>CONTACTO PARA PRESUPUESTO<\/span><br \/>\n<span style='display:block;width:100px;height:5px;background:#54B435'><\/span><br \/>\nSu informaci\u00f3n de contacto no ser\u00e1 publicada. Los campos obligatorios est\u00e1n marcados con *.\n\t<\/p>\n\t<p><label> Mensaje *<br \/>\n<span class=\"wpcf7-form-control-wrap\" data-name=\"your-message\"><textarea cols=\"40\" rows=\"10\" maxlength=\"2000\" class=\"wpcf7-form-control wpcf7-textarea wpcf7-validates-as-required\" aria-required=\"true\" aria-invalid=\"false\" name=\"your-message\"><\/textarea><\/span> <\/label>\n\t<\/p>\n\t<div style='float:left;width:48%;margin-right:4%'>\n\t\t<p><label> Su correo electr\u00f3nico *<br \/>\n<span class=\"wpcf7-form-control-wrap\" data-name=\"email\"><input size=\"40\" maxlength=\"400\" class=\"wpcf7-form-control wpcf7-email wpcf7-validates-as-required wpcf7-text wpcf7-validates-as-email\" aria-required=\"true\" aria-invalid=\"false\" value=\"\" type=\"email\" name=\"email\" \/><\/span> <\/label>\n\t\t<\/p>\n\t<\/div>\n\t<div style='float:left;width:48%'>\n\t\t<p><label> Su nombre<br \/>\n<span class=\"wpcf7-form-control-wrap\" data-name=\"yourname\"><input size=\"40\" maxlength=\"400\" class=\"wpcf7-form-control wpcf7-text\" aria-invalid=\"false\" value=\"\" type=\"text\" name=\"yourname\" \/><\/span> <\/label>\n\t\t<\/p>\n\t<\/div>\n\t<div style='float:left;width:48%;margin-right:4%'>\n\t\t<p><label> Tel\u00e9fono<br \/>\n<span class=\"wpcf7-form-control-wrap\" data-name=\"phone\"><input size=\"40\" maxlength=\"400\" class=\"wpcf7-form-control wpcf7-tel wpcf7-text wpcf7-validates-as-tel\" aria-invalid=\"false\" value=\"\" type=\"tel\" name=\"phone\" \/><\/span> <\/label>\n\t\t<\/p>\n\t<\/div>\n\t<div style='float:left;width:48%'>\n\t\t<p><label>Pa\u00eds<br \/>\n<span class=\"wpcf7-form-control-wrap\" data-name=\"country\"><input size=\"40\" maxlength=\"400\" class=\"wpcf7-form-control wpcf7-text\" aria-invalid=\"false\" value=\"\" type=\"text\" name=\"country\" \/><\/span> <\/label>\n\t\t<\/p>\n\t<\/div>\n\t<div style='float:left;width:48%;margin-right:4%'>\n\t\t<p><label> Empresa<br \/>\n<span class=\"wpcf7-form-control-wrap\" data-name=\"company\"><input size=\"40\" maxlength=\"400\" class=\"wpcf7-form-control wpcf7-text\" aria-invalid=\"false\" value=\"\" type=\"text\" name=\"company\" \/><\/span> <\/label>\n\t\t<\/p>\n\t<\/div>\n\t<div style='float:left;width:48%'>\n\t\t<p><label> P\u00e1gina web<br \/>\n<span class=\"wpcf7-form-control-wrap\" data-name=\"web\"><input size=\"40\" maxlength=\"400\" class=\"wpcf7-form-control wpcf7-text\" aria-invalid=\"false\" value=\"\" type=\"text\" name=\"web\" \/><\/span> <\/label>\n\t\t<\/p>\n\t<\/div>\n\t<div style='clear:both'>\n\t<\/div>\n\t<p><input class=\"wpcf7-form-control wpcf7-submit has-spinner\" type=\"submit\" value=\"Enviar\" \/>\n\t<\/p>\n<\/div><p style=\"display: none !important;\" class=\"akismet-fields-container\" data-prefix=\"_wpcf7_ak_\"><label>&#916;<textarea name=\"_wpcf7_ak_hp_textarea\" cols=\"45\" rows=\"8\" maxlength=\"100\"><\/textarea><\/label><input type=\"hidden\" id=\"ak_js_1\" name=\"_wpcf7_ak_js\" value=\"22\"\/><script>document.getElementById( \"ak_js_1\" ).setAttribute( \"value\", ( new Date() ).getTime() );<\/script><\/p><div class=\"wpcf7-response-output\" aria-hidden=\"true\"><\/div>\n<input type=\"hidden\" name=\"trp-form-language\" value=\"es\"\/><\/form>\n<\/div>\n\n<div style='text-align:left' class='yasr-auto-insert-visitor'><\/div>","protected":false},"excerpt":{"rendered":"<p>Como fabricante de la l\u00ednea de producci\u00f3n de mermelada de ar\u00e1ndanos y fresas, podemos ofrecer a los clientes soluciones personalizadas.<\/p>","protected":false},"featured_media":1767,"comment_status":"open","ping_status":"closed","template":"","meta":{"site-sidebar-layout":"default","site-content-layout":"","ast-site-content-layout":"default","site-content-style":"default","site-sidebar-style":"default","ast-global-header-display":"","ast-banner-title-visibility":"","ast-main-header-display":"","ast-hfb-above-header-display":"","ast-hfb-below-header-display":"","ast-hfb-mobile-header-display":"","site-post-title":"","ast-breadcrumbs-content":"","ast-featured-img":"","footer-sml-layout":"","theme-transparent-header-meta":"default","adv-header-id-meta":"","stick-header-meta":"","header-above-stick-meta":"","header-main-stick-meta":"","header-below-stick-meta":"","astra-migrate-meta-layouts":"set","ast-page-background-enabled":"default","ast-page-background-meta":{"desktop":{"background-color":"var(--ast-global-color-4)","background-image":"","background-repeat":"repeat","background-position":"center center","background-size":"auto","background-attachment":"scroll","background-type":"","background-media":"","overlay-type":"","overlay-color":"","overlay-opacity":"","overlay-gradient":""},"tablet":{"background-color":"","background-image":"","background-repeat":"repeat","background-position":"center center","background-size":"auto","background-attachment":"scroll","background-type":"","background-media":"","overlay-type":"","overlay-color":"","overlay-opacity":"","overlay-gradient":""},"mobile":{"background-color":"","background-image":"","background-repeat":"repeat","background-position":"center center","background-size":"auto","background-attachment":"scroll","background-type":"","background-media":"","overlay-type":"","overlay-color":"","overlay-opacity":"","overlay-gradient":""}},"ast-content-background-meta":{"desktop":{"background-color":"var(--ast-global-color-5)","background-image":"","background-repeat":"repeat","background-position":"center center","background-size":"auto","background-attachment":"scroll","background-type":"","background-media":"","overlay-type":"","overlay-color":"","overlay-opacity":"","overlay-gradient":""},"tablet":{"background-color":"var(--ast-global-color-5)","background-image":"","background-repeat":"repeat","background-position":"center center","background-size":"auto","background-attachment":"scroll","background-type":"","background-media":"","overlay-type":"","overlay-color":"","overlay-opacity":"","overlay-gradient":""},"mobile":{"background-color":"var(--ast-global-color-5)","background-image":"","background-repeat":"repeat","background-position":"center center","background-size":"auto","background-attachment":"scroll","background-type":"","background-media":"","overlay-type":"","overlay-color":"","overlay-opacity":"","overlay-gradient":""}},"yasr_overall_rating":0,"yasr_post_is_review":"","yasr_auto_insert_disabled":"","yasr_review_type":""},"product_brand":[],"product_cat":[22],"product_tag":[],"class_list":{"0":"post-1763","1":"product","2":"type-product","3":"status-publish","4":"has-post-thumbnail","6":"product_cat-juicing-equipment","7":"desktop-align-left","8":"tablet-align-left","9":"mobile-align-left","11":"first","12":"instock","13":"shipping-taxable","14":"product-type-simple"},"yasr_visitor_votes":{"stars_attributes":{"read_only":false,"span_bottom":false},"number_of_votes":1,"sum_votes":5},"yoast_head":"<!-- This site is optimized with the Yoast SEO plugin v24.5 - https:\/\/yoast.com\/wordpress\/plugins\/seo\/ -->\n<title>Blueberry&amp;Strawberry Jam Production Line Manufacturers - Fruit Processing Solution<\/title>\n<meta name=\"description\" content=\"As a blueberry&amp;strawberry jam production line manufacturer, we can provide customers with customized solutions.\" \/>\n<meta name=\"robots\" content=\"index, follow, max-snippet:-1, max-image-preview:large, max-video-preview:-1\" \/>\n<link rel=\"canonical\" href=\"https:\/\/www.fruiturnkey.com\/es\/product\/blueberry-jam-production-line\/\" \/>\n<meta property=\"og:locale\" content=\"es_ES\" \/>\n<meta property=\"og:type\" content=\"article\" \/>\n<meta property=\"og:title\" content=\"Blueberry&amp;Strawberry Jam Production Line Manufacturers - Fruit Processing Solution\" \/>\n<meta property=\"og:description\" content=\"As a blueberry&amp;strawberry jam production line manufacturer, we can provide customers with customized solutions.\" \/>\n<meta property=\"og:url\" content=\"https:\/\/www.fruiturnkey.com\/es\/product\/blueberry-jam-production-line\/\" \/>\n<meta property=\"og:site_name\" content=\"Fruit Processing Solution\" \/>\n<meta property=\"og:image\" content=\"https:\/\/www.fruiturnkey.com\/wp-content\/uploads\/2025\/08\/51.jpg\" \/>\n\t<meta property=\"og:image:width\" content=\"600\" \/>\n\t<meta property=\"og:image:height\" content=\"600\" \/>\n\t<meta property=\"og:image:type\" content=\"image\/jpeg\" \/>\n<meta name=\"twitter:card\" content=\"summary_large_image\" \/>\n<meta name=\"twitter:label1\" content=\"Tiempo de lectura\" \/>\n\t<meta name=\"twitter:data1\" content=\"4 minutos\" \/>\n<script type=\"application\/ld+json\" class=\"yoast-schema-graph\">{\"@context\":\"https:\/\/schema.org\",\"@graph\":[{\"@type\":\"WebPage\",\"@id\":\"https:\/\/www.fruiturnkey.com\/product\/blueberry-jam-production-line\/\",\"url\":\"https:\/\/www.fruiturnkey.com\/product\/blueberry-jam-production-line\/\",\"name\":\"Blueberry&Strawberry Jam Production Line Manufacturers - Fruit Processing Solution\",\"isPartOf\":{\"@id\":\"https:\/\/www.fruiturnkey.com\/#website\"},\"primaryImageOfPage\":{\"@id\":\"https:\/\/www.fruiturnkey.com\/product\/blueberry-jam-production-line\/#primaryimage\"},\"image\":{\"@id\":\"https:\/\/www.fruiturnkey.com\/product\/blueberry-jam-production-line\/#primaryimage\"},\"thumbnailUrl\":\"https:\/\/www.fruiturnkey.com\/wp-content\/uploads\/2025\/08\/51.jpg\",\"datePublished\":\"2025-08-12T07:09:06+00:00\",\"description\":\"As a blueberry&strawberry jam production line manufacturer, we can provide customers with customized solutions.\",\"breadcrumb\":{\"@id\":\"https:\/\/www.fruiturnkey.com\/product\/blueberry-jam-production-line\/#breadcrumb\"},\"inLanguage\":\"es\",\"potentialAction\":[{\"@type\":\"ReadAction\",\"target\":[\"https:\/\/www.fruiturnkey.com\/product\/blueberry-jam-production-line\/\"]}]},{\"@type\":\"ImageObject\",\"inLanguage\":\"es\",\"@id\":\"https:\/\/www.fruiturnkey.com\/product\/blueberry-jam-production-line\/#primaryimage\",\"url\":\"https:\/\/www.fruiturnkey.com\/wp-content\/uploads\/2025\/08\/51.jpg\",\"contentUrl\":\"https:\/\/www.fruiturnkey.com\/wp-content\/uploads\/2025\/08\/51.jpg\",\"width\":600,\"height\":600,\"caption\":\"blueberry jam production line\"},{\"@type\":\"BreadcrumbList\",\"@id\":\"https:\/\/www.fruiturnkey.com\/product\/blueberry-jam-production-line\/#breadcrumb\",\"itemListElement\":[{\"@type\":\"ListItem\",\"position\":1,\"name\":\"Home\",\"item\":\"https:\/\/www.fruiturnkey.com\/\"},{\"@type\":\"ListItem\",\"position\":2,\"name\":\"Products\",\"item\":\"https:\/\/www.fruiturnkey.com\/product\/\"},{\"@type\":\"ListItem\",\"position\":3,\"name\":\"Blueberry&#038;Strawberry Jam Production Line Manufacturers\"}]},{\"@type\":\"WebSite\",\"@id\":\"https:\/\/www.fruiturnkey.com\/#website\",\"url\":\"https:\/\/www.fruiturnkey.com\/\",\"name\":\"Fruit Processing Solution\",\"description\":\"\",\"publisher\":{\"@id\":\"https:\/\/www.fruiturnkey.com\/#organization\"},\"potentialAction\":[{\"@type\":\"SearchAction\",\"target\":{\"@type\":\"EntryPoint\",\"urlTemplate\":\"https:\/\/www.fruiturnkey.com\/?s={search_term_string}\"},\"query-input\":{\"@type\":\"PropertyValueSpecification\",\"valueRequired\":true,\"valueName\":\"search_term_string\"}}],\"inLanguage\":\"es\"},{\"@type\":\"Organization\",\"@id\":\"https:\/\/www.fruiturnkey.com\/#organization\",\"name\":\"Fruit Processing Solution\",\"url\":\"https:\/\/www.fruiturnkey.com\/\",\"logo\":{\"@type\":\"ImageObject\",\"inLanguage\":\"es\",\"@id\":\"https:\/\/www.fruiturnkey.com\/#\/schema\/logo\/image\/\",\"url\":\"https:\/\/www.fruiturnkey.com\/wp-content\/uploads\/2025\/03\/cropped-\u65b0\u7248LOGO.png\",\"contentUrl\":\"https:\/\/www.fruiturnkey.com\/wp-content\/uploads\/2025\/03\/cropped-\u65b0\u7248LOGO.png\",\"width\":1918,\"height\":639,\"caption\":\"Fruit Processing Solution\"},\"image\":{\"@id\":\"https:\/\/www.fruiturnkey.com\/#\/schema\/logo\/image\/\"}},false]}<\/script>\n<!-- \/ Yoast SEO plugin. -->","yoast_head_json":{"title":"Blueberry&Strawberry Jam Production Line Manufacturers - Fruit Processing Solution","description":"As a blueberry&strawberry jam production line manufacturer, we can provide customers with customized solutions.","robots":{"index":"index","follow":"follow","max-snippet":"max-snippet:-1","max-image-preview":"max-image-preview:large","max-video-preview":"max-video-preview:-1"},"canonical":"https:\/\/www.fruiturnkey.com\/es\/product\/blueberry-jam-production-line\/","og_locale":"es_ES","og_type":"article","og_title":"Blueberry&Strawberry Jam Production Line Manufacturers - Fruit Processing Solution","og_description":"As a blueberry&strawberry jam production line manufacturer, we can provide customers with customized solutions.","og_url":"https:\/\/www.fruiturnkey.com\/es\/product\/blueberry-jam-production-line\/","og_site_name":"Fruit Processing Solution","og_image":[{"width":600,"height":600,"url":"https:\/\/www.fruiturnkey.com\/wp-content\/uploads\/2025\/08\/51.jpg","type":"image\/jpeg"}],"twitter_card":"summary_large_image","twitter_misc":{"Tiempo de lectura":"4 minutos"},"schema":{"@context":"https:\/\/schema.org","@graph":[{"@type":"WebPage","@id":"https:\/\/www.fruiturnkey.com\/product\/blueberry-jam-production-line\/","url":"https:\/\/www.fruiturnkey.com\/product\/blueberry-jam-production-line\/","name":"Blueberry&Strawberry Jam Production Line Manufacturers - Fruit Processing Solution","isPartOf":{"@id":"https:\/\/www.fruiturnkey.com\/#website"},"primaryImageOfPage":{"@id":"https:\/\/www.fruiturnkey.com\/product\/blueberry-jam-production-line\/#primaryimage"},"image":{"@id":"https:\/\/www.fruiturnkey.com\/product\/blueberry-jam-production-line\/#primaryimage"},"thumbnailUrl":"https:\/\/www.fruiturnkey.com\/wp-content\/uploads\/2025\/08\/51.jpg","datePublished":"2025-08-12T07:09:06+00:00","description":"As a blueberry&strawberry jam production line manufacturer, we can provide customers with customized solutions.","breadcrumb":{"@id":"https:\/\/www.fruiturnkey.com\/product\/blueberry-jam-production-line\/#breadcrumb"},"inLanguage":"es","potentialAction":[{"@type":"ReadAction","target":["https:\/\/www.fruiturnkey.com\/product\/blueberry-jam-production-line\/"]}]},{"@type":"ImageObject","inLanguage":"es","@id":"https:\/\/www.fruiturnkey.com\/product\/blueberry-jam-production-line\/#primaryimage","url":"https:\/\/www.fruiturnkey.com\/wp-content\/uploads\/2025\/08\/51.jpg","contentUrl":"https:\/\/www.fruiturnkey.com\/wp-content\/uploads\/2025\/08\/51.jpg","width":600,"height":600,"caption":"blueberry jam production line"},{"@type":"BreadcrumbList","@id":"https:\/\/www.fruiturnkey.com\/product\/blueberry-jam-production-line\/#breadcrumb","itemListElement":[{"@type":"ListItem","position":1,"name":"Home","item":"https:\/\/www.fruiturnkey.com\/"},{"@type":"ListItem","position":2,"name":"Products","item":"https:\/\/www.fruiturnkey.com\/product\/"},{"@type":"ListItem","position":3,"name":"Blueberry&#038;Strawberry Jam Production Line Manufacturers"}]},{"@type":"WebSite","@id":"https:\/\/www.fruiturnkey.com\/#website","url":"https:\/\/www.fruiturnkey.com\/","name":"Fruit Processing Solution","description":"","publisher":{"@id":"https:\/\/www.fruiturnkey.com\/#organization"},"potentialAction":[{"@type":"SearchAction","target":{"@type":"EntryPoint","urlTemplate":"https:\/\/www.fruiturnkey.com\/?s={search_term_string}"},"query-input":{"@type":"PropertyValueSpecification","valueRequired":true,"valueName":"search_term_string"}}],"inLanguage":"es"},{"@type":"Organization","@id":"https:\/\/www.fruiturnkey.com\/#organization","name":"Fruit Processing Solution","url":"https:\/\/www.fruiturnkey.com\/","logo":{"@type":"ImageObject","inLanguage":"es","@id":"https:\/\/www.fruiturnkey.com\/#\/schema\/logo\/image\/","url":"https:\/\/www.fruiturnkey.com\/wp-content\/uploads\/2025\/03\/cropped-\u65b0\u7248LOGO.png","contentUrl":"https:\/\/www.fruiturnkey.com\/wp-content\/uploads\/2025\/03\/cropped-\u65b0\u7248LOGO.png","width":1918,"height":639,"caption":"Fruit Processing Solution"},"image":{"@id":"https:\/\/www.fruiturnkey.com\/#\/schema\/logo\/image\/"}},false]}},"_links":{"self":[{"href":"https:\/\/www.fruiturnkey.com\/es\/wp-json\/wp\/v2\/product\/1763","targetHints":{"allow":["GET"]}}],"collection":[{"href":"https:\/\/www.fruiturnkey.com\/es\/wp-json\/wp\/v2\/product"}],"about":[{"href":"https:\/\/www.fruiturnkey.com\/es\/wp-json\/wp\/v2\/types\/product"}],"replies":[{"embeddable":true,"href":"https:\/\/www.fruiturnkey.com\/es\/wp-json\/wp\/v2\/comments?post=1763"}],"wp:featuredmedia":[{"embeddable":true,"href":"https:\/\/www.fruiturnkey.com\/es\/wp-json\/wp\/v2\/media\/1767"}],"wp:attachment":[{"href":"https:\/\/www.fruiturnkey.com\/es\/wp-json\/wp\/v2\/media?parent=1763"}],"wp:term":[{"taxonomy":"product_brand","embeddable":true,"href":"https:\/\/www.fruiturnkey.com\/es\/wp-json\/wp\/v2\/product_brand?post=1763"},{"taxonomy":"product_cat","embeddable":true,"href":"https:\/\/www.fruiturnkey.com\/es\/wp-json\/wp\/v2\/product_cat?post=1763"},{"taxonomy":"product_tag","embeddable":true,"href":"https:\/\/www.fruiturnkey.com\/es\/wp-json\/wp\/v2\/product_tag?post=1763"}],"curies":[{"name":"wp","href":"https:\/\/api.w.org\/{rel}","templated":true}]}}