{"id":1740,"date":"2025-07-23T17:30:05","date_gmt":"2025-07-23T09:30:05","guid":{"rendered":"https:\/\/www.fruiturnkey.com\/?post_type=product&#038;p=1740"},"modified":"2025-07-23T17:30:06","modified_gmt":"2025-07-23T09:30:06","slug":"orange-juice-production-line","status":"publish","type":"product","link":"https:\/\/www.fruiturnkey.com\/es\/product\/orange-juice-production-line\/","title":{"rendered":"100% L\u00ednea de producci\u00f3n de jugo de naranja NFC"},"content":{"rendered":"<p>El jugo de naranja NFC se elabora extrayendo directamente el jugo de naranjas frescas y esteriliz\u00e1ndolo, sin ning\u00fan proceso de concentraci\u00f3n ni reconstituci\u00f3n. El jugo de naranja NFC conserva el sabor natural, la vitamina C, los minerales y otros nutrientes de las naranjas, y tiene un sabor similar al del jugo reci\u00e9n exprimido. La l\u00ednea de producci\u00f3n de jugo de naranja NFC es el equipo principal que se utiliza en el procesamiento de este tipo de jugo.<\/p>\n<p>&nbsp;<\/p>\n<h2>Proceso de producci\u00f3n del jugo de naranja NFC:<\/h2>\n<ul>\n<li>Pretratamiento de la materia prima: Despu\u00e9s de que las naranjas frescas entren en la f\u00e1brica, deben pasar primero por pasos como la clasificaci\u00f3n, la limpieza y la eliminaci\u00f3n de la podredumbre para garantizar que las frutas que entran en la siguiente fase son frutas de alta calidad.<\/li>\n<li>Limpieza: Utilice un <a href=\"https:\/\/www.fruiturnkey.com\/es\/product\/citrus-washing-line\/\">m\u00e1quina de limpieza<\/a> para eliminar a fondo el barro y las impurezas de la superficie de la naranja.<\/li>\n<li>Extracci\u00f3n de zumo: Utiliza un exprimidor para exprimir mec\u00e1nicamente y maximizar la extracci\u00f3n de jugo.<\/li>\n<li>Filtraci\u00f3n gruesa y fina: El jugo de naranja exprimido se filtra inicialmente para eliminar las part\u00edculas grandes de pulpa, semillas e impurezas, y despu\u00e9s se filtra finamente para mejorar la pureza.<\/li>\n<li>Desgasificaci\u00f3n: Elimine el ox\u00edgeno disuelto del jugo de naranja mediante un equipo de desgasificaci\u00f3n al vac\u00edo para evitar la oxidaci\u00f3n y prolongar la vida \u00fatil.<\/li>\n<li>Pasteurizaci\u00f3n: El jugo de naranja pasa por un pasteurizador y se calienta a una temperatura adecuada en poco tiempo para inactivar los microorganismos, lo que garantiza la seguridad del producto conservando al m\u00e1ximo los nutrientes.<\/li>\n<li>Llenado as\u00e9ptico: El llenado se realiza en un entorno limpio. Los envases habituales incluyen botellas, Tetra Pak, bolsas as\u00e9pticas, etc.<\/li>\n<li>Almacenamiento y transporte en cadena de fr\u00edo: Tras la producci\u00f3n, el jugo de naranja NFC necesita ser refrigerado y almacenado, y transportado a la terminal de venta a trav\u00e9s de un sistema de cadena de fr\u00edo.<\/li>\n<\/ul>\n<p><img fetchpriority=\"high\" decoding=\"async\" class=\"alignnone wp-image-1742 size-full\" src=\"https:\/\/www.fruiturnkey.com\/wp-content\/uploads\/2025\/07\/47-1.jpg\" alt=\"m\u00e1quina procesadora de naranjas\" width=\"600\" height=\"400\" srcset=\"https:\/\/www.fruiturnkey.com\/wp-content\/uploads\/2025\/07\/47-1.jpg 600w, https:\/\/www.fruiturnkey.com\/wp-content\/uploads\/2025\/07\/47-1-300x200.jpg 300w, https:\/\/www.fruiturnkey.com\/wp-content\/uploads\/2025\/07\/47-1-18x12.jpg 18w, https:\/\/www.fruiturnkey.com\/wp-content\/uploads\/2025\/07\/47-1-24x16.jpg 24w, https:\/\/www.fruiturnkey.com\/wp-content\/uploads\/2025\/07\/47-1-36x24.jpg 36w, https:\/\/www.fruiturnkey.com\/wp-content\/uploads\/2025\/07\/47-1-48x32.jpg 48w, https:\/\/www.fruiturnkey.com\/wp-content\/uploads\/2025\/07\/47-1-400x267.jpg 400w\" sizes=\"(max-width: 600px) 100vw, 600px\" \/><\/p>\n<h2>Equipo principal de la l\u00ednea de procesamiento de jugo de naranja:<\/h2>\n<p>Para garantizar una producci\u00f3n de alta calidad del jugo de naranja NFC, la l\u00ednea de producci\u00f3n de jugo de naranja incluye los siguientes equipos:<\/p>\n<ol>\n<li>Lavadora: utiliza sistemas de volteo y pulverizaci\u00f3n de burbujas para limpiar en profundidad las impurezas de la superficie de la naranja.<\/li>\n<li>Exprimidor: Equipo exprimidor especialmente utilizado para c\u00edtricos, con alta tasa de extracci\u00f3n y baja tasa de trituraci\u00f3n.<\/li>\n<li>Sistema de filtraci\u00f3n de jugo: Contiene m\u00f3dulos de filtraci\u00f3n gruesa y filtraci\u00f3n fina para eliminar impurezas y mejorar la claridad del jugo de naranja.<\/li>\n<li>Desgasificador al vac\u00edo: elimina el ox\u00edgeno disuelto en el jugo de naranja al vac\u00edo para retrasar su deterioro.<\/li>\n<li>Pasteurizador: tratamiento a baja temperatura y de corta duraci\u00f3n para garantizar que el jugo de naranja sea seguro y se pueda beber dentro del plazo de conservaci\u00f3n.<\/li>\n<\/ol>\n<h2><img decoding=\"async\" class=\"alignnone wp-image-1743 size-full\" src=\"https:\/\/www.fruiturnkey.com\/wp-content\/uploads\/2025\/07\/47-2.jpg\" alt=\"lavadora naranja\" width=\"600\" height=\"400\" srcset=\"https:\/\/www.fruiturnkey.com\/wp-content\/uploads\/2025\/07\/47-2.jpg 600w, https:\/\/www.fruiturnkey.com\/wp-content\/uploads\/2025\/07\/47-2-300x200.jpg 300w, https:\/\/www.fruiturnkey.com\/wp-content\/uploads\/2025\/07\/47-2-18x12.jpg 18w, https:\/\/www.fruiturnkey.com\/wp-content\/uploads\/2025\/07\/47-2-24x16.jpg 24w, https:\/\/www.fruiturnkey.com\/wp-content\/uploads\/2025\/07\/47-2-36x24.jpg 36w, https:\/\/www.fruiturnkey.com\/wp-content\/uploads\/2025\/07\/47-2-48x32.jpg 48w, https:\/\/www.fruiturnkey.com\/wp-content\/uploads\/2025\/07\/47-2-400x267.jpg 400w\" sizes=\"(max-width: 600px) 100vw, 600px\" \/><\/h2>\n<h2>Requisitos de producci\u00f3n y normas medioambientales:<\/h2>\n<p>Para garantizar que el jugo de naranja NFC cumpla con los est\u00e1ndares de calidad, la l\u00ednea de producci\u00f3n de jugo de naranja debe cumplir con los siguientes requisitos:<\/p>\n<ul>\n<li>La zona de producci\u00f3n debe ser una zona limpia con un sistema de filtraci\u00f3n de aire.<\/li>\n<li>La temperatura interior se controla dentro de un rango adecuado (20\u2103-25\u2103) y la humedad es moderada.<\/li>\n<li>Cada zona est\u00e1 estrictamente dividida: la zona de materias primas, la zona de procesamiento, la zona de envasado y la zona de almacenamiento est\u00e1n separadas y son independientes.<\/li>\n<li>Las personas que entren en la zona de producci\u00f3n deben llevar ropa de trabajo, gorros y mascarillas.<\/li>\n<li>Los productos envasados deben almacenarse r\u00e1pidamente en una c\u00e1mara frigor\u00edfica a 2\u2103-8\u2103.<\/li>\n<\/ul>\n<p><img decoding=\"async\" class=\"alignnone wp-image-1744 size-full\" src=\"https:\/\/www.fruiturnkey.com\/wp-content\/uploads\/2025\/07\/47-3.jpg\" alt=\"m\u00e1quina limpiadora de naranjas\" width=\"600\" height=\"400\" srcset=\"https:\/\/www.fruiturnkey.com\/wp-content\/uploads\/2025\/07\/47-3.jpg 600w, https:\/\/www.fruiturnkey.com\/wp-content\/uploads\/2025\/07\/47-3-300x200.jpg 300w, https:\/\/www.fruiturnkey.com\/wp-content\/uploads\/2025\/07\/47-3-18x12.jpg 18w, https:\/\/www.fruiturnkey.com\/wp-content\/uploads\/2025\/07\/47-3-24x16.jpg 24w, https:\/\/www.fruiturnkey.com\/wp-content\/uploads\/2025\/07\/47-3-36x24.jpg 36w, https:\/\/www.fruiturnkey.com\/wp-content\/uploads\/2025\/07\/47-3-48x32.jpg 48w, https:\/\/www.fruiturnkey.com\/wp-content\/uploads\/2025\/07\/47-3-400x267.jpg 400w\" sizes=\"(max-width: 600px) 100vw, 600px\" \/><\/p>\n<p>Adem\u00e1s, para satisfacer las diversas necesidades de producci\u00f3n de nuestros clientes, podemos ofrecer soluciones personalizadas basadas en sus instalaciones, capacidad de producci\u00f3n y otros requisitos.<\/p>\n\n<div class=\"wpcf7 no-js\" id=\"wpcf7-f1048-o1\" lang=\"en-US\" dir=\"ltr\" data-wpcf7-id=\"1048\">\n<div class=\"screen-reader-response\"><p role=\"status\" aria-live=\"polite\" aria-atomic=\"true\"><\/p> <ul><\/ul><\/div>\n<form action=\"\/es\/wp-json\/wp\/v2\/product\/1740#wpcf7-f1048-o1\" method=\"post\" class=\"wpcf7-form init\" aria-label=\"Formulario de contacto\" novalidate=\"novalidate\" data-status=\"init\" data-trp-original-action=\"\/es\/wp-json\/wp\/v2\/product\/1740#wpcf7-f1048-o1\">\n<div style=\"display: none;\">\n<input type=\"hidden\" name=\"_wpcf7\" value=\"1048\" \/>\n<input type=\"hidden\" name=\"_wpcf7_version\" value=\"6.0.4\" \/>\n<input type=\"hidden\" name=\"_wpcf7_locale\" value=\"en_US\" \/>\n<input type=\"hidden\" name=\"_wpcf7_unit_tag\" value=\"wpcf7-f1048-o1\" \/>\n<input type=\"hidden\" name=\"_wpcf7_container_post\" value=\"0\" \/>\n<input type=\"hidden\" name=\"_wpcf7_posted_data_hash\" value=\"\" \/>\n<\/div>\n<div style='border:1px solid #54B435;padding:15px'>\n\t<p><span style='font-weight:bold'>CONTACTO PARA PRESUPUESTO<\/span><br \/>\n<span style='display:block;width:100px;height:5px;background:#54B435'><\/span><br \/>\nSu informaci\u00f3n de contacto no ser\u00e1 publicada. Los campos obligatorios est\u00e1n marcados con *.\n\t<\/p>\n\t<p><label> Mensaje *<br \/>\n<span class=\"wpcf7-form-control-wrap\" data-name=\"your-message\"><textarea cols=\"40\" rows=\"10\" maxlength=\"2000\" class=\"wpcf7-form-control wpcf7-textarea wpcf7-validates-as-required\" aria-required=\"true\" aria-invalid=\"false\" name=\"your-message\"><\/textarea><\/span> <\/label>\n\t<\/p>\n\t<div style='float:left;width:48%;margin-right:4%'>\n\t\t<p><label> Su correo electr\u00f3nico *<br \/>\n<span class=\"wpcf7-form-control-wrap\" data-name=\"email\"><input size=\"40\" maxlength=\"400\" class=\"wpcf7-form-control wpcf7-email wpcf7-validates-as-required wpcf7-text wpcf7-validates-as-email\" aria-required=\"true\" aria-invalid=\"false\" value=\"\" type=\"email\" name=\"email\" \/><\/span> <\/label>\n\t\t<\/p>\n\t<\/div>\n\t<div style='float:left;width:48%'>\n\t\t<p><label> Su nombre<br \/>\n<span class=\"wpcf7-form-control-wrap\" data-name=\"yourname\"><input size=\"40\" maxlength=\"400\" class=\"wpcf7-form-control wpcf7-text\" aria-invalid=\"false\" value=\"\" type=\"text\" name=\"yourname\" \/><\/span> <\/label>\n\t\t<\/p>\n\t<\/div>\n\t<div style='float:left;width:48%;margin-right:4%'>\n\t\t<p><label> Tel\u00e9fono<br \/>\n<span class=\"wpcf7-form-control-wrap\" data-name=\"phone\"><input size=\"40\" maxlength=\"400\" class=\"wpcf7-form-control wpcf7-tel wpcf7-text wpcf7-validates-as-tel\" aria-invalid=\"false\" value=\"\" type=\"tel\" name=\"phone\" \/><\/span> <\/label>\n\t\t<\/p>\n\t<\/div>\n\t<div style='float:left;width:48%'>\n\t\t<p><label>Pa\u00eds<br \/>\n<span class=\"wpcf7-form-control-wrap\" data-name=\"country\"><input size=\"40\" maxlength=\"400\" class=\"wpcf7-form-control wpcf7-text\" aria-invalid=\"false\" value=\"\" type=\"text\" name=\"country\" \/><\/span> <\/label>\n\t\t<\/p>\n\t<\/div>\n\t<div style='float:left;width:48%;margin-right:4%'>\n\t\t<p><label> Empresa<br \/>\n<span class=\"wpcf7-form-control-wrap\" data-name=\"company\"><input size=\"40\" maxlength=\"400\" class=\"wpcf7-form-control wpcf7-text\" aria-invalid=\"false\" value=\"\" type=\"text\" name=\"company\" \/><\/span> <\/label>\n\t\t<\/p>\n\t<\/div>\n\t<div style='float:left;width:48%'>\n\t\t<p><label> P\u00e1gina web<br \/>\n<span class=\"wpcf7-form-control-wrap\" data-name=\"web\"><input size=\"40\" maxlength=\"400\" class=\"wpcf7-form-control wpcf7-text\" aria-invalid=\"false\" value=\"\" type=\"text\" name=\"web\" \/><\/span> <\/label>\n\t\t<\/p>\n\t<\/div>\n\t<div style='clear:both'>\n\t<\/div>\n\t<p><input class=\"wpcf7-form-control wpcf7-submit has-spinner\" type=\"submit\" value=\"Enviar\" \/>\n\t<\/p>\n<\/div><p style=\"display: none !important;\" class=\"akismet-fields-container\" data-prefix=\"_wpcf7_ak_\"><label>&#916;<textarea name=\"_wpcf7_ak_hp_textarea\" cols=\"45\" rows=\"8\" maxlength=\"100\"><\/textarea><\/label><input type=\"hidden\" id=\"ak_js_1\" name=\"_wpcf7_ak_js\" value=\"57\"\/><script>document.getElementById( \"ak_js_1\" ).setAttribute( \"value\", ( new Date() ).getTime() );<\/script><\/p><div class=\"wpcf7-response-output\" aria-hidden=\"true\"><\/div>\n<input type=\"hidden\" name=\"trp-form-language\" value=\"es\"\/><\/form>\n<\/div>\n\n<div style='text-align:left' class='yasr-auto-insert-visitor'><\/div>","protected":false},"excerpt":{"rendered":"<p>La l\u00ednea de producci\u00f3n de jugo de naranja es eficiente, higi\u00e9nica e inteligente, y puede satisfacer las necesidades de producci\u00f3n de grandes y medianas empresas de procesamiento de jugo.<\/p>","protected":false},"featured_media":1741,"comment_status":"open","ping_status":"closed","template":"","meta":{"site-sidebar-layout":"default","site-content-layout":"","ast-site-content-layout":"default","site-content-style":"default","site-sidebar-style":"default","ast-global-header-display":"","ast-banner-title-visibility":"","ast-main-header-display":"","ast-hfb-above-header-display":"","ast-hfb-below-header-display":"","ast-hfb-mobile-header-display":"","site-post-title":"","ast-breadcrumbs-content":"","ast-featured-img":"","footer-sml-layout":"","theme-transparent-header-meta":"default","adv-header-id-meta":"","stick-header-meta":"","header-above-stick-meta":"","header-main-stick-meta":"","header-below-stick-meta":"","astra-migrate-meta-layouts":"set","ast-page-background-enabled":"default","ast-page-background-meta":{"desktop":{"background-color":"var(--ast-global-color-4)","background-image":"","background-repeat":"repeat","background-position":"center center","background-size":"auto","background-attachment":"scroll","background-type":"","background-media":"","overlay-type":"","overlay-color":"","overlay-opacity":"","overlay-gradient":""},"tablet":{"background-color":"","background-image":"","background-repeat":"repeat","background-position":"center center","background-size":"auto","background-attachment":"scroll","background-type":"","background-media":"","overlay-type":"","overlay-color":"","overlay-opacity":"","overlay-gradient":""},"mobile":{"background-color":"","background-image":"","background-repeat":"repeat","background-position":"center center","background-size":"auto","background-attachment":"scroll","background-type":"","background-media":"","overlay-type":"","overlay-color":"","overlay-opacity":"","overlay-gradient":""}},"ast-content-background-meta":{"desktop":{"background-color":"var(--ast-global-color-5)","background-image":"","background-repeat":"repeat","background-position":"center center","background-size":"auto","background-attachment":"scroll","background-type":"","background-media":"","overlay-type":"","overlay-color":"","overlay-opacity":"","overlay-gradient":""},"tablet":{"background-color":"var(--ast-global-color-5)","background-image":"","background-repeat":"repeat","background-position":"center center","background-size":"auto","background-attachment":"scroll","background-type":"","background-media":"","overlay-type":"","overlay-color":"","overlay-opacity":"","overlay-gradient":""},"mobile":{"background-color":"var(--ast-global-color-5)","background-image":"","background-repeat":"repeat","background-position":"center center","background-size":"auto","background-attachment":"scroll","background-type":"","background-media":"","overlay-type":"","overlay-color":"","overlay-opacity":"","overlay-gradient":""}},"yasr_overall_rating":0,"yasr_post_is_review":"","yasr_auto_insert_disabled":"","yasr_review_type":""},"product_brand":[],"product_cat":[22],"product_tag":[],"class_list":{"0":"post-1740","1":"product","2":"type-product","3":"status-publish","4":"has-post-thumbnail","6":"product_cat-juicing-equipment","7":"desktop-align-left","8":"tablet-align-left","9":"mobile-align-left","11":"first","12":"instock","13":"shipping-taxable","14":"product-type-simple"},"yasr_visitor_votes":{"stars_attributes":{"read_only":false,"span_bottom":false},"number_of_votes":2,"sum_votes":10},"yoast_head":"<!-- This site is optimized with the Yoast SEO plugin v24.5 - https:\/\/yoast.com\/wordpress\/plugins\/seo\/ -->\n<title>100% NFC Orange Juice Production Line - Fruit Processing Solution<\/title>\n<meta name=\"description\" content=\"The orange juice production line is efficient, hygienic and intelligent, and can meet the production needs of large and medium-sized juice processing companies.\" \/>\n<meta name=\"robots\" content=\"index, follow, max-snippet:-1, max-image-preview:large, max-video-preview:-1\" \/>\n<link rel=\"canonical\" href=\"https:\/\/www.fruiturnkey.com\/es\/product\/orange-juice-production-line\/\" \/>\n<meta property=\"og:locale\" content=\"es_ES\" \/>\n<meta property=\"og:type\" content=\"article\" \/>\n<meta property=\"og:title\" content=\"100% NFC Orange Juice Production Line - Fruit Processing Solution\" \/>\n<meta property=\"og:description\" content=\"The orange juice production line is efficient, hygienic and intelligent, and can meet the production needs of large and medium-sized juice processing companies.\" \/>\n<meta property=\"og:url\" content=\"https:\/\/www.fruiturnkey.com\/es\/product\/orange-juice-production-line\/\" \/>\n<meta property=\"og:site_name\" content=\"Fruit Processing Solution\" \/>\n<meta property=\"article:modified_time\" content=\"2025-07-23T09:30:06+00:00\" \/>\n<meta property=\"og:image\" content=\"https:\/\/www.fruiturnkey.com\/wp-content\/uploads\/2025\/07\/47.jpg\" \/>\n\t<meta property=\"og:image:width\" content=\"600\" \/>\n\t<meta property=\"og:image:height\" content=\"600\" \/>\n\t<meta property=\"og:image:type\" content=\"image\/jpeg\" \/>\n<meta name=\"twitter:card\" content=\"summary_large_image\" \/>\n<meta name=\"twitter:label1\" content=\"Tiempo de lectura\" \/>\n\t<meta name=\"twitter:data1\" content=\"4 minutos\" \/>\n<script type=\"application\/ld+json\" class=\"yoast-schema-graph\">{\"@context\":\"https:\/\/schema.org\",\"@graph\":[{\"@type\":\"WebPage\",\"@id\":\"https:\/\/www.fruiturnkey.com\/product\/orange-juice-production-line\/\",\"url\":\"https:\/\/www.fruiturnkey.com\/product\/orange-juice-production-line\/\",\"name\":\"100% NFC Orange Juice Production Line - Fruit Processing Solution\",\"isPartOf\":{\"@id\":\"https:\/\/www.fruiturnkey.com\/#website\"},\"primaryImageOfPage\":{\"@id\":\"https:\/\/www.fruiturnkey.com\/product\/orange-juice-production-line\/#primaryimage\"},\"image\":{\"@id\":\"https:\/\/www.fruiturnkey.com\/product\/orange-juice-production-line\/#primaryimage\"},\"thumbnailUrl\":\"https:\/\/www.fruiturnkey.com\/wp-content\/uploads\/2025\/07\/47.jpg\",\"datePublished\":\"2025-07-23T09:30:05+00:00\",\"dateModified\":\"2025-07-23T09:30:06+00:00\",\"description\":\"The orange juice production line is efficient, hygienic and intelligent, and can meet the production needs of large and medium-sized juice processing companies.\",\"breadcrumb\":{\"@id\":\"https:\/\/www.fruiturnkey.com\/product\/orange-juice-production-line\/#breadcrumb\"},\"inLanguage\":\"es\",\"potentialAction\":[{\"@type\":\"ReadAction\",\"target\":[\"https:\/\/www.fruiturnkey.com\/product\/orange-juice-production-line\/\"]}]},{\"@type\":\"ImageObject\",\"inLanguage\":\"es\",\"@id\":\"https:\/\/www.fruiturnkey.com\/product\/orange-juice-production-line\/#primaryimage\",\"url\":\"https:\/\/www.fruiturnkey.com\/wp-content\/uploads\/2025\/07\/47.jpg\",\"contentUrl\":\"https:\/\/www.fruiturnkey.com\/wp-content\/uploads\/2025\/07\/47.jpg\",\"width\":600,\"height\":600,\"caption\":\"orange juice production line\"},{\"@type\":\"BreadcrumbList\",\"@id\":\"https:\/\/www.fruiturnkey.com\/product\/orange-juice-production-line\/#breadcrumb\",\"itemListElement\":[{\"@type\":\"ListItem\",\"position\":1,\"name\":\"Home\",\"item\":\"https:\/\/www.fruiturnkey.com\/\"},{\"@type\":\"ListItem\",\"position\":2,\"name\":\"Products\",\"item\":\"https:\/\/www.fruiturnkey.com\/product\/\"},{\"@type\":\"ListItem\",\"position\":3,\"name\":\"100% NFC Orange Juice Production Line\"}]},{\"@type\":\"WebSite\",\"@id\":\"https:\/\/www.fruiturnkey.com\/#website\",\"url\":\"https:\/\/www.fruiturnkey.com\/\",\"name\":\"Fruit Processing Solution\",\"description\":\"\",\"publisher\":{\"@id\":\"https:\/\/www.fruiturnkey.com\/#organization\"},\"potentialAction\":[{\"@type\":\"SearchAction\",\"target\":{\"@type\":\"EntryPoint\",\"urlTemplate\":\"https:\/\/www.fruiturnkey.com\/?s={search_term_string}\"},\"query-input\":{\"@type\":\"PropertyValueSpecification\",\"valueRequired\":true,\"valueName\":\"search_term_string\"}}],\"inLanguage\":\"es\"},{\"@type\":\"Organization\",\"@id\":\"https:\/\/www.fruiturnkey.com\/#organization\",\"name\":\"Fruit Processing Solution\",\"url\":\"https:\/\/www.fruiturnkey.com\/\",\"logo\":{\"@type\":\"ImageObject\",\"inLanguage\":\"es\",\"@id\":\"https:\/\/www.fruiturnkey.com\/#\/schema\/logo\/image\/\",\"url\":\"https:\/\/www.fruiturnkey.com\/wp-content\/uploads\/2025\/03\/cropped-\u65b0\u7248LOGO.png\",\"contentUrl\":\"https:\/\/www.fruiturnkey.com\/wp-content\/uploads\/2025\/03\/cropped-\u65b0\u7248LOGO.png\",\"width\":1918,\"height\":639,\"caption\":\"Fruit Processing Solution\"},\"image\":{\"@id\":\"https:\/\/www.fruiturnkey.com\/#\/schema\/logo\/image\/\"}},false]}<\/script>\n<!-- \/ Yoast SEO plugin. -->","yoast_head_json":{"title":"100% NFC Orange Juice Production Line - Fruit Processing Solution","description":"The orange juice production line is efficient, hygienic and intelligent, and can meet the production needs of large and medium-sized juice processing companies.","robots":{"index":"index","follow":"follow","max-snippet":"max-snippet:-1","max-image-preview":"max-image-preview:large","max-video-preview":"max-video-preview:-1"},"canonical":"https:\/\/www.fruiturnkey.com\/es\/product\/orange-juice-production-line\/","og_locale":"es_ES","og_type":"article","og_title":"100% NFC Orange Juice Production Line - Fruit Processing Solution","og_description":"The orange juice production line is efficient, hygienic and intelligent, and can meet the production needs of large and medium-sized juice processing companies.","og_url":"https:\/\/www.fruiturnkey.com\/es\/product\/orange-juice-production-line\/","og_site_name":"Fruit Processing Solution","article_modified_time":"2025-07-23T09:30:06+00:00","og_image":[{"width":600,"height":600,"url":"https:\/\/www.fruiturnkey.com\/wp-content\/uploads\/2025\/07\/47.jpg","type":"image\/jpeg"}],"twitter_card":"summary_large_image","twitter_misc":{"Tiempo de lectura":"4 minutos"},"schema":{"@context":"https:\/\/schema.org","@graph":[{"@type":"WebPage","@id":"https:\/\/www.fruiturnkey.com\/product\/orange-juice-production-line\/","url":"https:\/\/www.fruiturnkey.com\/product\/orange-juice-production-line\/","name":"100% NFC Orange Juice Production Line - Fruit Processing Solution","isPartOf":{"@id":"https:\/\/www.fruiturnkey.com\/#website"},"primaryImageOfPage":{"@id":"https:\/\/www.fruiturnkey.com\/product\/orange-juice-production-line\/#primaryimage"},"image":{"@id":"https:\/\/www.fruiturnkey.com\/product\/orange-juice-production-line\/#primaryimage"},"thumbnailUrl":"https:\/\/www.fruiturnkey.com\/wp-content\/uploads\/2025\/07\/47.jpg","datePublished":"2025-07-23T09:30:05+00:00","dateModified":"2025-07-23T09:30:06+00:00","description":"The orange juice production line is efficient, hygienic and intelligent, and can meet the production needs of large and medium-sized juice processing companies.","breadcrumb":{"@id":"https:\/\/www.fruiturnkey.com\/product\/orange-juice-production-line\/#breadcrumb"},"inLanguage":"es","potentialAction":[{"@type":"ReadAction","target":["https:\/\/www.fruiturnkey.com\/product\/orange-juice-production-line\/"]}]},{"@type":"ImageObject","inLanguage":"es","@id":"https:\/\/www.fruiturnkey.com\/product\/orange-juice-production-line\/#primaryimage","url":"https:\/\/www.fruiturnkey.com\/wp-content\/uploads\/2025\/07\/47.jpg","contentUrl":"https:\/\/www.fruiturnkey.com\/wp-content\/uploads\/2025\/07\/47.jpg","width":600,"height":600,"caption":"orange juice production line"},{"@type":"BreadcrumbList","@id":"https:\/\/www.fruiturnkey.com\/product\/orange-juice-production-line\/#breadcrumb","itemListElement":[{"@type":"ListItem","position":1,"name":"Home","item":"https:\/\/www.fruiturnkey.com\/"},{"@type":"ListItem","position":2,"name":"Products","item":"https:\/\/www.fruiturnkey.com\/product\/"},{"@type":"ListItem","position":3,"name":"100% NFC Orange Juice Production Line"}]},{"@type":"WebSite","@id":"https:\/\/www.fruiturnkey.com\/#website","url":"https:\/\/www.fruiturnkey.com\/","name":"Fruit Processing Solution","description":"","publisher":{"@id":"https:\/\/www.fruiturnkey.com\/#organization"},"potentialAction":[{"@type":"SearchAction","target":{"@type":"EntryPoint","urlTemplate":"https:\/\/www.fruiturnkey.com\/?s={search_term_string}"},"query-input":{"@type":"PropertyValueSpecification","valueRequired":true,"valueName":"search_term_string"}}],"inLanguage":"es"},{"@type":"Organization","@id":"https:\/\/www.fruiturnkey.com\/#organization","name":"Fruit Processing Solution","url":"https:\/\/www.fruiturnkey.com\/","logo":{"@type":"ImageObject","inLanguage":"es","@id":"https:\/\/www.fruiturnkey.com\/#\/schema\/logo\/image\/","url":"https:\/\/www.fruiturnkey.com\/wp-content\/uploads\/2025\/03\/cropped-\u65b0\u7248LOGO.png","contentUrl":"https:\/\/www.fruiturnkey.com\/wp-content\/uploads\/2025\/03\/cropped-\u65b0\u7248LOGO.png","width":1918,"height":639,"caption":"Fruit Processing Solution"},"image":{"@id":"https:\/\/www.fruiturnkey.com\/#\/schema\/logo\/image\/"}},false]}},"_links":{"self":[{"href":"https:\/\/www.fruiturnkey.com\/es\/wp-json\/wp\/v2\/product\/1740","targetHints":{"allow":["GET"]}}],"collection":[{"href":"https:\/\/www.fruiturnkey.com\/es\/wp-json\/wp\/v2\/product"}],"about":[{"href":"https:\/\/www.fruiturnkey.com\/es\/wp-json\/wp\/v2\/types\/product"}],"replies":[{"embeddable":true,"href":"https:\/\/www.fruiturnkey.com\/es\/wp-json\/wp\/v2\/comments?post=1740"}],"wp:featuredmedia":[{"embeddable":true,"href":"https:\/\/www.fruiturnkey.com\/es\/wp-json\/wp\/v2\/media\/1741"}],"wp:attachment":[{"href":"https:\/\/www.fruiturnkey.com\/es\/wp-json\/wp\/v2\/media?parent=1740"}],"wp:term":[{"taxonomy":"product_brand","embeddable":true,"href":"https:\/\/www.fruiturnkey.com\/es\/wp-json\/wp\/v2\/product_brand?post=1740"},{"taxonomy":"product_cat","embeddable":true,"href":"https:\/\/www.fruiturnkey.com\/es\/wp-json\/wp\/v2\/product_cat?post=1740"},{"taxonomy":"product_tag","embeddable":true,"href":"https:\/\/www.fruiturnkey.com\/es\/wp-json\/wp\/v2\/product_tag?post=1740"}],"curies":[{"name":"wp","href":"https:\/\/api.w.org\/{rel}","templated":true}]}}