{"id":1679,"date":"2025-05-13T15:43:27","date_gmt":"2025-05-13T07:43:27","guid":{"rendered":"https:\/\/www.fruiturnkey.com\/?post_type=product&#038;p=1679"},"modified":"2025-11-06T10:44:52","modified_gmt":"2025-11-06T02:44:52","slug":"high-precision-weight-sorting-for-mango-grading-machine","status":"publish","type":"product","link":"https:\/\/www.fruiturnkey.com\/es\/product\/high-precision-weight-sorting-for-mango-grading-machine\/","title":{"rendered":"M\u00e1quina clasificadora de mangos de alta precisi\u00f3n"},"content":{"rendered":"<p>La clasificaci\u00f3n del mango es un proceso que separa los mangos en diferentes categor\u00edas en funci\u00f3n de su tama\u00f1o, peso, contenido de az\u00facar y otros indicadores para satisfacer las necesidades de diferentes mercados y consumidores. La clasificaci\u00f3n no s\u00f3lo optimiza los canales de venta, sino que tambi\u00e9n aumenta el precio de venta de los mangos, lo que permite a los productores y procesadores de mangos obtener m\u00e1s beneficios. Aqu\u00ed presentamos una m\u00e1quina clasificadora de mangos que utiliza el peso como patr\u00f3n de clasificaci\u00f3n.<\/p>\n<h3>Clasificaci\u00f3n por peso del mango:<\/h3>\n<hr \/>\n<p>Hay muchas formas de clasificar los mangos, como el peso, el tama\u00f1o, el color, etc., pero en la pr\u00e1ctica, la clasificaci\u00f3n por peso es un m\u00e9todo com\u00fan y eficaz.<\/p>\n<p>1.F\u00e1cil de automatizar: El peso es un indicador f\u00edsico que puede medirse con precisi\u00f3n mediante sensores o balanzas electr\u00f3nicas, lo que facilita la clasificaci\u00f3n a alta velocidad en la m\u00e1quina de selecci\u00f3n de mangos.<\/p>\n<p>2.Adecuado para el envasado estandarizado: Varios canales de venta (como supermercados y comercio electr\u00f3nico) tienen especificaciones claras para los mangos, y la clasificaci\u00f3n por peso puede satisfacer mejor las necesidades estandarizadas.<\/p>\n<p><iframe title=\"Reproductor de v\u00eddeo YouTube\" src=\"https:\/\/www.youtube.com\/embed\/thB-4CnBLFM?si=Z6yBpDU04VyNP-dO\" width=\"560\" height=\"315\" frameborder=\"0\" allowfullscreen=\"allowfullscreen\"><\/iframe><\/p>\n<h3>Principio de la m\u00e1quina de selecci\u00f3n de mangos:<\/h3>\n<hr \/>\n<ol>\n<li>Sistema de transporte: los mangos se introducen en la m\u00e1quina clasificadora mediante un sistema de alimentaci\u00f3n manual o autom\u00e1tico y se transportan de forma ordenada a trav\u00e9s de cintas transportadoras flexibles o bandejas.<\/li>\n<li>Dispositivo de pesaje: cuando cada mango pase por la plataforma de pesaje electr\u00f3nico, el sistema recoger\u00e1 los datos de su peso en tiempo real.<\/li>\n<li>Procesamiento de datos: Los datos de peso recogidos son analizados por el sistema inform\u00e1tico y comparados con las normas de clasificaci\u00f3n preestablecidas.<\/li>\n<li>Clasificaci\u00f3n inteligente: El sistema controla el dispositivo neum\u00e1tico o el brazo clasificador mec\u00e1nico para empujar los mangos a la salida correspondiente seg\u00fan su grado de peso.<\/li>\n<\/ol>\n<p><img fetchpriority=\"high\" decoding=\"async\" class=\"alignnone wp-image-1681 size-full\" src=\"https:\/\/www.fruiturnkey.com\/wp-content\/uploads\/2025\/05\/39-1.jpg\" alt=\"m\u00e1quina clasificadora de mangos\" width=\"600\" height=\"400\" srcset=\"https:\/\/www.fruiturnkey.com\/wp-content\/uploads\/2025\/05\/39-1.jpg 600w, https:\/\/www.fruiturnkey.com\/wp-content\/uploads\/2025\/05\/39-1-300x200.jpg 300w, https:\/\/www.fruiturnkey.com\/wp-content\/uploads\/2025\/05\/39-1-24x16.jpg 24w, https:\/\/www.fruiturnkey.com\/wp-content\/uploads\/2025\/05\/39-1-36x24.jpg 36w, https:\/\/www.fruiturnkey.com\/wp-content\/uploads\/2025\/05\/39-1-48x32.jpg 48w, https:\/\/www.fruiturnkey.com\/wp-content\/uploads\/2025\/05\/39-1-400x267.jpg 400w\" sizes=\"(max-width: 600px) 100vw, 600px\" \/><\/p>\n<h3>M\u00e1quina clasificadora de mango Caracter\u00edsticas:<\/h3>\n<hr \/>\n<ul>\n<li>Pesaje de alta precisi\u00f3n: La m\u00e1quina de selecci\u00f3n de mangos utiliza un sensor de pesaje de alta sensibilidad, y el error puede controlarse dentro de \u00b11g.<\/li>\n<li>Clasificaci\u00f3n multinivel: Se pueden establecer de 3 a 12 niveles seg\u00fan las necesidades, y se pueden adaptar con flexibilidad diferentes especificaciones y normas.<\/li>\n<li>Transporte suave, sin da\u00f1ar la fruta: Teniendo en cuenta las caracter\u00edsticas fr\u00e1giles de la piel del mango, el dise\u00f1o del equipo adopta una bandeja de goma blanda y una estructura de transporte amortiguadora para reducir eficazmente los da\u00f1os mec\u00e1nicos.<\/li>\n<li>Alta eficiencia: La m\u00e1quina clasificadora de mangos funciona r\u00e1pidamente y puede alcanzar una capacidad de procesamiento de 3.000 a 6.000 mangos por hora, reduciendo en gran medida los costes de mano de obra.<\/li>\n<li>Gran flexibilidad: puede conectarse con <a href=\"https:\/\/www.fruiturnkey.com\/es\/product\/mango-processing-machine\/\">m\u00e1quina limpiadora de mangos<\/a>enceradora y otros equipos<\/li>\n<\/ul>\n<p><img decoding=\"async\" class=\"alignnone wp-image-1680 size-full\" src=\"https:\/\/www.fruiturnkey.com\/wp-content\/uploads\/2025\/05\/39.jpg\" alt=\"m\u00e1quina clasificadora de mangos\" width=\"600\" height=\"400\" srcset=\"https:\/\/www.fruiturnkey.com\/wp-content\/uploads\/2025\/05\/39.jpg 600w, https:\/\/www.fruiturnkey.com\/wp-content\/uploads\/2025\/05\/39-300x200.jpg 300w, https:\/\/www.fruiturnkey.com\/wp-content\/uploads\/2025\/05\/39-24x16.jpg 24w, https:\/\/www.fruiturnkey.com\/wp-content\/uploads\/2025\/05\/39-36x24.jpg 36w, https:\/\/www.fruiturnkey.com\/wp-content\/uploads\/2025\/05\/39-48x32.jpg 48w, https:\/\/www.fruiturnkey.com\/wp-content\/uploads\/2025\/05\/39-400x267.jpg 400w\" sizes=\"(max-width: 600px) 100vw, 600px\" \/><\/p>\n<p>Los mangos procesados por la m\u00e1quina de selecci\u00f3n de mangos tienen las siguientes ventajas:<\/p>\n<ul>\n<li>Las normas sobre productos b\u00e1sicos est\u00e1n unificadas: las especificaciones de peso son coherentes, lo que facilita el envasado estandarizado y mejora la imagen de marca.<\/li>\n<li>Aumento del valor de las ventas: los mangos de alta calidad pueden acceder al mercado de gama alta y alcanzar precios unitarios m\u00e1s elevados.<\/li>\n<li>Promoci\u00f3n del comercio de exportaci\u00f3n: se cumplen los est\u00e1ndares de calidad y los requisitos de clasificaci\u00f3n del mercado internacional para la exportaci\u00f3n de mangos.<\/li>\n<\/ul>\n\n<div class=\"wpcf7 no-js\" id=\"wpcf7-f1048-o1\" lang=\"en-US\" dir=\"ltr\" data-wpcf7-id=\"1048\">\n<div class=\"screen-reader-response\"><p role=\"status\" aria-live=\"polite\" aria-atomic=\"true\"><\/p> <ul><\/ul><\/div>\n<form action=\"\/es\/wp-json\/wp\/v2\/product\/1679#wpcf7-f1048-o1\" method=\"post\" class=\"wpcf7-form init\" aria-label=\"Formulario de contacto\" novalidate=\"novalidate\" data-status=\"init\" data-trp-original-action=\"\/es\/wp-json\/wp\/v2\/product\/1679#wpcf7-f1048-o1\">\n<div style=\"display: none;\">\n<input type=\"hidden\" name=\"_wpcf7\" value=\"1048\" \/>\n<input type=\"hidden\" name=\"_wpcf7_version\" value=\"6.0.4\" \/>\n<input type=\"hidden\" name=\"_wpcf7_locale\" value=\"en_US\" \/>\n<input type=\"hidden\" name=\"_wpcf7_unit_tag\" value=\"wpcf7-f1048-o1\" \/>\n<input type=\"hidden\" name=\"_wpcf7_container_post\" value=\"0\" \/>\n<input type=\"hidden\" name=\"_wpcf7_posted_data_hash\" value=\"\" \/>\n<\/div>\n<div style='border:1px solid #54B435;padding:15px'>\n\t<p><span style='font-weight:bold'>CONTACTO PARA PRESUPUESTO<\/span><br \/>\n<span style='display:block;width:100px;height:5px;background:#54B435'><\/span><br \/>\nSu informaci\u00f3n de contacto no ser\u00e1 publicada. Los campos obligatorios est\u00e1n marcados con *.\n\t<\/p>\n\t<p><label> Mensaje *<br \/>\n<span class=\"wpcf7-form-control-wrap\" data-name=\"your-message\"><textarea cols=\"40\" rows=\"10\" maxlength=\"2000\" class=\"wpcf7-form-control wpcf7-textarea wpcf7-validates-as-required\" aria-required=\"true\" aria-invalid=\"false\" name=\"your-message\"><\/textarea><\/span> <\/label>\n\t<\/p>\n\t<div style='float:left;width:48%;margin-right:4%'>\n\t\t<p><label> Su correo electr\u00f3nico *<br \/>\n<span class=\"wpcf7-form-control-wrap\" data-name=\"email\"><input size=\"40\" maxlength=\"400\" class=\"wpcf7-form-control wpcf7-email wpcf7-validates-as-required wpcf7-text wpcf7-validates-as-email\" aria-required=\"true\" aria-invalid=\"false\" value=\"\" type=\"email\" name=\"email\" \/><\/span> <\/label>\n\t\t<\/p>\n\t<\/div>\n\t<div style='float:left;width:48%'>\n\t\t<p><label> Su nombre<br \/>\n<span class=\"wpcf7-form-control-wrap\" data-name=\"yourname\"><input size=\"40\" maxlength=\"400\" class=\"wpcf7-form-control wpcf7-text\" aria-invalid=\"false\" value=\"\" type=\"text\" name=\"yourname\" \/><\/span> <\/label>\n\t\t<\/p>\n\t<\/div>\n\t<div style='float:left;width:48%;margin-right:4%'>\n\t\t<p><label> Tel\u00e9fono<br \/>\n<span class=\"wpcf7-form-control-wrap\" data-name=\"phone\"><input size=\"40\" maxlength=\"400\" class=\"wpcf7-form-control wpcf7-tel wpcf7-text wpcf7-validates-as-tel\" aria-invalid=\"false\" value=\"\" type=\"tel\" name=\"phone\" \/><\/span> <\/label>\n\t\t<\/p>\n\t<\/div>\n\t<div style='float:left;width:48%'>\n\t\t<p><label>Pa\u00eds<br \/>\n<span class=\"wpcf7-form-control-wrap\" data-name=\"country\"><input size=\"40\" maxlength=\"400\" class=\"wpcf7-form-control wpcf7-text\" aria-invalid=\"false\" value=\"\" type=\"text\" name=\"country\" \/><\/span> <\/label>\n\t\t<\/p>\n\t<\/div>\n\t<div style='float:left;width:48%;margin-right:4%'>\n\t\t<p><label> Empresa<br \/>\n<span class=\"wpcf7-form-control-wrap\" data-name=\"company\"><input size=\"40\" maxlength=\"400\" class=\"wpcf7-form-control wpcf7-text\" aria-invalid=\"false\" value=\"\" type=\"text\" name=\"company\" \/><\/span> <\/label>\n\t\t<\/p>\n\t<\/div>\n\t<div style='float:left;width:48%'>\n\t\t<p><label> P\u00e1gina web<br \/>\n<span class=\"wpcf7-form-control-wrap\" data-name=\"web\"><input size=\"40\" maxlength=\"400\" class=\"wpcf7-form-control wpcf7-text\" aria-invalid=\"false\" value=\"\" type=\"text\" name=\"web\" \/><\/span> <\/label>\n\t\t<\/p>\n\t<\/div>\n\t<div style='clear:both'>\n\t<\/div>\n\t<p><input class=\"wpcf7-form-control wpcf7-submit has-spinner\" type=\"submit\" value=\"Enviar\" \/>\n\t<\/p>\n<\/div><p style=\"display: none !important;\" class=\"akismet-fields-container\" data-prefix=\"_wpcf7_ak_\"><label>&#916;<textarea name=\"_wpcf7_ak_hp_textarea\" cols=\"45\" rows=\"8\" maxlength=\"100\"><\/textarea><\/label><input type=\"hidden\" id=\"ak_js_1\" name=\"_wpcf7_ak_js\" value=\"225\"\/><script>document.getElementById( \"ak_js_1\" ).setAttribute( \"value\", ( new Date() ).getTime() );<\/script><\/p><div class=\"wpcf7-response-output\" aria-hidden=\"true\"><\/div>\n<input type=\"hidden\" name=\"trp-form-language\" value=\"es\"\/><\/form>\n<\/div>\n\n<div style='text-align:left' class='yasr-auto-insert-visitor'><\/div>","protected":false},"excerpt":{"rendered":"<p>Esta m\u00e1quina clasificadora de mango procesa el mango por peso, con alta precisi\u00f3n y alta velocidad.<\/p>","protected":false},"featured_media":1682,"comment_status":"open","ping_status":"closed","template":"","meta":{"site-sidebar-layout":"default","site-content-layout":"","ast-site-content-layout":"default","site-content-style":"default","site-sidebar-style":"default","ast-global-header-display":"","ast-banner-title-visibility":"","ast-main-header-display":"","ast-hfb-above-header-display":"","ast-hfb-below-header-display":"","ast-hfb-mobile-header-display":"","site-post-title":"","ast-breadcrumbs-content":"","ast-featured-img":"","footer-sml-layout":"","theme-transparent-header-meta":"default","adv-header-id-meta":"","stick-header-meta":"","header-above-stick-meta":"","header-main-stick-meta":"","header-below-stick-meta":"","astra-migrate-meta-layouts":"set","ast-page-background-enabled":"default","ast-page-background-meta":{"desktop":{"background-color":"var(--ast-global-color-4)","background-image":"","background-repeat":"repeat","background-position":"center center","background-size":"auto","background-attachment":"scroll","background-type":"","background-media":"","overlay-type":"","overlay-color":"","overlay-opacity":"","overlay-gradient":""},"tablet":{"background-color":"","background-image":"","background-repeat":"repeat","background-position":"center center","background-size":"auto","background-attachment":"scroll","background-type":"","background-media":"","overlay-type":"","overlay-color":"","overlay-opacity":"","overlay-gradient":""},"mobile":{"background-color":"","background-image":"","background-repeat":"repeat","background-position":"center center","background-size":"auto","background-attachment":"scroll","background-type":"","background-media":"","overlay-type":"","overlay-color":"","overlay-opacity":"","overlay-gradient":""}},"ast-content-background-meta":{"desktop":{"background-color":"var(--ast-global-color-5)","background-image":"","background-repeat":"repeat","background-position":"center center","background-size":"auto","background-attachment":"scroll","background-type":"","background-media":"","overlay-type":"","overlay-color":"","overlay-opacity":"","overlay-gradient":""},"tablet":{"background-color":"var(--ast-global-color-5)","background-image":"","background-repeat":"repeat","background-position":"center center","background-size":"auto","background-attachment":"scroll","background-type":"","background-media":"","overlay-type":"","overlay-color":"","overlay-opacity":"","overlay-gradient":""},"mobile":{"background-color":"var(--ast-global-color-5)","background-image":"","background-repeat":"repeat","background-position":"center center","background-size":"auto","background-attachment":"scroll","background-type":"","background-media":"","overlay-type":"","overlay-color":"","overlay-opacity":"","overlay-gradient":""}},"yasr_overall_rating":0,"yasr_post_is_review":"","yasr_auto_insert_disabled":"","yasr_review_type":""},"product_brand":[],"product_cat":[21],"product_tag":[],"class_list":{"0":"post-1679","1":"product","2":"type-product","3":"status-publish","4":"has-post-thumbnail","6":"product_cat-washing-equipment","7":"desktop-align-left","8":"tablet-align-left","9":"mobile-align-left","11":"first","12":"instock","13":"shipping-taxable","14":"product-type-simple"},"yasr_visitor_votes":{"stars_attributes":{"read_only":false,"span_bottom":false},"number_of_votes":1,"sum_votes":5},"yoast_head":"<!-- This site is optimized with the Yoast SEO plugin v24.5 - https:\/\/yoast.com\/wordpress\/plugins\/seo\/ -->\n<title>High Precision Weight Sorting for Mango Grading Machine - Fruit Processing Solution<\/title>\n<meta name=\"description\" content=\"This mango grading machine process mango by weight, with high precision and high speed.\" \/>\n<meta name=\"robots\" content=\"index, follow, max-snippet:-1, max-image-preview:large, max-video-preview:-1\" \/>\n<link rel=\"canonical\" href=\"https:\/\/www.fruiturnkey.com\/es\/product\/high-precision-weight-sorting-for-mango-grading-machine\/\" \/>\n<meta property=\"og:locale\" content=\"es_ES\" \/>\n<meta property=\"og:type\" content=\"article\" \/>\n<meta property=\"og:title\" content=\"High Precision Weight Sorting for Mango Grading Machine - Fruit Processing Solution\" \/>\n<meta property=\"og:description\" content=\"This mango grading machine process mango by weight, with high precision and high speed.\" \/>\n<meta property=\"og:url\" content=\"https:\/\/www.fruiturnkey.com\/es\/product\/high-precision-weight-sorting-for-mango-grading-machine\/\" \/>\n<meta property=\"og:site_name\" content=\"Fruit Processing Solution\" \/>\n<meta property=\"article:modified_time\" content=\"2025-11-06T02:44:52+00:00\" \/>\n<meta property=\"og:image\" content=\"https:\/\/www.fruiturnkey.com\/wp-content\/uploads\/2025\/05\/39-2.jpg\" \/>\n\t<meta property=\"og:image:width\" content=\"600\" \/>\n\t<meta property=\"og:image:height\" content=\"600\" \/>\n\t<meta property=\"og:image:type\" content=\"image\/jpeg\" \/>\n<meta name=\"twitter:card\" content=\"summary_large_image\" \/>\n<meta name=\"twitter:label1\" content=\"Tiempo de lectura\" \/>\n\t<meta name=\"twitter:data1\" content=\"3 minutos\" \/>\n<script type=\"application\/ld+json\" class=\"yoast-schema-graph\">{\"@context\":\"https:\/\/schema.org\",\"@graph\":[{\"@type\":\"WebPage\",\"@id\":\"https:\/\/www.fruiturnkey.com\/product\/high-precision-weight-sorting-for-mango-grading-machine\/\",\"url\":\"https:\/\/www.fruiturnkey.com\/product\/high-precision-weight-sorting-for-mango-grading-machine\/\",\"name\":\"High Precision Weight Sorting for Mango Grading Machine - Fruit Processing Solution\",\"isPartOf\":{\"@id\":\"https:\/\/www.fruiturnkey.com\/#website\"},\"primaryImageOfPage\":{\"@id\":\"https:\/\/www.fruiturnkey.com\/product\/high-precision-weight-sorting-for-mango-grading-machine\/#primaryimage\"},\"image\":{\"@id\":\"https:\/\/www.fruiturnkey.com\/product\/high-precision-weight-sorting-for-mango-grading-machine\/#primaryimage\"},\"thumbnailUrl\":\"https:\/\/www.fruiturnkey.com\/wp-content\/uploads\/2025\/05\/39-2.jpg\",\"datePublished\":\"2025-05-13T07:43:27+00:00\",\"dateModified\":\"2025-11-06T02:44:52+00:00\",\"description\":\"This mango grading machine process mango by weight, with high precision and high speed.\",\"breadcrumb\":{\"@id\":\"https:\/\/www.fruiturnkey.com\/product\/high-precision-weight-sorting-for-mango-grading-machine\/#breadcrumb\"},\"inLanguage\":\"es\",\"potentialAction\":[{\"@type\":\"ReadAction\",\"target\":[\"https:\/\/www.fruiturnkey.com\/product\/high-precision-weight-sorting-for-mango-grading-machine\/\"]}]},{\"@type\":\"ImageObject\",\"inLanguage\":\"es\",\"@id\":\"https:\/\/www.fruiturnkey.com\/product\/high-precision-weight-sorting-for-mango-grading-machine\/#primaryimage\",\"url\":\"https:\/\/www.fruiturnkey.com\/wp-content\/uploads\/2025\/05\/39-2.jpg\",\"contentUrl\":\"https:\/\/www.fruiturnkey.com\/wp-content\/uploads\/2025\/05\/39-2.jpg\",\"width\":600,\"height\":600,\"caption\":\"automatic mango sorting machine\"},{\"@type\":\"BreadcrumbList\",\"@id\":\"https:\/\/www.fruiturnkey.com\/product\/high-precision-weight-sorting-for-mango-grading-machine\/#breadcrumb\",\"itemListElement\":[{\"@type\":\"ListItem\",\"position\":1,\"name\":\"Home\",\"item\":\"https:\/\/www.fruiturnkey.com\/\"},{\"@type\":\"ListItem\",\"position\":2,\"name\":\"Products\",\"item\":\"https:\/\/www.fruiturnkey.com\/product\/\"},{\"@type\":\"ListItem\",\"position\":3,\"name\":\"High Precision Weight Sorting for Mango Grading Machine\"}]},{\"@type\":\"WebSite\",\"@id\":\"https:\/\/www.fruiturnkey.com\/#website\",\"url\":\"https:\/\/www.fruiturnkey.com\/\",\"name\":\"Fruit Processing Solution\",\"description\":\"\",\"publisher\":{\"@id\":\"https:\/\/www.fruiturnkey.com\/#organization\"},\"potentialAction\":[{\"@type\":\"SearchAction\",\"target\":{\"@type\":\"EntryPoint\",\"urlTemplate\":\"https:\/\/www.fruiturnkey.com\/?s={search_term_string}\"},\"query-input\":{\"@type\":\"PropertyValueSpecification\",\"valueRequired\":true,\"valueName\":\"search_term_string\"}}],\"inLanguage\":\"es\"},{\"@type\":\"Organization\",\"@id\":\"https:\/\/www.fruiturnkey.com\/#organization\",\"name\":\"Fruit Processing Solution\",\"url\":\"https:\/\/www.fruiturnkey.com\/\",\"logo\":{\"@type\":\"ImageObject\",\"inLanguage\":\"es\",\"@id\":\"https:\/\/www.fruiturnkey.com\/#\/schema\/logo\/image\/\",\"url\":\"https:\/\/www.fruiturnkey.com\/wp-content\/uploads\/2025\/03\/cropped-\u65b0\u7248LOGO.png\",\"contentUrl\":\"https:\/\/www.fruiturnkey.com\/wp-content\/uploads\/2025\/03\/cropped-\u65b0\u7248LOGO.png\",\"width\":1918,\"height\":639,\"caption\":\"Fruit Processing Solution\"},\"image\":{\"@id\":\"https:\/\/www.fruiturnkey.com\/#\/schema\/logo\/image\/\"}},false]}<\/script>\n<!-- \/ Yoast SEO plugin. -->","yoast_head_json":{"title":"High Precision Weight Sorting for Mango Grading Machine - Fruit Processing Solution","description":"This mango grading machine process mango by weight, with high precision and high speed.","robots":{"index":"index","follow":"follow","max-snippet":"max-snippet:-1","max-image-preview":"max-image-preview:large","max-video-preview":"max-video-preview:-1"},"canonical":"https:\/\/www.fruiturnkey.com\/es\/product\/high-precision-weight-sorting-for-mango-grading-machine\/","og_locale":"es_ES","og_type":"article","og_title":"High Precision Weight Sorting for Mango Grading Machine - Fruit Processing Solution","og_description":"This mango grading machine process mango by weight, with high precision and high speed.","og_url":"https:\/\/www.fruiturnkey.com\/es\/product\/high-precision-weight-sorting-for-mango-grading-machine\/","og_site_name":"Fruit Processing Solution","article_modified_time":"2025-11-06T02:44:52+00:00","og_image":[{"width":600,"height":600,"url":"https:\/\/www.fruiturnkey.com\/wp-content\/uploads\/2025\/05\/39-2.jpg","type":"image\/jpeg"}],"twitter_card":"summary_large_image","twitter_misc":{"Tiempo de lectura":"3 minutos"},"schema":{"@context":"https:\/\/schema.org","@graph":[{"@type":"WebPage","@id":"https:\/\/www.fruiturnkey.com\/product\/high-precision-weight-sorting-for-mango-grading-machine\/","url":"https:\/\/www.fruiturnkey.com\/product\/high-precision-weight-sorting-for-mango-grading-machine\/","name":"High Precision Weight Sorting for Mango Grading Machine - Fruit Processing Solution","isPartOf":{"@id":"https:\/\/www.fruiturnkey.com\/#website"},"primaryImageOfPage":{"@id":"https:\/\/www.fruiturnkey.com\/product\/high-precision-weight-sorting-for-mango-grading-machine\/#primaryimage"},"image":{"@id":"https:\/\/www.fruiturnkey.com\/product\/high-precision-weight-sorting-for-mango-grading-machine\/#primaryimage"},"thumbnailUrl":"https:\/\/www.fruiturnkey.com\/wp-content\/uploads\/2025\/05\/39-2.jpg","datePublished":"2025-05-13T07:43:27+00:00","dateModified":"2025-11-06T02:44:52+00:00","description":"This mango grading machine process mango by weight, with high precision and high speed.","breadcrumb":{"@id":"https:\/\/www.fruiturnkey.com\/product\/high-precision-weight-sorting-for-mango-grading-machine\/#breadcrumb"},"inLanguage":"es","potentialAction":[{"@type":"ReadAction","target":["https:\/\/www.fruiturnkey.com\/product\/high-precision-weight-sorting-for-mango-grading-machine\/"]}]},{"@type":"ImageObject","inLanguage":"es","@id":"https:\/\/www.fruiturnkey.com\/product\/high-precision-weight-sorting-for-mango-grading-machine\/#primaryimage","url":"https:\/\/www.fruiturnkey.com\/wp-content\/uploads\/2025\/05\/39-2.jpg","contentUrl":"https:\/\/www.fruiturnkey.com\/wp-content\/uploads\/2025\/05\/39-2.jpg","width":600,"height":600,"caption":"automatic mango sorting machine"},{"@type":"BreadcrumbList","@id":"https:\/\/www.fruiturnkey.com\/product\/high-precision-weight-sorting-for-mango-grading-machine\/#breadcrumb","itemListElement":[{"@type":"ListItem","position":1,"name":"Home","item":"https:\/\/www.fruiturnkey.com\/"},{"@type":"ListItem","position":2,"name":"Products","item":"https:\/\/www.fruiturnkey.com\/product\/"},{"@type":"ListItem","position":3,"name":"High Precision Weight Sorting for Mango Grading Machine"}]},{"@type":"WebSite","@id":"https:\/\/www.fruiturnkey.com\/#website","url":"https:\/\/www.fruiturnkey.com\/","name":"Fruit Processing Solution","description":"","publisher":{"@id":"https:\/\/www.fruiturnkey.com\/#organization"},"potentialAction":[{"@type":"SearchAction","target":{"@type":"EntryPoint","urlTemplate":"https:\/\/www.fruiturnkey.com\/?s={search_term_string}"},"query-input":{"@type":"PropertyValueSpecification","valueRequired":true,"valueName":"search_term_string"}}],"inLanguage":"es"},{"@type":"Organization","@id":"https:\/\/www.fruiturnkey.com\/#organization","name":"Fruit Processing Solution","url":"https:\/\/www.fruiturnkey.com\/","logo":{"@type":"ImageObject","inLanguage":"es","@id":"https:\/\/www.fruiturnkey.com\/#\/schema\/logo\/image\/","url":"https:\/\/www.fruiturnkey.com\/wp-content\/uploads\/2025\/03\/cropped-\u65b0\u7248LOGO.png","contentUrl":"https:\/\/www.fruiturnkey.com\/wp-content\/uploads\/2025\/03\/cropped-\u65b0\u7248LOGO.png","width":1918,"height":639,"caption":"Fruit Processing Solution"},"image":{"@id":"https:\/\/www.fruiturnkey.com\/#\/schema\/logo\/image\/"}},false]}},"_links":{"self":[{"href":"https:\/\/www.fruiturnkey.com\/es\/wp-json\/wp\/v2\/product\/1679","targetHints":{"allow":["GET"]}}],"collection":[{"href":"https:\/\/www.fruiturnkey.com\/es\/wp-json\/wp\/v2\/product"}],"about":[{"href":"https:\/\/www.fruiturnkey.com\/es\/wp-json\/wp\/v2\/types\/product"}],"replies":[{"embeddable":true,"href":"https:\/\/www.fruiturnkey.com\/es\/wp-json\/wp\/v2\/comments?post=1679"}],"wp:featuredmedia":[{"embeddable":true,"href":"https:\/\/www.fruiturnkey.com\/es\/wp-json\/wp\/v2\/media\/1682"}],"wp:attachment":[{"href":"https:\/\/www.fruiturnkey.com\/es\/wp-json\/wp\/v2\/media?parent=1679"}],"wp:term":[{"taxonomy":"product_brand","embeddable":true,"href":"https:\/\/www.fruiturnkey.com\/es\/wp-json\/wp\/v2\/product_brand?post=1679"},{"taxonomy":"product_cat","embeddable":true,"href":"https:\/\/www.fruiturnkey.com\/es\/wp-json\/wp\/v2\/product_cat?post=1679"},{"taxonomy":"product_tag","embeddable":true,"href":"https:\/\/www.fruiturnkey.com\/es\/wp-json\/wp\/v2\/product_tag?post=1679"}],"curies":[{"name":"wp","href":"https:\/\/api.w.org\/{rel}","templated":true}]}}