{"id":1422,"date":"2025-04-17T15:17:36","date_gmt":"2025-04-17T07:17:36","guid":{"rendered":"https:\/\/www.fruiturnkey.com\/?post_type=product&#038;p=1422"},"modified":"2025-04-17T15:17:36","modified_gmt":"2025-04-17T07:17:36","slug":"avocado-washing-waxing-line","status":"publish","type":"product","link":"https:\/\/www.fruiturnkey.com\/es\/product\/avocado-washing-waxing-line\/","title":{"rendered":"L\u00ednea de procesamiento multiuso de lavado y encerado de aguacates"},"content":{"rendered":"<p>Tras la recolecci\u00f3n de los aguacates, el polvo, la suciedad, la pectina y otras impurezas suelen adherirse a su superficie. Si se ponen en el mercado sin ser procesados, no s\u00f3lo afectar\u00e1 a su aspecto, sino que tambi\u00e9n criar\u00e1n f\u00e1cilmente bacterias, acelerar\u00e1n su deterioro y reducir\u00e1n su vida \u00fatil. La l\u00ednea de lavado y encerado de aguacates no s\u00f3lo puede eliminar eficazmente las impurezas de la superficie, sino tambi\u00e9n envolver la c\u00e1scara con cera de fruta de calidad alimentaria para formar una pel\u00edcula protectora, evitar la evaporaci\u00f3n del agua y retrasar el proceso de oxidaci\u00f3n, mejorando as\u00ed significativamente la estabilidad de almacenamiento y transporte y la vida \u00fatil de los aguacates.<\/p>\n<p><img fetchpriority=\"high\" decoding=\"async\" class=\"alignnone wp-image-1426 size-full\" src=\"https:\/\/www.fruiturnkey.com\/wp-content\/uploads\/2025\/04\/31-2.jpg\" alt=\"l\u00ednea de procesamiento de aguacate\" width=\"600\" height=\"400\" srcset=\"https:\/\/www.fruiturnkey.com\/wp-content\/uploads\/2025\/04\/31-2.jpg 600w, https:\/\/www.fruiturnkey.com\/wp-content\/uploads\/2025\/04\/31-2-300x200.jpg 300w, https:\/\/www.fruiturnkey.com\/wp-content\/uploads\/2025\/04\/31-2-24x16.jpg 24w, https:\/\/www.fruiturnkey.com\/wp-content\/uploads\/2025\/04\/31-2-36x24.jpg 36w, https:\/\/www.fruiturnkey.com\/wp-content\/uploads\/2025\/04\/31-2-48x32.jpg 48w, https:\/\/www.fruiturnkey.com\/wp-content\/uploads\/2025\/04\/31-2-400x267.jpg 400w\" sizes=\"(max-width: 600px) 100vw, 600px\" \/><\/p>\n<h3>Pasos del procesamiento del aguacate:<\/h3>\n<hr \/>\n<p><strong>1.Limpieza<\/strong><\/p>\n<p>El aguacate entra primero en la lavadora para eliminar las impurezas de la superficie. Para la limpieza se utiliza un cepillo suave y un sistema de pulverizaci\u00f3n, que pueden eliminar eficazmente la arena adherida y los residuos agr\u00edcolas sin da\u00f1ar la c\u00e1scara, garantizando que no se destruya el estado natural del aguacate.<\/p>\n<p><strong>2. Secado al aire<\/strong><\/p>\n<p>Tras el lavado, el aguacate pasa por un secador de aire fuerte para eliminar la humedad superficial. Esta secci\u00f3n del proceso utiliza m\u00faltiples juegos de cuchillas de aire a alta presi\u00f3n para secar el aguacate en todas las direcciones, proporcionando una superficie seca y limpia para el posterior encerado, asegurando que la cera de la fruta se adhiera uniformemente, no haga burbujas y no se caiga.<\/p>\n<p><strong>3. Encerado<\/strong><\/p>\n<p>La m\u00e1quina de encerado aplica uniformemente cera de frutas de calidad alimentaria a trav\u00e9s de un cepillo de rodillo de esponja suave, y con el sistema de rotaci\u00f3n a baja velocidad y temperatura constante, la cera de frutas se recubre uniformemente sobre la superficie de la c\u00e1scara de aguacate y forma una pel\u00edcula protectora transpirable para mejorar el efecto de conservaci\u00f3n y la percepci\u00f3n visual. Todo el proceso se controla con precisi\u00f3n y es muy eficaz, adecuado para operaciones continuas a gran escala.<\/p>\n<h3>M\u00e1quina principal en la l\u00ednea de procesamiento de aguacate:<\/h3>\n<hr \/>\n<p><strong>1. M\u00e1quina de limpieza<\/strong><\/p>\n<p>El equipo adopta una estructura de acero inoxidable, resistente a la corrosi\u00f3n y f\u00e1cil de limpiar. Est\u00e1 equipado con un grupo de rodillos de cepillo de velocidad ajustable y una boquilla de agua de alta presi\u00f3n para garantizar el efecto de limpieza evitando da\u00f1ar el aguacate. Es adecuado para aguacates de diferentes tama\u00f1os y formas, f\u00e1cil de operar y mantener.<\/p>\n<p><img decoding=\"async\" class=\"alignnone wp-image-1425 size-full\" src=\"https:\/\/www.fruiturnkey.com\/wp-content\/uploads\/2025\/04\/31-1.jpg\" alt=\"lavadora de aguacates\" width=\"600\" height=\"400\" srcset=\"https:\/\/www.fruiturnkey.com\/wp-content\/uploads\/2025\/04\/31-1.jpg 600w, https:\/\/www.fruiturnkey.com\/wp-content\/uploads\/2025\/04\/31-1-300x200.jpg 300w, https:\/\/www.fruiturnkey.com\/wp-content\/uploads\/2025\/04\/31-1-24x16.jpg 24w, https:\/\/www.fruiturnkey.com\/wp-content\/uploads\/2025\/04\/31-1-36x24.jpg 36w, https:\/\/www.fruiturnkey.com\/wp-content\/uploads\/2025\/04\/31-1-48x32.jpg 48w, https:\/\/www.fruiturnkey.com\/wp-content\/uploads\/2025\/04\/31-1-400x267.jpg 400w\" sizes=\"(max-width: 600px) 100vw, 600px\" \/><\/p>\n<p><strong>2. Enceradora<\/strong><\/p>\n<p>El n\u00facleo de la enceradora es un sistema de cepillo de rodillo flexible y un dispositivo de pulverizaci\u00f3n de l\u00edquido de cera controlado con precisi\u00f3n. El l\u00edquido de cera ha pasado la certificaci\u00f3n de seguridad alimentaria para garantizar la seguridad del aguacate. Est\u00e1 equipada con un sistema de calentamiento autom\u00e1tico de control de temperatura para estabilizar la viscosidad del l\u00edquido de cera y mejorar la suavidad de la pel\u00edcula de cera.<\/p>\n<p><strong>3. Equipos auxiliares<\/strong><\/p>\n<p>La l\u00ednea de lavado y encerado de aguacate tambi\u00e9n requiere otros equipos, incluyendo el sistema de secado de aire, transportador, dispositivo de clasificaci\u00f3n, etc. Todo el sistema tiene un dise\u00f1o modular y puede configurarse de forma flexible seg\u00fan los requisitos de producci\u00f3n y admite la personalizaci\u00f3n.<\/p>\n<h3>L\u00ednea de procesamiento de aguacate Caracter\u00edsticas:<\/h3>\n<hr \/>\n<ol>\n<li>La l\u00ednea de lavado y encerado de aguacates no s\u00f3lo es adecuada para los aguacates, sino que tambi\u00e9n puede utilizarse ampliamente para las necesidades de limpieza y encerado de diversas frutas como mangos, manzanas y c\u00edtricos. Tiene una gran versatilidad y escalabilidad.<\/li>\n<li>Tratamiento suave: El proceso de elaboraci\u00f3n del aguacate es cient\u00edfico y razonable, no da\u00f1a la c\u00e1scara y mantiene el estado natural del aguacate.<\/li>\n<li>Mejora significativa del aspecto: Mejore el brillo de los aguacates, mejore la percepci\u00f3n visual y aumente eficazmente su atractivo en el mercado.<\/li>\n<\/ol>\n<p><iframe title=\"Reproductor de v\u00eddeo YouTube\" src=\"https:\/\/www.youtube-nocookie.com\/embed\/OycXnu6mkjs?si=zSykXKZ9YDY9aJJn\" width=\"560\" height=\"315\" frameborder=\"0\" allowfullscreen=\"allowfullscreen\"><\/iframe><\/p>\n\n<div class=\"wpcf7 no-js\" id=\"wpcf7-f1048-o1\" lang=\"en-US\" dir=\"ltr\" data-wpcf7-id=\"1048\">\n<div class=\"screen-reader-response\"><p role=\"status\" aria-live=\"polite\" aria-atomic=\"true\"><\/p> <ul><\/ul><\/div>\n<form action=\"\/es\/wp-json\/wp\/v2\/product\/1422#wpcf7-f1048-o1\" method=\"post\" class=\"wpcf7-form init\" aria-label=\"Formulario de contacto\" novalidate=\"novalidate\" data-status=\"init\" data-trp-original-action=\"\/es\/wp-json\/wp\/v2\/product\/1422#wpcf7-f1048-o1\">\n<div style=\"display: none;\">\n<input type=\"hidden\" name=\"_wpcf7\" value=\"1048\" \/>\n<input type=\"hidden\" name=\"_wpcf7_version\" value=\"6.0.4\" \/>\n<input type=\"hidden\" name=\"_wpcf7_locale\" value=\"en_US\" \/>\n<input type=\"hidden\" name=\"_wpcf7_unit_tag\" value=\"wpcf7-f1048-o1\" \/>\n<input type=\"hidden\" name=\"_wpcf7_container_post\" value=\"0\" \/>\n<input type=\"hidden\" name=\"_wpcf7_posted_data_hash\" value=\"\" \/>\n<\/div>\n<div style='border:1px solid #54B435;padding:15px'>\n\t<p><span style='font-weight:bold'>CONTACTO PARA PRESUPUESTO<\/span><br \/>\n<span style='display:block;width:100px;height:5px;background:#54B435'><\/span><br \/>\nSu informaci\u00f3n de contacto no ser\u00e1 publicada. Los campos obligatorios est\u00e1n marcados con *.\n\t<\/p>\n\t<p><label> Mensaje *<br \/>\n<span class=\"wpcf7-form-control-wrap\" data-name=\"your-message\"><textarea cols=\"40\" rows=\"10\" maxlength=\"2000\" class=\"wpcf7-form-control wpcf7-textarea wpcf7-validates-as-required\" aria-required=\"true\" aria-invalid=\"false\" name=\"your-message\"><\/textarea><\/span> <\/label>\n\t<\/p>\n\t<div style='float:left;width:48%;margin-right:4%'>\n\t\t<p><label> Su correo electr\u00f3nico *<br \/>\n<span class=\"wpcf7-form-control-wrap\" data-name=\"email\"><input size=\"40\" maxlength=\"400\" class=\"wpcf7-form-control wpcf7-email wpcf7-validates-as-required wpcf7-text wpcf7-validates-as-email\" aria-required=\"true\" aria-invalid=\"false\" value=\"\" type=\"email\" name=\"email\" \/><\/span> <\/label>\n\t\t<\/p>\n\t<\/div>\n\t<div style='float:left;width:48%'>\n\t\t<p><label> Su nombre<br \/>\n<span class=\"wpcf7-form-control-wrap\" data-name=\"yourname\"><input size=\"40\" maxlength=\"400\" class=\"wpcf7-form-control wpcf7-text\" aria-invalid=\"false\" value=\"\" type=\"text\" name=\"yourname\" \/><\/span> <\/label>\n\t\t<\/p>\n\t<\/div>\n\t<div style='float:left;width:48%;margin-right:4%'>\n\t\t<p><label> Tel\u00e9fono<br \/>\n<span class=\"wpcf7-form-control-wrap\" data-name=\"phone\"><input size=\"40\" maxlength=\"400\" class=\"wpcf7-form-control wpcf7-tel wpcf7-text wpcf7-validates-as-tel\" aria-invalid=\"false\" value=\"\" type=\"tel\" name=\"phone\" \/><\/span> <\/label>\n\t\t<\/p>\n\t<\/div>\n\t<div style='float:left;width:48%'>\n\t\t<p><label>Pa\u00eds<br \/>\n<span class=\"wpcf7-form-control-wrap\" data-name=\"country\"><input size=\"40\" maxlength=\"400\" class=\"wpcf7-form-control wpcf7-text\" aria-invalid=\"false\" value=\"\" type=\"text\" name=\"country\" \/><\/span> <\/label>\n\t\t<\/p>\n\t<\/div>\n\t<div style='float:left;width:48%;margin-right:4%'>\n\t\t<p><label> Empresa<br \/>\n<span class=\"wpcf7-form-control-wrap\" data-name=\"company\"><input size=\"40\" maxlength=\"400\" class=\"wpcf7-form-control wpcf7-text\" aria-invalid=\"false\" value=\"\" type=\"text\" name=\"company\" \/><\/span> <\/label>\n\t\t<\/p>\n\t<\/div>\n\t<div style='float:left;width:48%'>\n\t\t<p><label> P\u00e1gina web<br \/>\n<span class=\"wpcf7-form-control-wrap\" data-name=\"web\"><input size=\"40\" maxlength=\"400\" class=\"wpcf7-form-control wpcf7-text\" aria-invalid=\"false\" value=\"\" type=\"text\" name=\"web\" \/><\/span> <\/label>\n\t\t<\/p>\n\t<\/div>\n\t<div style='clear:both'>\n\t<\/div>\n\t<p><input class=\"wpcf7-form-control wpcf7-submit has-spinner\" type=\"submit\" value=\"Enviar\" \/>\n\t<\/p>\n<\/div><p style=\"display: none !important;\" class=\"akismet-fields-container\" data-prefix=\"_wpcf7_ak_\"><label>&#916;<textarea name=\"_wpcf7_ak_hp_textarea\" cols=\"45\" rows=\"8\" maxlength=\"100\"><\/textarea><\/label><input type=\"hidden\" id=\"ak_js_1\" name=\"_wpcf7_ak_js\" value=\"57\"\/><script>document.getElementById( \"ak_js_1\" ).setAttribute( \"value\", ( new Date() ).getTime() );<\/script><\/p><div class=\"wpcf7-response-output\" aria-hidden=\"true\"><\/div>\n<input type=\"hidden\" name=\"trp-form-language\" value=\"es\"\/><\/form>\n<\/div>\n\n<div style='text-align:left' class='yasr-auto-insert-visitor'><\/div>","protected":false},"excerpt":{"rendered":"<p>Mediante la l\u00ednea de encerado para el lavado del aguacate, no s\u00f3lo puede eliminar eficazmente las impurezas de la superficie del aguacate, sino tambi\u00e9n retrasar el proceso de oxidaci\u00f3n y deterioro.<\/p>","protected":false},"featured_media":1427,"comment_status":"open","ping_status":"closed","template":"","meta":{"site-sidebar-layout":"default","site-content-layout":"","ast-site-content-layout":"default","site-content-style":"default","site-sidebar-style":"default","ast-global-header-display":"","ast-banner-title-visibility":"","ast-main-header-display":"","ast-hfb-above-header-display":"","ast-hfb-below-header-display":"","ast-hfb-mobile-header-display":"","site-post-title":"","ast-breadcrumbs-content":"","ast-featured-img":"","footer-sml-layout":"","theme-transparent-header-meta":"default","adv-header-id-meta":"","stick-header-meta":"","header-above-stick-meta":"","header-main-stick-meta":"","header-below-stick-meta":"","astra-migrate-meta-layouts":"set","ast-page-background-enabled":"default","ast-page-background-meta":{"desktop":{"background-color":"var(--ast-global-color-4)","background-image":"","background-repeat":"repeat","background-position":"center center","background-size":"auto","background-attachment":"scroll","background-type":"","background-media":"","overlay-type":"","overlay-color":"","overlay-opacity":"","overlay-gradient":""},"tablet":{"background-color":"","background-image":"","background-repeat":"repeat","background-position":"center center","background-size":"auto","background-attachment":"scroll","background-type":"","background-media":"","overlay-type":"","overlay-color":"","overlay-opacity":"","overlay-gradient":""},"mobile":{"background-color":"","background-image":"","background-repeat":"repeat","background-position":"center center","background-size":"auto","background-attachment":"scroll","background-type":"","background-media":"","overlay-type":"","overlay-color":"","overlay-opacity":"","overlay-gradient":""}},"ast-content-background-meta":{"desktop":{"background-color":"var(--ast-global-color-5)","background-image":"","background-repeat":"repeat","background-position":"center center","background-size":"auto","background-attachment":"scroll","background-type":"","background-media":"","overlay-type":"","overlay-color":"","overlay-opacity":"","overlay-gradient":""},"tablet":{"background-color":"var(--ast-global-color-5)","background-image":"","background-repeat":"repeat","background-position":"center center","background-size":"auto","background-attachment":"scroll","background-type":"","background-media":"","overlay-type":"","overlay-color":"","overlay-opacity":"","overlay-gradient":""},"mobile":{"background-color":"var(--ast-global-color-5)","background-image":"","background-repeat":"repeat","background-position":"center center","background-size":"auto","background-attachment":"scroll","background-type":"","background-media":"","overlay-type":"","overlay-color":"","overlay-opacity":"","overlay-gradient":""}},"yasr_overall_rating":0,"yasr_post_is_review":"","yasr_auto_insert_disabled":"","yasr_review_type":""},"product_brand":[],"product_cat":[21],"product_tag":[],"class_list":{"0":"post-1422","1":"product","2":"type-product","3":"status-publish","4":"has-post-thumbnail","6":"product_cat-washing-equipment","7":"desktop-align-left","8":"tablet-align-left","9":"mobile-align-left","11":"first","12":"instock","13":"shipping-taxable","14":"product-type-simple"},"yasr_visitor_votes":{"stars_attributes":{"read_only":false,"span_bottom":false},"number_of_votes":0,"sum_votes":0},"yoast_head":"<!-- This site is optimized with the Yoast SEO plugin v24.5 - https:\/\/yoast.com\/wordpress\/plugins\/seo\/ -->\n<title>Multipurpose Avocado Washing Waxing Processing Line - Fruit Processing Solution<\/title>\n<meta name=\"description\" content=\"By avocado washing waxing line, you can not only effectively remove impurities on the surface of the avocado, but also delay the oxidation and deterioration process.\" \/>\n<meta name=\"robots\" content=\"index, follow, max-snippet:-1, max-image-preview:large, max-video-preview:-1\" \/>\n<link rel=\"canonical\" href=\"https:\/\/www.fruiturnkey.com\/es\/product\/avocado-washing-waxing-line\/\" \/>\n<meta property=\"og:locale\" content=\"es_ES\" \/>\n<meta property=\"og:type\" content=\"article\" \/>\n<meta property=\"og:title\" content=\"Multipurpose Avocado Washing Waxing Processing Line - Fruit Processing Solution\" \/>\n<meta property=\"og:description\" content=\"By avocado washing waxing line, you can not only effectively remove impurities on the surface of the avocado, but also delay the oxidation and deterioration process.\" \/>\n<meta property=\"og:url\" content=\"https:\/\/www.fruiturnkey.com\/es\/product\/avocado-washing-waxing-line\/\" \/>\n<meta property=\"og:site_name\" content=\"Fruit Processing Solution\" \/>\n<meta property=\"og:image\" content=\"https:\/\/www.fruiturnkey.com\/wp-content\/uploads\/2025\/04\/32.jpg\" \/>\n\t<meta property=\"og:image:width\" content=\"600\" \/>\n\t<meta property=\"og:image:height\" content=\"600\" \/>\n\t<meta property=\"og:image:type\" content=\"image\/jpeg\" \/>\n<meta name=\"twitter:card\" content=\"summary_large_image\" \/>\n<meta name=\"twitter:label1\" content=\"Tiempo de lectura\" \/>\n\t<meta name=\"twitter:data1\" content=\"3 minutos\" \/>\n<script type=\"application\/ld+json\" class=\"yoast-schema-graph\">{\"@context\":\"https:\/\/schema.org\",\"@graph\":[{\"@type\":\"WebPage\",\"@id\":\"https:\/\/www.fruiturnkey.com\/product\/avocado-washing-waxing-line\/\",\"url\":\"https:\/\/www.fruiturnkey.com\/product\/avocado-washing-waxing-line\/\",\"name\":\"Multipurpose Avocado Washing Waxing Processing Line - Fruit Processing Solution\",\"isPartOf\":{\"@id\":\"https:\/\/www.fruiturnkey.com\/#website\"},\"primaryImageOfPage\":{\"@id\":\"https:\/\/www.fruiturnkey.com\/product\/avocado-washing-waxing-line\/#primaryimage\"},\"image\":{\"@id\":\"https:\/\/www.fruiturnkey.com\/product\/avocado-washing-waxing-line\/#primaryimage\"},\"thumbnailUrl\":\"https:\/\/www.fruiturnkey.com\/wp-content\/uploads\/2025\/04\/32.jpg\",\"datePublished\":\"2025-04-17T07:17:36+00:00\",\"description\":\"By avocado washing waxing line, you can not only effectively remove impurities on the surface of the avocado, but also delay the oxidation and deterioration process.\",\"breadcrumb\":{\"@id\":\"https:\/\/www.fruiturnkey.com\/product\/avocado-washing-waxing-line\/#breadcrumb\"},\"inLanguage\":\"es\",\"potentialAction\":[{\"@type\":\"ReadAction\",\"target\":[\"https:\/\/www.fruiturnkey.com\/product\/avocado-washing-waxing-line\/\"]}]},{\"@type\":\"ImageObject\",\"inLanguage\":\"es\",\"@id\":\"https:\/\/www.fruiturnkey.com\/product\/avocado-washing-waxing-line\/#primaryimage\",\"url\":\"https:\/\/www.fruiturnkey.com\/wp-content\/uploads\/2025\/04\/32.jpg\",\"contentUrl\":\"https:\/\/www.fruiturnkey.com\/wp-content\/uploads\/2025\/04\/32.jpg\",\"width\":600,\"height\":600,\"caption\":\"avocado washing waxing line\"},{\"@type\":\"BreadcrumbList\",\"@id\":\"https:\/\/www.fruiturnkey.com\/product\/avocado-washing-waxing-line\/#breadcrumb\",\"itemListElement\":[{\"@type\":\"ListItem\",\"position\":1,\"name\":\"Home\",\"item\":\"https:\/\/www.fruiturnkey.com\/\"},{\"@type\":\"ListItem\",\"position\":2,\"name\":\"Products\",\"item\":\"https:\/\/www.fruiturnkey.com\/product\/\"},{\"@type\":\"ListItem\",\"position\":3,\"name\":\"Multipurpose Avocado Washing Waxing Processing Line\"}]},{\"@type\":\"WebSite\",\"@id\":\"https:\/\/www.fruiturnkey.com\/#website\",\"url\":\"https:\/\/www.fruiturnkey.com\/\",\"name\":\"Fruit Processing Solution\",\"description\":\"\",\"publisher\":{\"@id\":\"https:\/\/www.fruiturnkey.com\/#organization\"},\"potentialAction\":[{\"@type\":\"SearchAction\",\"target\":{\"@type\":\"EntryPoint\",\"urlTemplate\":\"https:\/\/www.fruiturnkey.com\/?s={search_term_string}\"},\"query-input\":{\"@type\":\"PropertyValueSpecification\",\"valueRequired\":true,\"valueName\":\"search_term_string\"}}],\"inLanguage\":\"es\"},{\"@type\":\"Organization\",\"@id\":\"https:\/\/www.fruiturnkey.com\/#organization\",\"name\":\"Fruit Processing Solution\",\"url\":\"https:\/\/www.fruiturnkey.com\/\",\"logo\":{\"@type\":\"ImageObject\",\"inLanguage\":\"es\",\"@id\":\"https:\/\/www.fruiturnkey.com\/#\/schema\/logo\/image\/\",\"url\":\"https:\/\/www.fruiturnkey.com\/wp-content\/uploads\/2025\/03\/cropped-\u65b0\u7248LOGO.png\",\"contentUrl\":\"https:\/\/www.fruiturnkey.com\/wp-content\/uploads\/2025\/03\/cropped-\u65b0\u7248LOGO.png\",\"width\":1918,\"height\":639,\"caption\":\"Fruit Processing Solution\"},\"image\":{\"@id\":\"https:\/\/www.fruiturnkey.com\/#\/schema\/logo\/image\/\"}},false]}<\/script>\n<!-- \/ Yoast SEO plugin. -->","yoast_head_json":{"title":"Multipurpose Avocado Washing Waxing Processing Line - Fruit Processing Solution","description":"By avocado washing waxing line, you can not only effectively remove impurities on the surface of the avocado, but also delay the oxidation and deterioration process.","robots":{"index":"index","follow":"follow","max-snippet":"max-snippet:-1","max-image-preview":"max-image-preview:large","max-video-preview":"max-video-preview:-1"},"canonical":"https:\/\/www.fruiturnkey.com\/es\/product\/avocado-washing-waxing-line\/","og_locale":"es_ES","og_type":"article","og_title":"Multipurpose Avocado Washing Waxing Processing Line - Fruit Processing Solution","og_description":"By avocado washing waxing line, you can not only effectively remove impurities on the surface of the avocado, but also delay the oxidation and deterioration process.","og_url":"https:\/\/www.fruiturnkey.com\/es\/product\/avocado-washing-waxing-line\/","og_site_name":"Fruit Processing Solution","og_image":[{"width":600,"height":600,"url":"https:\/\/www.fruiturnkey.com\/wp-content\/uploads\/2025\/04\/32.jpg","type":"image\/jpeg"}],"twitter_card":"summary_large_image","twitter_misc":{"Tiempo de lectura":"3 minutos"},"schema":{"@context":"https:\/\/schema.org","@graph":[{"@type":"WebPage","@id":"https:\/\/www.fruiturnkey.com\/product\/avocado-washing-waxing-line\/","url":"https:\/\/www.fruiturnkey.com\/product\/avocado-washing-waxing-line\/","name":"Multipurpose Avocado Washing Waxing Processing Line - Fruit Processing Solution","isPartOf":{"@id":"https:\/\/www.fruiturnkey.com\/#website"},"primaryImageOfPage":{"@id":"https:\/\/www.fruiturnkey.com\/product\/avocado-washing-waxing-line\/#primaryimage"},"image":{"@id":"https:\/\/www.fruiturnkey.com\/product\/avocado-washing-waxing-line\/#primaryimage"},"thumbnailUrl":"https:\/\/www.fruiturnkey.com\/wp-content\/uploads\/2025\/04\/32.jpg","datePublished":"2025-04-17T07:17:36+00:00","description":"By avocado washing waxing line, you can not only effectively remove impurities on the surface of the avocado, but also delay the oxidation and deterioration process.","breadcrumb":{"@id":"https:\/\/www.fruiturnkey.com\/product\/avocado-washing-waxing-line\/#breadcrumb"},"inLanguage":"es","potentialAction":[{"@type":"ReadAction","target":["https:\/\/www.fruiturnkey.com\/product\/avocado-washing-waxing-line\/"]}]},{"@type":"ImageObject","inLanguage":"es","@id":"https:\/\/www.fruiturnkey.com\/product\/avocado-washing-waxing-line\/#primaryimage","url":"https:\/\/www.fruiturnkey.com\/wp-content\/uploads\/2025\/04\/32.jpg","contentUrl":"https:\/\/www.fruiturnkey.com\/wp-content\/uploads\/2025\/04\/32.jpg","width":600,"height":600,"caption":"avocado washing waxing line"},{"@type":"BreadcrumbList","@id":"https:\/\/www.fruiturnkey.com\/product\/avocado-washing-waxing-line\/#breadcrumb","itemListElement":[{"@type":"ListItem","position":1,"name":"Home","item":"https:\/\/www.fruiturnkey.com\/"},{"@type":"ListItem","position":2,"name":"Products","item":"https:\/\/www.fruiturnkey.com\/product\/"},{"@type":"ListItem","position":3,"name":"Multipurpose Avocado Washing Waxing Processing Line"}]},{"@type":"WebSite","@id":"https:\/\/www.fruiturnkey.com\/#website","url":"https:\/\/www.fruiturnkey.com\/","name":"Fruit Processing Solution","description":"","publisher":{"@id":"https:\/\/www.fruiturnkey.com\/#organization"},"potentialAction":[{"@type":"SearchAction","target":{"@type":"EntryPoint","urlTemplate":"https:\/\/www.fruiturnkey.com\/?s={search_term_string}"},"query-input":{"@type":"PropertyValueSpecification","valueRequired":true,"valueName":"search_term_string"}}],"inLanguage":"es"},{"@type":"Organization","@id":"https:\/\/www.fruiturnkey.com\/#organization","name":"Fruit Processing Solution","url":"https:\/\/www.fruiturnkey.com\/","logo":{"@type":"ImageObject","inLanguage":"es","@id":"https:\/\/www.fruiturnkey.com\/#\/schema\/logo\/image\/","url":"https:\/\/www.fruiturnkey.com\/wp-content\/uploads\/2025\/03\/cropped-\u65b0\u7248LOGO.png","contentUrl":"https:\/\/www.fruiturnkey.com\/wp-content\/uploads\/2025\/03\/cropped-\u65b0\u7248LOGO.png","width":1918,"height":639,"caption":"Fruit Processing Solution"},"image":{"@id":"https:\/\/www.fruiturnkey.com\/#\/schema\/logo\/image\/"}},false]}},"_links":{"self":[{"href":"https:\/\/www.fruiturnkey.com\/es\/wp-json\/wp\/v2\/product\/1422","targetHints":{"allow":["GET"]}}],"collection":[{"href":"https:\/\/www.fruiturnkey.com\/es\/wp-json\/wp\/v2\/product"}],"about":[{"href":"https:\/\/www.fruiturnkey.com\/es\/wp-json\/wp\/v2\/types\/product"}],"replies":[{"embeddable":true,"href":"https:\/\/www.fruiturnkey.com\/es\/wp-json\/wp\/v2\/comments?post=1422"}],"wp:featuredmedia":[{"embeddable":true,"href":"https:\/\/www.fruiturnkey.com\/es\/wp-json\/wp\/v2\/media\/1427"}],"wp:attachment":[{"href":"https:\/\/www.fruiturnkey.com\/es\/wp-json\/wp\/v2\/media?parent=1422"}],"wp:term":[{"taxonomy":"product_brand","embeddable":true,"href":"https:\/\/www.fruiturnkey.com\/es\/wp-json\/wp\/v2\/product_brand?post=1422"},{"taxonomy":"product_cat","embeddable":true,"href":"https:\/\/www.fruiturnkey.com\/es\/wp-json\/wp\/v2\/product_cat?post=1422"},{"taxonomy":"product_tag","embeddable":true,"href":"https:\/\/www.fruiturnkey.com\/es\/wp-json\/wp\/v2\/product_tag?post=1422"}],"curies":[{"name":"wp","href":"https:\/\/api.w.org\/{rel}","templated":true}]}}