{"id":1373,"date":"2025-04-11T14:45:47","date_gmt":"2025-04-11T06:45:47","guid":{"rendered":"https:\/\/www.fruiturnkey.com\/?post_type=product&#038;p=1373"},"modified":"2025-04-24T17:57:05","modified_gmt":"2025-04-24T09:57:05","slug":"apple-juice-production-line","status":"publish","type":"product","link":"https:\/\/www.fruiturnkey.com\/es\/product\/apple-juice-production-line\/","title":{"rendered":"L\u00ednea completa de producci\u00f3n de zumo concentrado de manzana"},"content":{"rendered":"<p>La transformaci\u00f3n de manzanas frescas en zumo de manzana no s\u00f3lo puede prolongar su vida \u00fatil, sino tambi\u00e9n aumentar su valor a\u00f1adido y reducir los residuos causados por el listado concentrado de manzanas durante la temporada de recolecci\u00f3n. El procesado de zumo de manzana no s\u00f3lo satisface las necesidades diversificadas del mercado, sino que tambi\u00e9n crea un nuevo punto de crecimiento de los beneficios para los fruticultores y las empresas procesadoras. La l\u00ednea de producci\u00f3n de zumo de manzana es el sistema central para realizar el procesamiento profundo y la producci\u00f3n a gran escala de manzanas.<\/p>\n<h3>Proceso de producci\u00f3n del zumo de manzana:<\/h3>\n<hr \/>\n<p>El proceso de producci\u00f3n del zumo de manzana incluye principalmente las siguientes fases: limpieza, trituraci\u00f3n, inactivaci\u00f3n enzim\u00e1tica, extracci\u00f3n del zumo y esterilizaci\u00f3n.<\/p>\n<ol>\n<li>Limpieza: Eliminar la arena de la superficie, las impurezas y los pesticidas residuales de las manzanas.<\/li>\n<li>Trituraci\u00f3n: Triturar las manzanas enteras en part\u00edculas, lo que favorece el posterior tratamiento enzim\u00e1tico y la extracci\u00f3n de zumo.<\/li>\n<li>Inactivaci\u00f3n enzim\u00e1tica: Inactivar la polifenoloxidasa por calentamiento para evitar el oscurecimiento del zumo de manzana y mantener su color.<\/li>\n<li>Hacer zumo: Extraer todo el zumo posible de la pulpa para aumentar el rendimiento del zumo.<\/li>\n<li>Esterilizaci\u00f3n: Elimina las posibles bacterias del zumo de manzana para garantizar la seguridad del producto y prolongar su vida \u00fatil.<\/li>\n<\/ol>\n<p><iframe title=\"Reproductor de v\u00eddeo YouTube\" src=\"https:\/\/www.youtube-nocookie.com\/embed\/iUJAd0CNmW4?si=9Yd896gg6iLok710\" width=\"560\" height=\"315\" frameborder=\"0\" allowfullscreen=\"allowfullscreen\"><\/iframe><\/p>\n<h3>M\u00e1quinas para hacer zumo de manzana:<\/h3>\n<hr \/>\n<p><strong>1. Lavadora Apple<\/strong><\/p>\n<p>Fabricada en acero inoxidable 304 de calidad alimentaria, tiene una estructura s\u00f3lida, gran resistencia a la corrosi\u00f3n, larga vida \u00fatil y cumple las normas de seguridad alimentaria. La lavadora adopta un dise\u00f1o de dos etapas, con la secci\u00f3n delantera para el lavado grueso y la secci\u00f3n trasera para el lavado fino. El mecanismo de transporte en espiral se utiliza para lograr el transporte continuo y el lavado por volteo de las manzanas. El sistema de cepillo suave incorporado elimina eficazmente la suciedad y las impurezas residuales de la superficie de la manzana.<\/p>\n<p><strong>2. M\u00e1quina trituradora<\/strong><\/p>\n<p>Se adopta la estructura de tipo martillo y se fabrica con acero inoxidable SUS304 de alta calidad. Las partes en contacto con las manzanas son seguras e higi\u00e9nicas, y no afectan a la calidad del zumo de manzana. El tama\u00f1o de las part\u00edculas de trituraci\u00f3n puede ajustarse seg\u00fan las necesidades del proceso para adaptarse a manzanas de diferentes variedades y madurez.<\/p>\n<p><strong>3. Exprimidor de manzanas<\/strong><\/p>\n<p>Esta m\u00e1quina es la m\u00e1quina importante en la l\u00ednea de producci\u00f3n de concentrado de zumo de manzana puede eliminar autom\u00e1ticamente el orujo de manzana y garantizar la calidad del zumo. Puede equiparse con un sistema de tratamiento de pectinasa o un dispositivo de prensado secundario para mejorar a\u00fan m\u00e1s el rendimiento del zumo.<\/p>\n<p><strong>4. Esterilizador<\/strong><\/p>\n<p>El sistema de esterilizaci\u00f3n adopta un dise\u00f1o de estructura tubular, especialmente concebido para esterilizar zumo y pulpa. El equipo est\u00e1 equipado con un dispositivo de recuperaci\u00f3n de calor, que puede ahorrar energ\u00eda y agua en aproximadamente 30% en comparaci\u00f3n con los equipos de esterilizaci\u00f3n tradicionales, y tiene importantes beneficios econ\u00f3micos. Adem\u00e1s, el tiempo de esterilizaci\u00f3n es corto, el caudal es r\u00e1pido y no hay rinc\u00f3n muerto para la higiene.<\/p>\n<p><img fetchpriority=\"high\" decoding=\"async\" class=\"alignnone wp-image-1377 size-full\" src=\"https:\/\/www.fruiturnkey.com\/wp-content\/uploads\/2025\/04\/26-1.jpg\" alt=\"m\u00e1quina para hacer zumo de manzana\" width=\"600\" height=\"400\" srcset=\"https:\/\/www.fruiturnkey.com\/wp-content\/uploads\/2025\/04\/26-1.jpg 600w, https:\/\/www.fruiturnkey.com\/wp-content\/uploads\/2025\/04\/26-1-300x200.jpg 300w, https:\/\/www.fruiturnkey.com\/wp-content\/uploads\/2025\/04\/26-1-24x16.jpg 24w, https:\/\/www.fruiturnkey.com\/wp-content\/uploads\/2025\/04\/26-1-36x24.jpg 36w, https:\/\/www.fruiturnkey.com\/wp-content\/uploads\/2025\/04\/26-1-48x32.jpg 48w, https:\/\/www.fruiturnkey.com\/wp-content\/uploads\/2025\/04\/26-1-400x267.jpg 400w\" sizes=\"(max-width: 600px) 100vw, 600px\" \/><\/p>\n<h3>L\u00ednea de producci\u00f3n de zumo de manzana Caracter\u00edsticas:<\/h3>\n<hr \/>\n<ul>\n<li>Alto grado de automatizaci\u00f3n: Todos los equipos de la l\u00ednea de producci\u00f3n de concentrado de zumo de manzana est\u00e1n conectados y funcionan a trav\u00e9s de un sistema de control centralizado PLC, lo que reduce en gran medida la intensidad de la operaci\u00f3n manual.<\/li>\n<li>Dise\u00f1o modular: Cada dispositivo puede configurarse y ampliarse de forma flexible en funci\u00f3n de las necesidades reales de producci\u00f3n.<\/li>\n<li>Alto rendimiento de zumo y calidad estable: Al optimizar la estructura del equipo y el flujo del proceso, se garantiza que la calidad del zumo de manzana sea constante, y la capacidad de producci\u00f3n puede alcanzar las 4 toneladas\/h.<\/li>\n<\/ul>\n\n<div class=\"wpcf7 no-js\" id=\"wpcf7-f1048-o1\" lang=\"en-US\" dir=\"ltr\" data-wpcf7-id=\"1048\">\n<div class=\"screen-reader-response\"><p role=\"status\" aria-live=\"polite\" aria-atomic=\"true\"><\/p> <ul><\/ul><\/div>\n<form action=\"\/es\/wp-json\/wp\/v2\/product\/1373#wpcf7-f1048-o1\" method=\"post\" class=\"wpcf7-form init\" aria-label=\"Formulario de contacto\" novalidate=\"novalidate\" data-status=\"init\" data-trp-original-action=\"\/es\/wp-json\/wp\/v2\/product\/1373#wpcf7-f1048-o1\">\n<div style=\"display: none;\">\n<input type=\"hidden\" name=\"_wpcf7\" value=\"1048\" \/>\n<input type=\"hidden\" name=\"_wpcf7_version\" value=\"6.0.4\" \/>\n<input type=\"hidden\" name=\"_wpcf7_locale\" value=\"en_US\" \/>\n<input type=\"hidden\" name=\"_wpcf7_unit_tag\" value=\"wpcf7-f1048-o1\" \/>\n<input type=\"hidden\" name=\"_wpcf7_container_post\" value=\"0\" \/>\n<input type=\"hidden\" name=\"_wpcf7_posted_data_hash\" value=\"\" \/>\n<\/div>\n<div style='border:1px solid #54B435;padding:15px'>\n\t<p><span style='font-weight:bold'>CONTACTO PARA PRESUPUESTO<\/span><br \/>\n<span style='display:block;width:100px;height:5px;background:#54B435'><\/span><br \/>\nSu informaci\u00f3n de contacto no ser\u00e1 publicada. Los campos obligatorios est\u00e1n marcados con *.\n\t<\/p>\n\t<p><label> Mensaje *<br \/>\n<span class=\"wpcf7-form-control-wrap\" data-name=\"your-message\"><textarea cols=\"40\" rows=\"10\" maxlength=\"2000\" class=\"wpcf7-form-control wpcf7-textarea wpcf7-validates-as-required\" aria-required=\"true\" aria-invalid=\"false\" name=\"your-message\"><\/textarea><\/span> <\/label>\n\t<\/p>\n\t<div style='float:left;width:48%;margin-right:4%'>\n\t\t<p><label> Su correo electr\u00f3nico *<br \/>\n<span class=\"wpcf7-form-control-wrap\" data-name=\"email\"><input size=\"40\" maxlength=\"400\" class=\"wpcf7-form-control wpcf7-email wpcf7-validates-as-required wpcf7-text wpcf7-validates-as-email\" aria-required=\"true\" aria-invalid=\"false\" value=\"\" type=\"email\" name=\"email\" \/><\/span> <\/label>\n\t\t<\/p>\n\t<\/div>\n\t<div style='float:left;width:48%'>\n\t\t<p><label> Su nombre<br \/>\n<span class=\"wpcf7-form-control-wrap\" data-name=\"yourname\"><input size=\"40\" maxlength=\"400\" class=\"wpcf7-form-control wpcf7-text\" aria-invalid=\"false\" value=\"\" type=\"text\" name=\"yourname\" \/><\/span> <\/label>\n\t\t<\/p>\n\t<\/div>\n\t<div style='float:left;width:48%;margin-right:4%'>\n\t\t<p><label> Tel\u00e9fono<br \/>\n<span class=\"wpcf7-form-control-wrap\" data-name=\"phone\"><input size=\"40\" maxlength=\"400\" class=\"wpcf7-form-control wpcf7-tel wpcf7-text wpcf7-validates-as-tel\" aria-invalid=\"false\" value=\"\" type=\"tel\" name=\"phone\" \/><\/span> <\/label>\n\t\t<\/p>\n\t<\/div>\n\t<div style='float:left;width:48%'>\n\t\t<p><label>Pa\u00eds<br \/>\n<span class=\"wpcf7-form-control-wrap\" data-name=\"country\"><input size=\"40\" maxlength=\"400\" class=\"wpcf7-form-control wpcf7-text\" aria-invalid=\"false\" value=\"\" type=\"text\" name=\"country\" \/><\/span> <\/label>\n\t\t<\/p>\n\t<\/div>\n\t<div style='float:left;width:48%;margin-right:4%'>\n\t\t<p><label> Empresa<br \/>\n<span class=\"wpcf7-form-control-wrap\" data-name=\"company\"><input size=\"40\" maxlength=\"400\" class=\"wpcf7-form-control wpcf7-text\" aria-invalid=\"false\" value=\"\" type=\"text\" name=\"company\" \/><\/span> <\/label>\n\t\t<\/p>\n\t<\/div>\n\t<div style='float:left;width:48%'>\n\t\t<p><label> P\u00e1gina web<br \/>\n<span class=\"wpcf7-form-control-wrap\" data-name=\"web\"><input size=\"40\" maxlength=\"400\" class=\"wpcf7-form-control wpcf7-text\" aria-invalid=\"false\" value=\"\" type=\"text\" name=\"web\" \/><\/span> <\/label>\n\t\t<\/p>\n\t<\/div>\n\t<div style='clear:both'>\n\t<\/div>\n\t<p><input class=\"wpcf7-form-control wpcf7-submit has-spinner\" type=\"submit\" value=\"Enviar\" \/>\n\t<\/p>\n<\/div><p style=\"display: none !important;\" class=\"akismet-fields-container\" data-prefix=\"_wpcf7_ak_\"><label>&#916;<textarea name=\"_wpcf7_ak_hp_textarea\" cols=\"45\" rows=\"8\" maxlength=\"100\"><\/textarea><\/label><input type=\"hidden\" id=\"ak_js_1\" name=\"_wpcf7_ak_js\" value=\"130\"\/><script>document.getElementById( \"ak_js_1\" ).setAttribute( \"value\", ( new Date() ).getTime() );<\/script><\/p><div class=\"wpcf7-response-output\" aria-hidden=\"true\"><\/div>\n<input type=\"hidden\" name=\"trp-form-language\" value=\"es\"\/><\/form>\n<\/div>\n\n<div style='text-align:left' class='yasr-auto-insert-visitor'><\/div>","protected":false},"excerpt":{"rendered":"<p>La l\u00ednea de producci\u00f3n de zumo de manzana tiene una capacidad de hasta 4 toneladas\/h, y el proceso principal es el lavado, la trituraci\u00f3n, el exprimido, etc.<\/p>","protected":false},"featured_media":1376,"comment_status":"open","ping_status":"closed","template":"","meta":{"site-sidebar-layout":"default","site-content-layout":"","ast-site-content-layout":"default","site-content-style":"default","site-sidebar-style":"default","ast-global-header-display":"","ast-banner-title-visibility":"","ast-main-header-display":"","ast-hfb-above-header-display":"","ast-hfb-below-header-display":"","ast-hfb-mobile-header-display":"","site-post-title":"","ast-breadcrumbs-content":"","ast-featured-img":"","footer-sml-layout":"","theme-transparent-header-meta":"default","adv-header-id-meta":"","stick-header-meta":"","header-above-stick-meta":"","header-main-stick-meta":"","header-below-stick-meta":"","astra-migrate-meta-layouts":"set","ast-page-background-enabled":"default","ast-page-background-meta":{"desktop":{"background-color":"var(--ast-global-color-4)","background-image":"","background-repeat":"repeat","background-position":"center center","background-size":"auto","background-attachment":"scroll","background-type":"","background-media":"","overlay-type":"","overlay-color":"","overlay-opacity":"","overlay-gradient":""},"tablet":{"background-color":"","background-image":"","background-repeat":"repeat","background-position":"center center","background-size":"auto","background-attachment":"scroll","background-type":"","background-media":"","overlay-type":"","overlay-color":"","overlay-opacity":"","overlay-gradient":""},"mobile":{"background-color":"","background-image":"","background-repeat":"repeat","background-position":"center center","background-size":"auto","background-attachment":"scroll","background-type":"","background-media":"","overlay-type":"","overlay-color":"","overlay-opacity":"","overlay-gradient":""}},"ast-content-background-meta":{"desktop":{"background-color":"var(--ast-global-color-5)","background-image":"","background-repeat":"repeat","background-position":"center center","background-size":"auto","background-attachment":"scroll","background-type":"","background-media":"","overlay-type":"","overlay-color":"","overlay-opacity":"","overlay-gradient":""},"tablet":{"background-color":"var(--ast-global-color-5)","background-image":"","background-repeat":"repeat","background-position":"center center","background-size":"auto","background-attachment":"scroll","background-type":"","background-media":"","overlay-type":"","overlay-color":"","overlay-opacity":"","overlay-gradient":""},"mobile":{"background-color":"var(--ast-global-color-5)","background-image":"","background-repeat":"repeat","background-position":"center center","background-size":"auto","background-attachment":"scroll","background-type":"","background-media":"","overlay-type":"","overlay-color":"","overlay-opacity":"","overlay-gradient":""}},"yasr_overall_rating":0,"yasr_post_is_review":"","yasr_auto_insert_disabled":"","yasr_review_type":""},"product_brand":[],"product_cat":[30,22,29],"product_tag":[],"class_list":{"0":"post-1373","1":"product","2":"type-product","3":"status-publish","4":"has-post-thumbnail","6":"product_cat-concentration-equipment","7":"product_cat-juicing-equipment","8":"product_cat-sterilization-equipment","9":"desktop-align-left","10":"tablet-align-left","11":"mobile-align-left","13":"first","14":"instock","15":"shipping-taxable","16":"product-type-simple"},"yasr_visitor_votes":{"stars_attributes":{"read_only":false,"span_bottom":false},"number_of_votes":1,"sum_votes":5},"yoast_head":"<!-- This site is optimized with the Yoast SEO plugin v24.5 - https:\/\/yoast.com\/wordpress\/plugins\/seo\/ -->\n<title>Complete Process Apple Juice Concentrate Production Line - Fruit Processing Solution<\/title>\n<meta name=\"description\" content=\"The apple juice production line capacity up to 4ton\/h, main process is washing, crushing, juicing, etc.\" \/>\n<meta name=\"robots\" content=\"index, follow, max-snippet:-1, max-image-preview:large, max-video-preview:-1\" \/>\n<link rel=\"canonical\" href=\"https:\/\/www.fruiturnkey.com\/es\/product\/apple-juice-production-line\/\" \/>\n<meta property=\"og:locale\" content=\"es_ES\" \/>\n<meta property=\"og:type\" content=\"article\" \/>\n<meta property=\"og:title\" content=\"Complete Process Apple Juice Concentrate Production Line - Fruit Processing Solution\" \/>\n<meta property=\"og:description\" content=\"The apple juice production line capacity up to 4ton\/h, main process is washing, crushing, juicing, etc.\" \/>\n<meta property=\"og:url\" content=\"https:\/\/www.fruiturnkey.com\/es\/product\/apple-juice-production-line\/\" \/>\n<meta property=\"og:site_name\" content=\"Fruit Processing Solution\" \/>\n<meta property=\"article:modified_time\" content=\"2025-04-24T09:57:05+00:00\" \/>\n<meta property=\"og:image\" content=\"https:\/\/www.fruiturnkey.com\/wp-content\/uploads\/2025\/04\/26.jpg\" \/>\n\t<meta property=\"og:image:width\" content=\"600\" \/>\n\t<meta property=\"og:image:height\" content=\"600\" \/>\n\t<meta property=\"og:image:type\" content=\"image\/jpeg\" \/>\n<meta name=\"twitter:card\" content=\"summary_large_image\" \/>\n<meta name=\"twitter:label1\" content=\"Tiempo de lectura\" \/>\n\t<meta name=\"twitter:data1\" content=\"3 minutos\" \/>\n<script type=\"application\/ld+json\" class=\"yoast-schema-graph\">{\"@context\":\"https:\/\/schema.org\",\"@graph\":[{\"@type\":\"WebPage\",\"@id\":\"https:\/\/www.fruiturnkey.com\/product\/apple-juice-production-line\/\",\"url\":\"https:\/\/www.fruiturnkey.com\/product\/apple-juice-production-line\/\",\"name\":\"Complete Process Apple Juice Concentrate Production Line - Fruit Processing Solution\",\"isPartOf\":{\"@id\":\"https:\/\/www.fruiturnkey.com\/#website\"},\"primaryImageOfPage\":{\"@id\":\"https:\/\/www.fruiturnkey.com\/product\/apple-juice-production-line\/#primaryimage\"},\"image\":{\"@id\":\"https:\/\/www.fruiturnkey.com\/product\/apple-juice-production-line\/#primaryimage\"},\"thumbnailUrl\":\"https:\/\/www.fruiturnkey.com\/wp-content\/uploads\/2025\/04\/26.jpg\",\"datePublished\":\"2025-04-11T06:45:47+00:00\",\"dateModified\":\"2025-04-24T09:57:05+00:00\",\"description\":\"The apple juice production line capacity up to 4ton\/h, main process is washing, crushing, juicing, etc.\",\"breadcrumb\":{\"@id\":\"https:\/\/www.fruiturnkey.com\/product\/apple-juice-production-line\/#breadcrumb\"},\"inLanguage\":\"es\",\"potentialAction\":[{\"@type\":\"ReadAction\",\"target\":[\"https:\/\/www.fruiturnkey.com\/product\/apple-juice-production-line\/\"]}]},{\"@type\":\"ImageObject\",\"inLanguage\":\"es\",\"@id\":\"https:\/\/www.fruiturnkey.com\/product\/apple-juice-production-line\/#primaryimage\",\"url\":\"https:\/\/www.fruiturnkey.com\/wp-content\/uploads\/2025\/04\/26.jpg\",\"contentUrl\":\"https:\/\/www.fruiturnkey.com\/wp-content\/uploads\/2025\/04\/26.jpg\",\"width\":600,\"height\":600,\"caption\":\"apple juice production line\"},{\"@type\":\"BreadcrumbList\",\"@id\":\"https:\/\/www.fruiturnkey.com\/product\/apple-juice-production-line\/#breadcrumb\",\"itemListElement\":[{\"@type\":\"ListItem\",\"position\":1,\"name\":\"Home\",\"item\":\"https:\/\/www.fruiturnkey.com\/\"},{\"@type\":\"ListItem\",\"position\":2,\"name\":\"Products\",\"item\":\"https:\/\/www.fruiturnkey.com\/product\/\"},{\"@type\":\"ListItem\",\"position\":3,\"name\":\"Complete Process Apple Juice Concentrate Production Line\"}]},{\"@type\":\"WebSite\",\"@id\":\"https:\/\/www.fruiturnkey.com\/#website\",\"url\":\"https:\/\/www.fruiturnkey.com\/\",\"name\":\"Fruit Processing Solution\",\"description\":\"\",\"publisher\":{\"@id\":\"https:\/\/www.fruiturnkey.com\/#organization\"},\"potentialAction\":[{\"@type\":\"SearchAction\",\"target\":{\"@type\":\"EntryPoint\",\"urlTemplate\":\"https:\/\/www.fruiturnkey.com\/?s={search_term_string}\"},\"query-input\":{\"@type\":\"PropertyValueSpecification\",\"valueRequired\":true,\"valueName\":\"search_term_string\"}}],\"inLanguage\":\"es\"},{\"@type\":\"Organization\",\"@id\":\"https:\/\/www.fruiturnkey.com\/#organization\",\"name\":\"Fruit Processing Solution\",\"url\":\"https:\/\/www.fruiturnkey.com\/\",\"logo\":{\"@type\":\"ImageObject\",\"inLanguage\":\"es\",\"@id\":\"https:\/\/www.fruiturnkey.com\/#\/schema\/logo\/image\/\",\"url\":\"https:\/\/www.fruiturnkey.com\/wp-content\/uploads\/2025\/03\/cropped-\u65b0\u7248LOGO.png\",\"contentUrl\":\"https:\/\/www.fruiturnkey.com\/wp-content\/uploads\/2025\/03\/cropped-\u65b0\u7248LOGO.png\",\"width\":1918,\"height\":639,\"caption\":\"Fruit Processing Solution\"},\"image\":{\"@id\":\"https:\/\/www.fruiturnkey.com\/#\/schema\/logo\/image\/\"}},false]}<\/script>\n<!-- \/ Yoast SEO plugin. -->","yoast_head_json":{"title":"Complete Process Apple Juice Concentrate Production Line - Fruit Processing Solution","description":"The apple juice production line capacity up to 4ton\/h, main process is washing, crushing, juicing, etc.","robots":{"index":"index","follow":"follow","max-snippet":"max-snippet:-1","max-image-preview":"max-image-preview:large","max-video-preview":"max-video-preview:-1"},"canonical":"https:\/\/www.fruiturnkey.com\/es\/product\/apple-juice-production-line\/","og_locale":"es_ES","og_type":"article","og_title":"Complete Process Apple Juice Concentrate Production Line - Fruit Processing Solution","og_description":"The apple juice production line capacity up to 4ton\/h, main process is washing, crushing, juicing, etc.","og_url":"https:\/\/www.fruiturnkey.com\/es\/product\/apple-juice-production-line\/","og_site_name":"Fruit Processing Solution","article_modified_time":"2025-04-24T09:57:05+00:00","og_image":[{"width":600,"height":600,"url":"https:\/\/www.fruiturnkey.com\/wp-content\/uploads\/2025\/04\/26.jpg","type":"image\/jpeg"}],"twitter_card":"summary_large_image","twitter_misc":{"Tiempo de lectura":"3 minutos"},"schema":{"@context":"https:\/\/schema.org","@graph":[{"@type":"WebPage","@id":"https:\/\/www.fruiturnkey.com\/product\/apple-juice-production-line\/","url":"https:\/\/www.fruiturnkey.com\/product\/apple-juice-production-line\/","name":"Complete Process Apple Juice Concentrate Production Line - Fruit Processing Solution","isPartOf":{"@id":"https:\/\/www.fruiturnkey.com\/#website"},"primaryImageOfPage":{"@id":"https:\/\/www.fruiturnkey.com\/product\/apple-juice-production-line\/#primaryimage"},"image":{"@id":"https:\/\/www.fruiturnkey.com\/product\/apple-juice-production-line\/#primaryimage"},"thumbnailUrl":"https:\/\/www.fruiturnkey.com\/wp-content\/uploads\/2025\/04\/26.jpg","datePublished":"2025-04-11T06:45:47+00:00","dateModified":"2025-04-24T09:57:05+00:00","description":"The apple juice production line capacity up to 4ton\/h, main process is washing, crushing, juicing, etc.","breadcrumb":{"@id":"https:\/\/www.fruiturnkey.com\/product\/apple-juice-production-line\/#breadcrumb"},"inLanguage":"es","potentialAction":[{"@type":"ReadAction","target":["https:\/\/www.fruiturnkey.com\/product\/apple-juice-production-line\/"]}]},{"@type":"ImageObject","inLanguage":"es","@id":"https:\/\/www.fruiturnkey.com\/product\/apple-juice-production-line\/#primaryimage","url":"https:\/\/www.fruiturnkey.com\/wp-content\/uploads\/2025\/04\/26.jpg","contentUrl":"https:\/\/www.fruiturnkey.com\/wp-content\/uploads\/2025\/04\/26.jpg","width":600,"height":600,"caption":"apple juice production line"},{"@type":"BreadcrumbList","@id":"https:\/\/www.fruiturnkey.com\/product\/apple-juice-production-line\/#breadcrumb","itemListElement":[{"@type":"ListItem","position":1,"name":"Home","item":"https:\/\/www.fruiturnkey.com\/"},{"@type":"ListItem","position":2,"name":"Products","item":"https:\/\/www.fruiturnkey.com\/product\/"},{"@type":"ListItem","position":3,"name":"Complete Process Apple Juice Concentrate Production Line"}]},{"@type":"WebSite","@id":"https:\/\/www.fruiturnkey.com\/#website","url":"https:\/\/www.fruiturnkey.com\/","name":"Fruit Processing Solution","description":"","publisher":{"@id":"https:\/\/www.fruiturnkey.com\/#organization"},"potentialAction":[{"@type":"SearchAction","target":{"@type":"EntryPoint","urlTemplate":"https:\/\/www.fruiturnkey.com\/?s={search_term_string}"},"query-input":{"@type":"PropertyValueSpecification","valueRequired":true,"valueName":"search_term_string"}}],"inLanguage":"es"},{"@type":"Organization","@id":"https:\/\/www.fruiturnkey.com\/#organization","name":"Fruit Processing Solution","url":"https:\/\/www.fruiturnkey.com\/","logo":{"@type":"ImageObject","inLanguage":"es","@id":"https:\/\/www.fruiturnkey.com\/#\/schema\/logo\/image\/","url":"https:\/\/www.fruiturnkey.com\/wp-content\/uploads\/2025\/03\/cropped-\u65b0\u7248LOGO.png","contentUrl":"https:\/\/www.fruiturnkey.com\/wp-content\/uploads\/2025\/03\/cropped-\u65b0\u7248LOGO.png","width":1918,"height":639,"caption":"Fruit Processing Solution"},"image":{"@id":"https:\/\/www.fruiturnkey.com\/#\/schema\/logo\/image\/"}},false]}},"_links":{"self":[{"href":"https:\/\/www.fruiturnkey.com\/es\/wp-json\/wp\/v2\/product\/1373","targetHints":{"allow":["GET"]}}],"collection":[{"href":"https:\/\/www.fruiturnkey.com\/es\/wp-json\/wp\/v2\/product"}],"about":[{"href":"https:\/\/www.fruiturnkey.com\/es\/wp-json\/wp\/v2\/types\/product"}],"replies":[{"embeddable":true,"href":"https:\/\/www.fruiturnkey.com\/es\/wp-json\/wp\/v2\/comments?post=1373"}],"wp:featuredmedia":[{"embeddable":true,"href":"https:\/\/www.fruiturnkey.com\/es\/wp-json\/wp\/v2\/media\/1376"}],"wp:attachment":[{"href":"https:\/\/www.fruiturnkey.com\/es\/wp-json\/wp\/v2\/media?parent=1373"}],"wp:term":[{"taxonomy":"product_brand","embeddable":true,"href":"https:\/\/www.fruiturnkey.com\/es\/wp-json\/wp\/v2\/product_brand?post=1373"},{"taxonomy":"product_cat","embeddable":true,"href":"https:\/\/www.fruiturnkey.com\/es\/wp-json\/wp\/v2\/product_cat?post=1373"},{"taxonomy":"product_tag","embeddable":true,"href":"https:\/\/www.fruiturnkey.com\/es\/wp-json\/wp\/v2\/product_tag?post=1373"}],"curies":[{"name":"wp","href":"https:\/\/api.w.org\/{rel}","templated":true}]}}