{"id":1319,"date":"2025-04-03T14:35:59","date_gmt":"2025-04-03T06:35:59","guid":{"rendered":"https:\/\/www.fruiturnkey.com\/?post_type=product&#038;p=1319"},"modified":"2025-04-03T15:22:21","modified_gmt":"2025-04-03T07:22:21","slug":"dried-mango-production-line","status":"publish","type":"product","link":"https:\/\/www.fruiturnkey.com\/es\/product\/dried-mango-production-line\/","title":{"rendered":"L\u00ednea de procesamiento de mango seco"},"content":{"rendered":"<p>El mango seco es un producto com\u00fan derivado del mango. Su principal objetivo es prolongar la vida \u00fatil del mango, mejorar la estabilidad del producto y mantener el sabor natural y el valor nutricional del mango. Los mangos frescos tienen un alto contenido en agua y no son f\u00e1ciles de almacenar. Los mangos secos no solo son f\u00e1ciles de transportar y almacenar, sino que tambi\u00e9n son populares en el mercado como aperitivo saludable.<\/p>\n<h3>Proceso de producci\u00f3n del mango deshidratado:<\/h3>\n<hr \/>\n<ol>\n<li>Lavado: eliminar la suciedad, las impurezas y los residuos de pesticidas de la superficie de la piel del mango.<\/li>\n<li>Pelado: retirar la c\u00e1scara para su posterior procesado.<\/li>\n<li>Corte: corte el mango en rodajas para obtener un secado uniforme.<\/li>\n<li>Escaldado: tratamiento t\u00e9rmico de corta duraci\u00f3n para mantener el color de la pulpa y reducir la contaminaci\u00f3n microbiana.<\/li>\n<li>Secado: reduce el contenido de humedad y prolonga la vida \u00fatil del mango.<\/li>\n<\/ol>\n<p><iframe title=\"Reproductor de v\u00eddeo YouTube\" src=\"https:\/\/www.youtube.com\/embed\/mCF50VJh3LE?si=hvJie0Ye-cf_zEIW\" width=\"560\" height=\"315\" frameborder=\"0\" allowfullscreen=\"allowfullscreen\"><\/iframe><\/p>\n<h3>L\u00ednea de producci\u00f3n de mango deshidratado:<\/h3>\n<hr \/>\n<p>El procesamiento de mangos deshidratados requiere un conjunto completo de m\u00e1quinas de procesamiento de mangos deshidratados para garantizar un proceso de producci\u00f3n eficaz e higi\u00e9nico. Incluye principalmente:<\/p>\n<p>1 . <strong>Lavadora Mango<\/strong><\/p>\n<ul>\n<li>El largo cepillo de rodillo plano con dise\u00f1o de cerdas suaves puede eliminar eficazmente la suciedad de la superficie de los mangos.<\/li>\n<li>Equipada con un dep\u00f3sito de agua circulante y una bomba de agua para mejorar la eficacia de la limpieza y reducir el desperdicio de agua.<\/li>\n<li>Equipada con una cubierta antiproyecciones extra\u00edble para evitar salpicaduras de agua y garantizar un entorno de producci\u00f3n limpio.<\/li>\n<li>El equipo est\u00e1 fabricado en acero inoxidable 304 de calidad alimentaria, resistente a la corrosi\u00f3n y f\u00e1cil de limpiar.<\/li>\n<li>La altura del puerto de descarga puede adaptarse al equipo de la estaci\u00f3n inferior para mejorar la coordinaci\u00f3n general de la l\u00ednea de producci\u00f3n de mango seco.<\/li>\n<\/ul>\n<p><img fetchpriority=\"high\" decoding=\"async\" class=\"alignnone wp-image-1324 size-full\" src=\"https:\/\/www.fruiturnkey.com\/wp-content\/uploads\/2025\/04\/18-3.jpg\" alt=\"m\u00e1quina limpiadora de mangos\" width=\"600\" height=\"400\" srcset=\"https:\/\/www.fruiturnkey.com\/wp-content\/uploads\/2025\/04\/18-3.jpg 600w, https:\/\/www.fruiturnkey.com\/wp-content\/uploads\/2025\/04\/18-3-300x200.jpg 300w, https:\/\/www.fruiturnkey.com\/wp-content\/uploads\/2025\/04\/18-3-24x16.jpg 24w, https:\/\/www.fruiturnkey.com\/wp-content\/uploads\/2025\/04\/18-3-36x24.jpg 36w, https:\/\/www.fruiturnkey.com\/wp-content\/uploads\/2025\/04\/18-3-48x32.jpg 48w, https:\/\/www.fruiturnkey.com\/wp-content\/uploads\/2025\/04\/18-3-400x267.jpg 400w\" sizes=\"(max-width: 600px) 100vw, 600px\" \/><\/p>\n<p>2. <strong>Peladora de mangos<\/strong><\/p>\n<ul>\n<li>Fabricado en acero inoxidable SUS304 para garantizar la durabilidad del equipo y la seguridad alimentaria.<\/li>\n<li>El equipo tiene una alta capacidad de procesamiento y puede procesar m\u00e1s de 1 tonelada por hora, adecuado para la producci\u00f3n a gran escala.<\/li>\n<li>El grosor de pelado es ajustable, de 1,5 a 2,5 mm, que puede ajustarse seg\u00fan las necesidades.<\/li>\n<li>Se adapta a mangos de diferentes tama\u00f1os, con un rango de di\u00e1metro de mango de 50-100 mm y un rango de altura de mango de 90-180 mm.<\/li>\n<\/ul>\n<p>3. <strong>Escaldadora de mangos<\/strong><\/p>\n<ul>\n<li>Se adopta el calentamiento el\u00e9ctrico, y la temperatura es controlable para garantizar la estabilidad del proceso de escaldado del mango.<\/li>\n<li>La velocidad de transporte puede ajustarse en funci\u00f3n de los requisitos de procesamiento para mejorar la flexibilidad de procesamiento.<\/li>\n<li>La m\u00e1quina de escaldado est\u00e1 fabricada en acero inoxidable 304 de calidad alimentaria para garantizar la seguridad y la higiene.<\/li>\n<li>El tiempo de escaldado es de 2 minutos, que se utiliza principalmente para la esterilizaci\u00f3n del mango y la protecci\u00f3n del color, manteniendo el color brillante del mango y mejorando la calidad del producto.<\/li>\n<\/ul>\n<p><img decoding=\"async\" class=\"alignnone wp-image-1320 size-full\" src=\"https:\/\/www.fruiturnkey.com\/wp-content\/uploads\/2025\/04\/18.jpg\" alt=\"m\u00e1quina procesadora de mango seco\" width=\"600\" height=\"400\" srcset=\"https:\/\/www.fruiturnkey.com\/wp-content\/uploads\/2025\/04\/18.jpg 600w, https:\/\/www.fruiturnkey.com\/wp-content\/uploads\/2025\/04\/18-300x200.jpg 300w, https:\/\/www.fruiturnkey.com\/wp-content\/uploads\/2025\/04\/18-24x16.jpg 24w, https:\/\/www.fruiturnkey.com\/wp-content\/uploads\/2025\/04\/18-36x24.jpg 36w, https:\/\/www.fruiturnkey.com\/wp-content\/uploads\/2025\/04\/18-48x32.jpg 48w, https:\/\/www.fruiturnkey.com\/wp-content\/uploads\/2025\/04\/18-400x267.jpg 400w\" sizes=\"(max-width: 600px) 100vw, 600px\" \/><\/p>\n<p>4. <strong>M\u00e1quina secadora de mangos<\/strong><\/p>\n<ul>\n<li>El cuerpo de la caja adopta un tablero aislante de poliuretano de seis caras y 75 mm de grosor, que tiene un excelente efecto aislante y reduce el consumo de energ\u00eda.<\/li>\n<li>La capacidad de calentamiento alcanza los 43kw, lo que puede proporcionar r\u00e1pidamente una fuente de calor estable para garantizar un efecto de secado uniforme.<\/li>\n<li>La capacidad de deshumidificaci\u00f3n es de 45L\/H, lo que permite eliminar r\u00e1pidamente la humedad y mejorar la eficacia del secado.<\/li>\n<li>Control PLC+pantalla t\u00e1ctil, gesti\u00f3n y funcionamiento inteligente, sencillo e intuitivo, puede lograr un control preciso de la temperatura, la humedad y el tiempo.<\/li>\n<\/ul>\n<p><img decoding=\"async\" class=\"alignnone wp-image-1322 size-full\" src=\"https:\/\/www.fruiturnkey.com\/wp-content\/uploads\/2025\/04\/18-2.jpg\" alt=\"planta de procesamiento de mango seco\" width=\"600\" height=\"400\" srcset=\"https:\/\/www.fruiturnkey.com\/wp-content\/uploads\/2025\/04\/18-2.jpg 600w, https:\/\/www.fruiturnkey.com\/wp-content\/uploads\/2025\/04\/18-2-300x200.jpg 300w, https:\/\/www.fruiturnkey.com\/wp-content\/uploads\/2025\/04\/18-2-24x16.jpg 24w, https:\/\/www.fruiturnkey.com\/wp-content\/uploads\/2025\/04\/18-2-36x24.jpg 36w, https:\/\/www.fruiturnkey.com\/wp-content\/uploads\/2025\/04\/18-2-48x32.jpg 48w, https:\/\/www.fruiturnkey.com\/wp-content\/uploads\/2025\/04\/18-2-400x267.jpg 400w\" sizes=\"(max-width: 600px) 100vw, 600px\" \/><\/p>\n<h3>Planta de procesamiento de mango seco Ventajas:<\/h3>\n<hr \/>\n<ol>\n<li>Producci\u00f3n de alta eficiencia: Toda la l\u00ednea de producci\u00f3n de mango deshidratado utiliza equipos automatizados para mejorar en gran medida la eficiencia de la producci\u00f3n y reducir los costes laborales.<\/li>\n<li>Garant\u00eda de seguridad alimentaria: El equipo est\u00e1 fabricado en acero inoxidable de calidad alimentaria y cumple las normas de seguridad alimentaria.<\/li>\n<li>Control inteligente: La secadora est\u00e1 equipada con un sistema PLC+pantalla t\u00e1ctil, que es f\u00e1cil de operar y garantiza una calidad de secado estable.<\/li>\n<li>Gran adaptabilidad: El grosor de pelado, el tiempo de escaldado, la temperatura de secado, etc. pueden ajustarse seg\u00fan las diferentes necesidades, y es adecuado para una gran variedad de variedades de mango.<\/li>\n<\/ol>\n<h3>Escenarios aplicables:<\/h3>\n<hr \/>\n<p>Las m\u00e1quinas para secar mango son adecuadas para plantas de procesamiento de alimentos, grandes empresas de procesamiento de frutas, bases de procesamiento profundo de productos agr\u00edcolas, etc., y pueden satisfacer las necesidades de producci\u00f3n de diferentes escalas.<\/p>\n<p>&nbsp;<\/p>\n\n<div class=\"wpcf7 no-js\" id=\"wpcf7-f1048-o1\" lang=\"en-US\" dir=\"ltr\" data-wpcf7-id=\"1048\">\n<div class=\"screen-reader-response\"><p role=\"status\" aria-live=\"polite\" aria-atomic=\"true\"><\/p> <ul><\/ul><\/div>\n<form action=\"\/es\/wp-json\/wp\/v2\/product\/1319#wpcf7-f1048-o1\" method=\"post\" class=\"wpcf7-form init\" aria-label=\"Formulario de contacto\" novalidate=\"novalidate\" data-status=\"init\" data-trp-original-action=\"\/es\/wp-json\/wp\/v2\/product\/1319#wpcf7-f1048-o1\">\n<div style=\"display: none;\">\n<input type=\"hidden\" name=\"_wpcf7\" value=\"1048\" \/>\n<input type=\"hidden\" name=\"_wpcf7_version\" value=\"6.0.4\" \/>\n<input type=\"hidden\" name=\"_wpcf7_locale\" value=\"en_US\" \/>\n<input type=\"hidden\" name=\"_wpcf7_unit_tag\" value=\"wpcf7-f1048-o1\" \/>\n<input type=\"hidden\" name=\"_wpcf7_container_post\" value=\"0\" \/>\n<input type=\"hidden\" name=\"_wpcf7_posted_data_hash\" value=\"\" \/>\n<\/div>\n<div style='border:1px solid #54B435;padding:15px'>\n\t<p><span style='font-weight:bold'>CONTACTO PARA PRESUPUESTO<\/span><br \/>\n<span style='display:block;width:100px;height:5px;background:#54B435'><\/span><br \/>\nSu informaci\u00f3n de contacto no ser\u00e1 publicada. Los campos obligatorios est\u00e1n marcados con *.\n\t<\/p>\n\t<p><label> Mensaje *<br \/>\n<span class=\"wpcf7-form-control-wrap\" data-name=\"your-message\"><textarea cols=\"40\" rows=\"10\" maxlength=\"2000\" class=\"wpcf7-form-control wpcf7-textarea wpcf7-validates-as-required\" aria-required=\"true\" aria-invalid=\"false\" name=\"your-message\"><\/textarea><\/span> <\/label>\n\t<\/p>\n\t<div style='float:left;width:48%;margin-right:4%'>\n\t\t<p><label> Su correo electr\u00f3nico *<br \/>\n<span class=\"wpcf7-form-control-wrap\" data-name=\"email\"><input size=\"40\" maxlength=\"400\" class=\"wpcf7-form-control wpcf7-email wpcf7-validates-as-required wpcf7-text wpcf7-validates-as-email\" aria-required=\"true\" aria-invalid=\"false\" value=\"\" type=\"email\" name=\"email\" \/><\/span> <\/label>\n\t\t<\/p>\n\t<\/div>\n\t<div style='float:left;width:48%'>\n\t\t<p><label> Su nombre<br \/>\n<span class=\"wpcf7-form-control-wrap\" data-name=\"yourname\"><input size=\"40\" maxlength=\"400\" class=\"wpcf7-form-control wpcf7-text\" aria-invalid=\"false\" value=\"\" type=\"text\" name=\"yourname\" \/><\/span> <\/label>\n\t\t<\/p>\n\t<\/div>\n\t<div style='float:left;width:48%;margin-right:4%'>\n\t\t<p><label> Tel\u00e9fono<br \/>\n<span class=\"wpcf7-form-control-wrap\" data-name=\"phone\"><input size=\"40\" maxlength=\"400\" class=\"wpcf7-form-control wpcf7-tel wpcf7-text wpcf7-validates-as-tel\" aria-invalid=\"false\" value=\"\" type=\"tel\" name=\"phone\" \/><\/span> <\/label>\n\t\t<\/p>\n\t<\/div>\n\t<div style='float:left;width:48%'>\n\t\t<p><label>Pa\u00eds<br \/>\n<span class=\"wpcf7-form-control-wrap\" data-name=\"country\"><input size=\"40\" maxlength=\"400\" class=\"wpcf7-form-control wpcf7-text\" aria-invalid=\"false\" value=\"\" type=\"text\" name=\"country\" \/><\/span> <\/label>\n\t\t<\/p>\n\t<\/div>\n\t<div style='float:left;width:48%;margin-right:4%'>\n\t\t<p><label> Empresa<br \/>\n<span class=\"wpcf7-form-control-wrap\" data-name=\"company\"><input size=\"40\" maxlength=\"400\" class=\"wpcf7-form-control wpcf7-text\" aria-invalid=\"false\" value=\"\" type=\"text\" name=\"company\" \/><\/span> <\/label>\n\t\t<\/p>\n\t<\/div>\n\t<div style='float:left;width:48%'>\n\t\t<p><label> P\u00e1gina web<br \/>\n<span class=\"wpcf7-form-control-wrap\" data-name=\"web\"><input size=\"40\" maxlength=\"400\" class=\"wpcf7-form-control wpcf7-text\" aria-invalid=\"false\" value=\"\" type=\"text\" name=\"web\" \/><\/span> <\/label>\n\t\t<\/p>\n\t<\/div>\n\t<div style='clear:both'>\n\t<\/div>\n\t<p><input class=\"wpcf7-form-control wpcf7-submit has-spinner\" type=\"submit\" value=\"Enviar\" \/>\n\t<\/p>\n<\/div><p style=\"display: none !important;\" class=\"akismet-fields-container\" data-prefix=\"_wpcf7_ak_\"><label>&#916;<textarea name=\"_wpcf7_ak_hp_textarea\" cols=\"45\" rows=\"8\" maxlength=\"100\"><\/textarea><\/label><input type=\"hidden\" id=\"ak_js_1\" name=\"_wpcf7_ak_js\" value=\"202\"\/><script>document.getElementById( \"ak_js_1\" ).setAttribute( \"value\", ( new Date() ).getTime() );<\/script><\/p><div class=\"wpcf7-response-output\" aria-hidden=\"true\"><\/div>\n<input type=\"hidden\" name=\"trp-form-language\" value=\"es\"\/><\/form>\n<\/div>\n\n<p>&nbsp;<\/p>\n<div style='text-align:left' class='yasr-auto-insert-visitor'><\/div>","protected":false},"excerpt":{"rendered":"<p>Las fases de procesamiento del mango seco incluyen el lavado, pelado, corte, escaldado, secado, etc. La capacidad puede llegar hasta 2Ton\/h.<\/p>","protected":false},"featured_media":1321,"comment_status":"open","ping_status":"closed","template":"","meta":{"site-sidebar-layout":"default","site-content-layout":"","ast-site-content-layout":"default","site-content-style":"default","site-sidebar-style":"default","ast-global-header-display":"","ast-banner-title-visibility":"","ast-main-header-display":"","ast-hfb-above-header-display":"","ast-hfb-below-header-display":"","ast-hfb-mobile-header-display":"","site-post-title":"","ast-breadcrumbs-content":"","ast-featured-img":"","footer-sml-layout":"","theme-transparent-header-meta":"default","adv-header-id-meta":"","stick-header-meta":"","header-above-stick-meta":"","header-main-stick-meta":"","header-below-stick-meta":"","astra-migrate-meta-layouts":"set","ast-page-background-enabled":"default","ast-page-background-meta":{"desktop":{"background-color":"var(--ast-global-color-4)","background-image":"","background-repeat":"repeat","background-position":"center center","background-size":"auto","background-attachment":"scroll","background-type":"","background-media":"","overlay-type":"","overlay-color":"","overlay-opacity":"","overlay-gradient":""},"tablet":{"background-color":"","background-image":"","background-repeat":"repeat","background-position":"center center","background-size":"auto","background-attachment":"scroll","background-type":"","background-media":"","overlay-type":"","overlay-color":"","overlay-opacity":"","overlay-gradient":""},"mobile":{"background-color":"","background-image":"","background-repeat":"repeat","background-position":"center center","background-size":"auto","background-attachment":"scroll","background-type":"","background-media":"","overlay-type":"","overlay-color":"","overlay-opacity":"","overlay-gradient":""}},"ast-content-background-meta":{"desktop":{"background-color":"var(--ast-global-color-5)","background-image":"","background-repeat":"repeat","background-position":"center center","background-size":"auto","background-attachment":"scroll","background-type":"","background-media":"","overlay-type":"","overlay-color":"","overlay-opacity":"","overlay-gradient":""},"tablet":{"background-color":"var(--ast-global-color-5)","background-image":"","background-repeat":"repeat","background-position":"center center","background-size":"auto","background-attachment":"scroll","background-type":"","background-media":"","overlay-type":"","overlay-color":"","overlay-opacity":"","overlay-gradient":""},"mobile":{"background-color":"var(--ast-global-color-5)","background-image":"","background-repeat":"repeat","background-position":"center center","background-size":"auto","background-attachment":"scroll","background-type":"","background-media":"","overlay-type":"","overlay-color":"","overlay-opacity":"","overlay-gradient":""}},"yasr_overall_rating":0,"yasr_post_is_review":"","yasr_auto_insert_disabled":"","yasr_review_type":""},"product_brand":[],"product_cat":[17],"product_tag":[],"class_list":{"0":"post-1319","1":"product","2":"type-product","3":"status-publish","4":"has-post-thumbnail","6":"product_cat-drying-equipment","7":"desktop-align-left","8":"tablet-align-left","9":"mobile-align-left","11":"first","12":"instock","13":"shipping-taxable","14":"product-type-simple"},"yasr_visitor_votes":{"stars_attributes":{"read_only":false,"span_bottom":false},"number_of_votes":1,"sum_votes":5},"yoast_head":"<!-- This site is optimized with the Yoast SEO plugin v24.5 - https:\/\/yoast.com\/wordpress\/plugins\/seo\/ -->\n<title>Dried Mango Processing Plant Line from A to Z - Fruit Processing Solution<\/title>\n<meta name=\"description\" content=\"The dried mango processing steps include washing, peeling, cutting, blanching, drying, etc. Capacity can up to 2Ton\/h.\" \/>\n<meta name=\"robots\" content=\"index, follow, max-snippet:-1, max-image-preview:large, max-video-preview:-1\" \/>\n<link rel=\"canonical\" href=\"https:\/\/www.fruiturnkey.com\/es\/product\/dried-mango-production-line\/\" \/>\n<meta property=\"og:locale\" content=\"es_ES\" \/>\n<meta property=\"og:type\" content=\"article\" \/>\n<meta property=\"og:title\" content=\"Dried Mango Processing Plant Line from A to Z - Fruit Processing Solution\" \/>\n<meta property=\"og:description\" content=\"The dried mango processing steps include washing, peeling, cutting, blanching, drying, etc. Capacity can up to 2Ton\/h.\" \/>\n<meta property=\"og:url\" content=\"https:\/\/www.fruiturnkey.com\/es\/product\/dried-mango-production-line\/\" \/>\n<meta property=\"og:site_name\" content=\"Fruit Processing Solution\" \/>\n<meta property=\"article:modified_time\" content=\"2025-04-03T07:22:21+00:00\" \/>\n<meta property=\"og:image\" content=\"https:\/\/www.fruiturnkey.com\/wp-content\/uploads\/2025\/04\/18-1.jpg\" \/>\n\t<meta property=\"og:image:width\" content=\"600\" \/>\n\t<meta property=\"og:image:height\" content=\"600\" \/>\n\t<meta property=\"og:image:type\" content=\"image\/jpeg\" \/>\n<meta name=\"twitter:card\" content=\"summary_large_image\" \/>\n<meta name=\"twitter:label1\" content=\"Tiempo de lectura\" \/>\n\t<meta name=\"twitter:data1\" content=\"4 minutos\" \/>\n<script type=\"application\/ld+json\" class=\"yoast-schema-graph\">{\"@context\":\"https:\/\/schema.org\",\"@graph\":[{\"@type\":\"WebPage\",\"@id\":\"https:\/\/www.fruiturnkey.com\/product\/dried-mango-production-line\/\",\"url\":\"https:\/\/www.fruiturnkey.com\/product\/dried-mango-production-line\/\",\"name\":\"Dried Mango Processing Plant Line from A to Z - Fruit Processing Solution\",\"isPartOf\":{\"@id\":\"https:\/\/www.fruiturnkey.com\/#website\"},\"primaryImageOfPage\":{\"@id\":\"https:\/\/www.fruiturnkey.com\/product\/dried-mango-production-line\/#primaryimage\"},\"image\":{\"@id\":\"https:\/\/www.fruiturnkey.com\/product\/dried-mango-production-line\/#primaryimage\"},\"thumbnailUrl\":\"https:\/\/www.fruiturnkey.com\/wp-content\/uploads\/2025\/04\/18-1.jpg\",\"datePublished\":\"2025-04-03T06:35:59+00:00\",\"dateModified\":\"2025-04-03T07:22:21+00:00\",\"description\":\"The dried mango processing steps include washing, peeling, cutting, blanching, drying, etc. Capacity can up to 2Ton\/h.\",\"breadcrumb\":{\"@id\":\"https:\/\/www.fruiturnkey.com\/product\/dried-mango-production-line\/#breadcrumb\"},\"inLanguage\":\"es\",\"potentialAction\":[{\"@type\":\"ReadAction\",\"target\":[\"https:\/\/www.fruiturnkey.com\/product\/dried-mango-production-line\/\"]}]},{\"@type\":\"ImageObject\",\"inLanguage\":\"es\",\"@id\":\"https:\/\/www.fruiturnkey.com\/product\/dried-mango-production-line\/#primaryimage\",\"url\":\"https:\/\/www.fruiturnkey.com\/wp-content\/uploads\/2025\/04\/18-1.jpg\",\"contentUrl\":\"https:\/\/www.fruiturnkey.com\/wp-content\/uploads\/2025\/04\/18-1.jpg\",\"width\":600,\"height\":600,\"caption\":\"dried mango production line\"},{\"@type\":\"BreadcrumbList\",\"@id\":\"https:\/\/www.fruiturnkey.com\/product\/dried-mango-production-line\/#breadcrumb\",\"itemListElement\":[{\"@type\":\"ListItem\",\"position\":1,\"name\":\"Home\",\"item\":\"https:\/\/www.fruiturnkey.com\/\"},{\"@type\":\"ListItem\",\"position\":2,\"name\":\"Products\",\"item\":\"https:\/\/www.fruiturnkey.com\/product\/\"},{\"@type\":\"ListItem\",\"position\":3,\"name\":\"Dried Mango Processing Plant Line from A to Z\"}]},{\"@type\":\"WebSite\",\"@id\":\"https:\/\/www.fruiturnkey.com\/#website\",\"url\":\"https:\/\/www.fruiturnkey.com\/\",\"name\":\"Fruit Processing Solution\",\"description\":\"\",\"publisher\":{\"@id\":\"https:\/\/www.fruiturnkey.com\/#organization\"},\"potentialAction\":[{\"@type\":\"SearchAction\",\"target\":{\"@type\":\"EntryPoint\",\"urlTemplate\":\"https:\/\/www.fruiturnkey.com\/?s={search_term_string}\"},\"query-input\":{\"@type\":\"PropertyValueSpecification\",\"valueRequired\":true,\"valueName\":\"search_term_string\"}}],\"inLanguage\":\"es\"},{\"@type\":\"Organization\",\"@id\":\"https:\/\/www.fruiturnkey.com\/#organization\",\"name\":\"Fruit Processing Solution\",\"url\":\"https:\/\/www.fruiturnkey.com\/\",\"logo\":{\"@type\":\"ImageObject\",\"inLanguage\":\"es\",\"@id\":\"https:\/\/www.fruiturnkey.com\/#\/schema\/logo\/image\/\",\"url\":\"https:\/\/www.fruiturnkey.com\/wp-content\/uploads\/2025\/03\/cropped-\u65b0\u7248LOGO.png\",\"contentUrl\":\"https:\/\/www.fruiturnkey.com\/wp-content\/uploads\/2025\/03\/cropped-\u65b0\u7248LOGO.png\",\"width\":1918,\"height\":639,\"caption\":\"Fruit Processing Solution\"},\"image\":{\"@id\":\"https:\/\/www.fruiturnkey.com\/#\/schema\/logo\/image\/\"}},false]}<\/script>\n<!-- \/ Yoast SEO plugin. -->","yoast_head_json":{"title":"Dried Mango Processing Plant Line from A to Z - Fruit Processing Solution","description":"The dried mango processing steps include washing, peeling, cutting, blanching, drying, etc. Capacity can up to 2Ton\/h.","robots":{"index":"index","follow":"follow","max-snippet":"max-snippet:-1","max-image-preview":"max-image-preview:large","max-video-preview":"max-video-preview:-1"},"canonical":"https:\/\/www.fruiturnkey.com\/es\/product\/dried-mango-production-line\/","og_locale":"es_ES","og_type":"article","og_title":"Dried Mango Processing Plant Line from A to Z - Fruit Processing Solution","og_description":"The dried mango processing steps include washing, peeling, cutting, blanching, drying, etc. Capacity can up to 2Ton\/h.","og_url":"https:\/\/www.fruiturnkey.com\/es\/product\/dried-mango-production-line\/","og_site_name":"Fruit Processing Solution","article_modified_time":"2025-04-03T07:22:21+00:00","og_image":[{"width":600,"height":600,"url":"https:\/\/www.fruiturnkey.com\/wp-content\/uploads\/2025\/04\/18-1.jpg","type":"image\/jpeg"}],"twitter_card":"summary_large_image","twitter_misc":{"Tiempo de lectura":"4 minutos"},"schema":{"@context":"https:\/\/schema.org","@graph":[{"@type":"WebPage","@id":"https:\/\/www.fruiturnkey.com\/product\/dried-mango-production-line\/","url":"https:\/\/www.fruiturnkey.com\/product\/dried-mango-production-line\/","name":"Dried Mango Processing Plant Line from A to Z - Fruit Processing Solution","isPartOf":{"@id":"https:\/\/www.fruiturnkey.com\/#website"},"primaryImageOfPage":{"@id":"https:\/\/www.fruiturnkey.com\/product\/dried-mango-production-line\/#primaryimage"},"image":{"@id":"https:\/\/www.fruiturnkey.com\/product\/dried-mango-production-line\/#primaryimage"},"thumbnailUrl":"https:\/\/www.fruiturnkey.com\/wp-content\/uploads\/2025\/04\/18-1.jpg","datePublished":"2025-04-03T06:35:59+00:00","dateModified":"2025-04-03T07:22:21+00:00","description":"The dried mango processing steps include washing, peeling, cutting, blanching, drying, etc. Capacity can up to 2Ton\/h.","breadcrumb":{"@id":"https:\/\/www.fruiturnkey.com\/product\/dried-mango-production-line\/#breadcrumb"},"inLanguage":"es","potentialAction":[{"@type":"ReadAction","target":["https:\/\/www.fruiturnkey.com\/product\/dried-mango-production-line\/"]}]},{"@type":"ImageObject","inLanguage":"es","@id":"https:\/\/www.fruiturnkey.com\/product\/dried-mango-production-line\/#primaryimage","url":"https:\/\/www.fruiturnkey.com\/wp-content\/uploads\/2025\/04\/18-1.jpg","contentUrl":"https:\/\/www.fruiturnkey.com\/wp-content\/uploads\/2025\/04\/18-1.jpg","width":600,"height":600,"caption":"dried mango production line"},{"@type":"BreadcrumbList","@id":"https:\/\/www.fruiturnkey.com\/product\/dried-mango-production-line\/#breadcrumb","itemListElement":[{"@type":"ListItem","position":1,"name":"Home","item":"https:\/\/www.fruiturnkey.com\/"},{"@type":"ListItem","position":2,"name":"Products","item":"https:\/\/www.fruiturnkey.com\/product\/"},{"@type":"ListItem","position":3,"name":"Dried Mango Processing Plant Line from A to Z"}]},{"@type":"WebSite","@id":"https:\/\/www.fruiturnkey.com\/#website","url":"https:\/\/www.fruiturnkey.com\/","name":"Fruit Processing Solution","description":"","publisher":{"@id":"https:\/\/www.fruiturnkey.com\/#organization"},"potentialAction":[{"@type":"SearchAction","target":{"@type":"EntryPoint","urlTemplate":"https:\/\/www.fruiturnkey.com\/?s={search_term_string}"},"query-input":{"@type":"PropertyValueSpecification","valueRequired":true,"valueName":"search_term_string"}}],"inLanguage":"es"},{"@type":"Organization","@id":"https:\/\/www.fruiturnkey.com\/#organization","name":"Fruit Processing Solution","url":"https:\/\/www.fruiturnkey.com\/","logo":{"@type":"ImageObject","inLanguage":"es","@id":"https:\/\/www.fruiturnkey.com\/#\/schema\/logo\/image\/","url":"https:\/\/www.fruiturnkey.com\/wp-content\/uploads\/2025\/03\/cropped-\u65b0\u7248LOGO.png","contentUrl":"https:\/\/www.fruiturnkey.com\/wp-content\/uploads\/2025\/03\/cropped-\u65b0\u7248LOGO.png","width":1918,"height":639,"caption":"Fruit Processing Solution"},"image":{"@id":"https:\/\/www.fruiturnkey.com\/#\/schema\/logo\/image\/"}},false]}},"_links":{"self":[{"href":"https:\/\/www.fruiturnkey.com\/es\/wp-json\/wp\/v2\/product\/1319","targetHints":{"allow":["GET"]}}],"collection":[{"href":"https:\/\/www.fruiturnkey.com\/es\/wp-json\/wp\/v2\/product"}],"about":[{"href":"https:\/\/www.fruiturnkey.com\/es\/wp-json\/wp\/v2\/types\/product"}],"replies":[{"embeddable":true,"href":"https:\/\/www.fruiturnkey.com\/es\/wp-json\/wp\/v2\/comments?post=1319"}],"wp:featuredmedia":[{"embeddable":true,"href":"https:\/\/www.fruiturnkey.com\/es\/wp-json\/wp\/v2\/media\/1321"}],"wp:attachment":[{"href":"https:\/\/www.fruiturnkey.com\/es\/wp-json\/wp\/v2\/media?parent=1319"}],"wp:term":[{"taxonomy":"product_brand","embeddable":true,"href":"https:\/\/www.fruiturnkey.com\/es\/wp-json\/wp\/v2\/product_brand?post=1319"},{"taxonomy":"product_cat","embeddable":true,"href":"https:\/\/www.fruiturnkey.com\/es\/wp-json\/wp\/v2\/product_cat?post=1319"},{"taxonomy":"product_tag","embeddable":true,"href":"https:\/\/www.fruiturnkey.com\/es\/wp-json\/wp\/v2\/product_tag?post=1319"}],"curies":[{"name":"wp","href":"https:\/\/api.w.org\/{rel}","templated":true}]}}