{"id":1251,"date":"2025-04-01T17:55:02","date_gmt":"2025-04-01T09:55:02","guid":{"rendered":"https:\/\/www.fruiturnkey.com\/?post_type=product&#038;p=1251"},"modified":"2025-04-01T17:58:08","modified_gmt":"2025-04-01T09:58:08","slug":"fruit-juice-filling-line","status":"publish","type":"product","link":"https:\/\/www.fruiturnkey.com\/es\/product\/fruit-juice-filling-line\/","title":{"rendered":"Fabricante de l\u00ednea autom\u00e1tica de llenado de zumos de frutas"},"content":{"rendered":"<p>La l\u00ednea de llenado de zumos es un equipo importante en el proceso de elaboraci\u00f3n de zumos, que puede realizar el llenado de diferentes tipos de envases. La l\u00ednea de llenado incluye el llenado, el taponado, el etiquetado y otros procesos.<\/p>\n<h3>Equipo principal de la l\u00ednea de llenado de jugos:<\/h3>\n<hr \/>\n<p><strong>M\u00e1quina autom\u00e1tica de llenado de zumo:<\/strong><\/p>\n<p>La m\u00e1quina llenadora de zumo de frutas adopta la dosificaci\u00f3n volum\u00e9trica. Cuando la botella se coloca en la posici\u00f3n predeterminada a trav\u00e9s del transportador de cadena, el pist\u00f3n es empujado por el cilindro para presionar y llenar el material en la botella. Las partes del equipo que entran en contacto con el material est\u00e1n hechas de acero inoxidable SUS304, que es f\u00e1cil de limpiar y mantener, y cumple con los requisitos del permiso de calidad de higiene alimentaria. La m\u00e1quina llenadora dispone de una funci\u00f3n antigoteo para reducir los residuos.<\/p>\n<p><img fetchpriority=\"high\" decoding=\"async\" class=\"alignnone wp-image-1254 size-full\" src=\"https:\/\/www.fruiturnkey.com\/wp-content\/uploads\/2025\/04\/17-1.jpg\" alt=\"m\u00e1quina llenadora de zumo\" width=\"600\" height=\"400\" srcset=\"https:\/\/www.fruiturnkey.com\/wp-content\/uploads\/2025\/04\/17-1.jpg 600w, https:\/\/www.fruiturnkey.com\/wp-content\/uploads\/2025\/04\/17-1-300x200.jpg 300w, https:\/\/www.fruiturnkey.com\/wp-content\/uploads\/2025\/04\/17-1-24x16.jpg 24w, https:\/\/www.fruiturnkey.com\/wp-content\/uploads\/2025\/04\/17-1-36x24.jpg 36w, https:\/\/www.fruiturnkey.com\/wp-content\/uploads\/2025\/04\/17-1-48x32.jpg 48w, https:\/\/www.fruiturnkey.com\/wp-content\/uploads\/2025\/04\/17-1-400x267.jpg 400w\" sizes=\"(max-width: 600px) 100vw, 600px\" \/><\/p>\n<p><strong>Taponadora de botellas:<\/strong><\/p>\n<p>Se utiliza para apretar el tap\u00f3n de la botella llena y garantizar que el producto sea herm\u00e9tico y a prueba de fugas. Las taponadoras suelen estar automatizadas y pueden ajustarse seg\u00fan el tama\u00f1o de la botella y las especificaciones del tap\u00f3n.<\/p>\n<p><img decoding=\"async\" class=\"alignnone wp-image-1252 size-full\" src=\"https:\/\/www.fruiturnkey.com\/wp-content\/uploads\/2025\/04\/17-3.jpg\" alt=\"taponadora de botellas\" width=\"600\" height=\"400\" srcset=\"https:\/\/www.fruiturnkey.com\/wp-content\/uploads\/2025\/04\/17-3.jpg 600w, https:\/\/www.fruiturnkey.com\/wp-content\/uploads\/2025\/04\/17-3-300x200.jpg 300w, https:\/\/www.fruiturnkey.com\/wp-content\/uploads\/2025\/04\/17-3-24x16.jpg 24w, https:\/\/www.fruiturnkey.com\/wp-content\/uploads\/2025\/04\/17-3-36x24.jpg 36w, https:\/\/www.fruiturnkey.com\/wp-content\/uploads\/2025\/04\/17-3-48x32.jpg 48w, https:\/\/www.fruiturnkey.com\/wp-content\/uploads\/2025\/04\/17-3-400x267.jpg 400w\" sizes=\"(max-width: 600px) 100vw, 600px\" \/><\/p>\n<p><strong>Etiquetadora:<\/strong><\/p>\n<p>Se utiliza principalmente para fijar etiquetas a las botellas en la posici\u00f3n requerida. Adecuada para diversos tipos de botellas, como botellas redondas, cuadradas, planas, etc. Ajustando los par\u00e1metros del equipo y los accesorios, se pueden etiquetar botellas de diferentes formas y tama\u00f1os. Adecuado para l\u00edneas de llenado de zumos, o puede adquirirse por separado. Utilice m\u00e9todos visuales para confirmar las coordenadas del producto y garantizar la alineaci\u00f3n precisa de las etiquetas y las posiciones.<\/p>\n<p><img decoding=\"async\" class=\"alignnone wp-image-1253 size-full\" src=\"https:\/\/www.fruiturnkey.com\/wp-content\/uploads\/2025\/04\/17-2.jpg\" alt=\"etiquetadora de botellas\" width=\"600\" height=\"400\" srcset=\"https:\/\/www.fruiturnkey.com\/wp-content\/uploads\/2025\/04\/17-2.jpg 600w, https:\/\/www.fruiturnkey.com\/wp-content\/uploads\/2025\/04\/17-2-300x200.jpg 300w, https:\/\/www.fruiturnkey.com\/wp-content\/uploads\/2025\/04\/17-2-24x16.jpg 24w, https:\/\/www.fruiturnkey.com\/wp-content\/uploads\/2025\/04\/17-2-36x24.jpg 36w, https:\/\/www.fruiturnkey.com\/wp-content\/uploads\/2025\/04\/17-2-48x32.jpg 48w, https:\/\/www.fruiturnkey.com\/wp-content\/uploads\/2025\/04\/17-2-400x267.jpg 400w\" sizes=\"(max-width: 600px) 100vw, 600px\" \/><\/p>\n<h3>L\u00ednea de llenado de zumos de frutas Caracter\u00edsticas:<\/h3>\n<hr \/>\n<ul>\n<li>Toda la l\u00ednea adopta sistemas de control avanzados como controlador programable (PLC), pantalla t\u00e1ctil, convertidor de frecuencia, servomotor, etc., que son sencillos y c\u00f3modos de manejar.<\/li>\n<li>Dise\u00f1ado y fabricado en estricta conformidad con las normas GMP, el marco est\u00e1 hecho de acero inoxidable SUS304 de alta calidad, y el material que pasa partes son de acero inoxidable S316. Tiene aspecto hermoso, ejecuci\u00f3n exquisita y dise\u00f1o razonable.<\/li>\n<li>Todas las tuber\u00edas del equipo est\u00e1n conectadas con un sistema de instalaci\u00f3n r\u00e1pida apto para uso alimentario, y las paredes interiores y exteriores est\u00e1n pulidas a espejo. Es f\u00e1cil de desmontar y lavar, y cumple plenamente las normas de higiene alimentaria.<\/li>\n<\/ul>\n<h3>\u00c1mbito de aplicaci\u00f3n:<\/h3>\n<hr \/>\n<p>Esta m\u00e1quina llenadora de jugos de frutas es adecuada para el llenado de diferentes tipos de jugos y pulpas de frutas, como jugo de pi\u00f1a, jugo de mango, jugo de manzana, jugo de durazno, pulpa de mango, pur\u00e9 de banana, etc. Tiene alta precisi\u00f3n de llenado y velocidad r\u00e1pida, y es una opci\u00f3n ideal para <a href=\"https:\/\/www.fruiturnkey.com\/es\/product\/pineapple-juice-processing-line\/\">f\u00e1brica de elaboraci\u00f3n de zumos<\/a>.<\/p>\n\n<div class=\"wpcf7 no-js\" id=\"wpcf7-f1048-o1\" lang=\"en-US\" dir=\"ltr\" data-wpcf7-id=\"1048\">\n<div class=\"screen-reader-response\"><p role=\"status\" aria-live=\"polite\" aria-atomic=\"true\"><\/p> <ul><\/ul><\/div>\n<form action=\"\/es\/wp-json\/wp\/v2\/product\/1251#wpcf7-f1048-o1\" method=\"post\" class=\"wpcf7-form init\" aria-label=\"Formulario de contacto\" novalidate=\"novalidate\" data-status=\"init\" data-trp-original-action=\"\/es\/wp-json\/wp\/v2\/product\/1251#wpcf7-f1048-o1\">\n<div style=\"display: none;\">\n<input type=\"hidden\" name=\"_wpcf7\" value=\"1048\" \/>\n<input type=\"hidden\" name=\"_wpcf7_version\" value=\"6.0.4\" \/>\n<input type=\"hidden\" name=\"_wpcf7_locale\" value=\"en_US\" \/>\n<input type=\"hidden\" name=\"_wpcf7_unit_tag\" value=\"wpcf7-f1048-o1\" \/>\n<input type=\"hidden\" name=\"_wpcf7_container_post\" value=\"0\" \/>\n<input type=\"hidden\" name=\"_wpcf7_posted_data_hash\" value=\"\" \/>\n<\/div>\n<div style='border:1px solid #54B435;padding:15px'>\n\t<p><span style='font-weight:bold'>CONTACTO PARA PRESUPUESTO<\/span><br \/>\n<span style='display:block;width:100px;height:5px;background:#54B435'><\/span><br \/>\nSu informaci\u00f3n de contacto no ser\u00e1 publicada. Los campos obligatorios est\u00e1n marcados con *.\n\t<\/p>\n\t<p><label> Mensaje *<br \/>\n<span class=\"wpcf7-form-control-wrap\" data-name=\"your-message\"><textarea cols=\"40\" rows=\"10\" maxlength=\"2000\" class=\"wpcf7-form-control wpcf7-textarea wpcf7-validates-as-required\" aria-required=\"true\" aria-invalid=\"false\" name=\"your-message\"><\/textarea><\/span> <\/label>\n\t<\/p>\n\t<div style='float:left;width:48%;margin-right:4%'>\n\t\t<p><label> Su correo electr\u00f3nico *<br \/>\n<span class=\"wpcf7-form-control-wrap\" data-name=\"email\"><input size=\"40\" maxlength=\"400\" class=\"wpcf7-form-control wpcf7-email wpcf7-validates-as-required wpcf7-text wpcf7-validates-as-email\" aria-required=\"true\" aria-invalid=\"false\" value=\"\" type=\"email\" name=\"email\" \/><\/span> <\/label>\n\t\t<\/p>\n\t<\/div>\n\t<div style='float:left;width:48%'>\n\t\t<p><label> Su nombre<br \/>\n<span class=\"wpcf7-form-control-wrap\" data-name=\"yourname\"><input size=\"40\" maxlength=\"400\" class=\"wpcf7-form-control wpcf7-text\" aria-invalid=\"false\" value=\"\" type=\"text\" name=\"yourname\" \/><\/span> <\/label>\n\t\t<\/p>\n\t<\/div>\n\t<div style='float:left;width:48%;margin-right:4%'>\n\t\t<p><label> Tel\u00e9fono<br \/>\n<span class=\"wpcf7-form-control-wrap\" data-name=\"phone\"><input size=\"40\" maxlength=\"400\" class=\"wpcf7-form-control wpcf7-tel wpcf7-text wpcf7-validates-as-tel\" aria-invalid=\"false\" value=\"\" type=\"tel\" name=\"phone\" \/><\/span> <\/label>\n\t\t<\/p>\n\t<\/div>\n\t<div style='float:left;width:48%'>\n\t\t<p><label>Pa\u00eds<br \/>\n<span class=\"wpcf7-form-control-wrap\" data-name=\"country\"><input size=\"40\" maxlength=\"400\" class=\"wpcf7-form-control wpcf7-text\" aria-invalid=\"false\" value=\"\" type=\"text\" name=\"country\" \/><\/span> <\/label>\n\t\t<\/p>\n\t<\/div>\n\t<div style='float:left;width:48%;margin-right:4%'>\n\t\t<p><label> Empresa<br \/>\n<span class=\"wpcf7-form-control-wrap\" data-name=\"company\"><input size=\"40\" maxlength=\"400\" class=\"wpcf7-form-control wpcf7-text\" aria-invalid=\"false\" value=\"\" type=\"text\" name=\"company\" \/><\/span> <\/label>\n\t\t<\/p>\n\t<\/div>\n\t<div style='float:left;width:48%'>\n\t\t<p><label> P\u00e1gina web<br \/>\n<span class=\"wpcf7-form-control-wrap\" data-name=\"web\"><input size=\"40\" maxlength=\"400\" class=\"wpcf7-form-control wpcf7-text\" aria-invalid=\"false\" value=\"\" type=\"text\" name=\"web\" \/><\/span> <\/label>\n\t\t<\/p>\n\t<\/div>\n\t<div style='clear:both'>\n\t<\/div>\n\t<p><input class=\"wpcf7-form-control wpcf7-submit has-spinner\" type=\"submit\" value=\"Enviar\" \/>\n\t<\/p>\n<\/div><p style=\"display: none !important;\" class=\"akismet-fields-container\" data-prefix=\"_wpcf7_ak_\"><label>&#916;<textarea name=\"_wpcf7_ak_hp_textarea\" cols=\"45\" rows=\"8\" maxlength=\"100\"><\/textarea><\/label><input type=\"hidden\" id=\"ak_js_1\" name=\"_wpcf7_ak_js\" value=\"10\"\/><script>document.getElementById( \"ak_js_1\" ).setAttribute( \"value\", ( new Date() ).getTime() );<\/script><\/p><div class=\"wpcf7-response-output\" aria-hidden=\"true\"><\/div>\n<input type=\"hidden\" name=\"trp-form-language\" value=\"es\"\/><\/form>\n<\/div>\n\n<p>&nbsp;<\/p>\n<div style='text-align:left' class='yasr-auto-insert-visitor'><\/div>","protected":false},"excerpt":{"rendered":"<p>La l\u00ednea de llenado de zumos integra el llenado, el tapado, el etiquetado y otros procesos, con un alto grado de automatizaci\u00f3n, y puede llenar 100 botellas por minuto.<\/p>","protected":false},"featured_media":1255,"comment_status":"open","ping_status":"closed","template":"","meta":{"site-sidebar-layout":"default","site-content-layout":"","ast-site-content-layout":"default","site-content-style":"default","site-sidebar-style":"default","ast-global-header-display":"","ast-banner-title-visibility":"","ast-main-header-display":"","ast-hfb-above-header-display":"","ast-hfb-below-header-display":"","ast-hfb-mobile-header-display":"","site-post-title":"","ast-breadcrumbs-content":"","ast-featured-img":"","footer-sml-layout":"","theme-transparent-header-meta":"default","adv-header-id-meta":"","stick-header-meta":"","header-above-stick-meta":"","header-main-stick-meta":"","header-below-stick-meta":"","astra-migrate-meta-layouts":"set","ast-page-background-enabled":"default","ast-page-background-meta":{"desktop":{"background-color":"var(--ast-global-color-4)","background-image":"","background-repeat":"repeat","background-position":"center center","background-size":"auto","background-attachment":"scroll","background-type":"","background-media":"","overlay-type":"","overlay-color":"","overlay-opacity":"","overlay-gradient":""},"tablet":{"background-color":"","background-image":"","background-repeat":"repeat","background-position":"center center","background-size":"auto","background-attachment":"scroll","background-type":"","background-media":"","overlay-type":"","overlay-color":"","overlay-opacity":"","overlay-gradient":""},"mobile":{"background-color":"","background-image":"","background-repeat":"repeat","background-position":"center center","background-size":"auto","background-attachment":"scroll","background-type":"","background-media":"","overlay-type":"","overlay-color":"","overlay-opacity":"","overlay-gradient":""}},"ast-content-background-meta":{"desktop":{"background-color":"var(--ast-global-color-5)","background-image":"","background-repeat":"repeat","background-position":"center center","background-size":"auto","background-attachment":"scroll","background-type":"","background-media":"","overlay-type":"","overlay-color":"","overlay-opacity":"","overlay-gradient":""},"tablet":{"background-color":"var(--ast-global-color-5)","background-image":"","background-repeat":"repeat","background-position":"center center","background-size":"auto","background-attachment":"scroll","background-type":"","background-media":"","overlay-type":"","overlay-color":"","overlay-opacity":"","overlay-gradient":""},"mobile":{"background-color":"var(--ast-global-color-5)","background-image":"","background-repeat":"repeat","background-position":"center center","background-size":"auto","background-attachment":"scroll","background-type":"","background-media":"","overlay-type":"","overlay-color":"","overlay-opacity":"","overlay-gradient":""}},"yasr_overall_rating":0,"yasr_post_is_review":"","yasr_auto_insert_disabled":"","yasr_review_type":""},"product_brand":[],"product_cat":[31],"product_tag":[],"class_list":{"0":"post-1251","1":"product","2":"type-product","3":"status-publish","4":"has-post-thumbnail","6":"product_cat-packaging-equipment","7":"desktop-align-left","8":"tablet-align-left","9":"mobile-align-left","11":"first","12":"instock","13":"shipping-taxable","14":"product-type-simple"},"yasr_visitor_votes":{"stars_attributes":{"read_only":false,"span_bottom":false},"number_of_votes":1,"sum_votes":5},"yoast_head":"<!-- This site is optimized with the Yoast SEO plugin v24.5 - https:\/\/yoast.com\/wordpress\/plugins\/seo\/ -->\n<title>Automatic Fruit Juice Filling Line Manufacturer - Fruit Processing Solution<\/title>\n<meta name=\"description\" content=\"The juice filling line integrates filling, capping, labeling and other processes, with high automation, and can fill 100 bottles per minute.\" \/>\n<meta name=\"robots\" content=\"index, follow, max-snippet:-1, max-image-preview:large, max-video-preview:-1\" \/>\n<link rel=\"canonical\" href=\"https:\/\/www.fruiturnkey.com\/es\/product\/fruit-juice-filling-line\/\" \/>\n<meta property=\"og:locale\" content=\"es_ES\" \/>\n<meta property=\"og:type\" content=\"article\" \/>\n<meta property=\"og:title\" content=\"Automatic Fruit Juice Filling Line Manufacturer - Fruit Processing Solution\" \/>\n<meta property=\"og:description\" content=\"The juice filling line integrates filling, capping, labeling and other processes, with high automation, and can fill 100 bottles per minute.\" \/>\n<meta property=\"og:url\" content=\"https:\/\/www.fruiturnkey.com\/es\/product\/fruit-juice-filling-line\/\" \/>\n<meta property=\"og:site_name\" content=\"Fruit Processing Solution\" \/>\n<meta property=\"article:modified_time\" content=\"2025-04-01T09:58:08+00:00\" \/>\n<meta property=\"og:image\" content=\"https:\/\/www.fruiturnkey.com\/wp-content\/uploads\/2025\/04\/17.jpg\" \/>\n\t<meta property=\"og:image:width\" content=\"600\" \/>\n\t<meta property=\"og:image:height\" content=\"600\" \/>\n\t<meta property=\"og:image:type\" content=\"image\/jpeg\" \/>\n<meta name=\"twitter:card\" content=\"summary_large_image\" \/>\n<meta name=\"twitter:label1\" content=\"Tiempo de lectura\" \/>\n\t<meta name=\"twitter:data1\" content=\"3 minutos\" \/>\n<script type=\"application\/ld+json\" class=\"yoast-schema-graph\">{\"@context\":\"https:\/\/schema.org\",\"@graph\":[{\"@type\":\"WebPage\",\"@id\":\"https:\/\/www.fruiturnkey.com\/product\/fruit-juice-filling-line\/\",\"url\":\"https:\/\/www.fruiturnkey.com\/product\/fruit-juice-filling-line\/\",\"name\":\"Automatic Fruit Juice Filling Line Manufacturer - Fruit Processing Solution\",\"isPartOf\":{\"@id\":\"https:\/\/www.fruiturnkey.com\/#website\"},\"primaryImageOfPage\":{\"@id\":\"https:\/\/www.fruiturnkey.com\/product\/fruit-juice-filling-line\/#primaryimage\"},\"image\":{\"@id\":\"https:\/\/www.fruiturnkey.com\/product\/fruit-juice-filling-line\/#primaryimage\"},\"thumbnailUrl\":\"https:\/\/www.fruiturnkey.com\/wp-content\/uploads\/2025\/04\/17.jpg\",\"datePublished\":\"2025-04-01T09:55:02+00:00\",\"dateModified\":\"2025-04-01T09:58:08+00:00\",\"description\":\"The juice filling line integrates filling, capping, labeling and other processes, with high automation, and can fill 100 bottles per minute.\",\"breadcrumb\":{\"@id\":\"https:\/\/www.fruiturnkey.com\/product\/fruit-juice-filling-line\/#breadcrumb\"},\"inLanguage\":\"es\",\"potentialAction\":[{\"@type\":\"ReadAction\",\"target\":[\"https:\/\/www.fruiturnkey.com\/product\/fruit-juice-filling-line\/\"]}]},{\"@type\":\"ImageObject\",\"inLanguage\":\"es\",\"@id\":\"https:\/\/www.fruiturnkey.com\/product\/fruit-juice-filling-line\/#primaryimage\",\"url\":\"https:\/\/www.fruiturnkey.com\/wp-content\/uploads\/2025\/04\/17.jpg\",\"contentUrl\":\"https:\/\/www.fruiturnkey.com\/wp-content\/uploads\/2025\/04\/17.jpg\",\"width\":600,\"height\":600,\"caption\":\"fruit juice filling line\"},{\"@type\":\"BreadcrumbList\",\"@id\":\"https:\/\/www.fruiturnkey.com\/product\/fruit-juice-filling-line\/#breadcrumb\",\"itemListElement\":[{\"@type\":\"ListItem\",\"position\":1,\"name\":\"Home\",\"item\":\"https:\/\/www.fruiturnkey.com\/\"},{\"@type\":\"ListItem\",\"position\":2,\"name\":\"Products\",\"item\":\"https:\/\/www.fruiturnkey.com\/product\/\"},{\"@type\":\"ListItem\",\"position\":3,\"name\":\"Automatic Fruit Juice Filling Line Manufacturer\"}]},{\"@type\":\"WebSite\",\"@id\":\"https:\/\/www.fruiturnkey.com\/#website\",\"url\":\"https:\/\/www.fruiturnkey.com\/\",\"name\":\"Fruit Processing Solution\",\"description\":\"\",\"publisher\":{\"@id\":\"https:\/\/www.fruiturnkey.com\/#organization\"},\"potentialAction\":[{\"@type\":\"SearchAction\",\"target\":{\"@type\":\"EntryPoint\",\"urlTemplate\":\"https:\/\/www.fruiturnkey.com\/?s={search_term_string}\"},\"query-input\":{\"@type\":\"PropertyValueSpecification\",\"valueRequired\":true,\"valueName\":\"search_term_string\"}}],\"inLanguage\":\"es\"},{\"@type\":\"Organization\",\"@id\":\"https:\/\/www.fruiturnkey.com\/#organization\",\"name\":\"Fruit Processing Solution\",\"url\":\"https:\/\/www.fruiturnkey.com\/\",\"logo\":{\"@type\":\"ImageObject\",\"inLanguage\":\"es\",\"@id\":\"https:\/\/www.fruiturnkey.com\/#\/schema\/logo\/image\/\",\"url\":\"https:\/\/www.fruiturnkey.com\/wp-content\/uploads\/2025\/03\/cropped-\u65b0\u7248LOGO.png\",\"contentUrl\":\"https:\/\/www.fruiturnkey.com\/wp-content\/uploads\/2025\/03\/cropped-\u65b0\u7248LOGO.png\",\"width\":1918,\"height\":639,\"caption\":\"Fruit Processing Solution\"},\"image\":{\"@id\":\"https:\/\/www.fruiturnkey.com\/#\/schema\/logo\/image\/\"}},false]}<\/script>\n<!-- \/ Yoast SEO plugin. -->","yoast_head_json":{"title":"Automatic Fruit Juice Filling Line Manufacturer - Fruit Processing Solution","description":"The juice filling line integrates filling, capping, labeling and other processes, with high automation, and can fill 100 bottles per minute.","robots":{"index":"index","follow":"follow","max-snippet":"max-snippet:-1","max-image-preview":"max-image-preview:large","max-video-preview":"max-video-preview:-1"},"canonical":"https:\/\/www.fruiturnkey.com\/es\/product\/fruit-juice-filling-line\/","og_locale":"es_ES","og_type":"article","og_title":"Automatic Fruit Juice Filling Line Manufacturer - Fruit Processing Solution","og_description":"The juice filling line integrates filling, capping, labeling and other processes, with high automation, and can fill 100 bottles per minute.","og_url":"https:\/\/www.fruiturnkey.com\/es\/product\/fruit-juice-filling-line\/","og_site_name":"Fruit Processing Solution","article_modified_time":"2025-04-01T09:58:08+00:00","og_image":[{"width":600,"height":600,"url":"https:\/\/www.fruiturnkey.com\/wp-content\/uploads\/2025\/04\/17.jpg","type":"image\/jpeg"}],"twitter_card":"summary_large_image","twitter_misc":{"Tiempo de lectura":"3 minutos"},"schema":{"@context":"https:\/\/schema.org","@graph":[{"@type":"WebPage","@id":"https:\/\/www.fruiturnkey.com\/product\/fruit-juice-filling-line\/","url":"https:\/\/www.fruiturnkey.com\/product\/fruit-juice-filling-line\/","name":"Automatic Fruit Juice Filling Line Manufacturer - Fruit Processing Solution","isPartOf":{"@id":"https:\/\/www.fruiturnkey.com\/#website"},"primaryImageOfPage":{"@id":"https:\/\/www.fruiturnkey.com\/product\/fruit-juice-filling-line\/#primaryimage"},"image":{"@id":"https:\/\/www.fruiturnkey.com\/product\/fruit-juice-filling-line\/#primaryimage"},"thumbnailUrl":"https:\/\/www.fruiturnkey.com\/wp-content\/uploads\/2025\/04\/17.jpg","datePublished":"2025-04-01T09:55:02+00:00","dateModified":"2025-04-01T09:58:08+00:00","description":"The juice filling line integrates filling, capping, labeling and other processes, with high automation, and can fill 100 bottles per minute.","breadcrumb":{"@id":"https:\/\/www.fruiturnkey.com\/product\/fruit-juice-filling-line\/#breadcrumb"},"inLanguage":"es","potentialAction":[{"@type":"ReadAction","target":["https:\/\/www.fruiturnkey.com\/product\/fruit-juice-filling-line\/"]}]},{"@type":"ImageObject","inLanguage":"es","@id":"https:\/\/www.fruiturnkey.com\/product\/fruit-juice-filling-line\/#primaryimage","url":"https:\/\/www.fruiturnkey.com\/wp-content\/uploads\/2025\/04\/17.jpg","contentUrl":"https:\/\/www.fruiturnkey.com\/wp-content\/uploads\/2025\/04\/17.jpg","width":600,"height":600,"caption":"fruit juice filling line"},{"@type":"BreadcrumbList","@id":"https:\/\/www.fruiturnkey.com\/product\/fruit-juice-filling-line\/#breadcrumb","itemListElement":[{"@type":"ListItem","position":1,"name":"Home","item":"https:\/\/www.fruiturnkey.com\/"},{"@type":"ListItem","position":2,"name":"Products","item":"https:\/\/www.fruiturnkey.com\/product\/"},{"@type":"ListItem","position":3,"name":"Automatic Fruit Juice Filling Line Manufacturer"}]},{"@type":"WebSite","@id":"https:\/\/www.fruiturnkey.com\/#website","url":"https:\/\/www.fruiturnkey.com\/","name":"Fruit Processing Solution","description":"","publisher":{"@id":"https:\/\/www.fruiturnkey.com\/#organization"},"potentialAction":[{"@type":"SearchAction","target":{"@type":"EntryPoint","urlTemplate":"https:\/\/www.fruiturnkey.com\/?s={search_term_string}"},"query-input":{"@type":"PropertyValueSpecification","valueRequired":true,"valueName":"search_term_string"}}],"inLanguage":"es"},{"@type":"Organization","@id":"https:\/\/www.fruiturnkey.com\/#organization","name":"Fruit Processing Solution","url":"https:\/\/www.fruiturnkey.com\/","logo":{"@type":"ImageObject","inLanguage":"es","@id":"https:\/\/www.fruiturnkey.com\/#\/schema\/logo\/image\/","url":"https:\/\/www.fruiturnkey.com\/wp-content\/uploads\/2025\/03\/cropped-\u65b0\u7248LOGO.png","contentUrl":"https:\/\/www.fruiturnkey.com\/wp-content\/uploads\/2025\/03\/cropped-\u65b0\u7248LOGO.png","width":1918,"height":639,"caption":"Fruit Processing Solution"},"image":{"@id":"https:\/\/www.fruiturnkey.com\/#\/schema\/logo\/image\/"}},false]}},"_links":{"self":[{"href":"https:\/\/www.fruiturnkey.com\/es\/wp-json\/wp\/v2\/product\/1251","targetHints":{"allow":["GET"]}}],"collection":[{"href":"https:\/\/www.fruiturnkey.com\/es\/wp-json\/wp\/v2\/product"}],"about":[{"href":"https:\/\/www.fruiturnkey.com\/es\/wp-json\/wp\/v2\/types\/product"}],"replies":[{"embeddable":true,"href":"https:\/\/www.fruiturnkey.com\/es\/wp-json\/wp\/v2\/comments?post=1251"}],"wp:featuredmedia":[{"embeddable":true,"href":"https:\/\/www.fruiturnkey.com\/es\/wp-json\/wp\/v2\/media\/1255"}],"wp:attachment":[{"href":"https:\/\/www.fruiturnkey.com\/es\/wp-json\/wp\/v2\/media?parent=1251"}],"wp:term":[{"taxonomy":"product_brand","embeddable":true,"href":"https:\/\/www.fruiturnkey.com\/es\/wp-json\/wp\/v2\/product_brand?post=1251"},{"taxonomy":"product_cat","embeddable":true,"href":"https:\/\/www.fruiturnkey.com\/es\/wp-json\/wp\/v2\/product_cat?post=1251"},{"taxonomy":"product_tag","embeddable":true,"href":"https:\/\/www.fruiturnkey.com\/es\/wp-json\/wp\/v2\/product_tag?post=1251"}],"curies":[{"name":"wp","href":"https:\/\/api.w.org\/{rel}","templated":true}]}}