{"id":1202,"date":"2025-03-27T18:00:22","date_gmt":"2025-03-27T10:00:22","guid":{"rendered":"https:\/\/www.fruiturnkey.com\/?post_type=product&#038;p=1202"},"modified":"2026-01-13T11:41:56","modified_gmt":"2026-01-13T03:41:56","slug":"pineapple-juice-processing-line","status":"publish","type":"product","link":"https:\/\/www.fruiturnkey.com\/es\/product\/pineapple-juice-processing-line\/","title":{"rendered":"L\u00ednea de procesamiento de jugo de pi\u00f1a totalmente autom\u00e1tica"},"content":{"rendered":"<p>La pi\u00f1a es una fruta de sabor \u00fanico y gran riqueza nutricional, rica en vitamina C, fibra diet\u00e9tica y diversos oligoelementos. Sin embargo, la pi\u00f1a fresca presenta ciertas dificultades de almacenamiento y transporte, como la facilidad con que se pudre, su gran volumen y su dif\u00edcil conservaci\u00f3n. Muchas f\u00e1bricas de procesado de pi\u00f1a utilizan l\u00edneas de producci\u00f3n de jugo de pi\u00f1a para transformar la pi\u00f1a en jugo de pi\u00f1a, reduciendo las p\u00e9rdidas y aumentando al mismo tiempo el valor a\u00f1adido.<\/p>\n<h3>Pasos del procesamiento del jugo de pi\u00f1a:<\/h3>\n<hr \/>\n<ol>\n<li>Selecci\u00f3n y limpieza de las pi\u00f1as: Seleccionar pi\u00f1as maduras y libres de enfermedades y eliminar las impurezas. Utilice una m\u00e1quina de limpieza de pi\u00f1as para eliminar el barro, los residuos de pesticidas, etc. de la superficie de la pi\u00f1a.<\/li>\n<li>Pelado y extracci\u00f3n del coraz\u00f3n: Utilice una m\u00e1quina peladora y descorazonadora para eliminar la piel exterior y el n\u00facleo duro del centro de la pi\u00f1a para garantizar el sabor puro del jugo.<\/li>\n<li>Trituraci\u00f3n y exprimido: Utilice una trituradora para triturar la pulpa de la pi\u00f1a y, a continuaci\u00f3n, introd\u00fazcala en la m\u00e1quina exprimidora para la extracci\u00f3n preliminar.<\/li>\n<li>Filtraci\u00f3n gruesa y filtraci\u00f3n fina Utiliza equipos de filtrado para eliminar el orujo y las impurezas y mejorar as\u00ed la pureza del jugo.<\/li>\n<li>Mezcla: Ajuste par\u00e1metros como el contenido de az\u00facar y la acidez en funci\u00f3n de la demanda del mercado.<\/li>\n<li>Esterilizaci\u00f3n: Utilice la pasteurizaci\u00f3n o la esterilizaci\u00f3n instant\u00e1nea a temperatura ultra alta (UHT) para eliminar los microorganismos nocivos y prolongar la vida \u00fatil.<\/li>\n<\/ol>\n<p><img fetchpriority=\"high\" decoding=\"async\" class=\"alignnone wp-image-1204 size-full\" src=\"https:\/\/www.fruiturnkey.com\/wp-content\/uploads\/2025\/03\/13.jpg\" alt=\"l\u00ednea de producci\u00f3n de zumo de pi\u00f1a\" width=\"600\" height=\"400\" srcset=\"https:\/\/www.fruiturnkey.com\/wp-content\/uploads\/2025\/03\/13.jpg 600w, https:\/\/www.fruiturnkey.com\/wp-content\/uploads\/2025\/03\/13-300x200.jpg 300w, https:\/\/www.fruiturnkey.com\/wp-content\/uploads\/2025\/03\/13-24x16.jpg 24w, https:\/\/www.fruiturnkey.com\/wp-content\/uploads\/2025\/03\/13-36x24.jpg 36w, https:\/\/www.fruiturnkey.com\/wp-content\/uploads\/2025\/03\/13-48x32.jpg 48w, https:\/\/www.fruiturnkey.com\/wp-content\/uploads\/2025\/03\/13-400x267.jpg 400w\" sizes=\"(max-width: 600px) 100vw, 600px\" \/><\/p>\n<h3>Equipo principal de la l\u00ednea de procesamiento de jugo de pi\u00f1a:<\/h3>\n<hr \/>\n<ul>\n<li>M\u00e1quina limpiadora: Utiliza la acci\u00f3n combinada del agua pulverizada y el cepillo para eliminar la suciedad y los residuos de la superficie de la pi\u00f1a.<\/li>\n<li>M\u00e1quina peladora y descorazonadora: Pele r\u00e1pidamente la piel de la pi\u00f1a y retire el coraz\u00f3n para mejorar la eficiencia de la producci\u00f3n.<\/li>\n<li>Trituradora: Estructura tipo martillo, la parte en contacto con la pi\u00f1a es de acero inoxidable SUS304 de alta calidad, y el tama\u00f1o de part\u00edcula de trituraci\u00f3n es ajustable.<\/li>\n<li>Exprimidor: Extrae el jugo de forma eficiente y maximiza el rendimiento del jugo.<\/li>\n<li>Equipo de filtrado: Elimina el orujo para que el jugo sea m\u00e1s puro.<\/li>\n<li>Equipos de esterilizaci\u00f3n: Como pasteurizador o esterilizador UHT de temperatura ultra alta para garantizar la seguridad del jugo.<\/li>\n<\/ul>\n<p><iframe title=\"Reproductor de v\u00eddeo YouTube\" src=\"https:\/\/www.youtube.com\/embed\/i9S_Wuwn44I?si=g395y9YptUfa29QR\" width=\"560\" height=\"315\" frameborder=\"0\" allowfullscreen=\"allowfullscreen\"><\/iframe><\/p>\n<h3>L\u00ednea de producci\u00f3n de jugo de pi\u00f1a Caracter\u00edsticas:<\/h3>\n<hr \/>\n<p>Producci\u00f3n de alta eficiencia: El dise\u00f1o optimizado de la l\u00ednea de montaje mejora la eficiencia de la producci\u00f3n y reduce las operaciones manuales.<\/p>\n<p>Alto rendimiento de jugo: Adopta una eficiente tecnolog\u00eda de exprimido para maximizar la extracci\u00f3n de jugo y mejorar los beneficios econ\u00f3micos.<\/p>\n<p>Control inteligente: La l\u00ednea de producci\u00f3n de jugo de pi\u00f1a est\u00e1 equipada con un sistema de control inteligente que puede supervisar los datos de producci\u00f3n en tiempo real y mejorar la comodidad operativa.<\/p>\n<p>Seguridad e higiene: Todas las piezas que entran en contacto con los alimentos son de acero inoxidable apto para uso alimentario y cumplen las normas internacionales de seguridad alimentaria.<\/p>\n<p>&nbsp;<\/p>\n<p><strong>Otras cosas para construir una f\u00e1brica de procesamiento de jugo de pi\u00f1a:<\/strong><\/p>\n<p>Calidad de la materia prima: La variedad, madurez y frescura de la pi\u00f1a afectan directamente al sabor y la calidad del jugo.<\/p>\n<p>Control de los par\u00e1metros del proceso: Par\u00e1metros como la temperatura, la presi\u00f3n y el tiempo deben controlarse con precisi\u00f3n para garantizar que no se pierdan la calidad del producto ni los nutrientes.<\/p>\n<p>Seguridad e higiene alimentaria: Cumplir estrictamente la normativa de seguridad alimentaria para garantizar que no haya contaminaci\u00f3n ni impurezas en todo el proceso de producci\u00f3n.<\/p>\n<p>&nbsp;<\/p>\n\n<div class=\"wpcf7 no-js\" id=\"wpcf7-f1048-o1\" lang=\"en-US\" dir=\"ltr\" data-wpcf7-id=\"1048\">\n<div class=\"screen-reader-response\"><p role=\"status\" aria-live=\"polite\" aria-atomic=\"true\"><\/p> <ul><\/ul><\/div>\n<form action=\"\/es\/wp-json\/wp\/v2\/product\/1202#wpcf7-f1048-o1\" method=\"post\" class=\"wpcf7-form init\" aria-label=\"Formulario de contacto\" novalidate=\"novalidate\" data-status=\"init\" data-trp-original-action=\"\/es\/wp-json\/wp\/v2\/product\/1202#wpcf7-f1048-o1\">\n<div style=\"display: none;\">\n<input type=\"hidden\" name=\"_wpcf7\" value=\"1048\" \/>\n<input type=\"hidden\" name=\"_wpcf7_version\" value=\"6.0.4\" \/>\n<input type=\"hidden\" name=\"_wpcf7_locale\" value=\"en_US\" \/>\n<input type=\"hidden\" name=\"_wpcf7_unit_tag\" value=\"wpcf7-f1048-o1\" \/>\n<input type=\"hidden\" name=\"_wpcf7_container_post\" value=\"0\" \/>\n<input type=\"hidden\" name=\"_wpcf7_posted_data_hash\" value=\"\" \/>\n<\/div>\n<div style='border:1px solid #54B435;padding:15px'>\n\t<p><span style='font-weight:bold'>CONTACTO PARA PRESUPUESTO<\/span><br \/>\n<span style='display:block;width:100px;height:5px;background:#54B435'><\/span><br \/>\nSu informaci\u00f3n de contacto no ser\u00e1 publicada. Los campos obligatorios est\u00e1n marcados con *.\n\t<\/p>\n\t<p><label> Mensaje *<br \/>\n<span class=\"wpcf7-form-control-wrap\" data-name=\"your-message\"><textarea cols=\"40\" rows=\"10\" maxlength=\"2000\" class=\"wpcf7-form-control wpcf7-textarea wpcf7-validates-as-required\" aria-required=\"true\" aria-invalid=\"false\" name=\"your-message\"><\/textarea><\/span> <\/label>\n\t<\/p>\n\t<div style='float:left;width:48%;margin-right:4%'>\n\t\t<p><label> Su correo electr\u00f3nico *<br \/>\n<span class=\"wpcf7-form-control-wrap\" data-name=\"email\"><input size=\"40\" maxlength=\"400\" class=\"wpcf7-form-control wpcf7-email wpcf7-validates-as-required wpcf7-text wpcf7-validates-as-email\" aria-required=\"true\" aria-invalid=\"false\" value=\"\" type=\"email\" name=\"email\" \/><\/span> <\/label>\n\t\t<\/p>\n\t<\/div>\n\t<div style='float:left;width:48%'>\n\t\t<p><label> Su nombre<br \/>\n<span class=\"wpcf7-form-control-wrap\" data-name=\"yourname\"><input size=\"40\" maxlength=\"400\" class=\"wpcf7-form-control wpcf7-text\" aria-invalid=\"false\" value=\"\" type=\"text\" name=\"yourname\" \/><\/span> <\/label>\n\t\t<\/p>\n\t<\/div>\n\t<div style='float:left;width:48%;margin-right:4%'>\n\t\t<p><label> Tel\u00e9fono<br \/>\n<span class=\"wpcf7-form-control-wrap\" data-name=\"phone\"><input size=\"40\" maxlength=\"400\" class=\"wpcf7-form-control wpcf7-tel wpcf7-text wpcf7-validates-as-tel\" aria-invalid=\"false\" value=\"\" type=\"tel\" name=\"phone\" \/><\/span> <\/label>\n\t\t<\/p>\n\t<\/div>\n\t<div style='float:left;width:48%'>\n\t\t<p><label>Pa\u00eds<br \/>\n<span class=\"wpcf7-form-control-wrap\" data-name=\"country\"><input size=\"40\" maxlength=\"400\" class=\"wpcf7-form-control wpcf7-text\" aria-invalid=\"false\" value=\"\" type=\"text\" name=\"country\" \/><\/span> <\/label>\n\t\t<\/p>\n\t<\/div>\n\t<div style='float:left;width:48%;margin-right:4%'>\n\t\t<p><label> Empresa<br \/>\n<span class=\"wpcf7-form-control-wrap\" data-name=\"company\"><input size=\"40\" maxlength=\"400\" class=\"wpcf7-form-control wpcf7-text\" aria-invalid=\"false\" value=\"\" type=\"text\" name=\"company\" \/><\/span> <\/label>\n\t\t<\/p>\n\t<\/div>\n\t<div style='float:left;width:48%'>\n\t\t<p><label> P\u00e1gina web<br \/>\n<span class=\"wpcf7-form-control-wrap\" data-name=\"web\"><input size=\"40\" maxlength=\"400\" class=\"wpcf7-form-control wpcf7-text\" aria-invalid=\"false\" value=\"\" type=\"text\" name=\"web\" \/><\/span> <\/label>\n\t\t<\/p>\n\t<\/div>\n\t<div style='clear:both'>\n\t<\/div>\n\t<p><input class=\"wpcf7-form-control wpcf7-submit has-spinner\" type=\"submit\" value=\"Enviar\" \/>\n\t<\/p>\n<\/div><p style=\"display: none !important;\" class=\"akismet-fields-container\" data-prefix=\"_wpcf7_ak_\"><label>&#916;<textarea name=\"_wpcf7_ak_hp_textarea\" cols=\"45\" rows=\"8\" maxlength=\"100\"><\/textarea><\/label><input type=\"hidden\" id=\"ak_js_1\" name=\"_wpcf7_ak_js\" value=\"136\"\/><script>document.getElementById( \"ak_js_1\" ).setAttribute( \"value\", ( new Date() ).getTime() );<\/script><\/p><div class=\"wpcf7-response-output\" aria-hidden=\"true\"><\/div>\n<input type=\"hidden\" name=\"trp-form-language\" value=\"es\"\/><\/form>\n<\/div>\n\n<div style='text-align:left' class='yasr-auto-insert-visitor'><\/div>","protected":false},"excerpt":{"rendered":"<p>La capacidad de la l\u00ednea de procesado de jugo de pi\u00f1a puede alcanzar las 4 toneladas\/h, el proceso principal es el lavado, pelado, exprimido, etc.<\/p>","protected":false},"featured_media":1203,"comment_status":"open","ping_status":"closed","template":"","meta":{"site-sidebar-layout":"default","site-content-layout":"","ast-site-content-layout":"default","site-content-style":"default","site-sidebar-style":"default","ast-global-header-display":"","ast-banner-title-visibility":"","ast-main-header-display":"","ast-hfb-above-header-display":"","ast-hfb-below-header-display":"","ast-hfb-mobile-header-display":"","site-post-title":"","ast-breadcrumbs-content":"","ast-featured-img":"","footer-sml-layout":"","theme-transparent-header-meta":"default","adv-header-id-meta":"","stick-header-meta":"","header-above-stick-meta":"","header-main-stick-meta":"","header-below-stick-meta":"","astra-migrate-meta-layouts":"set","ast-page-background-enabled":"default","ast-page-background-meta":{"desktop":{"background-color":"var(--ast-global-color-4)","background-image":"","background-repeat":"repeat","background-position":"center center","background-size":"auto","background-attachment":"scroll","background-type":"","background-media":"","overlay-type":"","overlay-color":"","overlay-opacity":"","overlay-gradient":""},"tablet":{"background-color":"","background-image":"","background-repeat":"repeat","background-position":"center center","background-size":"auto","background-attachment":"scroll","background-type":"","background-media":"","overlay-type":"","overlay-color":"","overlay-opacity":"","overlay-gradient":""},"mobile":{"background-color":"","background-image":"","background-repeat":"repeat","background-position":"center center","background-size":"auto","background-attachment":"scroll","background-type":"","background-media":"","overlay-type":"","overlay-color":"","overlay-opacity":"","overlay-gradient":""}},"ast-content-background-meta":{"desktop":{"background-color":"var(--ast-global-color-5)","background-image":"","background-repeat":"repeat","background-position":"center center","background-size":"auto","background-attachment":"scroll","background-type":"","background-media":"","overlay-type":"","overlay-color":"","overlay-opacity":"","overlay-gradient":""},"tablet":{"background-color":"var(--ast-global-color-5)","background-image":"","background-repeat":"repeat","background-position":"center center","background-size":"auto","background-attachment":"scroll","background-type":"","background-media":"","overlay-type":"","overlay-color":"","overlay-opacity":"","overlay-gradient":""},"mobile":{"background-color":"var(--ast-global-color-5)","background-image":"","background-repeat":"repeat","background-position":"center center","background-size":"auto","background-attachment":"scroll","background-type":"","background-media":"","overlay-type":"","overlay-color":"","overlay-opacity":"","overlay-gradient":""}},"yasr_overall_rating":0,"yasr_post_is_review":"","yasr_auto_insert_disabled":"","yasr_review_type":""},"product_brand":[],"product_cat":[22,29],"product_tag":[],"class_list":{"0":"post-1202","1":"product","2":"type-product","3":"status-publish","4":"has-post-thumbnail","6":"product_cat-juicing-equipment","7":"product_cat-sterilization-equipment","8":"desktop-align-left","9":"tablet-align-left","10":"mobile-align-left","12":"first","13":"instock","14":"featured","15":"shipping-taxable","16":"product-type-simple"},"yasr_visitor_votes":{"stars_attributes":{"read_only":false,"span_bottom":false},"number_of_votes":2,"sum_votes":10},"yoast_head":"<!-- This site is optimized with the Yoast SEO plugin v24.5 - https:\/\/yoast.com\/wordpress\/plugins\/seo\/ -->\n<title>Full Automatic Pineapple Juice Processing Line Factory - Fruit Processing Solution<\/title>\n<meta name=\"description\" content=\"The pineapple juice processing line capacity can up to 4ton\/h, the main process is washing, peeling, juicing, etc.\" \/>\n<meta name=\"robots\" content=\"index, follow, max-snippet:-1, max-image-preview:large, max-video-preview:-1\" \/>\n<link rel=\"canonical\" href=\"https:\/\/www.fruiturnkey.com\/es\/product\/pineapple-juice-processing-line\/\" \/>\n<meta property=\"og:locale\" content=\"es_ES\" \/>\n<meta property=\"og:type\" content=\"article\" \/>\n<meta property=\"og:title\" content=\"Full Automatic Pineapple Juice Processing Line Factory - Fruit Processing Solution\" \/>\n<meta property=\"og:description\" content=\"The pineapple juice processing line capacity can up to 4ton\/h, the main process is washing, peeling, juicing, etc.\" \/>\n<meta property=\"og:url\" content=\"https:\/\/www.fruiturnkey.com\/es\/product\/pineapple-juice-processing-line\/\" \/>\n<meta property=\"og:site_name\" content=\"Fruit Processing Solution\" \/>\n<meta property=\"article:modified_time\" content=\"2026-01-13T03:41:56+00:00\" \/>\n<meta property=\"og:image\" content=\"https:\/\/www.fruiturnkey.com\/wp-content\/uploads\/2025\/03\/12-1.jpg\" \/>\n\t<meta property=\"og:image:width\" content=\"600\" \/>\n\t<meta property=\"og:image:height\" content=\"600\" \/>\n\t<meta property=\"og:image:type\" content=\"image\/jpeg\" \/>\n<meta name=\"twitter:card\" content=\"summary_large_image\" \/>\n<meta name=\"twitter:label1\" content=\"Tiempo de lectura\" \/>\n\t<meta name=\"twitter:data1\" content=\"3 minutos\" \/>\n<script type=\"application\/ld+json\" class=\"yoast-schema-graph\">{\"@context\":\"https:\/\/schema.org\",\"@graph\":[{\"@type\":\"WebPage\",\"@id\":\"https:\/\/www.fruiturnkey.com\/product\/pineapple-juice-processing-line\/\",\"url\":\"https:\/\/www.fruiturnkey.com\/product\/pineapple-juice-processing-line\/\",\"name\":\"Full Automatic Pineapple Juice Processing Line Factory - Fruit Processing Solution\",\"isPartOf\":{\"@id\":\"https:\/\/www.fruiturnkey.com\/#website\"},\"primaryImageOfPage\":{\"@id\":\"https:\/\/www.fruiturnkey.com\/product\/pineapple-juice-processing-line\/#primaryimage\"},\"image\":{\"@id\":\"https:\/\/www.fruiturnkey.com\/product\/pineapple-juice-processing-line\/#primaryimage\"},\"thumbnailUrl\":\"https:\/\/www.fruiturnkey.com\/wp-content\/uploads\/2025\/03\/12-1.jpg\",\"datePublished\":\"2025-03-27T10:00:22+00:00\",\"dateModified\":\"2026-01-13T03:41:56+00:00\",\"description\":\"The pineapple juice processing line capacity can up to 4ton\/h, the main process is washing, peeling, juicing, etc.\",\"breadcrumb\":{\"@id\":\"https:\/\/www.fruiturnkey.com\/product\/pineapple-juice-processing-line\/#breadcrumb\"},\"inLanguage\":\"es\",\"potentialAction\":[{\"@type\":\"ReadAction\",\"target\":[\"https:\/\/www.fruiturnkey.com\/product\/pineapple-juice-processing-line\/\"]}]},{\"@type\":\"ImageObject\",\"inLanguage\":\"es\",\"@id\":\"https:\/\/www.fruiturnkey.com\/product\/pineapple-juice-processing-line\/#primaryimage\",\"url\":\"https:\/\/www.fruiturnkey.com\/wp-content\/uploads\/2025\/03\/12-1.jpg\",\"contentUrl\":\"https:\/\/www.fruiturnkey.com\/wp-content\/uploads\/2025\/03\/12-1.jpg\",\"width\":600,\"height\":600,\"caption\":\"pineapple juice processing line\"},{\"@type\":\"BreadcrumbList\",\"@id\":\"https:\/\/www.fruiturnkey.com\/product\/pineapple-juice-processing-line\/#breadcrumb\",\"itemListElement\":[{\"@type\":\"ListItem\",\"position\":1,\"name\":\"Home\",\"item\":\"https:\/\/www.fruiturnkey.com\/\"},{\"@type\":\"ListItem\",\"position\":2,\"name\":\"Products\",\"item\":\"https:\/\/www.fruiturnkey.com\/product\/\"},{\"@type\":\"ListItem\",\"position\":3,\"name\":\"Full Automatic Pineapple Juice Processing Line Factory\"}]},{\"@type\":\"WebSite\",\"@id\":\"https:\/\/www.fruiturnkey.com\/#website\",\"url\":\"https:\/\/www.fruiturnkey.com\/\",\"name\":\"Fruit Processing Solution\",\"description\":\"\",\"publisher\":{\"@id\":\"https:\/\/www.fruiturnkey.com\/#organization\"},\"potentialAction\":[{\"@type\":\"SearchAction\",\"target\":{\"@type\":\"EntryPoint\",\"urlTemplate\":\"https:\/\/www.fruiturnkey.com\/?s={search_term_string}\"},\"query-input\":{\"@type\":\"PropertyValueSpecification\",\"valueRequired\":true,\"valueName\":\"search_term_string\"}}],\"inLanguage\":\"es\"},{\"@type\":\"Organization\",\"@id\":\"https:\/\/www.fruiturnkey.com\/#organization\",\"name\":\"Fruit Processing Solution\",\"url\":\"https:\/\/www.fruiturnkey.com\/\",\"logo\":{\"@type\":\"ImageObject\",\"inLanguage\":\"es\",\"@id\":\"https:\/\/www.fruiturnkey.com\/#\/schema\/logo\/image\/\",\"url\":\"https:\/\/www.fruiturnkey.com\/wp-content\/uploads\/2025\/03\/cropped-\u65b0\u7248LOGO.png\",\"contentUrl\":\"https:\/\/www.fruiturnkey.com\/wp-content\/uploads\/2025\/03\/cropped-\u65b0\u7248LOGO.png\",\"width\":1918,\"height\":639,\"caption\":\"Fruit Processing Solution\"},\"image\":{\"@id\":\"https:\/\/www.fruiturnkey.com\/#\/schema\/logo\/image\/\"}},false]}<\/script>\n<!-- \/ Yoast SEO plugin. -->","yoast_head_json":{"title":"Full Automatic Pineapple Juice Processing Line Factory - Fruit Processing Solution","description":"The pineapple juice processing line capacity can up to 4ton\/h, the main process is washing, peeling, juicing, etc.","robots":{"index":"index","follow":"follow","max-snippet":"max-snippet:-1","max-image-preview":"max-image-preview:large","max-video-preview":"max-video-preview:-1"},"canonical":"https:\/\/www.fruiturnkey.com\/es\/product\/pineapple-juice-processing-line\/","og_locale":"es_ES","og_type":"article","og_title":"Full Automatic Pineapple Juice Processing Line Factory - Fruit Processing Solution","og_description":"The pineapple juice processing line capacity can up to 4ton\/h, the main process is washing, peeling, juicing, etc.","og_url":"https:\/\/www.fruiturnkey.com\/es\/product\/pineapple-juice-processing-line\/","og_site_name":"Fruit Processing Solution","article_modified_time":"2026-01-13T03:41:56+00:00","og_image":[{"width":600,"height":600,"url":"https:\/\/www.fruiturnkey.com\/wp-content\/uploads\/2025\/03\/12-1.jpg","type":"image\/jpeg"}],"twitter_card":"summary_large_image","twitter_misc":{"Tiempo de lectura":"3 minutos"},"schema":{"@context":"https:\/\/schema.org","@graph":[{"@type":"WebPage","@id":"https:\/\/www.fruiturnkey.com\/product\/pineapple-juice-processing-line\/","url":"https:\/\/www.fruiturnkey.com\/product\/pineapple-juice-processing-line\/","name":"Full Automatic Pineapple Juice Processing Line Factory - Fruit Processing Solution","isPartOf":{"@id":"https:\/\/www.fruiturnkey.com\/#website"},"primaryImageOfPage":{"@id":"https:\/\/www.fruiturnkey.com\/product\/pineapple-juice-processing-line\/#primaryimage"},"image":{"@id":"https:\/\/www.fruiturnkey.com\/product\/pineapple-juice-processing-line\/#primaryimage"},"thumbnailUrl":"https:\/\/www.fruiturnkey.com\/wp-content\/uploads\/2025\/03\/12-1.jpg","datePublished":"2025-03-27T10:00:22+00:00","dateModified":"2026-01-13T03:41:56+00:00","description":"The pineapple juice processing line capacity can up to 4ton\/h, the main process is washing, peeling, juicing, etc.","breadcrumb":{"@id":"https:\/\/www.fruiturnkey.com\/product\/pineapple-juice-processing-line\/#breadcrumb"},"inLanguage":"es","potentialAction":[{"@type":"ReadAction","target":["https:\/\/www.fruiturnkey.com\/product\/pineapple-juice-processing-line\/"]}]},{"@type":"ImageObject","inLanguage":"es","@id":"https:\/\/www.fruiturnkey.com\/product\/pineapple-juice-processing-line\/#primaryimage","url":"https:\/\/www.fruiturnkey.com\/wp-content\/uploads\/2025\/03\/12-1.jpg","contentUrl":"https:\/\/www.fruiturnkey.com\/wp-content\/uploads\/2025\/03\/12-1.jpg","width":600,"height":600,"caption":"pineapple juice processing line"},{"@type":"BreadcrumbList","@id":"https:\/\/www.fruiturnkey.com\/product\/pineapple-juice-processing-line\/#breadcrumb","itemListElement":[{"@type":"ListItem","position":1,"name":"Home","item":"https:\/\/www.fruiturnkey.com\/"},{"@type":"ListItem","position":2,"name":"Products","item":"https:\/\/www.fruiturnkey.com\/product\/"},{"@type":"ListItem","position":3,"name":"Full Automatic Pineapple Juice Processing Line Factory"}]},{"@type":"WebSite","@id":"https:\/\/www.fruiturnkey.com\/#website","url":"https:\/\/www.fruiturnkey.com\/","name":"Fruit Processing Solution","description":"","publisher":{"@id":"https:\/\/www.fruiturnkey.com\/#organization"},"potentialAction":[{"@type":"SearchAction","target":{"@type":"EntryPoint","urlTemplate":"https:\/\/www.fruiturnkey.com\/?s={search_term_string}"},"query-input":{"@type":"PropertyValueSpecification","valueRequired":true,"valueName":"search_term_string"}}],"inLanguage":"es"},{"@type":"Organization","@id":"https:\/\/www.fruiturnkey.com\/#organization","name":"Fruit Processing Solution","url":"https:\/\/www.fruiturnkey.com\/","logo":{"@type":"ImageObject","inLanguage":"es","@id":"https:\/\/www.fruiturnkey.com\/#\/schema\/logo\/image\/","url":"https:\/\/www.fruiturnkey.com\/wp-content\/uploads\/2025\/03\/cropped-\u65b0\u7248LOGO.png","contentUrl":"https:\/\/www.fruiturnkey.com\/wp-content\/uploads\/2025\/03\/cropped-\u65b0\u7248LOGO.png","width":1918,"height":639,"caption":"Fruit Processing Solution"},"image":{"@id":"https:\/\/www.fruiturnkey.com\/#\/schema\/logo\/image\/"}},false]}},"_links":{"self":[{"href":"https:\/\/www.fruiturnkey.com\/es\/wp-json\/wp\/v2\/product\/1202","targetHints":{"allow":["GET"]}}],"collection":[{"href":"https:\/\/www.fruiturnkey.com\/es\/wp-json\/wp\/v2\/product"}],"about":[{"href":"https:\/\/www.fruiturnkey.com\/es\/wp-json\/wp\/v2\/types\/product"}],"replies":[{"embeddable":true,"href":"https:\/\/www.fruiturnkey.com\/es\/wp-json\/wp\/v2\/comments?post=1202"}],"wp:featuredmedia":[{"embeddable":true,"href":"https:\/\/www.fruiturnkey.com\/es\/wp-json\/wp\/v2\/media\/1203"}],"wp:attachment":[{"href":"https:\/\/www.fruiturnkey.com\/es\/wp-json\/wp\/v2\/media?parent=1202"}],"wp:term":[{"taxonomy":"product_brand","embeddable":true,"href":"https:\/\/www.fruiturnkey.com\/es\/wp-json\/wp\/v2\/product_brand?post=1202"},{"taxonomy":"product_cat","embeddable":true,"href":"https:\/\/www.fruiturnkey.com\/es\/wp-json\/wp\/v2\/product_cat?post=1202"},{"taxonomy":"product_tag","embeddable":true,"href":"https:\/\/www.fruiturnkey.com\/es\/wp-json\/wp\/v2\/product_tag?post=1202"}],"curies":[{"name":"wp","href":"https:\/\/api.w.org\/{rel}","templated":true}]}}