{"id":1150,"date":"2025-03-21T17:31:26","date_gmt":"2025-03-21T09:31:26","guid":{"rendered":"https:\/\/www.fruiturnkey.com\/?post_type=product&#038;p=1150"},"modified":"2025-03-21T17:31:26","modified_gmt":"2025-03-21T09:31:26","slug":"pineapple-processing-line","status":"publish","type":"product","link":"https:\/\/www.fruiturnkey.com\/es\/product\/pineapple-processing-line\/","title":{"rendered":"L\u00ednea de procesamiento de lavado de pi\u00f1a personalizada"},"content":{"rendered":"<p>La superficie de las pi\u00f1as suele estar cubierta de suciedad, polvo, residuos de pesticidas e impurezas procedentes del transporte. Es muy importante lavar las pi\u00f1as antes de introducirlas en el mercado o procesarlas posteriormente, para eliminar sustancias nocivas como bacterias y residuos de pesticidas en la superficie de las pi\u00f1as, proteger la salud de los consumidores y hacer que las pi\u00f1as procesadas tengan un aspecto m\u00e1s limpio y bonito, lo que puede mejorar el valor de la mercanc\u00eda.<\/p>\n<h3>Proceso de la l\u00ednea de procesamiento de pi\u00f1a:<\/h3>\n<hr \/>\n<p>Los principales procesos de la l\u00ednea de transformaci\u00f3n de la pi\u00f1a incluyen la limpieza, el secado al aire, y algunas f\u00e1bricas pueden a\u00f1adir pasos de encerado para garantizar el aspecto pulcro de la pi\u00f1a, prolongar su vida \u00fatil y mejorar su competitividad en el mercado.<\/p>\n<p><iframe title=\"Reproductor de v\u00eddeo YouTube\" src=\"https:\/\/www.youtube.com\/embed\/hdGaaMa6w5g?si=OiCKICCbS4qFIalH\" width=\"560\" height=\"315\" frameborder=\"0\" allowfullscreen=\"allowfullscreen\"><\/iframe><\/p>\n<p><strong>1. 1. Proceso de limpieza<\/strong><\/p>\n<ul>\n<li>La limpieza es el n\u00facleo de la l\u00ednea de procesamiento de pi\u00f1a. La m\u00e1quina de limpieza de pi\u00f1as utiliza una combinaci\u00f3n de cepillos y agua pulverizada para garantizar una limpieza m\u00e1s limpia y completa.<\/li>\n<li>La lavadora de pi\u00f1as utiliza un cepillo giratorio de alta velocidad para fregar la superficie de la pi\u00f1a, eliminando eficazmente la suciedad, el barro y otras impurezas sin da\u00f1ar la c\u00e1scara.<\/li>\n<li>Mientras se cepilla, el agua pulverizada a alta presi\u00f3n enjuaga la pi\u00f1a, arrastrando completamente las manchas fregadas, lo que mejora la eficacia de la limpieza.<\/li>\n<\/ul>\n<p><img fetchpriority=\"high\" decoding=\"async\" class=\"alignnone wp-image-1152 size-full\" src=\"https:\/\/www.fruiturnkey.com\/wp-content\/uploads\/2025\/03\/11-1.jpg\" alt=\"m\u00e1quina limpiadora de pi\u00f1as\" width=\"600\" height=\"400\" srcset=\"https:\/\/www.fruiturnkey.com\/wp-content\/uploads\/2025\/03\/11-1.jpg 600w, https:\/\/www.fruiturnkey.com\/wp-content\/uploads\/2025\/03\/11-1-300x200.jpg 300w, https:\/\/www.fruiturnkey.com\/wp-content\/uploads\/2025\/03\/11-1-24x16.jpg 24w, https:\/\/www.fruiturnkey.com\/wp-content\/uploads\/2025\/03\/11-1-36x24.jpg 36w, https:\/\/www.fruiturnkey.com\/wp-content\/uploads\/2025\/03\/11-1-48x32.jpg 48w, https:\/\/www.fruiturnkey.com\/wp-content\/uploads\/2025\/03\/11-1-400x267.jpg 400w\" sizes=\"(max-width: 600px) 100vw, 600px\" \/><\/p>\n<p><strong>2. Proceso de secado al aire<\/strong><\/p>\n<ul>\n<li>Tras el lavado, quedar\u00e1 humedad residual en la superficie de la pi\u00f1a. Para evitar la corrupci\u00f3n causada por la humedad durante el envasado o el almacenamiento, se suele recurrir al secado al aire.<\/li>\n<li>Potente secado por aire: Utiliza un ventilador de alta potencia para eliminar la humedad de la c\u00e1scara, mantenerla seca y mejorar el efecto de conservaci\u00f3n.<\/li>\n<li>Reducir el riesgo de putrefacci\u00f3n: Reduzca la posibilidad de moho causado por la humedad y prolongue el tiempo de almacenamiento.<\/li>\n<\/ul>\n<p><strong>3. Encerado (opcional)<\/strong><\/p>\n<ul>\n<li>Algunos mercados de gama alta tienen mayores exigencias de aspecto y frescura de las pi\u00f1as, por lo que se a\u00f1ade el encerado.<\/li>\n<li>Mejora el brillo: La cera para frutas de grado alimentario puede hacer que la c\u00e1scara de la pi\u00f1a sea m\u00e1s brillante y aumente el valor de la mercanc\u00eda.<\/li>\n<li>Evita la p\u00e9rdida de agua: La cera de frutas forma una pel\u00edcula protectora que reduce la evaporaci\u00f3n del agua y prolonga el periodo de conservaci\u00f3n.<\/li>\n<li>Inhiben el crecimiento microbiano: Algunas ceras de frutas tienen propiedades antibacterianas, que pueden reducir el crecimiento de microorganismos y mantener la pi\u00f1a fresca.<\/li>\n<\/ul>\n<p><img decoding=\"async\" class=\"alignnone wp-image-1153 size-full\" src=\"https:\/\/www.fruiturnkey.com\/wp-content\/uploads\/2025\/03\/11-2.jpg\" alt=\"l\u00ednea de procesamiento de pi\u00f1a\" width=\"600\" height=\"400\" srcset=\"https:\/\/www.fruiturnkey.com\/wp-content\/uploads\/2025\/03\/11-2.jpg 600w, https:\/\/www.fruiturnkey.com\/wp-content\/uploads\/2025\/03\/11-2-300x200.jpg 300w, https:\/\/www.fruiturnkey.com\/wp-content\/uploads\/2025\/03\/11-2-24x16.jpg 24w, https:\/\/www.fruiturnkey.com\/wp-content\/uploads\/2025\/03\/11-2-36x24.jpg 36w, https:\/\/www.fruiturnkey.com\/wp-content\/uploads\/2025\/03\/11-2-48x32.jpg 48w, https:\/\/www.fruiturnkey.com\/wp-content\/uploads\/2025\/03\/11-2-400x267.jpg 400w\" sizes=\"(max-width: 600px) 100vw, 600px\" \/><\/p>\n<h3>Lavadora de pi\u00f1as Caracter\u00edsticas:<\/h3>\n<hr \/>\n<ol>\n<li>Automatizaci\u00f3n eficiente: reduzca los costes de mano de obra, mejore la eficiencia de la producci\u00f3n y satisfaga las necesidades de limpieza a gran escala.<\/li>\n<li>Buen efecto de limpieza: combinado con la tecnolog\u00eda de cepillado y pulverizaci\u00f3n de agua, puede eliminar completamente las impurezas y garantizar la higiene y seguridad de las pi\u00f1as.<\/li>\n<li>Protege la c\u00e1scara: El cepillo es suave y no da\u00f1a la c\u00e1scara, garantizando la integridad del aspecto de la pi\u00f1a.<\/li>\n<li>Amplia aplicaci\u00f3n: La m\u00e1quina limpiadora de pi\u00f1as tambi\u00e9n puede utilizarse para procesar mangos, aguacates, manzanas y otras frutas.<\/li>\n<\/ol>\n<p>&nbsp;<\/p>\n\n<div class=\"wpcf7 no-js\" id=\"wpcf7-f1048-o1\" lang=\"en-US\" dir=\"ltr\" data-wpcf7-id=\"1048\">\n<div class=\"screen-reader-response\"><p role=\"status\" aria-live=\"polite\" aria-atomic=\"true\"><\/p> <ul><\/ul><\/div>\n<form action=\"\/es\/wp-json\/wp\/v2\/product\/1150#wpcf7-f1048-o1\" method=\"post\" class=\"wpcf7-form init\" aria-label=\"Formulario de contacto\" novalidate=\"novalidate\" data-status=\"init\" data-trp-original-action=\"\/es\/wp-json\/wp\/v2\/product\/1150#wpcf7-f1048-o1\">\n<div style=\"display: none;\">\n<input type=\"hidden\" name=\"_wpcf7\" value=\"1048\" \/>\n<input type=\"hidden\" name=\"_wpcf7_version\" value=\"6.0.4\" \/>\n<input type=\"hidden\" name=\"_wpcf7_locale\" value=\"en_US\" \/>\n<input type=\"hidden\" name=\"_wpcf7_unit_tag\" value=\"wpcf7-f1048-o1\" \/>\n<input type=\"hidden\" name=\"_wpcf7_container_post\" value=\"0\" \/>\n<input type=\"hidden\" name=\"_wpcf7_posted_data_hash\" value=\"\" \/>\n<\/div>\n<div style='border:1px solid #54B435;padding:15px'>\n\t<p><span style='font-weight:bold'>CONTACTO PARA PRESUPUESTO<\/span><br \/>\n<span style='display:block;width:100px;height:5px;background:#54B435'><\/span><br \/>\nSu informaci\u00f3n de contacto no ser\u00e1 publicada. Los campos obligatorios est\u00e1n marcados con *.\n\t<\/p>\n\t<p><label> Mensaje *<br \/>\n<span class=\"wpcf7-form-control-wrap\" data-name=\"your-message\"><textarea cols=\"40\" rows=\"10\" maxlength=\"2000\" class=\"wpcf7-form-control wpcf7-textarea wpcf7-validates-as-required\" aria-required=\"true\" aria-invalid=\"false\" name=\"your-message\"><\/textarea><\/span> <\/label>\n\t<\/p>\n\t<div style='float:left;width:48%;margin-right:4%'>\n\t\t<p><label> Su correo electr\u00f3nico *<br \/>\n<span class=\"wpcf7-form-control-wrap\" data-name=\"email\"><input size=\"40\" maxlength=\"400\" class=\"wpcf7-form-control wpcf7-email wpcf7-validates-as-required wpcf7-text wpcf7-validates-as-email\" aria-required=\"true\" aria-invalid=\"false\" value=\"\" type=\"email\" name=\"email\" \/><\/span> <\/label>\n\t\t<\/p>\n\t<\/div>\n\t<div style='float:left;width:48%'>\n\t\t<p><label> Su nombre<br \/>\n<span class=\"wpcf7-form-control-wrap\" data-name=\"yourname\"><input size=\"40\" maxlength=\"400\" class=\"wpcf7-form-control wpcf7-text\" aria-invalid=\"false\" value=\"\" type=\"text\" name=\"yourname\" \/><\/span> <\/label>\n\t\t<\/p>\n\t<\/div>\n\t<div style='float:left;width:48%;margin-right:4%'>\n\t\t<p><label> Tel\u00e9fono<br \/>\n<span class=\"wpcf7-form-control-wrap\" data-name=\"phone\"><input size=\"40\" maxlength=\"400\" class=\"wpcf7-form-control wpcf7-tel wpcf7-text wpcf7-validates-as-tel\" aria-invalid=\"false\" value=\"\" type=\"tel\" name=\"phone\" \/><\/span> <\/label>\n\t\t<\/p>\n\t<\/div>\n\t<div style='float:left;width:48%'>\n\t\t<p><label>Pa\u00eds<br \/>\n<span class=\"wpcf7-form-control-wrap\" data-name=\"country\"><input size=\"40\" maxlength=\"400\" class=\"wpcf7-form-control wpcf7-text\" aria-invalid=\"false\" value=\"\" type=\"text\" name=\"country\" \/><\/span> <\/label>\n\t\t<\/p>\n\t<\/div>\n\t<div style='float:left;width:48%;margin-right:4%'>\n\t\t<p><label> Empresa<br \/>\n<span class=\"wpcf7-form-control-wrap\" data-name=\"company\"><input size=\"40\" maxlength=\"400\" class=\"wpcf7-form-control wpcf7-text\" aria-invalid=\"false\" value=\"\" type=\"text\" name=\"company\" \/><\/span> <\/label>\n\t\t<\/p>\n\t<\/div>\n\t<div style='float:left;width:48%'>\n\t\t<p><label> P\u00e1gina web<br \/>\n<span class=\"wpcf7-form-control-wrap\" data-name=\"web\"><input size=\"40\" maxlength=\"400\" class=\"wpcf7-form-control wpcf7-text\" aria-invalid=\"false\" value=\"\" type=\"text\" name=\"web\" \/><\/span> <\/label>\n\t\t<\/p>\n\t<\/div>\n\t<div style='clear:both'>\n\t<\/div>\n\t<p><input class=\"wpcf7-form-control wpcf7-submit has-spinner\" type=\"submit\" value=\"Enviar\" \/>\n\t<\/p>\n<\/div><p style=\"display: none !important;\" class=\"akismet-fields-container\" data-prefix=\"_wpcf7_ak_\"><label>&#916;<textarea name=\"_wpcf7_ak_hp_textarea\" cols=\"45\" rows=\"8\" maxlength=\"100\"><\/textarea><\/label><input type=\"hidden\" id=\"ak_js_1\" name=\"_wpcf7_ak_js\" value=\"7\"\/><script>document.getElementById( \"ak_js_1\" ).setAttribute( \"value\", ( new Date() ).getTime() );<\/script><\/p><div class=\"wpcf7-response-output\" aria-hidden=\"true\"><\/div>\n<input type=\"hidden\" name=\"trp-form-language\" value=\"es\"\/><\/form>\n<\/div>\n\n<div style='text-align:left' class='yasr-auto-insert-visitor'><\/div>","protected":false},"excerpt":{"rendered":"<p>La l\u00ednea de procesamiento de pi\u00f1a incluye m\u00e1quina de limpieza, m\u00e1quina de secado al aire, m\u00e1quina de encerado, etc. Los pasos de procesamiento pueden personalizar el dise\u00f1o de acuerdo a sus demandas.<\/p>","protected":false},"featured_media":1151,"comment_status":"open","ping_status":"closed","template":"","meta":{"site-sidebar-layout":"default","site-content-layout":"","ast-site-content-layout":"default","site-content-style":"default","site-sidebar-style":"default","ast-global-header-display":"","ast-banner-title-visibility":"","ast-main-header-display":"","ast-hfb-above-header-display":"","ast-hfb-below-header-display":"","ast-hfb-mobile-header-display":"","site-post-title":"","ast-breadcrumbs-content":"","ast-featured-img":"","footer-sml-layout":"","theme-transparent-header-meta":"default","adv-header-id-meta":"","stick-header-meta":"","header-above-stick-meta":"","header-main-stick-meta":"","header-below-stick-meta":"","astra-migrate-meta-layouts":"set","ast-page-background-enabled":"default","ast-page-background-meta":{"desktop":{"background-color":"var(--ast-global-color-4)","background-image":"","background-repeat":"repeat","background-position":"center center","background-size":"auto","background-attachment":"scroll","background-type":"","background-media":"","overlay-type":"","overlay-color":"","overlay-opacity":"","overlay-gradient":""},"tablet":{"background-color":"","background-image":"","background-repeat":"repeat","background-position":"center center","background-size":"auto","background-attachment":"scroll","background-type":"","background-media":"","overlay-type":"","overlay-color":"","overlay-opacity":"","overlay-gradient":""},"mobile":{"background-color":"","background-image":"","background-repeat":"repeat","background-position":"center center","background-size":"auto","background-attachment":"scroll","background-type":"","background-media":"","overlay-type":"","overlay-color":"","overlay-opacity":"","overlay-gradient":""}},"ast-content-background-meta":{"desktop":{"background-color":"var(--ast-global-color-5)","background-image":"","background-repeat":"repeat","background-position":"center center","background-size":"auto","background-attachment":"scroll","background-type":"","background-media":"","overlay-type":"","overlay-color":"","overlay-opacity":"","overlay-gradient":""},"tablet":{"background-color":"var(--ast-global-color-5)","background-image":"","background-repeat":"repeat","background-position":"center center","background-size":"auto","background-attachment":"scroll","background-type":"","background-media":"","overlay-type":"","overlay-color":"","overlay-opacity":"","overlay-gradient":""},"mobile":{"background-color":"var(--ast-global-color-5)","background-image":"","background-repeat":"repeat","background-position":"center center","background-size":"auto","background-attachment":"scroll","background-type":"","background-media":"","overlay-type":"","overlay-color":"","overlay-opacity":"","overlay-gradient":""}},"yasr_overall_rating":0,"yasr_post_is_review":"","yasr_auto_insert_disabled":"","yasr_review_type":""},"product_brand":[],"product_cat":[21],"product_tag":[],"class_list":{"0":"post-1150","1":"product","2":"type-product","3":"status-publish","4":"has-post-thumbnail","6":"product_cat-washing-equipment","7":"desktop-align-left","8":"tablet-align-left","9":"mobile-align-left","11":"first","12":"instock","13":"shipping-taxable","14":"product-type-simple"},"yasr_visitor_votes":{"stars_attributes":{"read_only":false,"span_bottom":false},"number_of_votes":3,"sum_votes":15},"yoast_head":"<!-- This site is optimized with the Yoast SEO plugin v24.5 - https:\/\/yoast.com\/wordpress\/plugins\/seo\/ -->\n<title>Customize Pineapple Washing Processing Machine Line - Fruit Processing Solution<\/title>\n<meta name=\"description\" content=\"The pineapple processing line include cleaning machine, air drying machine, waxing machine, etc. The processing steps can customize the layout according to your demands.\" \/>\n<meta name=\"robots\" content=\"index, follow, max-snippet:-1, max-image-preview:large, max-video-preview:-1\" \/>\n<link rel=\"canonical\" href=\"https:\/\/www.fruiturnkey.com\/es\/product\/pineapple-processing-line\/\" \/>\n<meta property=\"og:locale\" content=\"es_ES\" \/>\n<meta property=\"og:type\" content=\"article\" \/>\n<meta property=\"og:title\" content=\"Customize Pineapple Washing Processing Machine Line - Fruit Processing Solution\" \/>\n<meta property=\"og:description\" content=\"The pineapple processing line include cleaning machine, air drying machine, waxing machine, etc. The processing steps can customize the layout according to your demands.\" \/>\n<meta property=\"og:url\" content=\"https:\/\/www.fruiturnkey.com\/es\/product\/pineapple-processing-line\/\" \/>\n<meta property=\"og:site_name\" content=\"Fruit Processing Solution\" \/>\n<meta property=\"og:image\" content=\"https:\/\/www.fruiturnkey.com\/wp-content\/uploads\/2025\/03\/11.jpg\" \/>\n\t<meta property=\"og:image:width\" content=\"600\" \/>\n\t<meta property=\"og:image:height\" content=\"600\" \/>\n\t<meta property=\"og:image:type\" content=\"image\/jpeg\" \/>\n<meta name=\"twitter:card\" content=\"summary_large_image\" \/>\n<meta name=\"twitter:label1\" content=\"Tiempo de lectura\" \/>\n\t<meta name=\"twitter:data1\" content=\"3 minutos\" \/>\n<script type=\"application\/ld+json\" class=\"yoast-schema-graph\">{\"@context\":\"https:\/\/schema.org\",\"@graph\":[{\"@type\":\"WebPage\",\"@id\":\"https:\/\/www.fruiturnkey.com\/product\/pineapple-processing-line\/\",\"url\":\"https:\/\/www.fruiturnkey.com\/product\/pineapple-processing-line\/\",\"name\":\"Customize Pineapple Washing Processing Machine Line - Fruit Processing Solution\",\"isPartOf\":{\"@id\":\"https:\/\/www.fruiturnkey.com\/#website\"},\"primaryImageOfPage\":{\"@id\":\"https:\/\/www.fruiturnkey.com\/product\/pineapple-processing-line\/#primaryimage\"},\"image\":{\"@id\":\"https:\/\/www.fruiturnkey.com\/product\/pineapple-processing-line\/#primaryimage\"},\"thumbnailUrl\":\"https:\/\/www.fruiturnkey.com\/wp-content\/uploads\/2025\/03\/11.jpg\",\"datePublished\":\"2025-03-21T09:31:26+00:00\",\"description\":\"The pineapple processing line include cleaning machine, air drying machine, waxing machine, etc. The processing steps can customize the layout according to your demands.\",\"breadcrumb\":{\"@id\":\"https:\/\/www.fruiturnkey.com\/product\/pineapple-processing-line\/#breadcrumb\"},\"inLanguage\":\"es\",\"potentialAction\":[{\"@type\":\"ReadAction\",\"target\":[\"https:\/\/www.fruiturnkey.com\/product\/pineapple-processing-line\/\"]}]},{\"@type\":\"ImageObject\",\"inLanguage\":\"es\",\"@id\":\"https:\/\/www.fruiturnkey.com\/product\/pineapple-processing-line\/#primaryimage\",\"url\":\"https:\/\/www.fruiturnkey.com\/wp-content\/uploads\/2025\/03\/11.jpg\",\"contentUrl\":\"https:\/\/www.fruiturnkey.com\/wp-content\/uploads\/2025\/03\/11.jpg\",\"width\":600,\"height\":600,\"caption\":\"Pineapple washing machine\"},{\"@type\":\"BreadcrumbList\",\"@id\":\"https:\/\/www.fruiturnkey.com\/product\/pineapple-processing-line\/#breadcrumb\",\"itemListElement\":[{\"@type\":\"ListItem\",\"position\":1,\"name\":\"Home\",\"item\":\"https:\/\/www.fruiturnkey.com\/\"},{\"@type\":\"ListItem\",\"position\":2,\"name\":\"Products\",\"item\":\"https:\/\/www.fruiturnkey.com\/product\/\"},{\"@type\":\"ListItem\",\"position\":3,\"name\":\"Customize Pineapple Washing Processing Machine Line\"}]},{\"@type\":\"WebSite\",\"@id\":\"https:\/\/www.fruiturnkey.com\/#website\",\"url\":\"https:\/\/www.fruiturnkey.com\/\",\"name\":\"Fruit Processing Solution\",\"description\":\"\",\"publisher\":{\"@id\":\"https:\/\/www.fruiturnkey.com\/#organization\"},\"potentialAction\":[{\"@type\":\"SearchAction\",\"target\":{\"@type\":\"EntryPoint\",\"urlTemplate\":\"https:\/\/www.fruiturnkey.com\/?s={search_term_string}\"},\"query-input\":{\"@type\":\"PropertyValueSpecification\",\"valueRequired\":true,\"valueName\":\"search_term_string\"}}],\"inLanguage\":\"es\"},{\"@type\":\"Organization\",\"@id\":\"https:\/\/www.fruiturnkey.com\/#organization\",\"name\":\"Fruit Processing Solution\",\"url\":\"https:\/\/www.fruiturnkey.com\/\",\"logo\":{\"@type\":\"ImageObject\",\"inLanguage\":\"es\",\"@id\":\"https:\/\/www.fruiturnkey.com\/#\/schema\/logo\/image\/\",\"url\":\"https:\/\/www.fruiturnkey.com\/wp-content\/uploads\/2025\/03\/cropped-\u65b0\u7248LOGO.png\",\"contentUrl\":\"https:\/\/www.fruiturnkey.com\/wp-content\/uploads\/2025\/03\/cropped-\u65b0\u7248LOGO.png\",\"width\":1918,\"height\":639,\"caption\":\"Fruit Processing Solution\"},\"image\":{\"@id\":\"https:\/\/www.fruiturnkey.com\/#\/schema\/logo\/image\/\"}},false]}<\/script>\n<!-- \/ Yoast SEO plugin. -->","yoast_head_json":{"title":"Customize Pineapple Washing Processing Machine Line - Fruit Processing Solution","description":"The pineapple processing line include cleaning machine, air drying machine, waxing machine, etc. The processing steps can customize the layout according to your demands.","robots":{"index":"index","follow":"follow","max-snippet":"max-snippet:-1","max-image-preview":"max-image-preview:large","max-video-preview":"max-video-preview:-1"},"canonical":"https:\/\/www.fruiturnkey.com\/es\/product\/pineapple-processing-line\/","og_locale":"es_ES","og_type":"article","og_title":"Customize Pineapple Washing Processing Machine Line - Fruit Processing Solution","og_description":"The pineapple processing line include cleaning machine, air drying machine, waxing machine, etc. The processing steps can customize the layout according to your demands.","og_url":"https:\/\/www.fruiturnkey.com\/es\/product\/pineapple-processing-line\/","og_site_name":"Fruit Processing Solution","og_image":[{"width":600,"height":600,"url":"https:\/\/www.fruiturnkey.com\/wp-content\/uploads\/2025\/03\/11.jpg","type":"image\/jpeg"}],"twitter_card":"summary_large_image","twitter_misc":{"Tiempo de lectura":"3 minutos"},"schema":{"@context":"https:\/\/schema.org","@graph":[{"@type":"WebPage","@id":"https:\/\/www.fruiturnkey.com\/product\/pineapple-processing-line\/","url":"https:\/\/www.fruiturnkey.com\/product\/pineapple-processing-line\/","name":"Customize Pineapple Washing Processing Machine Line - Fruit Processing Solution","isPartOf":{"@id":"https:\/\/www.fruiturnkey.com\/#website"},"primaryImageOfPage":{"@id":"https:\/\/www.fruiturnkey.com\/product\/pineapple-processing-line\/#primaryimage"},"image":{"@id":"https:\/\/www.fruiturnkey.com\/product\/pineapple-processing-line\/#primaryimage"},"thumbnailUrl":"https:\/\/www.fruiturnkey.com\/wp-content\/uploads\/2025\/03\/11.jpg","datePublished":"2025-03-21T09:31:26+00:00","description":"The pineapple processing line include cleaning machine, air drying machine, waxing machine, etc. The processing steps can customize the layout according to your demands.","breadcrumb":{"@id":"https:\/\/www.fruiturnkey.com\/product\/pineapple-processing-line\/#breadcrumb"},"inLanguage":"es","potentialAction":[{"@type":"ReadAction","target":["https:\/\/www.fruiturnkey.com\/product\/pineapple-processing-line\/"]}]},{"@type":"ImageObject","inLanguage":"es","@id":"https:\/\/www.fruiturnkey.com\/product\/pineapple-processing-line\/#primaryimage","url":"https:\/\/www.fruiturnkey.com\/wp-content\/uploads\/2025\/03\/11.jpg","contentUrl":"https:\/\/www.fruiturnkey.com\/wp-content\/uploads\/2025\/03\/11.jpg","width":600,"height":600,"caption":"Pineapple washing machine"},{"@type":"BreadcrumbList","@id":"https:\/\/www.fruiturnkey.com\/product\/pineapple-processing-line\/#breadcrumb","itemListElement":[{"@type":"ListItem","position":1,"name":"Home","item":"https:\/\/www.fruiturnkey.com\/"},{"@type":"ListItem","position":2,"name":"Products","item":"https:\/\/www.fruiturnkey.com\/product\/"},{"@type":"ListItem","position":3,"name":"Customize Pineapple Washing Processing Machine Line"}]},{"@type":"WebSite","@id":"https:\/\/www.fruiturnkey.com\/#website","url":"https:\/\/www.fruiturnkey.com\/","name":"Fruit Processing Solution","description":"","publisher":{"@id":"https:\/\/www.fruiturnkey.com\/#organization"},"potentialAction":[{"@type":"SearchAction","target":{"@type":"EntryPoint","urlTemplate":"https:\/\/www.fruiturnkey.com\/?s={search_term_string}"},"query-input":{"@type":"PropertyValueSpecification","valueRequired":true,"valueName":"search_term_string"}}],"inLanguage":"es"},{"@type":"Organization","@id":"https:\/\/www.fruiturnkey.com\/#organization","name":"Fruit Processing Solution","url":"https:\/\/www.fruiturnkey.com\/","logo":{"@type":"ImageObject","inLanguage":"es","@id":"https:\/\/www.fruiturnkey.com\/#\/schema\/logo\/image\/","url":"https:\/\/www.fruiturnkey.com\/wp-content\/uploads\/2025\/03\/cropped-\u65b0\u7248LOGO.png","contentUrl":"https:\/\/www.fruiturnkey.com\/wp-content\/uploads\/2025\/03\/cropped-\u65b0\u7248LOGO.png","width":1918,"height":639,"caption":"Fruit Processing Solution"},"image":{"@id":"https:\/\/www.fruiturnkey.com\/#\/schema\/logo\/image\/"}},false]}},"_links":{"self":[{"href":"https:\/\/www.fruiturnkey.com\/es\/wp-json\/wp\/v2\/product\/1150","targetHints":{"allow":["GET"]}}],"collection":[{"href":"https:\/\/www.fruiturnkey.com\/es\/wp-json\/wp\/v2\/product"}],"about":[{"href":"https:\/\/www.fruiturnkey.com\/es\/wp-json\/wp\/v2\/types\/product"}],"replies":[{"embeddable":true,"href":"https:\/\/www.fruiturnkey.com\/es\/wp-json\/wp\/v2\/comments?post=1150"}],"wp:featuredmedia":[{"embeddable":true,"href":"https:\/\/www.fruiturnkey.com\/es\/wp-json\/wp\/v2\/media\/1151"}],"wp:attachment":[{"href":"https:\/\/www.fruiturnkey.com\/es\/wp-json\/wp\/v2\/media?parent=1150"}],"wp:term":[{"taxonomy":"product_brand","embeddable":true,"href":"https:\/\/www.fruiturnkey.com\/es\/wp-json\/wp\/v2\/product_brand?post=1150"},{"taxonomy":"product_cat","embeddable":true,"href":"https:\/\/www.fruiturnkey.com\/es\/wp-json\/wp\/v2\/product_cat?post=1150"},{"taxonomy":"product_tag","embeddable":true,"href":"https:\/\/www.fruiturnkey.com\/es\/wp-json\/wp\/v2\/product_tag?post=1150"}],"curies":[{"name":"wp","href":"https:\/\/api.w.org\/{rel}","templated":true}]}}