{"id":1116,"date":"2025-03-18T12:02:11","date_gmt":"2025-03-18T04:02:11","guid":{"rendered":"https:\/\/www.fruiturnkey.com\/?post_type=product&#038;p=1116"},"modified":"2025-03-18T12:02:11","modified_gmt":"2025-03-18T04:02:11","slug":"plantain-chips-deoiling-machine","status":"publish","type":"product","link":"https:\/\/www.fruiturnkey.com\/es\/product\/plantain-chips-deoiling-machine\/","title":{"rendered":"Desaceitadora industrial de alimentos fritos para chips de pl\u00e1tano"},"content":{"rendered":"<h3>\u00bfPor qu\u00e9 hay que desaceitar los pl\u00e1tanos fritos?<\/h3>\n<p>Durante el proceso de fritura, los chips de pl\u00e1tano absorben mucho aceite, lo que provoca un contenido excesivo de aceite en los chips de pl\u00e1tano, que afecta al sabor, la salubridad y la vida \u00fatil. Por lo tanto, el desaceitado es un paso muy importante en el proceso de producci\u00f3n de los chips de pl\u00e1tano.<\/p>\n<h3>M\u00e1quina desaceitadora de alimentos fritos Tipos:<\/h3>\n<hr \/>\n<p>Existen dos equipos de desaceitado comunes en el mercado, que pueden dividirse en desaceitadora centr\u00edfuga y desaceitadora por vibraci\u00f3n seg\u00fan el m\u00e9todo de desaceitado. Tienen grandes diferencias en los principios de funcionamiento.<\/p>\n<p><strong>1. M\u00e1quina desaceitadora centr\u00edfuga de chips de pl\u00e1tano<\/strong><\/p>\n<p>La desaceitadora centr\u00edfuga se basa principalmente en la fuerza centr\u00edfuga generada por la rotaci\u00f3n a alta velocidad para desechar la grasa de la superficie de los chips de pl\u00e1tano, logrando as\u00ed el desaceitado. Su estructura suele incluir un tambor giratorio, un sistema de accionamiento y un dispositivo de control.<\/p>\n<p>M\u00e1quina desaceitadora de chips de pl\u00e1tano Caracter\u00edsticas:<\/p>\n<ul>\n<li>Alta eficiencia desaceitadora: Debido a la fuerza centr\u00edfuga, el aceite puede ser r\u00e1pidamente expulsado de la superficie de los chips de pl\u00e1tano, y el efecto desaceitador es obvio.<\/li>\n<li>Adecuadas para la producci\u00f3n en masa: Las m\u00e1quinas suelen ser adecuadas para l\u00edneas de producci\u00f3n continua, pueden procesar alimentos en grandes cantidades y son adecuadas para la producci\u00f3n industrial.<\/li>\n<li>Gran capacidad de ajuste: El equipo puede ajustar la velocidad y el tiempo de desaceitado seg\u00fan las necesidades de diferentes alimentos para satisfacer diferentes requisitos de producci\u00f3n.<\/li>\n<li>\u00c1mbito de aplicaci\u00f3n: Las desaceitadoras centr\u00edfugas de alimentos fritos no s\u00f3lo son adecuadas para las patatas fritas de pl\u00e1tano, sino que tambi\u00e9n se utilizan ampliamente para desaceitar diversos alimentos fritos como patatas fritas, patatas fritas, cacahuetes, etc.<\/li>\n<\/ul>\n<p><img fetchpriority=\"high\" decoding=\"async\" class=\"alignnone wp-image-1118 size-full\" src=\"https:\/\/www.fruiturnkey.com\/wp-content\/uploads\/2025\/03\/6-1.jpg\" alt=\"desaceitadora de chips de pl\u00e1tano\" width=\"600\" height=\"400\" srcset=\"https:\/\/www.fruiturnkey.com\/wp-content\/uploads\/2025\/03\/6-1.jpg 600w, https:\/\/www.fruiturnkey.com\/wp-content\/uploads\/2025\/03\/6-1-300x200.jpg 300w, https:\/\/www.fruiturnkey.com\/wp-content\/uploads\/2025\/03\/6-1-24x16.jpg 24w, https:\/\/www.fruiturnkey.com\/wp-content\/uploads\/2025\/03\/6-1-36x24.jpg 36w, https:\/\/www.fruiturnkey.com\/wp-content\/uploads\/2025\/03\/6-1-48x32.jpg 48w, https:\/\/www.fruiturnkey.com\/wp-content\/uploads\/2025\/03\/6-1-400x267.jpg 400w\" sizes=\"(max-width: 600px) 100vw, 600px\" \/><\/p>\n<p><strong>2. M\u00e1quina desaceitadora de chips de pl\u00e1tano por vibraci\u00f3n:<\/strong><\/p>\n<p>La m\u00e1quina desaceitadora por vibraci\u00f3n utiliza vibraciones de alta frecuencia para separar y drenar gradualmente el aceite de la superficie de los alimentos. Normalmente, los alimentos se colocan en un tamiz vibratorio y el efecto desaceitador se consigue mediante la vibraci\u00f3n.<\/p>\n<p>M\u00e1quina desaceitadora de chips de pl\u00e1tano Caracter\u00edsticas:<\/p>\n<ul>\n<li>Los chips de pl\u00e1tano tienen mejor forma: En comparaci\u00f3n con las m\u00e1quinas desaceitadoras centr\u00edfugas, las m\u00e1quinas desaceitadoras de vibraci\u00f3n tienen menos impacto f\u00edsico, lo que puede reducir la tasa de rotura de los chips de pl\u00e1tano y mantener la integridad de los chips de pl\u00e1tano.<\/li>\n<li>Adecuado para alimentos ligeros: Para alimentos m\u00e1s ligeros y fr\u00e1giles (como chips de pl\u00e1tano, verduras fritas, etc.), las m\u00e1quinas desaceitadoras por vibraci\u00f3n pueden desaceitar m\u00e1s suavemente para evitar la deformaci\u00f3n o rotura del producto.<\/li>\n<li>Bajo coste de mantenimiento: La estructura del equipo es relativamente simple, el mantenimiento y la limpieza son m\u00e1s convenientes, y el costo de operaci\u00f3n es bajo.<\/li>\n<\/ul>\n<p><img decoding=\"async\" class=\"alignnone wp-image-1119 size-full\" src=\"https:\/\/www.fruiturnkey.com\/wp-content\/uploads\/2025\/03\/6-2.jpg\" alt=\"desaceitadora de chips de pl\u00e1tano\" width=\"600\" height=\"400\" srcset=\"https:\/\/www.fruiturnkey.com\/wp-content\/uploads\/2025\/03\/6-2.jpg 600w, https:\/\/www.fruiturnkey.com\/wp-content\/uploads\/2025\/03\/6-2-300x200.jpg 300w, https:\/\/www.fruiturnkey.com\/wp-content\/uploads\/2025\/03\/6-2-24x16.jpg 24w, https:\/\/www.fruiturnkey.com\/wp-content\/uploads\/2025\/03\/6-2-36x24.jpg 36w, https:\/\/www.fruiturnkey.com\/wp-content\/uploads\/2025\/03\/6-2-48x32.jpg 48w, https:\/\/www.fruiturnkey.com\/wp-content\/uploads\/2025\/03\/6-2-400x267.jpg 400w\" sizes=\"(max-width: 600px) 100vw, 600px\" \/><\/p>\n<p>&nbsp;<\/p>\n\n<div class=\"wpcf7 no-js\" id=\"wpcf7-f1048-o1\" lang=\"en-US\" dir=\"ltr\" data-wpcf7-id=\"1048\">\n<div class=\"screen-reader-response\"><p role=\"status\" aria-live=\"polite\" aria-atomic=\"true\"><\/p> <ul><\/ul><\/div>\n<form action=\"\/es\/wp-json\/wp\/v2\/product\/1116#wpcf7-f1048-o1\" method=\"post\" class=\"wpcf7-form init\" aria-label=\"Formulario de contacto\" novalidate=\"novalidate\" data-status=\"init\" data-trp-original-action=\"\/es\/wp-json\/wp\/v2\/product\/1116#wpcf7-f1048-o1\">\n<div style=\"display: none;\">\n<input type=\"hidden\" name=\"_wpcf7\" value=\"1048\" \/>\n<input type=\"hidden\" name=\"_wpcf7_version\" value=\"6.0.4\" \/>\n<input type=\"hidden\" name=\"_wpcf7_locale\" value=\"en_US\" \/>\n<input type=\"hidden\" name=\"_wpcf7_unit_tag\" value=\"wpcf7-f1048-o1\" \/>\n<input type=\"hidden\" name=\"_wpcf7_container_post\" value=\"0\" \/>\n<input type=\"hidden\" name=\"_wpcf7_posted_data_hash\" value=\"\" \/>\n<\/div>\n<div style='border:1px solid #54B435;padding:15px'>\n\t<p><span style='font-weight:bold'>CONTACTO PARA PRESUPUESTO<\/span><br \/>\n<span style='display:block;width:100px;height:5px;background:#54B435'><\/span><br \/>\nSu informaci\u00f3n de contacto no ser\u00e1 publicada. Los campos obligatorios est\u00e1n marcados con *.\n\t<\/p>\n\t<p><label> Mensaje *<br \/>\n<span class=\"wpcf7-form-control-wrap\" data-name=\"your-message\"><textarea cols=\"40\" rows=\"10\" maxlength=\"2000\" class=\"wpcf7-form-control wpcf7-textarea wpcf7-validates-as-required\" aria-required=\"true\" aria-invalid=\"false\" name=\"your-message\"><\/textarea><\/span> <\/label>\n\t<\/p>\n\t<div style='float:left;width:48%;margin-right:4%'>\n\t\t<p><label> Su correo electr\u00f3nico *<br \/>\n<span class=\"wpcf7-form-control-wrap\" data-name=\"email\"><input size=\"40\" maxlength=\"400\" class=\"wpcf7-form-control wpcf7-email wpcf7-validates-as-required wpcf7-text wpcf7-validates-as-email\" aria-required=\"true\" aria-invalid=\"false\" value=\"\" type=\"email\" name=\"email\" \/><\/span> <\/label>\n\t\t<\/p>\n\t<\/div>\n\t<div style='float:left;width:48%'>\n\t\t<p><label> Su nombre<br \/>\n<span class=\"wpcf7-form-control-wrap\" data-name=\"yourname\"><input size=\"40\" maxlength=\"400\" class=\"wpcf7-form-control wpcf7-text\" aria-invalid=\"false\" value=\"\" type=\"text\" name=\"yourname\" \/><\/span> <\/label>\n\t\t<\/p>\n\t<\/div>\n\t<div style='float:left;width:48%;margin-right:4%'>\n\t\t<p><label> Tel\u00e9fono<br \/>\n<span class=\"wpcf7-form-control-wrap\" data-name=\"phone\"><input size=\"40\" maxlength=\"400\" class=\"wpcf7-form-control wpcf7-tel wpcf7-text wpcf7-validates-as-tel\" aria-invalid=\"false\" value=\"\" type=\"tel\" name=\"phone\" \/><\/span> <\/label>\n\t\t<\/p>\n\t<\/div>\n\t<div style='float:left;width:48%'>\n\t\t<p><label>Pa\u00eds<br \/>\n<span class=\"wpcf7-form-control-wrap\" data-name=\"country\"><input size=\"40\" maxlength=\"400\" class=\"wpcf7-form-control wpcf7-text\" aria-invalid=\"false\" value=\"\" type=\"text\" name=\"country\" \/><\/span> <\/label>\n\t\t<\/p>\n\t<\/div>\n\t<div style='float:left;width:48%;margin-right:4%'>\n\t\t<p><label> Empresa<br \/>\n<span class=\"wpcf7-form-control-wrap\" data-name=\"company\"><input size=\"40\" maxlength=\"400\" class=\"wpcf7-form-control wpcf7-text\" aria-invalid=\"false\" value=\"\" type=\"text\" name=\"company\" \/><\/span> <\/label>\n\t\t<\/p>\n\t<\/div>\n\t<div style='float:left;width:48%'>\n\t\t<p><label> P\u00e1gina web<br \/>\n<span class=\"wpcf7-form-control-wrap\" data-name=\"web\"><input size=\"40\" maxlength=\"400\" class=\"wpcf7-form-control wpcf7-text\" aria-invalid=\"false\" value=\"\" type=\"text\" name=\"web\" \/><\/span> <\/label>\n\t\t<\/p>\n\t<\/div>\n\t<div style='clear:both'>\n\t<\/div>\n\t<p><input class=\"wpcf7-form-control wpcf7-submit has-spinner\" type=\"submit\" value=\"Enviar\" \/>\n\t<\/p>\n<\/div><p style=\"display: none !important;\" class=\"akismet-fields-container\" data-prefix=\"_wpcf7_ak_\"><label>&#916;<textarea name=\"_wpcf7_ak_hp_textarea\" cols=\"45\" rows=\"8\" maxlength=\"100\"><\/textarea><\/label><input type=\"hidden\" id=\"ak_js_1\" name=\"_wpcf7_ak_js\" value=\"202\"\/><script>document.getElementById( \"ak_js_1\" ).setAttribute( \"value\", ( new Date() ).getTime() );<\/script><\/p><div class=\"wpcf7-response-output\" aria-hidden=\"true\"><\/div>\n<input type=\"hidden\" name=\"trp-form-language\" value=\"es\"\/><\/form>\n<\/div>\n\n<div style='text-align:left' class='yasr-auto-insert-visitor'><\/div>","protected":false},"excerpt":{"rendered":"<p>Despu\u00e9s de ser procesados por la m\u00e1quina desaceitadora de alimentos fritos, se puede mejorar el sabor y la calidad, aumentar la salubridad de los alimentos y prolongar la vida \u00fatil.<\/p>","protected":false},"featured_media":1117,"comment_status":"open","ping_status":"closed","template":"","meta":{"site-sidebar-layout":"default","site-content-layout":"","ast-site-content-layout":"default","site-content-style":"default","site-sidebar-style":"default","ast-global-header-display":"","ast-banner-title-visibility":"","ast-main-header-display":"","ast-hfb-above-header-display":"","ast-hfb-below-header-display":"","ast-hfb-mobile-header-display":"","site-post-title":"","ast-breadcrumbs-content":"","ast-featured-img":"","footer-sml-layout":"","theme-transparent-header-meta":"default","adv-header-id-meta":"","stick-header-meta":"","header-above-stick-meta":"","header-main-stick-meta":"","header-below-stick-meta":"","astra-migrate-meta-layouts":"set","ast-page-background-enabled":"default","ast-page-background-meta":{"desktop":{"background-color":"var(--ast-global-color-4)","background-image":"","background-repeat":"repeat","background-position":"center center","background-size":"auto","background-attachment":"scroll","background-type":"","background-media":"","overlay-type":"","overlay-color":"","overlay-opacity":"","overlay-gradient":""},"tablet":{"background-color":"","background-image":"","background-repeat":"repeat","background-position":"center center","background-size":"auto","background-attachment":"scroll","background-type":"","background-media":"","overlay-type":"","overlay-color":"","overlay-opacity":"","overlay-gradient":""},"mobile":{"background-color":"","background-image":"","background-repeat":"repeat","background-position":"center center","background-size":"auto","background-attachment":"scroll","background-type":"","background-media":"","overlay-type":"","overlay-color":"","overlay-opacity":"","overlay-gradient":""}},"ast-content-background-meta":{"desktop":{"background-color":"var(--ast-global-color-5)","background-image":"","background-repeat":"repeat","background-position":"center center","background-size":"auto","background-attachment":"scroll","background-type":"","background-media":"","overlay-type":"","overlay-color":"","overlay-opacity":"","overlay-gradient":""},"tablet":{"background-color":"var(--ast-global-color-5)","background-image":"","background-repeat":"repeat","background-position":"center center","background-size":"auto","background-attachment":"scroll","background-type":"","background-media":"","overlay-type":"","overlay-color":"","overlay-opacity":"","overlay-gradient":""},"mobile":{"background-color":"var(--ast-global-color-5)","background-image":"","background-repeat":"repeat","background-position":"center center","background-size":"auto","background-attachment":"scroll","background-type":"","background-media":"","overlay-type":"","overlay-color":"","overlay-opacity":"","overlay-gradient":""}},"yasr_overall_rating":0,"yasr_post_is_review":"","yasr_auto_insert_disabled":"","yasr_review_type":""},"product_brand":[],"product_cat":[28],"product_tag":[],"class_list":{"0":"post-1116","1":"product","2":"type-product","3":"status-publish","4":"has-post-thumbnail","6":"product_cat-frying-equipment","7":"desktop-align-left","8":"tablet-align-left","9":"mobile-align-left","11":"first","12":"instock","13":"shipping-taxable","14":"product-type-simple"},"yasr_visitor_votes":{"stars_attributes":{"read_only":false,"span_bottom":false},"number_of_votes":0,"sum_votes":0},"yoast_head":"<!-- This site is optimized with the Yoast SEO plugin v24.5 - https:\/\/yoast.com\/wordpress\/plugins\/seo\/ -->\n<title>Industrial Fried Food Deoiling Machine for Plantain Chips - Fruit Processing Solution<\/title>\n<meta name=\"description\" content=\"After processing by the fried food deoiling machine, you can improve the taste and quality, increase the healthiness of food, and extend the shelf life.\" \/>\n<meta name=\"robots\" content=\"index, follow, max-snippet:-1, max-image-preview:large, max-video-preview:-1\" \/>\n<link rel=\"canonical\" href=\"https:\/\/www.fruiturnkey.com\/es\/product\/plantain-chips-deoiling-machine\/\" \/>\n<meta property=\"og:locale\" content=\"es_ES\" \/>\n<meta property=\"og:type\" content=\"article\" \/>\n<meta property=\"og:title\" content=\"Industrial Fried Food Deoiling Machine for Plantain Chips - Fruit Processing Solution\" \/>\n<meta property=\"og:description\" content=\"After processing by the fried food deoiling machine, you can improve the taste and quality, increase the healthiness of food, and extend the shelf life.\" \/>\n<meta property=\"og:url\" content=\"https:\/\/www.fruiturnkey.com\/es\/product\/plantain-chips-deoiling-machine\/\" \/>\n<meta property=\"og:site_name\" content=\"Fruit Processing Solution\" \/>\n<meta property=\"og:image\" content=\"https:\/\/www.fruiturnkey.com\/wp-content\/uploads\/2025\/03\/6.jpg\" \/>\n\t<meta property=\"og:image:width\" content=\"600\" \/>\n\t<meta property=\"og:image:height\" content=\"600\" \/>\n\t<meta property=\"og:image:type\" content=\"image\/jpeg\" \/>\n<meta name=\"twitter:card\" content=\"summary_large_image\" \/>\n<meta name=\"twitter:label1\" content=\"Tiempo de lectura\" \/>\n\t<meta name=\"twitter:data1\" content=\"3 minutos\" \/>\n<script type=\"application\/ld+json\" class=\"yoast-schema-graph\">{\"@context\":\"https:\/\/schema.org\",\"@graph\":[{\"@type\":\"WebPage\",\"@id\":\"https:\/\/www.fruiturnkey.com\/product\/plantain-chips-deoiling-machine\/\",\"url\":\"https:\/\/www.fruiturnkey.com\/product\/plantain-chips-deoiling-machine\/\",\"name\":\"Industrial Fried Food Deoiling Machine for Plantain Chips - Fruit Processing Solution\",\"isPartOf\":{\"@id\":\"https:\/\/www.fruiturnkey.com\/#website\"},\"primaryImageOfPage\":{\"@id\":\"https:\/\/www.fruiturnkey.com\/product\/plantain-chips-deoiling-machine\/#primaryimage\"},\"image\":{\"@id\":\"https:\/\/www.fruiturnkey.com\/product\/plantain-chips-deoiling-machine\/#primaryimage\"},\"thumbnailUrl\":\"https:\/\/www.fruiturnkey.com\/wp-content\/uploads\/2025\/03\/6.jpg\",\"datePublished\":\"2025-03-18T04:02:11+00:00\",\"description\":\"After processing by the fried food deoiling machine, you can improve the taste and quality, increase the healthiness of food, and extend the shelf life.\",\"breadcrumb\":{\"@id\":\"https:\/\/www.fruiturnkey.com\/product\/plantain-chips-deoiling-machine\/#breadcrumb\"},\"inLanguage\":\"es\",\"potentialAction\":[{\"@type\":\"ReadAction\",\"target\":[\"https:\/\/www.fruiturnkey.com\/product\/plantain-chips-deoiling-machine\/\"]}]},{\"@type\":\"ImageObject\",\"inLanguage\":\"es\",\"@id\":\"https:\/\/www.fruiturnkey.com\/product\/plantain-chips-deoiling-machine\/#primaryimage\",\"url\":\"https:\/\/www.fruiturnkey.com\/wp-content\/uploads\/2025\/03\/6.jpg\",\"contentUrl\":\"https:\/\/www.fruiturnkey.com\/wp-content\/uploads\/2025\/03\/6.jpg\",\"width\":600,\"height\":600,\"caption\":\"fried food deoiling machine\"},{\"@type\":\"BreadcrumbList\",\"@id\":\"https:\/\/www.fruiturnkey.com\/product\/plantain-chips-deoiling-machine\/#breadcrumb\",\"itemListElement\":[{\"@type\":\"ListItem\",\"position\":1,\"name\":\"Home\",\"item\":\"https:\/\/www.fruiturnkey.com\/\"},{\"@type\":\"ListItem\",\"position\":2,\"name\":\"Products\",\"item\":\"https:\/\/www.fruiturnkey.com\/product\/\"},{\"@type\":\"ListItem\",\"position\":3,\"name\":\"Industrial Fried Food Deoiling Machine for Plantain Chips\"}]},{\"@type\":\"WebSite\",\"@id\":\"https:\/\/www.fruiturnkey.com\/#website\",\"url\":\"https:\/\/www.fruiturnkey.com\/\",\"name\":\"Fruit Processing Solution\",\"description\":\"\",\"publisher\":{\"@id\":\"https:\/\/www.fruiturnkey.com\/#organization\"},\"potentialAction\":[{\"@type\":\"SearchAction\",\"target\":{\"@type\":\"EntryPoint\",\"urlTemplate\":\"https:\/\/www.fruiturnkey.com\/?s={search_term_string}\"},\"query-input\":{\"@type\":\"PropertyValueSpecification\",\"valueRequired\":true,\"valueName\":\"search_term_string\"}}],\"inLanguage\":\"es\"},{\"@type\":\"Organization\",\"@id\":\"https:\/\/www.fruiturnkey.com\/#organization\",\"name\":\"Fruit Processing Solution\",\"url\":\"https:\/\/www.fruiturnkey.com\/\",\"logo\":{\"@type\":\"ImageObject\",\"inLanguage\":\"es\",\"@id\":\"https:\/\/www.fruiturnkey.com\/#\/schema\/logo\/image\/\",\"url\":\"https:\/\/www.fruiturnkey.com\/wp-content\/uploads\/2025\/03\/cropped-\u65b0\u7248LOGO.png\",\"contentUrl\":\"https:\/\/www.fruiturnkey.com\/wp-content\/uploads\/2025\/03\/cropped-\u65b0\u7248LOGO.png\",\"width\":1918,\"height\":639,\"caption\":\"Fruit Processing Solution\"},\"image\":{\"@id\":\"https:\/\/www.fruiturnkey.com\/#\/schema\/logo\/image\/\"}},false]}<\/script>\n<!-- \/ Yoast SEO plugin. -->","yoast_head_json":{"title":"Industrial Fried Food Deoiling Machine for Plantain Chips - Fruit Processing Solution","description":"After processing by the fried food deoiling machine, you can improve the taste and quality, increase the healthiness of food, and extend the shelf life.","robots":{"index":"index","follow":"follow","max-snippet":"max-snippet:-1","max-image-preview":"max-image-preview:large","max-video-preview":"max-video-preview:-1"},"canonical":"https:\/\/www.fruiturnkey.com\/es\/product\/plantain-chips-deoiling-machine\/","og_locale":"es_ES","og_type":"article","og_title":"Industrial Fried Food Deoiling Machine for Plantain Chips - Fruit Processing Solution","og_description":"After processing by the fried food deoiling machine, you can improve the taste and quality, increase the healthiness of food, and extend the shelf life.","og_url":"https:\/\/www.fruiturnkey.com\/es\/product\/plantain-chips-deoiling-machine\/","og_site_name":"Fruit Processing Solution","og_image":[{"width":600,"height":600,"url":"https:\/\/www.fruiturnkey.com\/wp-content\/uploads\/2025\/03\/6.jpg","type":"image\/jpeg"}],"twitter_card":"summary_large_image","twitter_misc":{"Tiempo de lectura":"3 minutos"},"schema":{"@context":"https:\/\/schema.org","@graph":[{"@type":"WebPage","@id":"https:\/\/www.fruiturnkey.com\/product\/plantain-chips-deoiling-machine\/","url":"https:\/\/www.fruiturnkey.com\/product\/plantain-chips-deoiling-machine\/","name":"Industrial Fried Food Deoiling Machine for Plantain Chips - Fruit Processing Solution","isPartOf":{"@id":"https:\/\/www.fruiturnkey.com\/#website"},"primaryImageOfPage":{"@id":"https:\/\/www.fruiturnkey.com\/product\/plantain-chips-deoiling-machine\/#primaryimage"},"image":{"@id":"https:\/\/www.fruiturnkey.com\/product\/plantain-chips-deoiling-machine\/#primaryimage"},"thumbnailUrl":"https:\/\/www.fruiturnkey.com\/wp-content\/uploads\/2025\/03\/6.jpg","datePublished":"2025-03-18T04:02:11+00:00","description":"After processing by the fried food deoiling machine, you can improve the taste and quality, increase the healthiness of food, and extend the shelf life.","breadcrumb":{"@id":"https:\/\/www.fruiturnkey.com\/product\/plantain-chips-deoiling-machine\/#breadcrumb"},"inLanguage":"es","potentialAction":[{"@type":"ReadAction","target":["https:\/\/www.fruiturnkey.com\/product\/plantain-chips-deoiling-machine\/"]}]},{"@type":"ImageObject","inLanguage":"es","@id":"https:\/\/www.fruiturnkey.com\/product\/plantain-chips-deoiling-machine\/#primaryimage","url":"https:\/\/www.fruiturnkey.com\/wp-content\/uploads\/2025\/03\/6.jpg","contentUrl":"https:\/\/www.fruiturnkey.com\/wp-content\/uploads\/2025\/03\/6.jpg","width":600,"height":600,"caption":"fried food deoiling machine"},{"@type":"BreadcrumbList","@id":"https:\/\/www.fruiturnkey.com\/product\/plantain-chips-deoiling-machine\/#breadcrumb","itemListElement":[{"@type":"ListItem","position":1,"name":"Home","item":"https:\/\/www.fruiturnkey.com\/"},{"@type":"ListItem","position":2,"name":"Products","item":"https:\/\/www.fruiturnkey.com\/product\/"},{"@type":"ListItem","position":3,"name":"Industrial Fried Food Deoiling Machine for Plantain Chips"}]},{"@type":"WebSite","@id":"https:\/\/www.fruiturnkey.com\/#website","url":"https:\/\/www.fruiturnkey.com\/","name":"Fruit Processing Solution","description":"","publisher":{"@id":"https:\/\/www.fruiturnkey.com\/#organization"},"potentialAction":[{"@type":"SearchAction","target":{"@type":"EntryPoint","urlTemplate":"https:\/\/www.fruiturnkey.com\/?s={search_term_string}"},"query-input":{"@type":"PropertyValueSpecification","valueRequired":true,"valueName":"search_term_string"}}],"inLanguage":"es"},{"@type":"Organization","@id":"https:\/\/www.fruiturnkey.com\/#organization","name":"Fruit Processing Solution","url":"https:\/\/www.fruiturnkey.com\/","logo":{"@type":"ImageObject","inLanguage":"es","@id":"https:\/\/www.fruiturnkey.com\/#\/schema\/logo\/image\/","url":"https:\/\/www.fruiturnkey.com\/wp-content\/uploads\/2025\/03\/cropped-\u65b0\u7248LOGO.png","contentUrl":"https:\/\/www.fruiturnkey.com\/wp-content\/uploads\/2025\/03\/cropped-\u65b0\u7248LOGO.png","width":1918,"height":639,"caption":"Fruit Processing Solution"},"image":{"@id":"https:\/\/www.fruiturnkey.com\/#\/schema\/logo\/image\/"}},false]}},"_links":{"self":[{"href":"https:\/\/www.fruiturnkey.com\/es\/wp-json\/wp\/v2\/product\/1116","targetHints":{"allow":["GET"]}}],"collection":[{"href":"https:\/\/www.fruiturnkey.com\/es\/wp-json\/wp\/v2\/product"}],"about":[{"href":"https:\/\/www.fruiturnkey.com\/es\/wp-json\/wp\/v2\/types\/product"}],"replies":[{"embeddable":true,"href":"https:\/\/www.fruiturnkey.com\/es\/wp-json\/wp\/v2\/comments?post=1116"}],"wp:featuredmedia":[{"embeddable":true,"href":"https:\/\/www.fruiturnkey.com\/es\/wp-json\/wp\/v2\/media\/1117"}],"wp:attachment":[{"href":"https:\/\/www.fruiturnkey.com\/es\/wp-json\/wp\/v2\/media?parent=1116"}],"wp:term":[{"taxonomy":"product_brand","embeddable":true,"href":"https:\/\/www.fruiturnkey.com\/es\/wp-json\/wp\/v2\/product_brand?post=1116"},{"taxonomy":"product_cat","embeddable":true,"href":"https:\/\/www.fruiturnkey.com\/es\/wp-json\/wp\/v2\/product_cat?post=1116"},{"taxonomy":"product_tag","embeddable":true,"href":"https:\/\/www.fruiturnkey.com\/es\/wp-json\/wp\/v2\/product_tag?post=1116"}],"curies":[{"name":"wp","href":"https:\/\/api.w.org\/{rel}","templated":true}]}}