{"id":1095,"date":"2025-03-13T11:58:20","date_gmt":"2025-03-13T03:58:20","guid":{"rendered":"https:\/\/www.fruiturnkey.com\/?post_type=product&#038;p=1095"},"modified":"2025-03-13T13:42:14","modified_gmt":"2025-03-13T05:42:14","slug":"plantain-chips-production-line","status":"publish","type":"product","link":"https:\/\/www.fruiturnkey.com\/es\/product\/plantain-chips-production-line\/","title":{"rendered":"L\u00ednea de producci\u00f3n de chips de pl\u00e1tano 100-2000KG\/h"},"content":{"rendered":"<h3>\u00bfPor qu\u00e9 procesar el pl\u00e1tano macho para convertirlo en chips?<\/h3>\n<hr \/>\n<p>Las chips de pl\u00e1tano se pueden vender como productos de alto valor a\u00f1adido, tales como chips de pl\u00e1tano fritos, chips de pl\u00e1tano liofilizados, etc., que se venden a un precio m\u00e1s alto que el pl\u00e1tano com\u00fan, mejorando as\u00ed los beneficios econ\u00f3micos de los productos agr\u00edcolas. Los productos diversificados pueden permitir a las empresas entrar en diferentes mercados y mejorar su competitividad. La principal herramienta de procesamiento es la l\u00ednea de producci\u00f3n de chips de pl\u00e1tano.<\/p>\n<h3>Proceso de producci\u00f3n de chips de pl\u00e1tano:<\/h3>\n<p>Pelado\u2192Rallado\u2192Fritado\u2192Desengrasado por vibraci\u00f3n\u2192Sazonado\u2192Envasado\u2192Inspecci\u00f3n de metales<\/p>\n<hr \/>\n<p>1. Pelar: Retirar las rodajas de pl\u00e1tano para asegurar la frescura y limpieza de los ingredientes.<\/p>\n<p>2. Cortar en rodajas: Cortar el pl\u00e1tano pelado en rodajas finas y uniformes para asegurar un calentamiento uniforme y un sabor consistente durante el proceso de fritura posterior. El grosor de las rodajas de pl\u00e1tano suele oscilar entre 2 y 5 mm y puede ajustarse en funci\u00f3n de las necesidades del producto.<\/p>\n<p>3. Fre\u00edr: Fre\u00edr los chips de pl\u00e1tano en aceite a alta temperatura hasta que est\u00e9n dorados, lo que los hace crujientes, les a\u00f1ade sabor y alarga su vida \u00fatil.<\/p>\n<p>4. Desengrasado: Elimina el exceso de aceite de la superficie de los chips de pl\u00e1tano mediante vibraci\u00f3n, reduce el contenido de aceite y mejora la salud del producto.<\/p>\n<p>5. Sazonar: Sazonar los chips de pl\u00e1tano seg\u00fan la demanda del mercado para enriquecer la variedad del producto.<\/p>\n<p>6. Embalaje: Evitar la humedad, garantizar la seguridad alimentaria y facilitar el transporte y la venta.<\/p>\n<p>7. Detecci\u00f3n de metales: Elimina posibles cuerpos extra\u00f1os met\u00e1licos para garantizar la seguridad alimentaria.<\/p>\n<p><iframe title=\"Reproductor de v\u00eddeo YouTube\" src=\"https:\/\/www.youtube.com\/embed\/7MsW8hmPkjM?si=oBV-25ixRNq_iws_\" width=\"560\" height=\"315\" frameborder=\"0\" allowfullscreen=\"allowfullscreen\"><\/iframe><\/p>\n<h3>M\u00e1quina para hacer chips de pl\u00e1tano:<\/h3>\n<hr \/>\n<p>El procesamiento de chips de pl\u00e1tano requiere una l\u00ednea completa de producci\u00f3n de chips de pl\u00e1tano, que incluye principalmente los siguientes equipos:<\/p>\n<p><strong>1. Rebanadora de pl\u00e1tano<\/strong><\/p>\n<ul>\n<li>Corta el pl\u00e1tano en rodajas uniformes para garantizar la uniformidad en el procesamiento posterior.<\/li>\n<li>Espesor de corte ajustable para satisfacer los distintos requisitos de los productos<\/li>\n<li>La r\u00e1pida velocidad de corte mejora la eficacia de la producci\u00f3n.<\/li>\n<\/ul>\n<p><img fetchpriority=\"high\" decoding=\"async\" class=\"alignnone wp-image-1097 size-full\" src=\"https:\/\/www.fruiturnkey.com\/wp-content\/uploads\/2025\/03\/2-1.jpg\" alt=\"cortadora de pl\u00e1tanos\" width=\"600\" height=\"400\" srcset=\"https:\/\/www.fruiturnkey.com\/wp-content\/uploads\/2025\/03\/2-1.jpg 600w, https:\/\/www.fruiturnkey.com\/wp-content\/uploads\/2025\/03\/2-1-300x200.jpg 300w, https:\/\/www.fruiturnkey.com\/wp-content\/uploads\/2025\/03\/2-1-24x16.jpg 24w, https:\/\/www.fruiturnkey.com\/wp-content\/uploads\/2025\/03\/2-1-36x24.jpg 36w, https:\/\/www.fruiturnkey.com\/wp-content\/uploads\/2025\/03\/2-1-48x32.jpg 48w, https:\/\/www.fruiturnkey.com\/wp-content\/uploads\/2025\/03\/2-1-400x267.jpg 400w\" sizes=\"(max-width: 600px) 100vw, 600px\" \/><\/p>\n<p><strong>2.M\u00e1quina para fre\u00edr chips de pl\u00e1tano:<\/strong><\/p>\n<ul>\n<li>Fre\u00edr los chips de pl\u00e1tano uniformemente para que queden crujientes y dorados.<\/li>\n<li>Producci\u00f3n continua para mejorar el rendimiento y la eficacia.<\/li>\n<li>Control preciso de la temperatura del aceite para garantizar una calidad estable del producto.<\/li>\n<li>Utilice el sistema de filtraci\u00f3n para prolongar la vida \u00fatil del aceite y reducir costes.<\/li>\n<\/ul>\n<p><img decoding=\"async\" class=\"alignnone wp-image-1098 size-full\" src=\"https:\/\/www.fruiturnkey.com\/wp-content\/uploads\/2025\/03\/2-2.jpg\" alt=\"freidora de pl\u00e1tanos\" width=\"600\" height=\"400\" srcset=\"https:\/\/www.fruiturnkey.com\/wp-content\/uploads\/2025\/03\/2-2.jpg 600w, https:\/\/www.fruiturnkey.com\/wp-content\/uploads\/2025\/03\/2-2-300x200.jpg 300w, https:\/\/www.fruiturnkey.com\/wp-content\/uploads\/2025\/03\/2-2-24x16.jpg 24w, https:\/\/www.fruiturnkey.com\/wp-content\/uploads\/2025\/03\/2-2-36x24.jpg 36w, https:\/\/www.fruiturnkey.com\/wp-content\/uploads\/2025\/03\/2-2-48x32.jpg 48w, https:\/\/www.fruiturnkey.com\/wp-content\/uploads\/2025\/03\/2-2-400x267.jpg 400w\" sizes=\"(max-width: 600px) 100vw, 600px\" \/><\/p>\n<p><strong>3.M\u00e1quina desaceitadora por vibraci\u00f3n:<\/strong><\/p>\n<ul>\n<li>Elimina el exceso de aceite, reduce la grasa y mejora el sabor.<\/li>\n<li>Utilice el m\u00e9todo de vibraci\u00f3n sin da\u00f1ar la forma de los trozos de pl\u00e1tano.<\/li>\n<li>Reduce eficazmente el contenido de aceite y hace que el producto sea m\u00e1s sano.<\/li>\n<li>Mejore la sequedad del producto antes de envasarlo para evitar que se pegue.<\/li>\n<\/ul>\n<p><strong>4.M\u00e1quina para sazonar chips de pl\u00e1tano:<\/strong><\/p>\n<ul>\n<li>Esparza uniformemente el condimento en polvo o l\u00edquido para realzar el sabor de los chips de pl\u00e1tano.<\/li>\n<li>Mezclar uniformemente varios condimentos para mejorar la consistencia del sabor.<\/li>\n<li>Adecuado para diferentes necesidades de condimentaci\u00f3n, como dulce, salado, etc.<\/li>\n<li>Dise\u00f1o razonable, no es f\u00e1cil causar da\u00f1os a los alimentos.<\/li>\n<\/ul>\n<p><strong>5.Envasadora de chips de pl\u00e1tano<\/strong><\/p>\n<ul>\n<li>Pesa y envasa autom\u00e1ticamente chips de pl\u00e1tano para mejorar la eficacia del envasado.<\/li>\n<li>Un pesaje preciso reduce los errores de peso y mejora la consistencia del producto.<\/li>\n<li>La alta velocidad puede mejorar enormemente la eficacia del envasado.<\/li>\n<li>Adecuado para una variedad de especificaciones de envasado, fuerte flexibilidad.<\/li>\n<\/ul>\n<p>La combinaci\u00f3n de estos dispositivos permite construir una l\u00ednea de producci\u00f3n de chips de pl\u00e1tano eficiente y automatizada para aumentar la producci\u00f3n, garantizar la calidad y cumplir las normas de seguridad alimentaria.<\/p>\n<p>&nbsp;<\/p>\n\n<div class=\"wpcf7 no-js\" id=\"wpcf7-f1048-o1\" lang=\"en-US\" dir=\"ltr\" data-wpcf7-id=\"1048\">\n<div class=\"screen-reader-response\"><p role=\"status\" aria-live=\"polite\" aria-atomic=\"true\"><\/p> <ul><\/ul><\/div>\n<form action=\"\/es\/wp-json\/wp\/v2\/product\/1095#wpcf7-f1048-o1\" method=\"post\" class=\"wpcf7-form init\" aria-label=\"Formulario de contacto\" novalidate=\"novalidate\" data-status=\"init\" data-trp-original-action=\"\/es\/wp-json\/wp\/v2\/product\/1095#wpcf7-f1048-o1\">\n<div style=\"display: none;\">\n<input type=\"hidden\" name=\"_wpcf7\" value=\"1048\" \/>\n<input type=\"hidden\" name=\"_wpcf7_version\" value=\"6.0.4\" \/>\n<input type=\"hidden\" name=\"_wpcf7_locale\" value=\"en_US\" \/>\n<input type=\"hidden\" name=\"_wpcf7_unit_tag\" value=\"wpcf7-f1048-o1\" \/>\n<input type=\"hidden\" name=\"_wpcf7_container_post\" value=\"0\" \/>\n<input type=\"hidden\" name=\"_wpcf7_posted_data_hash\" value=\"\" \/>\n<\/div>\n<div style='border:1px solid #54B435;padding:15px'>\n\t<p><span style='font-weight:bold'>CONTACTO PARA PRESUPUESTO<\/span><br \/>\n<span style='display:block;width:100px;height:5px;background:#54B435'><\/span><br \/>\nSu informaci\u00f3n de contacto no ser\u00e1 publicada. Los campos obligatorios est\u00e1n marcados con *.\n\t<\/p>\n\t<p><label> Mensaje *<br \/>\n<span class=\"wpcf7-form-control-wrap\" data-name=\"your-message\"><textarea cols=\"40\" rows=\"10\" maxlength=\"2000\" class=\"wpcf7-form-control wpcf7-textarea wpcf7-validates-as-required\" aria-required=\"true\" aria-invalid=\"false\" name=\"your-message\"><\/textarea><\/span> <\/label>\n\t<\/p>\n\t<div style='float:left;width:48%;margin-right:4%'>\n\t\t<p><label> Su correo electr\u00f3nico *<br \/>\n<span class=\"wpcf7-form-control-wrap\" data-name=\"email\"><input size=\"40\" maxlength=\"400\" class=\"wpcf7-form-control wpcf7-email wpcf7-validates-as-required wpcf7-text wpcf7-validates-as-email\" aria-required=\"true\" aria-invalid=\"false\" value=\"\" type=\"email\" name=\"email\" \/><\/span> <\/label>\n\t\t<\/p>\n\t<\/div>\n\t<div style='float:left;width:48%'>\n\t\t<p><label> Su nombre<br \/>\n<span class=\"wpcf7-form-control-wrap\" data-name=\"yourname\"><input size=\"40\" maxlength=\"400\" class=\"wpcf7-form-control wpcf7-text\" aria-invalid=\"false\" value=\"\" type=\"text\" name=\"yourname\" \/><\/span> <\/label>\n\t\t<\/p>\n\t<\/div>\n\t<div style='float:left;width:48%;margin-right:4%'>\n\t\t<p><label> Tel\u00e9fono<br \/>\n<span class=\"wpcf7-form-control-wrap\" data-name=\"phone\"><input size=\"40\" maxlength=\"400\" class=\"wpcf7-form-control wpcf7-tel wpcf7-text wpcf7-validates-as-tel\" aria-invalid=\"false\" value=\"\" type=\"tel\" name=\"phone\" \/><\/span> <\/label>\n\t\t<\/p>\n\t<\/div>\n\t<div style='float:left;width:48%'>\n\t\t<p><label>Pa\u00eds<br \/>\n<span class=\"wpcf7-form-control-wrap\" data-name=\"country\"><input size=\"40\" maxlength=\"400\" class=\"wpcf7-form-control wpcf7-text\" aria-invalid=\"false\" value=\"\" type=\"text\" name=\"country\" \/><\/span> <\/label>\n\t\t<\/p>\n\t<\/div>\n\t<div style='float:left;width:48%;margin-right:4%'>\n\t\t<p><label> Empresa<br \/>\n<span class=\"wpcf7-form-control-wrap\" data-name=\"company\"><input size=\"40\" maxlength=\"400\" class=\"wpcf7-form-control wpcf7-text\" aria-invalid=\"false\" value=\"\" type=\"text\" name=\"company\" \/><\/span> <\/label>\n\t\t<\/p>\n\t<\/div>\n\t<div style='float:left;width:48%'>\n\t\t<p><label> P\u00e1gina web<br \/>\n<span class=\"wpcf7-form-control-wrap\" data-name=\"web\"><input size=\"40\" maxlength=\"400\" class=\"wpcf7-form-control wpcf7-text\" aria-invalid=\"false\" value=\"\" type=\"text\" name=\"web\" \/><\/span> <\/label>\n\t\t<\/p>\n\t<\/div>\n\t<div style='clear:both'>\n\t<\/div>\n\t<p><input class=\"wpcf7-form-control wpcf7-submit has-spinner\" type=\"submit\" value=\"Enviar\" \/>\n\t<\/p>\n<\/div><p style=\"display: none !important;\" class=\"akismet-fields-container\" data-prefix=\"_wpcf7_ak_\"><label>&#916;<textarea name=\"_wpcf7_ak_hp_textarea\" cols=\"45\" rows=\"8\" maxlength=\"100\"><\/textarea><\/label><input type=\"hidden\" id=\"ak_js_1\" name=\"_wpcf7_ak_js\" value=\"7\"\/><script>document.getElementById( \"ak_js_1\" ).setAttribute( \"value\", ( new Date() ).getTime() );<\/script><\/p><div class=\"wpcf7-response-output\" aria-hidden=\"true\"><\/div>\n<input type=\"hidden\" name=\"trp-form-language\" value=\"es\"\/><\/form>\n<\/div>\n\n<div style='text-align:left' class='yasr-auto-insert-visitor'><\/div>","protected":false},"excerpt":{"rendered":"<p>La capacidad de la l\u00ednea de producci\u00f3n de chips de pl\u00e1tano puede alcanzar los 2000 kg\/h, los procesos principales incluyen rebanar, fre\u00edr, desaceitar, condimentar, etc.<\/p>","protected":false},"featured_media":1096,"comment_status":"open","ping_status":"closed","template":"","meta":{"site-sidebar-layout":"default","site-content-layout":"","ast-site-content-layout":"default","site-content-style":"default","site-sidebar-style":"default","ast-global-header-display":"","ast-banner-title-visibility":"","ast-main-header-display":"","ast-hfb-above-header-display":"","ast-hfb-below-header-display":"","ast-hfb-mobile-header-display":"","site-post-title":"","ast-breadcrumbs-content":"","ast-featured-img":"","footer-sml-layout":"","theme-transparent-header-meta":"default","adv-header-id-meta":"","stick-header-meta":"","header-above-stick-meta":"","header-main-stick-meta":"","header-below-stick-meta":"","astra-migrate-meta-layouts":"set","ast-page-background-enabled":"default","ast-page-background-meta":{"desktop":{"background-color":"var(--ast-global-color-4)","background-image":"","background-repeat":"repeat","background-position":"center center","background-size":"auto","background-attachment":"scroll","background-type":"","background-media":"","overlay-type":"","overlay-color":"","overlay-opacity":"","overlay-gradient":""},"tablet":{"background-color":"","background-image":"","background-repeat":"repeat","background-position":"center center","background-size":"auto","background-attachment":"scroll","background-type":"","background-media":"","overlay-type":"","overlay-color":"","overlay-opacity":"","overlay-gradient":""},"mobile":{"background-color":"","background-image":"","background-repeat":"repeat","background-position":"center center","background-size":"auto","background-attachment":"scroll","background-type":"","background-media":"","overlay-type":"","overlay-color":"","overlay-opacity":"","overlay-gradient":""}},"ast-content-background-meta":{"desktop":{"background-color":"var(--ast-global-color-5)","background-image":"","background-repeat":"repeat","background-position":"center center","background-size":"auto","background-attachment":"scroll","background-type":"","background-media":"","overlay-type":"","overlay-color":"","overlay-opacity":"","overlay-gradient":""},"tablet":{"background-color":"var(--ast-global-color-5)","background-image":"","background-repeat":"repeat","background-position":"center center","background-size":"auto","background-attachment":"scroll","background-type":"","background-media":"","overlay-type":"","overlay-color":"","overlay-opacity":"","overlay-gradient":""},"mobile":{"background-color":"var(--ast-global-color-5)","background-image":"","background-repeat":"repeat","background-position":"center center","background-size":"auto","background-attachment":"scroll","background-type":"","background-media":"","overlay-type":"","overlay-color":"","overlay-opacity":"","overlay-gradient":""}},"yasr_overall_rating":0,"yasr_post_is_review":"","yasr_auto_insert_disabled":"","yasr_review_type":""},"product_brand":[],"product_cat":[28],"product_tag":[],"class_list":{"0":"post-1095","1":"product","2":"type-product","3":"status-publish","4":"has-post-thumbnail","6":"product_cat-frying-equipment","7":"desktop-align-left","8":"tablet-align-left","9":"mobile-align-left","11":"first","12":"instock","13":"shipping-taxable","14":"product-type-simple"},"yasr_visitor_votes":{"stars_attributes":{"read_only":false,"span_bottom":false},"number_of_votes":1,"sum_votes":5},"yoast_head":"<!-- This site is optimized with the Yoast SEO plugin v24.5 - https:\/\/yoast.com\/wordpress\/plugins\/seo\/ -->\n<title>100-2000KG\/h Plantain Chips Production Line - Fruiturnkey<\/title>\n<meta name=\"description\" content=\"The plantain chips production line capacity can up to 2000kg\/h, the main processes include slicing, frying, deoiling, seasoning, etc.\" \/>\n<meta name=\"robots\" content=\"index, follow, max-snippet:-1, max-image-preview:large, max-video-preview:-1\" \/>\n<link rel=\"canonical\" href=\"https:\/\/www.fruiturnkey.com\/es\/product\/plantain-chips-production-line\/\" \/>\n<meta property=\"og:locale\" content=\"es_ES\" \/>\n<meta property=\"og:type\" content=\"article\" \/>\n<meta property=\"og:title\" content=\"100-2000KG\/h Plantain Chips Production Line - Fruiturnkey\" \/>\n<meta property=\"og:description\" content=\"The plantain chips production line capacity can up to 2000kg\/h, the main processes include slicing, frying, deoiling, seasoning, etc.\" \/>\n<meta property=\"og:url\" content=\"https:\/\/www.fruiturnkey.com\/es\/product\/plantain-chips-production-line\/\" \/>\n<meta property=\"og:site_name\" content=\"Fruit Processing Solution\" \/>\n<meta property=\"article:modified_time\" content=\"2025-03-13T05:42:14+00:00\" \/>\n<meta property=\"og:image\" content=\"https:\/\/www.fruiturnkey.com\/wp-content\/uploads\/2025\/03\/2.jpg\" \/>\n\t<meta property=\"og:image:width\" content=\"600\" \/>\n\t<meta property=\"og:image:height\" content=\"600\" \/>\n\t<meta property=\"og:image:type\" content=\"image\/jpeg\" \/>\n<meta name=\"twitter:card\" content=\"summary_large_image\" \/>\n<meta name=\"twitter:label1\" content=\"Tiempo de lectura\" \/>\n\t<meta name=\"twitter:data1\" content=\"3 minutos\" \/>\n<script type=\"application\/ld+json\" class=\"yoast-schema-graph\">{\"@context\":\"https:\/\/schema.org\",\"@graph\":[{\"@type\":\"WebPage\",\"@id\":\"https:\/\/www.fruiturnkey.com\/product\/plantain-chips-production-line\/\",\"url\":\"https:\/\/www.fruiturnkey.com\/product\/plantain-chips-production-line\/\",\"name\":\"100-2000KG\/h Plantain Chips Production Line - Fruiturnkey\",\"isPartOf\":{\"@id\":\"https:\/\/www.fruiturnkey.com\/#website\"},\"primaryImageOfPage\":{\"@id\":\"https:\/\/www.fruiturnkey.com\/product\/plantain-chips-production-line\/#primaryimage\"},\"image\":{\"@id\":\"https:\/\/www.fruiturnkey.com\/product\/plantain-chips-production-line\/#primaryimage\"},\"thumbnailUrl\":\"https:\/\/www.fruiturnkey.com\/wp-content\/uploads\/2025\/03\/2.jpg\",\"datePublished\":\"2025-03-13T03:58:20+00:00\",\"dateModified\":\"2025-03-13T05:42:14+00:00\",\"description\":\"The plantain chips production line capacity can up to 2000kg\/h, the main processes include slicing, frying, deoiling, seasoning, etc.\",\"breadcrumb\":{\"@id\":\"https:\/\/www.fruiturnkey.com\/product\/plantain-chips-production-line\/#breadcrumb\"},\"inLanguage\":\"es\",\"potentialAction\":[{\"@type\":\"ReadAction\",\"target\":[\"https:\/\/www.fruiturnkey.com\/product\/plantain-chips-production-line\/\"]}]},{\"@type\":\"ImageObject\",\"inLanguage\":\"es\",\"@id\":\"https:\/\/www.fruiturnkey.com\/product\/plantain-chips-production-line\/#primaryimage\",\"url\":\"https:\/\/www.fruiturnkey.com\/wp-content\/uploads\/2025\/03\/2.jpg\",\"contentUrl\":\"https:\/\/www.fruiturnkey.com\/wp-content\/uploads\/2025\/03\/2.jpg\",\"width\":600,\"height\":600,\"caption\":\"plantain chips production line\"},{\"@type\":\"BreadcrumbList\",\"@id\":\"https:\/\/www.fruiturnkey.com\/product\/plantain-chips-production-line\/#breadcrumb\",\"itemListElement\":[{\"@type\":\"ListItem\",\"position\":1,\"name\":\"Home\",\"item\":\"https:\/\/www.fruiturnkey.com\/\"},{\"@type\":\"ListItem\",\"position\":2,\"name\":\"Products\",\"item\":\"https:\/\/www.fruiturnkey.com\/product\/\"},{\"@type\":\"ListItem\",\"position\":3,\"name\":\"100-2000KG\/h Plantain Chips Production Line\"}]},{\"@type\":\"WebSite\",\"@id\":\"https:\/\/www.fruiturnkey.com\/#website\",\"url\":\"https:\/\/www.fruiturnkey.com\/\",\"name\":\"Fruit Processing Solution\",\"description\":\"\",\"publisher\":{\"@id\":\"https:\/\/www.fruiturnkey.com\/#organization\"},\"potentialAction\":[{\"@type\":\"SearchAction\",\"target\":{\"@type\":\"EntryPoint\",\"urlTemplate\":\"https:\/\/www.fruiturnkey.com\/?s={search_term_string}\"},\"query-input\":{\"@type\":\"PropertyValueSpecification\",\"valueRequired\":true,\"valueName\":\"search_term_string\"}}],\"inLanguage\":\"es\"},{\"@type\":\"Organization\",\"@id\":\"https:\/\/www.fruiturnkey.com\/#organization\",\"name\":\"Fruit Processing Solution\",\"url\":\"https:\/\/www.fruiturnkey.com\/\",\"logo\":{\"@type\":\"ImageObject\",\"inLanguage\":\"es\",\"@id\":\"https:\/\/www.fruiturnkey.com\/#\/schema\/logo\/image\/\",\"url\":\"https:\/\/www.fruiturnkey.com\/wp-content\/uploads\/2025\/03\/cropped-\u65b0\u7248LOGO.png\",\"contentUrl\":\"https:\/\/www.fruiturnkey.com\/wp-content\/uploads\/2025\/03\/cropped-\u65b0\u7248LOGO.png\",\"width\":1918,\"height\":639,\"caption\":\"Fruit Processing Solution\"},\"image\":{\"@id\":\"https:\/\/www.fruiturnkey.com\/#\/schema\/logo\/image\/\"}},false]}<\/script>\n<!-- \/ Yoast SEO plugin. -->","yoast_head_json":{"title":"100-2000KG\/h Plantain Chips Production Line - Fruiturnkey","description":"The plantain chips production line capacity can up to 2000kg\/h, the main processes include slicing, frying, deoiling, seasoning, etc.","robots":{"index":"index","follow":"follow","max-snippet":"max-snippet:-1","max-image-preview":"max-image-preview:large","max-video-preview":"max-video-preview:-1"},"canonical":"https:\/\/www.fruiturnkey.com\/es\/product\/plantain-chips-production-line\/","og_locale":"es_ES","og_type":"article","og_title":"100-2000KG\/h Plantain Chips Production Line - Fruiturnkey","og_description":"The plantain chips production line capacity can up to 2000kg\/h, the main processes include slicing, frying, deoiling, seasoning, etc.","og_url":"https:\/\/www.fruiturnkey.com\/es\/product\/plantain-chips-production-line\/","og_site_name":"Fruit Processing Solution","article_modified_time":"2025-03-13T05:42:14+00:00","og_image":[{"width":600,"height":600,"url":"https:\/\/www.fruiturnkey.com\/wp-content\/uploads\/2025\/03\/2.jpg","type":"image\/jpeg"}],"twitter_card":"summary_large_image","twitter_misc":{"Tiempo de lectura":"3 minutos"},"schema":{"@context":"https:\/\/schema.org","@graph":[{"@type":"WebPage","@id":"https:\/\/www.fruiturnkey.com\/product\/plantain-chips-production-line\/","url":"https:\/\/www.fruiturnkey.com\/product\/plantain-chips-production-line\/","name":"100-2000KG\/h Plantain Chips Production Line - Fruiturnkey","isPartOf":{"@id":"https:\/\/www.fruiturnkey.com\/#website"},"primaryImageOfPage":{"@id":"https:\/\/www.fruiturnkey.com\/product\/plantain-chips-production-line\/#primaryimage"},"image":{"@id":"https:\/\/www.fruiturnkey.com\/product\/plantain-chips-production-line\/#primaryimage"},"thumbnailUrl":"https:\/\/www.fruiturnkey.com\/wp-content\/uploads\/2025\/03\/2.jpg","datePublished":"2025-03-13T03:58:20+00:00","dateModified":"2025-03-13T05:42:14+00:00","description":"The plantain chips production line capacity can up to 2000kg\/h, the main processes include slicing, frying, deoiling, seasoning, etc.","breadcrumb":{"@id":"https:\/\/www.fruiturnkey.com\/product\/plantain-chips-production-line\/#breadcrumb"},"inLanguage":"es","potentialAction":[{"@type":"ReadAction","target":["https:\/\/www.fruiturnkey.com\/product\/plantain-chips-production-line\/"]}]},{"@type":"ImageObject","inLanguage":"es","@id":"https:\/\/www.fruiturnkey.com\/product\/plantain-chips-production-line\/#primaryimage","url":"https:\/\/www.fruiturnkey.com\/wp-content\/uploads\/2025\/03\/2.jpg","contentUrl":"https:\/\/www.fruiturnkey.com\/wp-content\/uploads\/2025\/03\/2.jpg","width":600,"height":600,"caption":"plantain chips production line"},{"@type":"BreadcrumbList","@id":"https:\/\/www.fruiturnkey.com\/product\/plantain-chips-production-line\/#breadcrumb","itemListElement":[{"@type":"ListItem","position":1,"name":"Home","item":"https:\/\/www.fruiturnkey.com\/"},{"@type":"ListItem","position":2,"name":"Products","item":"https:\/\/www.fruiturnkey.com\/product\/"},{"@type":"ListItem","position":3,"name":"100-2000KG\/h Plantain Chips Production Line"}]},{"@type":"WebSite","@id":"https:\/\/www.fruiturnkey.com\/#website","url":"https:\/\/www.fruiturnkey.com\/","name":"Fruit Processing Solution","description":"","publisher":{"@id":"https:\/\/www.fruiturnkey.com\/#organization"},"potentialAction":[{"@type":"SearchAction","target":{"@type":"EntryPoint","urlTemplate":"https:\/\/www.fruiturnkey.com\/?s={search_term_string}"},"query-input":{"@type":"PropertyValueSpecification","valueRequired":true,"valueName":"search_term_string"}}],"inLanguage":"es"},{"@type":"Organization","@id":"https:\/\/www.fruiturnkey.com\/#organization","name":"Fruit Processing Solution","url":"https:\/\/www.fruiturnkey.com\/","logo":{"@type":"ImageObject","inLanguage":"es","@id":"https:\/\/www.fruiturnkey.com\/#\/schema\/logo\/image\/","url":"https:\/\/www.fruiturnkey.com\/wp-content\/uploads\/2025\/03\/cropped-\u65b0\u7248LOGO.png","contentUrl":"https:\/\/www.fruiturnkey.com\/wp-content\/uploads\/2025\/03\/cropped-\u65b0\u7248LOGO.png","width":1918,"height":639,"caption":"Fruit Processing Solution"},"image":{"@id":"https:\/\/www.fruiturnkey.com\/#\/schema\/logo\/image\/"}},false]}},"_links":{"self":[{"href":"https:\/\/www.fruiturnkey.com\/es\/wp-json\/wp\/v2\/product\/1095","targetHints":{"allow":["GET"]}}],"collection":[{"href":"https:\/\/www.fruiturnkey.com\/es\/wp-json\/wp\/v2\/product"}],"about":[{"href":"https:\/\/www.fruiturnkey.com\/es\/wp-json\/wp\/v2\/types\/product"}],"replies":[{"embeddable":true,"href":"https:\/\/www.fruiturnkey.com\/es\/wp-json\/wp\/v2\/comments?post=1095"}],"wp:featuredmedia":[{"embeddable":true,"href":"https:\/\/www.fruiturnkey.com\/es\/wp-json\/wp\/v2\/media\/1096"}],"wp:attachment":[{"href":"https:\/\/www.fruiturnkey.com\/es\/wp-json\/wp\/v2\/media?parent=1095"}],"wp:term":[{"taxonomy":"product_brand","embeddable":true,"href":"https:\/\/www.fruiturnkey.com\/es\/wp-json\/wp\/v2\/product_brand?post=1095"},{"taxonomy":"product_cat","embeddable":true,"href":"https:\/\/www.fruiturnkey.com\/es\/wp-json\/wp\/v2\/product_cat?post=1095"},{"taxonomy":"product_tag","embeddable":true,"href":"https:\/\/www.fruiturnkey.com\/es\/wp-json\/wp\/v2\/product_tag?post=1095"}],"curies":[{"name":"wp","href":"https:\/\/api.w.org\/{rel}","templated":true}]}}